{"id":9848,"date":"2024-04-09T14:19:05","date_gmt":"2024-04-09T12:19:05","guid":{"rendered":"http:\/\/www.horse-dental-equipment.com\/?post_type=product&#038;p=9848"},"modified":"2026-04-01T14:49:02","modified_gmt":"2026-04-01T12:49:02","slug":"set-niveau-4-compact-watercooling","status":"publish","type":"product","link":"https:\/\/www.horse-dental-equipment.com\/fr\/produit\/set-niveau-4-compact-watercooling\/","title":{"rendered":"Set Niveau 4 - COMPACT - Watercooling"},"content":{"rendered":"<p>HDE propose des sets complets avec le syst\u00e8me Watercooling.<br \/>\nSans fil et autonome, il permet une pratique r\u00e9guli\u00e8re et confortable de la dentisterie \u00e9quine, tout en limitant l'\u00e9chauffement lors du traitement de surdents et en r\u00e9duisant la poussi\u00e8re de dentine.<\/p>\n<p>Le set se compose de :<br \/>\n\u2022 Moteur Evolution (ensemble complet) avec veste - Watercooling<br \/>\n\u2022 Flexible 1,20 m Quickflex Evolution - Watercooling<br \/>\n\u2022 Flexxidisc COMPACT longue courbe twist - Watercooling<br \/>\n\u2022 Polyfloat COMPACT longue droite (sans bobine) - Watercooling<br \/>\n\u2022 COMPACT - Fraise bobine \u00d814<br \/>\n\u2022 COMPACT - Fraise occlusale<br \/>\n\u2022 COMPACT - Fraise diast\u00e8me polyvalente longue<br \/>\n\u2022 COMPACT - Fraise conique longue<br \/>\n\u2022 Fraise 11\u00e8mes - Longue droite carter de protection ferm\u00e9<br \/>\n\u2022 Brosse inox avec support<br \/>\n\u2022 Mallette Trolley sans plaque de fond pour fraises (disponible en option)<\/p>\n<p>Egalement disponible sans l'option Watercooling : SET_L4C<\/p>\n<p>B\u00e9n\u00e9ficiez d'une remise de 5% en incluant ces produits dans votre Set Niveau 4 Compact Watercooling :<br \/>\n\u2022 Fraise disque (FRA_F5)<br \/>\n\u2022 Fraise disque coupante (FRA_F5F)<br \/>\n\u2022 Fraise pour les 6\u00e8mes (FRA_F6C)<br \/>\n\u2022 Batterie Lithium Ion additionnelle (MEV_BLIE)<br \/>\n\u2022 Fourreau pour moteur Evolution (ACC_FEVO)<br \/>\n\u2022 Plaque de fond pour fraises (RAN_PMMT)<br \/>\n\u2022 COMPACT - Fraise Reverse Disc (FRA_BD15D36FC)<\/p>\n<p><iframe title=\"vimeo-player\" src=\"https:\/\/player.vimeo.com\/video\/972887919?h=ffeaef4886\" width=\"640\" height=\"360\" frameborder=\"0\" allowfullscreen=\"allowfullscreen\"><\/iframe><br \/>\nDr Jon Gieche&#8217;s Testimony<\/p>\n<p><iframe title=\"vimeo-player\" src=\"https:\/\/player.vimeo.com\/video\/948336536?h=1d464a17e3\" width=\"640\" height=\"360\" frameborder=\"0\" allowfullscreen=\"allowfullscreen\"><\/iframe><\/p>","protected":false},"excerpt":{"rendered":"<p>HDE offers complete sets with the Watercooling system. Wireless and autonomous, it allows a regular and comfortable dentistry practice, while reducing heating when working on overgrowths as well as minimizing dentine dust. The set is composed of: \u2022 Evolution engine (complete set) with jacket &#8211; Watercooling \u2022 Quickflex drive shaft 1.20 m &#8211; Watercooling \u2022 [&hellip;]<\/p>\n","protected":false},"featured_media":10327,"comment_status":"closed","ping_status":"closed","template":"","meta":{"_acf_changed":false},"product_brand":[],"product_cat":[492,78],"product_tag":[],"class_list":{"0":"post-9848","1":"product","2":"type-product","3":"status-publish","4":"has-post-thumbnail","6":"product_cat-compact-watercooling-sets","7":"product_cat-complete-motorized-sets","9":"first","10":"instock","11":"shipping-taxable","12":"purchasable","13":"product-type-simple"},"acf":[],"yoast_head":"<!-- This site is optimized with the Yoast SEO plugin v27.3 - https:\/\/yoast.com\/product\/yoast-seo-wordpress\/ -->\n<title>Set Level 4 - COMPACT - Watercooling - Horse Dental Equipment<\/title>\n<meta name=\"description\" content=\"HDE offers complete sets with the Watercooling system. Wireless and autonomous, it allows a regular and comfortable dentistry practice.\" \/>\n<meta name=\"robots\" content=\"index, follow, max-snippet:-1, max-image-preview:large, max-video-preview:-1\" \/>\n<link rel=\"canonical\" href=\"https:\/\/www.horse-dental-equipment.com\/fr\/produit\/set-niveau-4-compact-watercooling\/\" \/>\n<meta property=\"og:locale\" content=\"fr_FR\" \/>\n<meta property=\"og:type\" content=\"article\" \/>\n<meta property=\"og:title\" content=\"Set Level 4 - COMPACT - Watercooling - Horse Dental Equipment\" \/>\n<meta property=\"og:description\" content=\"HDE offers complete sets with the Watercooling system. Wireless and autonomous, it allows a regular and comfortable dentistry practice.\" \/>\n<meta property=\"og:url\" content=\"https:\/\/www.horse-dental-equipment.com\/fr\/produit\/set-niveau-4-compact-watercooling\/\" \/>\n<meta property=\"og:site_name\" content=\"Horse Dental Equipment\" \/>\n<meta property=\"article:modified_time\" content=\"2026-04-01T12:49:02+00:00\" \/>\n<meta property=\"og:image\" content=\"https:\/\/www.horse-dental-equipment.com\/wp-content\/uploads\/2024\/04\/SET_L4CIR.jpg\" \/>\n\t<meta property=\"og:image:width\" content=\"800\" \/>\n\t<meta property=\"og:image:height\" content=\"619\" \/>\n\t<meta property=\"og:image:type\" content=\"image\/jpeg\" \/>\n<meta name=\"twitter:card\" content=\"summary_large_image\" \/>\n<meta name=\"twitter:label1\" content=\"Dur\u00e9e de lecture estim\u00e9e\" \/>\n\t<meta name=\"twitter:data1\" content=\"1 minute\" \/>\n<script type=\"application\/ld+json\" class=\"yoast-schema-graph\">{\"@context\":\"https:\\\/\\\/schema.org\",\"@graph\":[{\"@type\":\"WebPage\",\"@id\":\"https:\\\/\\\/www.horse-dental-equipment.com\\\/product\\\/set-level-4-compact-watercooling\\\/\",\"url\":\"https:\\\/\\\/www.horse-dental-equipment.com\\\/product\\\/set-level-4-compact-watercooling\\\/\",\"name\":\"Set Level 4 - COMPACT - Watercooling - Horse Dental Equipment\",\"isPartOf\":{\"@id\":\"https:\\\/\\\/www.horse-dental-equipment.com\\\/#website\"},\"primaryImageOfPage\":{\"@id\":\"https:\\\/\\\/www.horse-dental-equipment.com\\\/product\\\/set-level-4-compact-watercooling\\\/#primaryimage\"},\"image\":{\"@id\":\"https:\\\/\\\/www.horse-dental-equipment.com\\\/product\\\/set-level-4-compact-watercooling\\\/#primaryimage\"},\"thumbnailUrl\":\"https:\\\/\\\/www.horse-dental-equipment.com\\\/wp-content\\\/uploads\\\/2024\\\/04\\\/SET_L4CIR.jpg\",\"datePublished\":\"2024-04-09T12:19:05+00:00\",\"dateModified\":\"2026-04-01T12:49:02+00:00\",\"description\":\"HDE offers complete sets with the Watercooling system. Wireless and autonomous, it allows a regular and comfortable dentistry practice.\",\"breadcrumb\":{\"@id\":\"https:\\\/\\\/www.horse-dental-equipment.com\\\/product\\\/set-level-4-compact-watercooling\\\/#breadcrumb\"},\"inLanguage\":\"fr-FR\",\"potentialAction\":[{\"@type\":\"ReadAction\",\"target\":[\"https:\\\/\\\/www.horse-dental-equipment.com\\\/product\\\/set-level-4-compact-watercooling\\\/\"]}]},{\"@type\":\"ImageObject\",\"inLanguage\":\"fr-FR\",\"@id\":\"https:\\\/\\\/www.horse-dental-equipment.com\\\/product\\\/set-level-4-compact-watercooling\\\/#primaryimage\",\"url\":\"https:\\\/\\\/www.horse-dental-equipment.com\\\/wp-content\\\/uploads\\\/2024\\\/04\\\/SET_L4CIR.jpg\",\"contentUrl\":\"https:\\\/\\\/www.horse-dental-equipment.com\\\/wp-content\\\/uploads\\\/2024\\\/04\\\/SET_L4CIR.jpg\",\"width\":800,\"height\":619,\"caption\":\"Set Level 4 - COMPACT - Watercooling\"},{\"@type\":\"BreadcrumbList\",\"@id\":\"https:\\\/\\\/www.horse-dental-equipment.com\\\/product\\\/set-level-4-compact-watercooling\\\/#breadcrumb\",\"itemListElement\":[{\"@type\":\"ListItem\",\"position\":1,\"name\":\"Home\",\"item\":\"https:\\\/\\\/www.horse-dental-equipment.com\\\/\"},{\"@type\":\"ListItem\",\"position\":2,\"name\":\"Products\",\"item\":\"https:\\\/\\\/www.horse-dental-equipment.com\\\/fr\\\/produits\\\/\"},{\"@type\":\"ListItem\",\"position\":3,\"name\":\"Set Level 4 &#8211; COMPACT &#8211; Watercooling\"}]},{\"@type\":\"WebSite\",\"@id\":\"https:\\\/\\\/www.horse-dental-equipment.com\\\/#website\",\"url\":\"https:\\\/\\\/www.horse-dental-equipment.com\\\/\",\"name\":\"Horse Dental Equipment\",\"description\":\"Your partner to develop your equine dentistry business\",\"potentialAction\":[{\"@type\":\"SearchAction\",\"target\":{\"@type\":\"EntryPoint\",\"urlTemplate\":\"https:\\\/\\\/www.horse-dental-equipment.com\\\/?s={search_term_string}\"},\"query-input\":{\"@type\":\"PropertyValueSpecification\",\"valueRequired\":true,\"valueName\":\"search_term_string\"}}],\"inLanguage\":\"fr-FR\"}]}<\/script>\n<!-- \/ Yoast SEO plugin. -->","yoast_head_json":{"title":"Set Niveau 4 - COMPACT - Watercooling - Horse Dental Equipment","description":"HDE propose des sets complets avec le syst\u00e8me Watercooling.\nSans fil et autonome, il permet une pratique r\u00e9guli\u00e8re et confortable de la dentisterie \u00e9quine, tout en limitant l'\u00e9chauffement lors du traitement de surdents et en r\u00e9duisant la poussi\u00e8re de dentine.","robots":{"index":"index","follow":"follow","max-snippet":"max-snippet:-1","max-image-preview":"max-image-preview:large","max-video-preview":"max-video-preview:-1"},"canonical":"https:\/\/www.horse-dental-equipment.com\/fr\/produit\/set-niveau-4-compact-watercooling\/","og_locale":"fr_FR","og_type":"article","og_title":"Set Level 4 - COMPACT - Watercooling - Horse Dental Equipment","og_description":"HDE offers complete sets with the Watercooling system. Wireless and autonomous, it allows a regular and comfortable dentistry practice.","og_url":"https:\/\/www.horse-dental-equipment.com\/fr\/produit\/set-niveau-4-compact-watercooling\/","og_site_name":"Horse Dental Equipment","article_modified_time":"2026-04-01T12:49:02+00:00","og_image":[{"width":800,"height":619,"url":"https:\/\/www.horse-dental-equipment.com\/wp-content\/uploads\/2024\/04\/SET_L4CIR.jpg","type":"image\/jpeg"}],"twitter_card":"summary_large_image","twitter_misc":{"Dur\u00e9e de lecture estim\u00e9e":"1 minute"},"schema":{"@context":"https:\/\/schema.org","@graph":[{"@type":"WebPage","@id":"https:\/\/www.horse-dental-equipment.com\/product\/set-level-4-compact-watercooling\/","url":"https:\/\/www.horse-dental-equipment.com\/product\/set-level-4-compact-watercooling\/","name":"Set Niveau 4 - COMPACT - Watercooling - Horse Dental Equipment","isPartOf":{"@id":"https:\/\/www.horse-dental-equipment.com\/#website"},"primaryImageOfPage":{"@id":"https:\/\/www.horse-dental-equipment.com\/product\/set-level-4-compact-watercooling\/#primaryimage"},"image":{"@id":"https:\/\/www.horse-dental-equipment.com\/product\/set-level-4-compact-watercooling\/#primaryimage"},"thumbnailUrl":"https:\/\/www.horse-dental-equipment.com\/wp-content\/uploads\/2024\/04\/SET_L4CIR.jpg","datePublished":"2024-04-09T12:19:05+00:00","dateModified":"2026-04-01T12:49:02+00:00","description":"HDE propose des sets complets avec le syst\u00e8me Watercooling.\nSans fil et autonome, il permet une pratique r\u00e9guli\u00e8re et confortable de la dentisterie \u00e9quine, tout en limitant l'\u00e9chauffement lors du traitement de surdents et en r\u00e9duisant la poussi\u00e8re de dentine.","breadcrumb":{"@id":"https:\/\/www.horse-dental-equipment.com\/product\/set-level-4-compact-watercooling\/#breadcrumb"},"inLanguage":"fr-FR","potentialAction":[{"@type":"ReadAction","target":["https:\/\/www.horse-dental-equipment.com\/product\/set-level-4-compact-watercooling\/"]}]},{"@type":"ImageObject","inLanguage":"fr-FR","@id":"https:\/\/www.horse-dental-equipment.com\/product\/set-level-4-compact-watercooling\/#primaryimage","url":"https:\/\/www.horse-dental-equipment.com\/wp-content\/uploads\/2024\/04\/SET_L4CIR.jpg","contentUrl":"https:\/\/www.horse-dental-equipment.com\/wp-content\/uploads\/2024\/04\/SET_L4CIR.jpg","width":800,"height":619,"caption":"Set Level 4 - COMPACT - Watercooling"},{"@type":"BreadcrumbList","@id":"https:\/\/www.horse-dental-equipment.com\/product\/set-level-4-compact-watercooling\/#breadcrumb","itemListElement":[{"@type":"ListItem","position":1,"name":"Home","item":"https:\/\/www.horse-dental-equipment.com\/"},{"@type":"ListItem","position":2,"name":"Products","item":"https:\/\/www.horse-dental-equipment.com\/fr\/produits\/"},{"@type":"ListItem","position":3,"name":"Set Level 4 &#8211; COMPACT &#8211; Watercooling"}]},{"@type":"WebSite","@id":"https:\/\/www.horse-dental-equipment.com\/#website","url":"https:\/\/www.horse-dental-equipment.com\/","name":"Horse Dental Equipment","description":"Your partner to develop your equine dentistry business","potentialAction":[{"@type":"SearchAction","target":{"@type":"EntryPoint","urlTemplate":"https:\/\/www.horse-dental-equipment.com\/?s={search_term_string}"},"query-input":{"@type":"PropertyValueSpecification","valueRequired":true,"valueName":"search_term_string"}}],"inLanguage":"fr-FR"}]}},"_links":{"self":[{"href":"https:\/\/www.horse-dental-equipment.com\/fr\/wp-json\/wp\/v2\/product\/9848","targetHints":{"allow":["GET"]}}],"collection":[{"href":"https:\/\/www.horse-dental-equipment.com\/fr\/wp-json\/wp\/v2\/product"}],"about":[{"href":"https:\/\/www.horse-dental-equipment.com\/fr\/wp-json\/wp\/v2\/types\/product"}],"replies":[{"embeddable":true,"href":"https:\/\/www.horse-dental-equipment.com\/fr\/wp-json\/wp\/v2\/comments?post=9848"}],"wp:featuredmedia":[{"embeddable":true,"href":"https:\/\/www.horse-dental-equipment.com\/fr\/wp-json\/wp\/v2\/media\/10327"}],"wp:attachment":[{"href":"https:\/\/www.horse-dental-equipment.com\/fr\/wp-json\/wp\/v2\/media?parent=9848"}],"wp:term":[{"taxonomy":"product_brand","embeddable":true,"href":"https:\/\/www.horse-dental-equipment.com\/fr\/wp-json\/wp\/v2\/product_brand?post=9848"},{"taxonomy":"product_cat","embeddable":true,"href":"https:\/\/www.horse-dental-equipment.com\/fr\/wp-json\/wp\/v2\/product_cat?post=9848"},{"taxonomy":"product_tag","embeddable":true,"href":"https:\/\/www.horse-dental-equipment.com\/fr\/wp-json\/wp\/v2\/product_tag?post=9848"}],"curies":[{"name":"wp","href":"https:\/\/api.w.org\/{rel}","templated":true}]}}