{"id":9757,"date":"2023-06-01T12:08:52","date_gmt":"2023-06-01T10:08:52","guid":{"rendered":"http:\/\/www.horse-dental-equipment.com\/?post_type=product&#038;p=9757"},"modified":"2025-06-30T09:52:21","modified_gmt":"2025-06-30T07:52:21","slug":"mallette-trolley-noire","status":"publish","type":"product","link":"https:\/\/www.horse-dental-equipment.com\/fr\/produit\/mallette-trolley-noire\/","title":{"rendered":"Mallette Trolley Noire"},"content":{"rendered":"<p>Cette mallette Trolley noire vous offre des emplacements sp\u00e9cifiques pour chaque \u00e9l\u00e9ment de votre set.<\/p>\n<ul>\n<li>R\u00e9sistante aux chocs<\/li>\n<li>Dimensions int\u00e9rieures : L 54,6 x l 31,8 x H 29,4 cm<\/li>\n<li>Dimensions ext\u00e9rieures : L 60,5 x l 39,4 x H 33,6 cm<\/li>\n<li>Poids (\u00e0 vide) : 6,35 kg<\/li>\n<\/ul>","protected":false},"excerpt":{"rendered":"<p>The Black Trolley instrument case offers specific space dedicated for each piece of equipment. High shock resistance Inner dimensions: L 54.6 x W 31.8 x H 29.4 cm Outer dimensions: L 60.5 x W 39.4 x H 33.6 cm Weight (empty): 6.35 kg<\/p>","protected":false},"featured_media":9758,"comment_status":"closed","ping_status":"closed","template":"","meta":{"_acf_changed":false},"product_brand":[],"product_cat":[81,103],"product_tag":[],"class_list":{"0":"post-9757","1":"product","2":"type-product","3":"status-publish","4":"has-post-thumbnail","6":"product_cat-individual-motorized-instruments","7":"product_cat-storage","9":"first","10":"instock","11":"shipping-taxable","12":"purchasable","13":"product-type-simple"},"acf":[],"yoast_head":"<!-- This site is optimized with the Yoast SEO plugin v27.3 - https:\/\/yoast.com\/product\/yoast-seo-wordpress\/ -->\n<title>Black Trolley Instrument Case - Horse Dental Equipment<\/title>\n<meta name=\"description\" content=\"The Black Trolley instrument case offers specific space dedicated for each piece of equipment. High shock resistance \/ Inner dimensions:...\" \/>\n<meta name=\"robots\" content=\"index, follow, max-snippet:-1, max-image-preview:large, max-video-preview:-1\" \/>\n<link rel=\"canonical\" href=\"https:\/\/www.horse-dental-equipment.com\/fr\/produit\/mallette-trolley-noire\/\" \/>\n<meta property=\"og:locale\" content=\"fr_FR\" \/>\n<meta property=\"og:type\" content=\"article\" \/>\n<meta property=\"og:title\" content=\"Black Trolley Instrument Case - Horse Dental Equipment\" \/>\n<meta property=\"og:description\" content=\"The Black Trolley instrument case offers specific space dedicated for each piece of equipment. High shock resistance \/ Inner dimensions:...\" \/>\n<meta property=\"og:url\" content=\"https:\/\/www.horse-dental-equipment.com\/fr\/produit\/mallette-trolley-noire\/\" \/>\n<meta property=\"og:site_name\" content=\"Horse Dental Equipment\" \/>\n<meta property=\"article:modified_time\" content=\"2025-06-30T07:52:21+00:00\" \/>\n<meta property=\"og:image\" content=\"https:\/\/www.horse-dental-equipment.com\/wp-content\/uploads\/2023\/06\/RAN_MT2.jpg\" \/>\n\t<meta property=\"og:image:width\" content=\"800\" \/>\n\t<meta property=\"og:image:height\" content=\"619\" \/>\n\t<meta property=\"og:image:type\" content=\"image\/jpeg\" \/>\n<meta name=\"twitter:card\" content=\"summary_large_image\" \/>\n<meta name=\"twitter:label1\" content=\"Dur\u00e9e de lecture estim\u00e9e\" \/>\n\t<meta name=\"twitter:data1\" content=\"1 minute\" \/>\n<script type=\"application\/ld+json\" class=\"yoast-schema-graph\">{\"@context\":\"https:\\\/\\\/schema.org\",\"@graph\":[{\"@type\":\"WebPage\",\"@id\":\"https:\\\/\\\/www.horse-dental-equipment.com\\\/product\\\/black-trolley-instrument-case\\\/\",\"url\":\"https:\\\/\\\/www.horse-dental-equipment.com\\\/product\\\/black-trolley-instrument-case\\\/\",\"name\":\"Black Trolley Instrument Case - Horse Dental Equipment\",\"isPartOf\":{\"@id\":\"https:\\\/\\\/www.horse-dental-equipment.com\\\/#website\"},\"primaryImageOfPage\":{\"@id\":\"https:\\\/\\\/www.horse-dental-equipment.com\\\/product\\\/black-trolley-instrument-case\\\/#primaryimage\"},\"image\":{\"@id\":\"https:\\\/\\\/www.horse-dental-equipment.com\\\/product\\\/black-trolley-instrument-case\\\/#primaryimage\"},\"thumbnailUrl\":\"https:\\\/\\\/www.horse-dental-equipment.com\\\/wp-content\\\/uploads\\\/2023\\\/06\\\/RAN_MT2.jpg\",\"datePublished\":\"2023-06-01T10:08:52+00:00\",\"dateModified\":\"2025-06-30T07:52:21+00:00\",\"description\":\"The Black Trolley instrument case offers specific space dedicated for each piece of equipment. High shock resistance \\\/ Inner dimensions:...\",\"breadcrumb\":{\"@id\":\"https:\\\/\\\/www.horse-dental-equipment.com\\\/product\\\/black-trolley-instrument-case\\\/#breadcrumb\"},\"inLanguage\":\"fr-FR\",\"potentialAction\":[{\"@type\":\"ReadAction\",\"target\":[\"https:\\\/\\\/www.horse-dental-equipment.com\\\/product\\\/black-trolley-instrument-case\\\/\"]}]},{\"@type\":\"ImageObject\",\"inLanguage\":\"fr-FR\",\"@id\":\"https:\\\/\\\/www.horse-dental-equipment.com\\\/product\\\/black-trolley-instrument-case\\\/#primaryimage\",\"url\":\"https:\\\/\\\/www.horse-dental-equipment.com\\\/wp-content\\\/uploads\\\/2023\\\/06\\\/RAN_MT2.jpg\",\"contentUrl\":\"https:\\\/\\\/www.horse-dental-equipment.com\\\/wp-content\\\/uploads\\\/2023\\\/06\\\/RAN_MT2.jpg\",\"width\":800,\"height\":619,\"caption\":\"Black Trolley Instrument Case\"},{\"@type\":\"BreadcrumbList\",\"@id\":\"https:\\\/\\\/www.horse-dental-equipment.com\\\/product\\\/black-trolley-instrument-case\\\/#breadcrumb\",\"itemListElement\":[{\"@type\":\"ListItem\",\"position\":1,\"name\":\"Home\",\"item\":\"https:\\\/\\\/www.horse-dental-equipment.com\\\/\"},{\"@type\":\"ListItem\",\"position\":2,\"name\":\"Products\",\"item\":\"https:\\\/\\\/www.horse-dental-equipment.com\\\/fr\\\/produits\\\/\"},{\"@type\":\"ListItem\",\"position\":3,\"name\":\"Black Trolley Instrument Case\"}]},{\"@type\":\"WebSite\",\"@id\":\"https:\\\/\\\/www.horse-dental-equipment.com\\\/#website\",\"url\":\"https:\\\/\\\/www.horse-dental-equipment.com\\\/\",\"name\":\"Horse Dental Equipment\",\"description\":\"Your partner to develop your equine dentistry business\",\"potentialAction\":[{\"@type\":\"SearchAction\",\"target\":{\"@type\":\"EntryPoint\",\"urlTemplate\":\"https:\\\/\\\/www.horse-dental-equipment.com\\\/?s={search_term_string}\"},\"query-input\":{\"@type\":\"PropertyValueSpecification\",\"valueRequired\":true,\"valueName\":\"search_term_string\"}}],\"inLanguage\":\"fr-FR\"}]}<\/script>\n<!-- \/ Yoast SEO plugin. -->","yoast_head_json":{"title":"Mallette Trolley Noire - Horse Dental Equipment","description":"Cette mallette Trolley noire vous offre des emplacements sp\u00e9cifiques pour chaque \u00e9l\u00e9ment de votre set.\n - R\u00e9sistante aux chocs\n - Dimensions int\u00e9rieures : L 54,6 x l 31,8 x H 29,4 cm\n - Dimensions ext\u00e9rieures : L 60,5 x l 39,4 x H 33,6 cm\n - Poids (\u00e0 vide) : 6,35 kg","robots":{"index":"index","follow":"follow","max-snippet":"max-snippet:-1","max-image-preview":"max-image-preview:large","max-video-preview":"max-video-preview:-1"},"canonical":"https:\/\/www.horse-dental-equipment.com\/fr\/produit\/mallette-trolley-noire\/","og_locale":"fr_FR","og_type":"article","og_title":"Black Trolley Instrument Case - Horse Dental Equipment","og_description":"The Black Trolley instrument case offers specific space dedicated for each piece of equipment. High shock resistance \/ Inner dimensions:...","og_url":"https:\/\/www.horse-dental-equipment.com\/fr\/produit\/mallette-trolley-noire\/","og_site_name":"Horse Dental Equipment","article_modified_time":"2025-06-30T07:52:21+00:00","og_image":[{"width":800,"height":619,"url":"https:\/\/www.horse-dental-equipment.com\/wp-content\/uploads\/2023\/06\/RAN_MT2.jpg","type":"image\/jpeg"}],"twitter_card":"summary_large_image","twitter_misc":{"Dur\u00e9e de lecture estim\u00e9e":"1 minute"},"schema":{"@context":"https:\/\/schema.org","@graph":[{"@type":"WebPage","@id":"https:\/\/www.horse-dental-equipment.com\/product\/black-trolley-instrument-case\/","url":"https:\/\/www.horse-dental-equipment.com\/product\/black-trolley-instrument-case\/","name":"Mallette Trolley Noire - Horse Dental Equipment","isPartOf":{"@id":"https:\/\/www.horse-dental-equipment.com\/#website"},"primaryImageOfPage":{"@id":"https:\/\/www.horse-dental-equipment.com\/product\/black-trolley-instrument-case\/#primaryimage"},"image":{"@id":"https:\/\/www.horse-dental-equipment.com\/product\/black-trolley-instrument-case\/#primaryimage"},"thumbnailUrl":"https:\/\/www.horse-dental-equipment.com\/wp-content\/uploads\/2023\/06\/RAN_MT2.jpg","datePublished":"2023-06-01T10:08:52+00:00","dateModified":"2025-06-30T07:52:21+00:00","description":"Cette mallette Trolley noire vous offre des emplacements sp\u00e9cifiques pour chaque \u00e9l\u00e9ment de votre set.\n - R\u00e9sistante aux chocs\n - Dimensions int\u00e9rieures : L 54,6 x l 31,8 x H 29,4 cm\n - Dimensions ext\u00e9rieures : L 60,5 x l 39,4 x H 33,6 cm\n - Poids (\u00e0 vide) : 6,35 kg","breadcrumb":{"@id":"https:\/\/www.horse-dental-equipment.com\/product\/black-trolley-instrument-case\/#breadcrumb"},"inLanguage":"fr-FR","potentialAction":[{"@type":"ReadAction","target":["https:\/\/www.horse-dental-equipment.com\/product\/black-trolley-instrument-case\/"]}]},{"@type":"ImageObject","inLanguage":"fr-FR","@id":"https:\/\/www.horse-dental-equipment.com\/product\/black-trolley-instrument-case\/#primaryimage","url":"https:\/\/www.horse-dental-equipment.com\/wp-content\/uploads\/2023\/06\/RAN_MT2.jpg","contentUrl":"https:\/\/www.horse-dental-equipment.com\/wp-content\/uploads\/2023\/06\/RAN_MT2.jpg","width":800,"height":619,"caption":"Black Trolley Instrument Case"},{"@type":"BreadcrumbList","@id":"https:\/\/www.horse-dental-equipment.com\/product\/black-trolley-instrument-case\/#breadcrumb","itemListElement":[{"@type":"ListItem","position":1,"name":"Home","item":"https:\/\/www.horse-dental-equipment.com\/"},{"@type":"ListItem","position":2,"name":"Products","item":"https:\/\/www.horse-dental-equipment.com\/fr\/produits\/"},{"@type":"ListItem","position":3,"name":"Black Trolley Instrument Case"}]},{"@type":"WebSite","@id":"https:\/\/www.horse-dental-equipment.com\/#website","url":"https:\/\/www.horse-dental-equipment.com\/","name":"Horse Dental Equipment","description":"Your partner to develop your equine dentistry business","potentialAction":[{"@type":"SearchAction","target":{"@type":"EntryPoint","urlTemplate":"https:\/\/www.horse-dental-equipment.com\/?s={search_term_string}"},"query-input":{"@type":"PropertyValueSpecification","valueRequired":true,"valueName":"search_term_string"}}],"inLanguage":"fr-FR"}]}},"_links":{"self":[{"href":"https:\/\/www.horse-dental-equipment.com\/fr\/wp-json\/wp\/v2\/product\/9757","targetHints":{"allow":["GET"]}}],"collection":[{"href":"https:\/\/www.horse-dental-equipment.com\/fr\/wp-json\/wp\/v2\/product"}],"about":[{"href":"https:\/\/www.horse-dental-equipment.com\/fr\/wp-json\/wp\/v2\/types\/product"}],"replies":[{"embeddable":true,"href":"https:\/\/www.horse-dental-equipment.com\/fr\/wp-json\/wp\/v2\/comments?post=9757"}],"wp:featuredmedia":[{"embeddable":true,"href":"https:\/\/www.horse-dental-equipment.com\/fr\/wp-json\/wp\/v2\/media\/9758"}],"wp:attachment":[{"href":"https:\/\/www.horse-dental-equipment.com\/fr\/wp-json\/wp\/v2\/media?parent=9757"}],"wp:term":[{"taxonomy":"product_brand","embeddable":true,"href":"https:\/\/www.horse-dental-equipment.com\/fr\/wp-json\/wp\/v2\/product_brand?post=9757"},{"taxonomy":"product_cat","embeddable":true,"href":"https:\/\/www.horse-dental-equipment.com\/fr\/wp-json\/wp\/v2\/product_cat?post=9757"},{"taxonomy":"product_tag","embeddable":true,"href":"https:\/\/www.horse-dental-equipment.com\/fr\/wp-json\/wp\/v2\/product_tag?post=9757"}],"curies":[{"name":"wp","href":"https:\/\/api.w.org\/{rel}","templated":true}]}}