{"id":9609,"date":"2023-05-24T09:33:09","date_gmt":"2023-05-24T07:33:09","guid":{"rendered":"http:\/\/www.horse-dental-equipment.com\/?post_type=product&#038;p=9609"},"modified":"2025-06-23T12:23:24","modified_gmt":"2025-06-23T10:23:24","slug":"rape-20-droite","status":"publish","type":"product","link":"https:\/\/www.horse-dental-equipment.com\/fr\/produit\/rape-20-droite\/","title":{"rendered":"R\u00e2pe 20'' Droite"},"content":{"rendered":"<p>Cette r\u00e2pe est la plus versatile. Elle peut \u00eatre utilis\u00e9e \u00e0 la fois sur l'arcade mandibulaire &amp; maxillaire ainsi qu'en partie linguale et buccale.<\/p>\n<ul>\n<li>Longueur totale : 50 cm<\/li>\n<li>Largeur de la t\u00eate : 32,5 mm<\/li>\n<li>Angle de la t\u00eate : 0\u00b0<\/li>\n<\/ul>\n<p>A utiliser avec la recharge Carbure de Tungst\u00e8ne 80 mm (REC_V8TU).<\/p>","protected":false},"excerpt":{"rendered":"<p>This float is the most versatile. It can be used on both the mandibular &amp; maxillary arcades as well as the lingual and buccal parts. Total length: 50 cm Head width: 32.5 mm Head angle: 0\u00b0 To be used with Tungsten Carbide Blade 80 mm (REC_V8TU).<\/p>","protected":false},"featured_media":9610,"comment_status":"closed","ping_status":"closed","template":"","meta":{"_acf_changed":false},"product_brand":[],"product_cat":[90,180],"product_tag":[],"class_list":{"0":"post-9609","1":"product","2":"type-product","3":"status-publish","4":"has-post-thumbnail","6":"product_cat-dental-floats-and-blades","7":"product_cat-manual-rasps","9":"first","10":"instock","11":"shipping-taxable","12":"product-type-simple"},"acf":[],"yoast_head":"<!-- This site is optimized with the Yoast SEO plugin v27.3 - https:\/\/yoast.com\/product\/yoast-seo-wordpress\/ -->\n<title>20&#039;&#039; Straight Profile Float - Horse Dental Equipment<\/title>\n<meta name=\"description\" content=\"This float is the most versatile. It can be used on both the mandibular &amp; maxillary arcades as well as the lingual and buccal parts. Total length: 50 cm\" \/>\n<meta name=\"robots\" content=\"index, follow, max-snippet:-1, max-image-preview:large, max-video-preview:-1\" \/>\n<link rel=\"canonical\" href=\"https:\/\/www.horse-dental-equipment.com\/fr\/produit\/rape-20-droite\/\" \/>\n<meta property=\"og:locale\" content=\"fr_FR\" \/>\n<meta property=\"og:type\" content=\"article\" \/>\n<meta property=\"og:title\" content=\"20&#039;&#039; Straight Profile Float - Horse Dental Equipment\" \/>\n<meta property=\"og:description\" content=\"This float is the most versatile. It can be used on both the mandibular &amp; maxillary arcades as well as the lingual and buccal parts. Total length: 50 cm\" \/>\n<meta property=\"og:url\" content=\"https:\/\/www.horse-dental-equipment.com\/fr\/produit\/rape-20-droite\/\" \/>\n<meta property=\"og:site_name\" content=\"Horse Dental Equipment\" \/>\n<meta property=\"article:modified_time\" content=\"2025-06-23T10:23:24+00:00\" \/>\n<meta property=\"og:image\" content=\"https:\/\/www.horse-dental-equipment.com\/wp-content\/uploads\/2023\/02\/RAP_50D-DN325.jpg\" \/>\n\t<meta property=\"og:image:width\" content=\"800\" \/>\n\t<meta property=\"og:image:height\" content=\"619\" \/>\n\t<meta property=\"og:image:type\" content=\"image\/jpeg\" \/>\n<meta name=\"twitter:card\" content=\"summary_large_image\" \/>\n<meta name=\"twitter:label1\" content=\"Dur\u00e9e de lecture estim\u00e9e\" \/>\n\t<meta name=\"twitter:data1\" content=\"1 minute\" \/>\n<script type=\"application\/ld+json\" class=\"yoast-schema-graph\">{\"@context\":\"https:\\\/\\\/schema.org\",\"@graph\":[{\"@type\":\"WebPage\",\"@id\":\"https:\\\/\\\/www.horse-dental-equipment.com\\\/product\\\/20-straight-profile-float\\\/\",\"url\":\"https:\\\/\\\/www.horse-dental-equipment.com\\\/product\\\/20-straight-profile-float\\\/\",\"name\":\"20'' Straight Profile Float - Horse Dental Equipment\",\"isPartOf\":{\"@id\":\"https:\\\/\\\/www.horse-dental-equipment.com\\\/#website\"},\"primaryImageOfPage\":{\"@id\":\"https:\\\/\\\/www.horse-dental-equipment.com\\\/product\\\/20-straight-profile-float\\\/#primaryimage\"},\"image\":{\"@id\":\"https:\\\/\\\/www.horse-dental-equipment.com\\\/product\\\/20-straight-profile-float\\\/#primaryimage\"},\"thumbnailUrl\":\"https:\\\/\\\/www.horse-dental-equipment.com\\\/wp-content\\\/uploads\\\/2023\\\/02\\\/RAP_50D-DN325.jpg\",\"datePublished\":\"2023-05-24T07:33:09+00:00\",\"dateModified\":\"2025-06-23T10:23:24+00:00\",\"description\":\"This float is the most versatile. It can be used on both the mandibular & maxillary arcades as well as the lingual and buccal parts. Total length: 50 cm\",\"breadcrumb\":{\"@id\":\"https:\\\/\\\/www.horse-dental-equipment.com\\\/product\\\/20-straight-profile-float\\\/#breadcrumb\"},\"inLanguage\":\"fr-FR\",\"potentialAction\":[{\"@type\":\"ReadAction\",\"target\":[\"https:\\\/\\\/www.horse-dental-equipment.com\\\/product\\\/20-straight-profile-float\\\/\"]}]},{\"@type\":\"ImageObject\",\"inLanguage\":\"fr-FR\",\"@id\":\"https:\\\/\\\/www.horse-dental-equipment.com\\\/product\\\/20-straight-profile-float\\\/#primaryimage\",\"url\":\"https:\\\/\\\/www.horse-dental-equipment.com\\\/wp-content\\\/uploads\\\/2023\\\/02\\\/RAP_50D-DN325.jpg\",\"contentUrl\":\"https:\\\/\\\/www.horse-dental-equipment.com\\\/wp-content\\\/uploads\\\/2023\\\/02\\\/RAP_50D-DN325.jpg\",\"width\":800,\"height\":619,\"caption\":\"20'' Straight Profile Float\"},{\"@type\":\"BreadcrumbList\",\"@id\":\"https:\\\/\\\/www.horse-dental-equipment.com\\\/product\\\/20-straight-profile-float\\\/#breadcrumb\",\"itemListElement\":[{\"@type\":\"ListItem\",\"position\":1,\"name\":\"Home\",\"item\":\"https:\\\/\\\/www.horse-dental-equipment.com\\\/\"},{\"@type\":\"ListItem\",\"position\":2,\"name\":\"Products\",\"item\":\"https:\\\/\\\/www.horse-dental-equipment.com\\\/fr\\\/produits\\\/\"},{\"@type\":\"ListItem\",\"position\":3,\"name\":\"20&#8221; Straight Profile Float\"}]},{\"@type\":\"WebSite\",\"@id\":\"https:\\\/\\\/www.horse-dental-equipment.com\\\/#website\",\"url\":\"https:\\\/\\\/www.horse-dental-equipment.com\\\/\",\"name\":\"Horse Dental Equipment\",\"description\":\"Your partner to develop your equine dentistry business\",\"potentialAction\":[{\"@type\":\"SearchAction\",\"target\":{\"@type\":\"EntryPoint\",\"urlTemplate\":\"https:\\\/\\\/www.horse-dental-equipment.com\\\/?s={search_term_string}\"},\"query-input\":{\"@type\":\"PropertyValueSpecification\",\"valueRequired\":true,\"valueName\":\"search_term_string\"}}],\"inLanguage\":\"fr-FR\"}]}<\/script>\n<!-- \/ Yoast SEO plugin. -->","yoast_head_json":{"title":"R\u00e2pe 20'' Droite - Horse Dental Equipment","description":"Cette r\u00e2pe est la plus versatile. Elle peut \u00eatre utilis\u00e9e \u00e0 la fois sur l'arcade mandibulaire &amp; maxillaire ainsi qu'en partie linguale et buccale.\n - Longueur totale : 50 cm\n - Largeur de la t\u00eate : 32,5 mm\n - Angle de la t\u00eate : 0\u00b0\nA utiliser avec la recharge Carbure de Tungst\u00e8ne 80 mm (REC_V8TU).","robots":{"index":"index","follow":"follow","max-snippet":"max-snippet:-1","max-image-preview":"max-image-preview:large","max-video-preview":"max-video-preview:-1"},"canonical":"https:\/\/www.horse-dental-equipment.com\/fr\/produit\/rape-20-droite\/","og_locale":"fr_FR","og_type":"article","og_title":"20'' Straight Profile Float - Horse Dental Equipment","og_description":"This float is the most versatile. It can be used on both the mandibular & maxillary arcades as well as the lingual and buccal parts. Total length: 50 cm","og_url":"https:\/\/www.horse-dental-equipment.com\/fr\/produit\/rape-20-droite\/","og_site_name":"Horse Dental Equipment","article_modified_time":"2025-06-23T10:23:24+00:00","og_image":[{"width":800,"height":619,"url":"https:\/\/www.horse-dental-equipment.com\/wp-content\/uploads\/2023\/02\/RAP_50D-DN325.jpg","type":"image\/jpeg"}],"twitter_card":"summary_large_image","twitter_misc":{"Dur\u00e9e de lecture estim\u00e9e":"1 minute"},"schema":{"@context":"https:\/\/schema.org","@graph":[{"@type":"WebPage","@id":"https:\/\/www.horse-dental-equipment.com\/product\/20-straight-profile-float\/","url":"https:\/\/www.horse-dental-equipment.com\/product\/20-straight-profile-float\/","name":"R\u00e2pe 20'' Droite - Horse Dental Equipment","isPartOf":{"@id":"https:\/\/www.horse-dental-equipment.com\/#website"},"primaryImageOfPage":{"@id":"https:\/\/www.horse-dental-equipment.com\/product\/20-straight-profile-float\/#primaryimage"},"image":{"@id":"https:\/\/www.horse-dental-equipment.com\/product\/20-straight-profile-float\/#primaryimage"},"thumbnailUrl":"https:\/\/www.horse-dental-equipment.com\/wp-content\/uploads\/2023\/02\/RAP_50D-DN325.jpg","datePublished":"2023-05-24T07:33:09+00:00","dateModified":"2025-06-23T10:23:24+00:00","description":"Cette r\u00e2pe est la plus versatile. Elle peut \u00eatre utilis\u00e9e \u00e0 la fois sur l'arcade mandibulaire &amp; maxillaire ainsi qu'en partie linguale et buccale.\n - Longueur totale : 50 cm\n - Largeur de la t\u00eate : 32,5 mm\n - Angle de la t\u00eate : 0\u00b0\nA utiliser avec la recharge Carbure de Tungst\u00e8ne 80 mm (REC_V8TU).","breadcrumb":{"@id":"https:\/\/www.horse-dental-equipment.com\/product\/20-straight-profile-float\/#breadcrumb"},"inLanguage":"fr-FR","potentialAction":[{"@type":"ReadAction","target":["https:\/\/www.horse-dental-equipment.com\/product\/20-straight-profile-float\/"]}]},{"@type":"ImageObject","inLanguage":"fr-FR","@id":"https:\/\/www.horse-dental-equipment.com\/product\/20-straight-profile-float\/#primaryimage","url":"https:\/\/www.horse-dental-equipment.com\/wp-content\/uploads\/2023\/02\/RAP_50D-DN325.jpg","contentUrl":"https:\/\/www.horse-dental-equipment.com\/wp-content\/uploads\/2023\/02\/RAP_50D-DN325.jpg","width":800,"height":619,"caption":"20'' Straight Profile Float"},{"@type":"BreadcrumbList","@id":"https:\/\/www.horse-dental-equipment.com\/product\/20-straight-profile-float\/#breadcrumb","itemListElement":[{"@type":"ListItem","position":1,"name":"Home","item":"https:\/\/www.horse-dental-equipment.com\/"},{"@type":"ListItem","position":2,"name":"Products","item":"https:\/\/www.horse-dental-equipment.com\/fr\/produits\/"},{"@type":"ListItem","position":3,"name":"20&#8221; Straight Profile Float"}]},{"@type":"WebSite","@id":"https:\/\/www.horse-dental-equipment.com\/#website","url":"https:\/\/www.horse-dental-equipment.com\/","name":"Horse Dental Equipment","description":"Your partner to develop your equine dentistry business","potentialAction":[{"@type":"SearchAction","target":{"@type":"EntryPoint","urlTemplate":"https:\/\/www.horse-dental-equipment.com\/?s={search_term_string}"},"query-input":{"@type":"PropertyValueSpecification","valueRequired":true,"valueName":"search_term_string"}}],"inLanguage":"fr-FR"}]}},"_links":{"self":[{"href":"https:\/\/www.horse-dental-equipment.com\/fr\/wp-json\/wp\/v2\/product\/9609","targetHints":{"allow":["GET"]}}],"collection":[{"href":"https:\/\/www.horse-dental-equipment.com\/fr\/wp-json\/wp\/v2\/product"}],"about":[{"href":"https:\/\/www.horse-dental-equipment.com\/fr\/wp-json\/wp\/v2\/types\/product"}],"replies":[{"embeddable":true,"href":"https:\/\/www.horse-dental-equipment.com\/fr\/wp-json\/wp\/v2\/comments?post=9609"}],"wp:featuredmedia":[{"embeddable":true,"href":"https:\/\/www.horse-dental-equipment.com\/fr\/wp-json\/wp\/v2\/media\/9610"}],"wp:attachment":[{"href":"https:\/\/www.horse-dental-equipment.com\/fr\/wp-json\/wp\/v2\/media?parent=9609"}],"wp:term":[{"taxonomy":"product_brand","embeddable":true,"href":"https:\/\/www.horse-dental-equipment.com\/fr\/wp-json\/wp\/v2\/product_brand?post=9609"},{"taxonomy":"product_cat","embeddable":true,"href":"https:\/\/www.horse-dental-equipment.com\/fr\/wp-json\/wp\/v2\/product_cat?post=9609"},{"taxonomy":"product_tag","embeddable":true,"href":"https:\/\/www.horse-dental-equipment.com\/fr\/wp-json\/wp\/v2\/product_tag?post=9609"}],"curies":[{"name":"wp","href":"https:\/\/api.w.org\/{rel}","templated":true}]}}