{"id":9000,"date":"2022-05-04T12:19:38","date_gmt":"2022-05-04T10:19:38","guid":{"rendered":"http:\/\/www.horse-dental-equipment.com\/?post_type=product&#038;p=9000"},"modified":"2025-06-30T10:30:25","modified_gmt":"2025-06-30T08:30:25","slug":"set-fulcrum-poignee-6-tetes","status":"publish","type":"product","link":"https:\/\/www.horse-dental-equipment.com\/fr\/produit\/set-fulcrum-poignee-6-tetes\/","title":{"rendered":"Set Fulcrum (poign\u00e9e, 6 t\u00eates)"},"content":{"rendered":"<p>Facilitez vos extractions de molaires avec le Set Fulcrum gr\u00e2ce \u00e0 son effet de levier. Le set comprend 6 t\u00eates de diff\u00e9rentes hauteurs (8 mm, 11 mm, 14 mm, 16 mm, 20 mm, 25 mm).<\/p>","protected":false},"excerpt":{"rendered":"<p>Facilitez vos extractions de molaires avec le Set Fulcrum gr\u00e2ce \u00e0 son effet de levier. Le set comprend 6 t\u00eates de diff\u00e9rentes hauteurs (8 mm, 11 mm, 14 mm, 16 mm, 20 mm, 25 mm).<\/p>","protected":false},"featured_media":9001,"comment_status":"closed","ping_status":"closed","template":"","meta":{"_acf_changed":false},"product_brand":[],"product_cat":[121],"product_tag":[],"class_list":{"0":"post-9000","1":"product","2":"type-product","3":"status-publish","4":"has-post-thumbnail","6":"product_cat-pegasos-extraction-kit","8":"first","9":"instock","10":"shipping-taxable","11":"purchasable","12":"product-type-simple"},"acf":[],"yoast_head":"<!-- This site is optimized with the Yoast SEO plugin v27.3 - https:\/\/yoast.com\/product\/yoast-seo-wordpress\/ -->\n<title>Fulcrum Set (grip, 6 heads) - Horse Dental Equipment<\/title>\n<meta name=\"description\" content=\"Make your molar extractions easier with the Fulcrum Set thanks to its leverage effect. 6 heads with different heights are included in the set...\" \/>\n<meta name=\"robots\" content=\"index, follow, max-snippet:-1, max-image-preview:large, max-video-preview:-1\" \/>\n<link rel=\"canonical\" href=\"https:\/\/www.horse-dental-equipment.com\/fr\/produit\/set-fulcrum-poignee-6-tetes\/\" \/>\n<meta property=\"og:locale\" content=\"fr_FR\" \/>\n<meta property=\"og:type\" content=\"article\" \/>\n<meta property=\"og:title\" content=\"Fulcrum Set (grip, 6 heads) - Horse Dental Equipment\" \/>\n<meta property=\"og:description\" content=\"Make your molar extractions easier with the Fulcrum Set thanks to its leverage effect. 6 heads with different heights are included in the set...\" \/>\n<meta property=\"og:url\" content=\"https:\/\/www.horse-dental-equipment.com\/fr\/produit\/set-fulcrum-poignee-6-tetes\/\" \/>\n<meta property=\"og:site_name\" content=\"Horse Dental Equipment\" \/>\n<meta property=\"article:modified_time\" content=\"2025-06-30T08:30:25+00:00\" \/>\n<meta property=\"og:image\" content=\"https:\/\/www.horse-dental-equipment.com\/wp-content\/uploads\/2022\/05\/PEGA_321030-2.png\" \/>\n\t<meta property=\"og:image:width\" content=\"800\" \/>\n\t<meta property=\"og:image:height\" content=\"619\" \/>\n\t<meta property=\"og:image:type\" content=\"image\/png\" \/>\n<meta name=\"twitter:card\" content=\"summary_large_image\" \/>\n<meta name=\"twitter:label1\" content=\"Dur\u00e9e de lecture estim\u00e9e\" \/>\n\t<meta name=\"twitter:data1\" content=\"1 minute\" \/>\n<script type=\"application\/ld+json\" class=\"yoast-schema-graph\">{\"@context\":\"https:\\\/\\\/schema.org\",\"@graph\":[{\"@type\":\"WebPage\",\"@id\":\"https:\\\/\\\/www.horse-dental-equipment.com\\\/es\\\/producto\\\/set-fulcrum-empunadura-6-cabezas\\\/\",\"url\":\"https:\\\/\\\/www.horse-dental-equipment.com\\\/es\\\/producto\\\/set-fulcrum-empunadura-6-cabezas\\\/\",\"name\":\"Fulcrum Set (grip, 6 heads) - Horse Dental Equipment\",\"isPartOf\":{\"@id\":\"https:\\\/\\\/www.horse-dental-equipment.com\\\/#website\"},\"primaryImageOfPage\":{\"@id\":\"https:\\\/\\\/www.horse-dental-equipment.com\\\/es\\\/producto\\\/set-fulcrum-empunadura-6-cabezas\\\/#primaryimage\"},\"image\":{\"@id\":\"https:\\\/\\\/www.horse-dental-equipment.com\\\/es\\\/producto\\\/set-fulcrum-empunadura-6-cabezas\\\/#primaryimage\"},\"thumbnailUrl\":\"https:\\\/\\\/www.horse-dental-equipment.com\\\/wp-content\\\/uploads\\\/2022\\\/05\\\/PEGA_321030-2.png\",\"datePublished\":\"2022-05-04T10:19:38+00:00\",\"dateModified\":\"2025-06-30T08:30:25+00:00\",\"description\":\"Make your molar extractions easier with the Fulcrum Set thanks to its leverage effect. 6 heads with different heights are included in the set...\",\"breadcrumb\":{\"@id\":\"https:\\\/\\\/www.horse-dental-equipment.com\\\/es\\\/producto\\\/set-fulcrum-empunadura-6-cabezas\\\/#breadcrumb\"},\"inLanguage\":\"fr-FR\",\"potentialAction\":[{\"@type\":\"ReadAction\",\"target\":[\"https:\\\/\\\/www.horse-dental-equipment.com\\\/es\\\/producto\\\/set-fulcrum-empunadura-6-cabezas\\\/\"]}]},{\"@type\":\"ImageObject\",\"inLanguage\":\"fr-FR\",\"@id\":\"https:\\\/\\\/www.horse-dental-equipment.com\\\/es\\\/producto\\\/set-fulcrum-empunadura-6-cabezas\\\/#primaryimage\",\"url\":\"https:\\\/\\\/www.horse-dental-equipment.com\\\/wp-content\\\/uploads\\\/2022\\\/05\\\/PEGA_321030-2.png\",\"contentUrl\":\"https:\\\/\\\/www.horse-dental-equipment.com\\\/wp-content\\\/uploads\\\/2022\\\/05\\\/PEGA_321030-2.png\",\"width\":800,\"height\":619,\"caption\":\"Fulcrum Set (grip, 6 heads)\"},{\"@type\":\"BreadcrumbList\",\"@id\":\"https:\\\/\\\/www.horse-dental-equipment.com\\\/es\\\/producto\\\/set-fulcrum-empunadura-6-cabezas\\\/#breadcrumb\",\"itemListElement\":[{\"@type\":\"ListItem\",\"position\":1,\"name\":\"Home\",\"item\":\"https:\\\/\\\/www.horse-dental-equipment.com\\\/\"},{\"@type\":\"ListItem\",\"position\":2,\"name\":\"Products\",\"item\":\"https:\\\/\\\/www.horse-dental-equipment.com\\\/fr\\\/produits\\\/\"},{\"@type\":\"ListItem\",\"position\":3,\"name\":\"Fulcrum Set (grip, 6 heads)\"}]},{\"@type\":\"WebSite\",\"@id\":\"https:\\\/\\\/www.horse-dental-equipment.com\\\/#website\",\"url\":\"https:\\\/\\\/www.horse-dental-equipment.com\\\/\",\"name\":\"Horse Dental Equipment\",\"description\":\"Your partner to develop your equine dentistry business\",\"potentialAction\":[{\"@type\":\"SearchAction\",\"target\":{\"@type\":\"EntryPoint\",\"urlTemplate\":\"https:\\\/\\\/www.horse-dental-equipment.com\\\/?s={search_term_string}\"},\"query-input\":{\"@type\":\"PropertyValueSpecification\",\"valueRequired\":true,\"valueName\":\"search_term_string\"}}],\"inLanguage\":\"fr-FR\"}]}<\/script>\n<!-- \/ Yoast SEO plugin. -->","yoast_head_json":{"title":"Set Fulcrum (poign\u00e9e, 6 t\u00eates) - Horse Dental Equipment","description":"Facilitez vos extractions de molaires avec le Set Fulcrum gr\u00e2ce \u00e0 son effet de levier. Le set comprend 6 t\u00eates de diff\u00e9rentes hauteurs (8 mm, 11 mm, 14 mm, 16 mm, 20 mm, 25 mm).","robots":{"index":"index","follow":"follow","max-snippet":"max-snippet:-1","max-image-preview":"max-image-preview:large","max-video-preview":"max-video-preview:-1"},"canonical":"https:\/\/www.horse-dental-equipment.com\/fr\/produit\/set-fulcrum-poignee-6-tetes\/","og_locale":"fr_FR","og_type":"article","og_title":"Fulcrum Set (grip, 6 heads) - Horse Dental Equipment","og_description":"Make your molar extractions easier with the Fulcrum Set thanks to its leverage effect. 6 heads with different heights are included in the set...","og_url":"https:\/\/www.horse-dental-equipment.com\/fr\/produit\/set-fulcrum-poignee-6-tetes\/","og_site_name":"Horse Dental Equipment","article_modified_time":"2025-06-30T08:30:25+00:00","og_image":[{"width":800,"height":619,"url":"https:\/\/www.horse-dental-equipment.com\/wp-content\/uploads\/2022\/05\/PEGA_321030-2.png","type":"image\/png"}],"twitter_card":"summary_large_image","twitter_misc":{"Dur\u00e9e de lecture estim\u00e9e":"1 minute"},"schema":{"@context":"https:\/\/schema.org","@graph":[{"@type":"WebPage","@id":"https:\/\/www.horse-dental-equipment.com\/es\/producto\/set-fulcrum-empunadura-6-cabezas\/","url":"https:\/\/www.horse-dental-equipment.com\/es\/producto\/set-fulcrum-empunadura-6-cabezas\/","name":"Set Fulcrum (poign\u00e9e, 6 t\u00eates) - Horse Dental Equipment","isPartOf":{"@id":"https:\/\/www.horse-dental-equipment.com\/#website"},"primaryImageOfPage":{"@id":"https:\/\/www.horse-dental-equipment.com\/es\/producto\/set-fulcrum-empunadura-6-cabezas\/#primaryimage"},"image":{"@id":"https:\/\/www.horse-dental-equipment.com\/es\/producto\/set-fulcrum-empunadura-6-cabezas\/#primaryimage"},"thumbnailUrl":"https:\/\/www.horse-dental-equipment.com\/wp-content\/uploads\/2022\/05\/PEGA_321030-2.png","datePublished":"2022-05-04T10:19:38+00:00","dateModified":"2025-06-30T08:30:25+00:00","description":"Facilitez vos extractions de molaires avec le Set Fulcrum gr\u00e2ce \u00e0 son effet de levier. Le set comprend 6 t\u00eates de diff\u00e9rentes hauteurs (8 mm, 11 mm, 14 mm, 16 mm, 20 mm, 25 mm).","breadcrumb":{"@id":"https:\/\/www.horse-dental-equipment.com\/es\/producto\/set-fulcrum-empunadura-6-cabezas\/#breadcrumb"},"inLanguage":"fr-FR","potentialAction":[{"@type":"ReadAction","target":["https:\/\/www.horse-dental-equipment.com\/es\/producto\/set-fulcrum-empunadura-6-cabezas\/"]}]},{"@type":"ImageObject","inLanguage":"fr-FR","@id":"https:\/\/www.horse-dental-equipment.com\/es\/producto\/set-fulcrum-empunadura-6-cabezas\/#primaryimage","url":"https:\/\/www.horse-dental-equipment.com\/wp-content\/uploads\/2022\/05\/PEGA_321030-2.png","contentUrl":"https:\/\/www.horse-dental-equipment.com\/wp-content\/uploads\/2022\/05\/PEGA_321030-2.png","width":800,"height":619,"caption":"Fulcrum Set (grip, 6 heads)"},{"@type":"BreadcrumbList","@id":"https:\/\/www.horse-dental-equipment.com\/es\/producto\/set-fulcrum-empunadura-6-cabezas\/#breadcrumb","itemListElement":[{"@type":"ListItem","position":1,"name":"Home","item":"https:\/\/www.horse-dental-equipment.com\/"},{"@type":"ListItem","position":2,"name":"Products","item":"https:\/\/www.horse-dental-equipment.com\/fr\/produits\/"},{"@type":"ListItem","position":3,"name":"Fulcrum Set (grip, 6 heads)"}]},{"@type":"WebSite","@id":"https:\/\/www.horse-dental-equipment.com\/#website","url":"https:\/\/www.horse-dental-equipment.com\/","name":"Horse Dental Equipment","description":"Your partner to develop your equine dentistry business","potentialAction":[{"@type":"SearchAction","target":{"@type":"EntryPoint","urlTemplate":"https:\/\/www.horse-dental-equipment.com\/?s={search_term_string}"},"query-input":{"@type":"PropertyValueSpecification","valueRequired":true,"valueName":"search_term_string"}}],"inLanguage":"fr-FR"}]}},"_links":{"self":[{"href":"https:\/\/www.horse-dental-equipment.com\/fr\/wp-json\/wp\/v2\/product\/9000","targetHints":{"allow":["GET"]}}],"collection":[{"href":"https:\/\/www.horse-dental-equipment.com\/fr\/wp-json\/wp\/v2\/product"}],"about":[{"href":"https:\/\/www.horse-dental-equipment.com\/fr\/wp-json\/wp\/v2\/types\/product"}],"replies":[{"embeddable":true,"href":"https:\/\/www.horse-dental-equipment.com\/fr\/wp-json\/wp\/v2\/comments?post=9000"}],"wp:featuredmedia":[{"embeddable":true,"href":"https:\/\/www.horse-dental-equipment.com\/fr\/wp-json\/wp\/v2\/media\/9001"}],"wp:attachment":[{"href":"https:\/\/www.horse-dental-equipment.com\/fr\/wp-json\/wp\/v2\/media?parent=9000"}],"wp:term":[{"taxonomy":"product_brand","embeddable":true,"href":"https:\/\/www.horse-dental-equipment.com\/fr\/wp-json\/wp\/v2\/product_brand?post=9000"},{"taxonomy":"product_cat","embeddable":true,"href":"https:\/\/www.horse-dental-equipment.com\/fr\/wp-json\/wp\/v2\/product_cat?post=9000"},{"taxonomy":"product_tag","embeddable":true,"href":"https:\/\/www.horse-dental-equipment.com\/fr\/wp-json\/wp\/v2\/product_tag?post=9000"}],"curies":[{"name":"wp","href":"https:\/\/api.w.org\/{rel}","templated":true}]}}