{"id":8942,"date":"2022-04-01T16:33:13","date_gmt":"2022-04-01T14:33:13","guid":{"rendered":"http:\/\/www.horse-dental-equipment.com\/?post_type=product&#038;p=8942"},"modified":"2026-04-01T14:59:48","modified_gmt":"2026-04-01T12:59:48","slug":"flexxidisc-compact-droite-poignee-polymere","status":"publish","type":"product","link":"https:\/\/www.horse-dental-equipment.com\/fr\/produit\/flexxidisc-compact-droite-poignee-polymere\/","title":{"rendered":"Flexxidisc COMPACT Droite (poign\u00e9e polym\u00e8re)"},"content":{"rendered":"<p>Caract\u00e9ristiques :<\/p>\n<ul>\n<li>Plus de l\u00e9g\u00e8ret\u00e9 pour une meilleure ergonomie<\/li>\n<li>Une t\u00eate plus fine pour un acc\u00e8s facilit\u00e9 en fond de bouche<\/li>\n<li>Un corps plus fin pour une meilleure visibilit\u00e9<\/li>\n<\/ul>\n<p>Choisissez parmi 2 manches Compact faciles d'entretien :<\/p>\n<ul>\n<li>Flexxidisc COMPACT droite - Poign\u00e9e inox (FRA_FCDD) : 639 g<\/li>\n<li>Flexxidisc COMPACT droite - Poign\u00e9e polym\u00e8re (FRA_PFCDD) : 503 g<\/li>\n<\/ul>","protected":false},"excerpt":{"rendered":"<p>Characteristics: More lightness for better handling and ergonomics Thinner head for easier access in the back of the mouth Thinner body for better visibility Choose between 2 easy-to-clean Compact handles: COMPACT Flexxidisc straight &#8211; Stainless steel handle (FRA_FCDD): 639 g COMPACT Flexxidisc straight &#8211; Polymer handle (FRA_PFCDD): 503 g<\/p>","protected":false},"featured_media":8951,"comment_status":"closed","ping_status":"closed","template":"","meta":{"_acf_changed":false},"product_brand":[],"product_cat":[81,85],"product_tag":[],"class_list":{"0":"post-8942","1":"product","2":"type-product","3":"status-publish","4":"has-post-thumbnail","6":"product_cat-individual-motorized-instruments","7":"product_cat-flexxidisc","9":"first","10":"instock","11":"shipping-taxable","12":"purchasable","13":"product-type-simple"},"acf":[],"yoast_head":"<!-- This site is optimized with the Yoast SEO plugin v27.3 - https:\/\/yoast.com\/product\/yoast-seo-wordpress\/ -->\n<title>COMPACT Flexxidisc Straight (polymer handle) - Horse Dental Equipment<\/title>\n<meta name=\"description\" content=\"Characteristics: More lightness for better handling and ergonomics \/ Thinner head for easier access in the back of the mouth ...\" \/>\n<meta name=\"robots\" content=\"index, follow, max-snippet:-1, max-image-preview:large, max-video-preview:-1\" \/>\n<link rel=\"canonical\" href=\"https:\/\/www.horse-dental-equipment.com\/fr\/produit\/flexxidisc-compact-droite-poignee-polymere\/\" \/>\n<meta property=\"og:locale\" content=\"fr_FR\" \/>\n<meta property=\"og:type\" content=\"article\" \/>\n<meta property=\"og:title\" content=\"COMPACT Flexxidisc Straight (polymer handle) - Horse Dental Equipment\" \/>\n<meta property=\"og:description\" content=\"Characteristics: More lightness for better handling and ergonomics \/ Thinner head for easier access in the back of the mouth ...\" \/>\n<meta property=\"og:url\" content=\"https:\/\/www.horse-dental-equipment.com\/fr\/produit\/flexxidisc-compact-droite-poignee-polymere\/\" \/>\n<meta property=\"og:site_name\" content=\"Horse Dental Equipment\" \/>\n<meta property=\"article:modified_time\" content=\"2026-04-01T12:59:48+00:00\" \/>\n<meta property=\"og:image\" content=\"https:\/\/www.horse-dental-equipment.com\/wp-content\/uploads\/2022\/04\/FRA_PFCDD.png\" \/>\n\t<meta property=\"og:image:width\" content=\"800\" \/>\n\t<meta property=\"og:image:height\" content=\"619\" \/>\n\t<meta property=\"og:image:type\" content=\"image\/png\" \/>\n<meta name=\"twitter:card\" content=\"summary_large_image\" \/>\n<meta name=\"twitter:label1\" content=\"Dur\u00e9e de lecture estim\u00e9e\" \/>\n\t<meta name=\"twitter:data1\" content=\"1 minute\" \/>\n<script type=\"application\/ld+json\" class=\"yoast-schema-graph\">{\"@context\":\"https:\\\/\\\/schema.org\",\"@graph\":[{\"@type\":\"WebPage\",\"@id\":\"https:\\\/\\\/www.horse-dental-equipment.com\\\/product\\\/compact-flexxidisc-straight-polymer-handle\\\/\",\"url\":\"https:\\\/\\\/www.horse-dental-equipment.com\\\/product\\\/compact-flexxidisc-straight-polymer-handle\\\/\",\"name\":\"COMPACT Flexxidisc Straight (polymer handle) - Horse Dental Equipment\",\"isPartOf\":{\"@id\":\"https:\\\/\\\/www.horse-dental-equipment.com\\\/#website\"},\"primaryImageOfPage\":{\"@id\":\"https:\\\/\\\/www.horse-dental-equipment.com\\\/product\\\/compact-flexxidisc-straight-polymer-handle\\\/#primaryimage\"},\"image\":{\"@id\":\"https:\\\/\\\/www.horse-dental-equipment.com\\\/product\\\/compact-flexxidisc-straight-polymer-handle\\\/#primaryimage\"},\"thumbnailUrl\":\"https:\\\/\\\/www.horse-dental-equipment.com\\\/wp-content\\\/uploads\\\/2022\\\/04\\\/FRA_PFCDD.png\",\"datePublished\":\"2022-04-01T14:33:13+00:00\",\"dateModified\":\"2026-04-01T12:59:48+00:00\",\"description\":\"Characteristics: More lightness for better handling and ergonomics \\\/ Thinner head for easier access in the back of the mouth ...\",\"breadcrumb\":{\"@id\":\"https:\\\/\\\/www.horse-dental-equipment.com\\\/product\\\/compact-flexxidisc-straight-polymer-handle\\\/#breadcrumb\"},\"inLanguage\":\"fr-FR\",\"potentialAction\":[{\"@type\":\"ReadAction\",\"target\":[\"https:\\\/\\\/www.horse-dental-equipment.com\\\/product\\\/compact-flexxidisc-straight-polymer-handle\\\/\"]}]},{\"@type\":\"ImageObject\",\"inLanguage\":\"fr-FR\",\"@id\":\"https:\\\/\\\/www.horse-dental-equipment.com\\\/product\\\/compact-flexxidisc-straight-polymer-handle\\\/#primaryimage\",\"url\":\"https:\\\/\\\/www.horse-dental-equipment.com\\\/wp-content\\\/uploads\\\/2022\\\/04\\\/FRA_PFCDD.png\",\"contentUrl\":\"https:\\\/\\\/www.horse-dental-equipment.com\\\/wp-content\\\/uploads\\\/2022\\\/04\\\/FRA_PFCDD.png\",\"width\":800,\"height\":619,\"caption\":\"COMPACT Flexxidisc Straight (polymer handle)\"},{\"@type\":\"BreadcrumbList\",\"@id\":\"https:\\\/\\\/www.horse-dental-equipment.com\\\/product\\\/compact-flexxidisc-straight-polymer-handle\\\/#breadcrumb\",\"itemListElement\":[{\"@type\":\"ListItem\",\"position\":1,\"name\":\"Home\",\"item\":\"https:\\\/\\\/www.horse-dental-equipment.com\\\/\"},{\"@type\":\"ListItem\",\"position\":2,\"name\":\"Products\",\"item\":\"https:\\\/\\\/www.horse-dental-equipment.com\\\/fr\\\/produits\\\/\"},{\"@type\":\"ListItem\",\"position\":3,\"name\":\"COMPACT Flexxidisc Straight (polymer handle)\"}]},{\"@type\":\"WebSite\",\"@id\":\"https:\\\/\\\/www.horse-dental-equipment.com\\\/#website\",\"url\":\"https:\\\/\\\/www.horse-dental-equipment.com\\\/\",\"name\":\"Horse Dental Equipment\",\"description\":\"Your partner to develop your equine dentistry business\",\"potentialAction\":[{\"@type\":\"SearchAction\",\"target\":{\"@type\":\"EntryPoint\",\"urlTemplate\":\"https:\\\/\\\/www.horse-dental-equipment.com\\\/?s={search_term_string}\"},\"query-input\":{\"@type\":\"PropertyValueSpecification\",\"valueRequired\":true,\"valueName\":\"search_term_string\"}}],\"inLanguage\":\"fr-FR\"}]}<\/script>\n<!-- \/ Yoast SEO plugin. -->","yoast_head_json":{"title":"Flexxidisc COMPACT Droite (poign\u00e9e polym\u00e8re) - Horse Dental Equipment","description":"Caract\u00e9ristiques :\n - Plus de l\u00e9g\u00e8ret\u00e9 pour une meilleure ergonomie\n - Une t\u00eate plus fine pour un acc\u00e8s facilit\u00e9 en fond de bouche\n - Un corps plus fin pour une meilleure visibilit\u00e9","robots":{"index":"index","follow":"follow","max-snippet":"max-snippet:-1","max-image-preview":"max-image-preview:large","max-video-preview":"max-video-preview:-1"},"canonical":"https:\/\/www.horse-dental-equipment.com\/fr\/produit\/flexxidisc-compact-droite-poignee-polymere\/","og_locale":"fr_FR","og_type":"article","og_title":"COMPACT Flexxidisc Straight (polymer handle) - Horse Dental Equipment","og_description":"Characteristics: More lightness for better handling and ergonomics \/ Thinner head for easier access in the back of the mouth ...","og_url":"https:\/\/www.horse-dental-equipment.com\/fr\/produit\/flexxidisc-compact-droite-poignee-polymere\/","og_site_name":"Horse Dental Equipment","article_modified_time":"2026-04-01T12:59:48+00:00","og_image":[{"width":800,"height":619,"url":"https:\/\/www.horse-dental-equipment.com\/wp-content\/uploads\/2022\/04\/FRA_PFCDD.png","type":"image\/png"}],"twitter_card":"summary_large_image","twitter_misc":{"Dur\u00e9e de lecture estim\u00e9e":"1 minute"},"schema":{"@context":"https:\/\/schema.org","@graph":[{"@type":"WebPage","@id":"https:\/\/www.horse-dental-equipment.com\/product\/compact-flexxidisc-straight-polymer-handle\/","url":"https:\/\/www.horse-dental-equipment.com\/product\/compact-flexxidisc-straight-polymer-handle\/","name":"Flexxidisc COMPACT Droite (poign\u00e9e polym\u00e8re) - Horse Dental Equipment","isPartOf":{"@id":"https:\/\/www.horse-dental-equipment.com\/#website"},"primaryImageOfPage":{"@id":"https:\/\/www.horse-dental-equipment.com\/product\/compact-flexxidisc-straight-polymer-handle\/#primaryimage"},"image":{"@id":"https:\/\/www.horse-dental-equipment.com\/product\/compact-flexxidisc-straight-polymer-handle\/#primaryimage"},"thumbnailUrl":"https:\/\/www.horse-dental-equipment.com\/wp-content\/uploads\/2022\/04\/FRA_PFCDD.png","datePublished":"2022-04-01T14:33:13+00:00","dateModified":"2026-04-01T12:59:48+00:00","description":"Caract\u00e9ristiques :\n - Plus de l\u00e9g\u00e8ret\u00e9 pour une meilleure ergonomie\n - Une t\u00eate plus fine pour un acc\u00e8s facilit\u00e9 en fond de bouche\n - Un corps plus fin pour une meilleure visibilit\u00e9","breadcrumb":{"@id":"https:\/\/www.horse-dental-equipment.com\/product\/compact-flexxidisc-straight-polymer-handle\/#breadcrumb"},"inLanguage":"fr-FR","potentialAction":[{"@type":"ReadAction","target":["https:\/\/www.horse-dental-equipment.com\/product\/compact-flexxidisc-straight-polymer-handle\/"]}]},{"@type":"ImageObject","inLanguage":"fr-FR","@id":"https:\/\/www.horse-dental-equipment.com\/product\/compact-flexxidisc-straight-polymer-handle\/#primaryimage","url":"https:\/\/www.horse-dental-equipment.com\/wp-content\/uploads\/2022\/04\/FRA_PFCDD.png","contentUrl":"https:\/\/www.horse-dental-equipment.com\/wp-content\/uploads\/2022\/04\/FRA_PFCDD.png","width":800,"height":619,"caption":"COMPACT Flexxidisc Straight (polymer handle)"},{"@type":"BreadcrumbList","@id":"https:\/\/www.horse-dental-equipment.com\/product\/compact-flexxidisc-straight-polymer-handle\/#breadcrumb","itemListElement":[{"@type":"ListItem","position":1,"name":"Home","item":"https:\/\/www.horse-dental-equipment.com\/"},{"@type":"ListItem","position":2,"name":"Products","item":"https:\/\/www.horse-dental-equipment.com\/fr\/produits\/"},{"@type":"ListItem","position":3,"name":"COMPACT Flexxidisc Straight (polymer handle)"}]},{"@type":"WebSite","@id":"https:\/\/www.horse-dental-equipment.com\/#website","url":"https:\/\/www.horse-dental-equipment.com\/","name":"Horse Dental Equipment","description":"Your partner to develop your equine dentistry business","potentialAction":[{"@type":"SearchAction","target":{"@type":"EntryPoint","urlTemplate":"https:\/\/www.horse-dental-equipment.com\/?s={search_term_string}"},"query-input":{"@type":"PropertyValueSpecification","valueRequired":true,"valueName":"search_term_string"}}],"inLanguage":"fr-FR"}]}},"_links":{"self":[{"href":"https:\/\/www.horse-dental-equipment.com\/fr\/wp-json\/wp\/v2\/product\/8942","targetHints":{"allow":["GET"]}}],"collection":[{"href":"https:\/\/www.horse-dental-equipment.com\/fr\/wp-json\/wp\/v2\/product"}],"about":[{"href":"https:\/\/www.horse-dental-equipment.com\/fr\/wp-json\/wp\/v2\/types\/product"}],"replies":[{"embeddable":true,"href":"https:\/\/www.horse-dental-equipment.com\/fr\/wp-json\/wp\/v2\/comments?post=8942"}],"wp:featuredmedia":[{"embeddable":true,"href":"https:\/\/www.horse-dental-equipment.com\/fr\/wp-json\/wp\/v2\/media\/8951"}],"wp:attachment":[{"href":"https:\/\/www.horse-dental-equipment.com\/fr\/wp-json\/wp\/v2\/media?parent=8942"}],"wp:term":[{"taxonomy":"product_brand","embeddable":true,"href":"https:\/\/www.horse-dental-equipment.com\/fr\/wp-json\/wp\/v2\/product_brand?post=8942"},{"taxonomy":"product_cat","embeddable":true,"href":"https:\/\/www.horse-dental-equipment.com\/fr\/wp-json\/wp\/v2\/product_cat?post=8942"},{"taxonomy":"product_tag","embeddable":true,"href":"https:\/\/www.horse-dental-equipment.com\/fr\/wp-json\/wp\/v2\/product_tag?post=8942"}],"curies":[{"name":"wp","href":"https:\/\/api.w.org\/{rel}","templated":true}]}}