{"id":8504,"date":"2021-12-09T12:18:26","date_gmt":"2021-12-09T11:18:26","guid":{"rendered":"http:\/\/www.horse-dental-equipment.com\/?post_type=product&#038;p=8504"},"modified":"2026-04-01T15:01:07","modified_gmt":"2026-04-01T13:01:07","slug":"compact-fraise-reverse-disc","status":"publish","type":"product","link":"https:\/\/www.horse-dental-equipment.com\/fr\/produit\/compact-fraise-reverse-disc\/","title":{"rendered":"COMPACT - Fraise Reverse Disc"},"content":{"rendered":"<p>La Reverse Disc est un mod\u00e8le de fraise d\u00e9pos\u00e9 qu'HDE a d\u00e9velopp\u00e9 en partenariat avec le Dr. Rob Pascoe.<\/p>\n<p>Elle permet de parfaitement positionner la surface de travail de l'instrument m\u00eame dans les espaces buccaux les plus \u00e9troits, notamment en partie caudale, permettant ainsi de parfaitement traiter les surdents qui sont une cause habituelle des traumatismes buccaux et ulc\u00e9rations.<\/p>\n<p>La Reverse Disc permet d'\u00e9viter certaines difficult\u00e9s que l'on pourrait rencontrer avec des fraises bobines, en particulier lorsqu'elles sont utilis\u00e9es dans cette partie de la bouche. Dans ce cas, elle va permettre de traiter naturellement les parties les plus pro\u00e9minentes des dents.<\/p>\n<p>La Reverse Disc est compatible uniquement avec les fraises Polyfloat COMPACT.<\/p>","protected":false},"excerpt":{"rendered":"<p>The Reverse Disc which design has been registered is a burr that HDE developed in collaboration with Dr. Rob Pascoe. The Reverse Disc allows the working surface of the instrument to be positioned in even the smallest buccal spaces particularly in the caudal oral cavity to effectively address sharp points which are a common cause [&hellip;]<\/p>\n","protected":false},"featured_media":8537,"comment_status":"closed","ping_status":"closed","template":"","meta":{"_acf_changed":false},"product_brand":[],"product_cat":[81,82],"product_tag":[],"class_list":{"0":"post-8504","1":"product","2":"type-product","3":"status-publish","4":"has-post-thumbnail","6":"product_cat-individual-motorized-instruments","7":"product_cat-polyfloat-polyfloat-burrs","9":"first","10":"instock","11":"shipping-taxable","12":"purchasable","13":"product-type-simple"},"acf":[],"yoast_head":"<!-- This site is optimized with the Yoast SEO plugin v27.4 - https:\/\/yoast.com\/product\/yoast-seo-wordpress\/ -->\n<title>COMPACT - Reverse Disc 15\u00b0 \u00d836 - Horse Dental Equipment<\/title>\n<meta name=\"description\" content=\"The Reverse Disc which design has been registered is a burr that HDE developed in collaboration with Dr. Rob Pascoe. The Reverse Disc allows the ...\" \/>\n<meta name=\"robots\" content=\"index, follow, max-snippet:-1, max-image-preview:large, max-video-preview:-1\" \/>\n<link rel=\"canonical\" href=\"https:\/\/www.horse-dental-equipment.com\/fr\/produit\/compact-fraise-reverse-disc\/\" \/>\n<meta property=\"og:locale\" content=\"fr_FR\" \/>\n<meta property=\"og:type\" content=\"article\" \/>\n<meta property=\"og:title\" content=\"COMPACT - Reverse Disc 15\u00b0 \u00d836 - Horse Dental Equipment\" \/>\n<meta property=\"og:description\" content=\"The Reverse Disc which design has been registered is a burr that HDE developed in collaboration with Dr. Rob Pascoe. The Reverse Disc allows the ...\" \/>\n<meta property=\"og:url\" content=\"https:\/\/www.horse-dental-equipment.com\/fr\/produit\/compact-fraise-reverse-disc\/\" \/>\n<meta property=\"og:site_name\" content=\"Horse Dental Equipment\" \/>\n<meta property=\"article:modified_time\" content=\"2026-04-01T13:01:07+00:00\" \/>\n<meta property=\"og:image\" content=\"https:\/\/www.horse-dental-equipment.com\/wp-content\/uploads\/2021\/12\/FRA_BD15D36FC.png\" \/>\n\t<meta property=\"og:image:width\" content=\"800\" \/>\n\t<meta property=\"og:image:height\" content=\"619\" \/>\n\t<meta property=\"og:image:type\" content=\"image\/png\" \/>\n<meta name=\"twitter:card\" content=\"summary_large_image\" \/>\n<meta name=\"twitter:label1\" content=\"Dur\u00e9e de lecture estim\u00e9e\" \/>\n\t<meta name=\"twitter:data1\" content=\"1 minute\" \/>\n<script type=\"application\/ld+json\" class=\"yoast-schema-graph\">{\"@context\":\"https:\\\/\\\/schema.org\",\"@graph\":[{\"@type\":\"WebPage\",\"@id\":\"https:\\\/\\\/www.horse-dental-equipment.com\\\/product\\\/compact-reverse-disc-15-o36\\\/\",\"url\":\"https:\\\/\\\/www.horse-dental-equipment.com\\\/product\\\/compact-reverse-disc-15-o36\\\/\",\"name\":\"COMPACT - Reverse Disc 15\u00b0 \u00d836 - Horse Dental Equipment\",\"isPartOf\":{\"@id\":\"https:\\\/\\\/www.horse-dental-equipment.com\\\/#website\"},\"primaryImageOfPage\":{\"@id\":\"https:\\\/\\\/www.horse-dental-equipment.com\\\/product\\\/compact-reverse-disc-15-o36\\\/#primaryimage\"},\"image\":{\"@id\":\"https:\\\/\\\/www.horse-dental-equipment.com\\\/product\\\/compact-reverse-disc-15-o36\\\/#primaryimage\"},\"thumbnailUrl\":\"https:\\\/\\\/www.horse-dental-equipment.com\\\/wp-content\\\/uploads\\\/2021\\\/12\\\/FRA_BD15D36FC.png\",\"datePublished\":\"2021-12-09T11:18:26+00:00\",\"dateModified\":\"2026-04-01T13:01:07+00:00\",\"description\":\"The Reverse Disc which design has been registered is a burr that HDE developed in collaboration with Dr. Rob Pascoe. The Reverse Disc allows the ...\",\"breadcrumb\":{\"@id\":\"https:\\\/\\\/www.horse-dental-equipment.com\\\/product\\\/compact-reverse-disc-15-o36\\\/#breadcrumb\"},\"inLanguage\":\"fr-FR\",\"potentialAction\":[{\"@type\":\"ReadAction\",\"target\":[\"https:\\\/\\\/www.horse-dental-equipment.com\\\/product\\\/compact-reverse-disc-15-o36\\\/\"]}]},{\"@type\":\"ImageObject\",\"inLanguage\":\"fr-FR\",\"@id\":\"https:\\\/\\\/www.horse-dental-equipment.com\\\/product\\\/compact-reverse-disc-15-o36\\\/#primaryimage\",\"url\":\"https:\\\/\\\/www.horse-dental-equipment.com\\\/wp-content\\\/uploads\\\/2021\\\/12\\\/FRA_BD15D36FC.png\",\"contentUrl\":\"https:\\\/\\\/www.horse-dental-equipment.com\\\/wp-content\\\/uploads\\\/2021\\\/12\\\/FRA_BD15D36FC.png\",\"width\":800,\"height\":619,\"caption\":\"COMPACT - Reverse Disc 15\u00b0 \u00d836\"},{\"@type\":\"BreadcrumbList\",\"@id\":\"https:\\\/\\\/www.horse-dental-equipment.com\\\/product\\\/compact-reverse-disc-15-o36\\\/#breadcrumb\",\"itemListElement\":[{\"@type\":\"ListItem\",\"position\":1,\"name\":\"Home\",\"item\":\"https:\\\/\\\/www.horse-dental-equipment.com\\\/\"},{\"@type\":\"ListItem\",\"position\":2,\"name\":\"Products\",\"item\":\"https:\\\/\\\/www.horse-dental-equipment.com\\\/fr\\\/produits\\\/\"},{\"@type\":\"ListItem\",\"position\":3,\"name\":\"COMPACT &#8211; Reverse Disc 15\u00b0 \u00d836\"}]},{\"@type\":\"WebSite\",\"@id\":\"https:\\\/\\\/www.horse-dental-equipment.com\\\/#website\",\"url\":\"https:\\\/\\\/www.horse-dental-equipment.com\\\/\",\"name\":\"Horse Dental Equipment\",\"description\":\"Your partner to develop your equine dentistry business\",\"potentialAction\":[{\"@type\":\"SearchAction\",\"target\":{\"@type\":\"EntryPoint\",\"urlTemplate\":\"https:\\\/\\\/www.horse-dental-equipment.com\\\/?s={search_term_string}\"},\"query-input\":{\"@type\":\"PropertyValueSpecification\",\"valueRequired\":true,\"valueName\":\"search_term_string\"}}],\"inLanguage\":\"fr-FR\"}]}<\/script>\n<!-- \/ Yoast SEO plugin. -->","yoast_head_json":{"title":"COMPACT - Fraise Reverse Disc - Horse Dental Equipment","description":"La Reverse Disc est un mod\u00e8le de fraise d\u00e9pos\u00e9 qu'HDE a d\u00e9velopp\u00e9 en partenariat avec le Dr. Rob Pascoe.","robots":{"index":"index","follow":"follow","max-snippet":"max-snippet:-1","max-image-preview":"max-image-preview:large","max-video-preview":"max-video-preview:-1"},"canonical":"https:\/\/www.horse-dental-equipment.com\/fr\/produit\/compact-fraise-reverse-disc\/","og_locale":"fr_FR","og_type":"article","og_title":"COMPACT - Reverse Disc 15\u00b0 \u00d836 - Horse Dental Equipment","og_description":"The Reverse Disc which design has been registered is a burr that HDE developed in collaboration with Dr. Rob Pascoe. The Reverse Disc allows the ...","og_url":"https:\/\/www.horse-dental-equipment.com\/fr\/produit\/compact-fraise-reverse-disc\/","og_site_name":"Horse Dental Equipment","article_modified_time":"2026-04-01T13:01:07+00:00","og_image":[{"width":800,"height":619,"url":"https:\/\/www.horse-dental-equipment.com\/wp-content\/uploads\/2021\/12\/FRA_BD15D36FC.png","type":"image\/png"}],"twitter_card":"summary_large_image","twitter_misc":{"Dur\u00e9e de lecture estim\u00e9e":"1 minute"},"schema":{"@context":"https:\/\/schema.org","@graph":[{"@type":"WebPage","@id":"https:\/\/www.horse-dental-equipment.com\/product\/compact-reverse-disc-15-o36\/","url":"https:\/\/www.horse-dental-equipment.com\/product\/compact-reverse-disc-15-o36\/","name":"COMPACT - Fraise Reverse Disc - Horse Dental Equipment","isPartOf":{"@id":"https:\/\/www.horse-dental-equipment.com\/#website"},"primaryImageOfPage":{"@id":"https:\/\/www.horse-dental-equipment.com\/product\/compact-reverse-disc-15-o36\/#primaryimage"},"image":{"@id":"https:\/\/www.horse-dental-equipment.com\/product\/compact-reverse-disc-15-o36\/#primaryimage"},"thumbnailUrl":"https:\/\/www.horse-dental-equipment.com\/wp-content\/uploads\/2021\/12\/FRA_BD15D36FC.png","datePublished":"2021-12-09T11:18:26+00:00","dateModified":"2026-04-01T13:01:07+00:00","description":"La Reverse Disc est un mod\u00e8le de fraise d\u00e9pos\u00e9 qu'HDE a d\u00e9velopp\u00e9 en partenariat avec le Dr. Rob Pascoe.","breadcrumb":{"@id":"https:\/\/www.horse-dental-equipment.com\/product\/compact-reverse-disc-15-o36\/#breadcrumb"},"inLanguage":"fr-FR","potentialAction":[{"@type":"ReadAction","target":["https:\/\/www.horse-dental-equipment.com\/product\/compact-reverse-disc-15-o36\/"]}]},{"@type":"ImageObject","inLanguage":"fr-FR","@id":"https:\/\/www.horse-dental-equipment.com\/product\/compact-reverse-disc-15-o36\/#primaryimage","url":"https:\/\/www.horse-dental-equipment.com\/wp-content\/uploads\/2021\/12\/FRA_BD15D36FC.png","contentUrl":"https:\/\/www.horse-dental-equipment.com\/wp-content\/uploads\/2021\/12\/FRA_BD15D36FC.png","width":800,"height":619,"caption":"COMPACT - Reverse Disc 15\u00b0 \u00d836"},{"@type":"BreadcrumbList","@id":"https:\/\/www.horse-dental-equipment.com\/product\/compact-reverse-disc-15-o36\/#breadcrumb","itemListElement":[{"@type":"ListItem","position":1,"name":"Home","item":"https:\/\/www.horse-dental-equipment.com\/"},{"@type":"ListItem","position":2,"name":"Products","item":"https:\/\/www.horse-dental-equipment.com\/fr\/produits\/"},{"@type":"ListItem","position":3,"name":"COMPACT &#8211; Reverse Disc 15\u00b0 \u00d836"}]},{"@type":"WebSite","@id":"https:\/\/www.horse-dental-equipment.com\/#website","url":"https:\/\/www.horse-dental-equipment.com\/","name":"Horse Dental Equipment","description":"Your partner to develop your equine dentistry business","potentialAction":[{"@type":"SearchAction","target":{"@type":"EntryPoint","urlTemplate":"https:\/\/www.horse-dental-equipment.com\/?s={search_term_string}"},"query-input":{"@type":"PropertyValueSpecification","valueRequired":true,"valueName":"search_term_string"}}],"inLanguage":"fr-FR"}]}},"_links":{"self":[{"href":"https:\/\/www.horse-dental-equipment.com\/fr\/wp-json\/wp\/v2\/product\/8504","targetHints":{"allow":["GET"]}}],"collection":[{"href":"https:\/\/www.horse-dental-equipment.com\/fr\/wp-json\/wp\/v2\/product"}],"about":[{"href":"https:\/\/www.horse-dental-equipment.com\/fr\/wp-json\/wp\/v2\/types\/product"}],"replies":[{"embeddable":true,"href":"https:\/\/www.horse-dental-equipment.com\/fr\/wp-json\/wp\/v2\/comments?post=8504"}],"wp:featuredmedia":[{"embeddable":true,"href":"https:\/\/www.horse-dental-equipment.com\/fr\/wp-json\/wp\/v2\/media\/8537"}],"wp:attachment":[{"href":"https:\/\/www.horse-dental-equipment.com\/fr\/wp-json\/wp\/v2\/media?parent=8504"}],"wp:term":[{"taxonomy":"product_brand","embeddable":true,"href":"https:\/\/www.horse-dental-equipment.com\/fr\/wp-json\/wp\/v2\/product_brand?post=8504"},{"taxonomy":"product_cat","embeddable":true,"href":"https:\/\/www.horse-dental-equipment.com\/fr\/wp-json\/wp\/v2\/product_cat?post=8504"},{"taxonomy":"product_tag","embeddable":true,"href":"https:\/\/www.horse-dental-equipment.com\/fr\/wp-json\/wp\/v2\/product_tag?post=8504"}],"curies":[{"name":"wp","href":"https:\/\/api.w.org\/{rel}","templated":true}]}}