{"id":8499,"date":"2021-12-09T12:17:12","date_gmt":"2021-12-09T11:17:12","guid":{"rendered":"http:\/\/www.horse-dental-equipment.com\/?post_type=product&#038;p=8499"},"modified":"2026-04-17T14:20:29","modified_gmt":"2026-04-17T12:20:29","slug":"polyfloat-compact-droite-poignee-inox-sans-bobine","status":"publish","type":"product","link":"https:\/\/www.horse-dental-equipment.com\/fr\/produit\/polyfloat-compact-droite-poignee-inox-sans-bobine\/","title":{"rendered":"Polyfloat COMPACT Droite (poign\u00e9e inox - sans bobine)"},"content":{"rendered":"<p>Caract\u00e9ristiques :<\/p>\n<ul>\n<li>Plus de l\u00e9g\u00e8ret\u00e9 pour une meilleure ergonomie<\/li>\n<li>Une t\u00eate plus fine pour un acc\u00e8s facilit\u00e9 en fond de bouche<\/li>\n<li>Un corps plus fin pour une meilleure visibilit\u00e9<\/li>\n<\/ul>\n<p>&nbsp;<\/p>\n<p>Choisissez parmi 2 manches Compact faciles d'entretien :<\/p>\n<ul>\n<li>Polyfloat COMPACT droite - Poign\u00e9e inox (FRA_FCPD) : 623 g<\/li>\n<li>Polyfloat COMPACT droite - Poign\u00e9e polym\u00e8re (FRA_PFCPD) : 487 g<\/li>\n<\/ul>\n<p><iframe title=\"vimeo-player\" src=\"https:\/\/player.vimeo.com\/video\/942285669?h=22f09af1ce\" width=\"640\" height=\"360\" frameborder=\"0\" allowfullscreen=\"allowfullscreen\"><\/iframe><\/p>\n<p>How to use the HDE Polyfloat handpiece? &#8211; Dr Carolyn Perkins &#8211; HDE Vet Ambassador<\/p>","protected":false},"excerpt":{"rendered":"<p>Characteristics: More lightness for better handling and ergonomics Thinner head for easier access in the back of the mouth Thinner body for better visibility &nbsp; Choose between 2 easy-to-clean Compact handles: COMPACT Polyfloat straight &#8211; Stainless steel handle (FRA_FCPD): 623 g COMPACT Polyfloat straight &#8211; Polymer handle (FRA_PFCPD): 487 g How to use the HDE [&hellip;]<\/p>\n","protected":false},"featured_media":8527,"comment_status":"closed","ping_status":"closed","template":"","meta":{"_acf_changed":false},"product_brand":[],"product_cat":[81,82],"product_tag":[],"class_list":{"0":"post-8499","1":"product","2":"type-product","3":"status-publish","4":"has-post-thumbnail","6":"product_cat-individual-motorized-instruments","7":"product_cat-polyfloat-polyfloat-burrs","9":"first","10":"instock","11":"shipping-taxable","12":"purchasable","13":"product-type-simple"},"acf":[],"yoast_head":"<!-- This site is optimized with the Yoast SEO plugin v27.4 - https:\/\/yoast.com\/product\/yoast-seo-wordpress\/ -->\n<title>COMPACT Polyfloat Straight (stainless steel handle - without burr) - Horse Dental Equipment<\/title>\n<meta name=\"description\" content=\"Characteristics: More lightness for better handling and ergonomics \/ Thinner head for easier access in the back of the mouth\" \/>\n<meta name=\"robots\" content=\"index, follow, max-snippet:-1, max-image-preview:large, max-video-preview:-1\" \/>\n<link rel=\"canonical\" href=\"https:\/\/www.horse-dental-equipment.com\/fr\/produit\/polyfloat-compact-droite-poignee-inox-sans-bobine\/\" \/>\n<meta property=\"og:locale\" content=\"fr_FR\" \/>\n<meta property=\"og:type\" content=\"article\" \/>\n<meta property=\"og:title\" content=\"COMPACT Polyfloat Straight (stainless steel handle - without burr) - Horse Dental Equipment\" \/>\n<meta property=\"og:description\" content=\"Characteristics: More lightness for better handling and ergonomics \/ Thinner head for easier access in the back of the mouth\" \/>\n<meta property=\"og:url\" content=\"https:\/\/www.horse-dental-equipment.com\/fr\/produit\/polyfloat-compact-droite-poignee-inox-sans-bobine\/\" \/>\n<meta property=\"og:site_name\" content=\"Horse Dental Equipment\" \/>\n<meta property=\"article:modified_time\" content=\"2026-04-17T12:20:29+00:00\" \/>\n<meta property=\"og:image\" content=\"https:\/\/www.horse-dental-equipment.com\/wp-content\/uploads\/2021\/12\/FRA_FCPD.png\" \/>\n\t<meta property=\"og:image:width\" content=\"800\" \/>\n\t<meta property=\"og:image:height\" content=\"619\" \/>\n\t<meta property=\"og:image:type\" content=\"image\/png\" \/>\n<meta name=\"twitter:card\" content=\"summary_large_image\" \/>\n<meta name=\"twitter:label1\" content=\"Dur\u00e9e de lecture estim\u00e9e\" \/>\n\t<meta name=\"twitter:data1\" content=\"1 minute\" \/>\n<script type=\"application\/ld+json\" class=\"yoast-schema-graph\">{\"@context\":\"https:\\\/\\\/schema.org\",\"@graph\":[{\"@type\":\"WebPage\",\"@id\":\"https:\\\/\\\/www.horse-dental-equipment.com\\\/product\\\/compact-polyfloat-straight-stainless-steel-handle-without-burr\\\/\",\"url\":\"https:\\\/\\\/www.horse-dental-equipment.com\\\/product\\\/compact-polyfloat-straight-stainless-steel-handle-without-burr\\\/\",\"name\":\"COMPACT Polyfloat Straight (stainless steel handle - without burr) - Horse Dental Equipment\",\"isPartOf\":{\"@id\":\"https:\\\/\\\/www.horse-dental-equipment.com\\\/#website\"},\"primaryImageOfPage\":{\"@id\":\"https:\\\/\\\/www.horse-dental-equipment.com\\\/product\\\/compact-polyfloat-straight-stainless-steel-handle-without-burr\\\/#primaryimage\"},\"image\":{\"@id\":\"https:\\\/\\\/www.horse-dental-equipment.com\\\/product\\\/compact-polyfloat-straight-stainless-steel-handle-without-burr\\\/#primaryimage\"},\"thumbnailUrl\":\"https:\\\/\\\/www.horse-dental-equipment.com\\\/wp-content\\\/uploads\\\/2021\\\/12\\\/FRA_FCPD.png\",\"datePublished\":\"2021-12-09T11:17:12+00:00\",\"dateModified\":\"2026-04-17T12:20:29+00:00\",\"description\":\"Characteristics: More lightness for better handling and ergonomics \\\/ Thinner head for easier access in the back of the mouth\",\"breadcrumb\":{\"@id\":\"https:\\\/\\\/www.horse-dental-equipment.com\\\/product\\\/compact-polyfloat-straight-stainless-steel-handle-without-burr\\\/#breadcrumb\"},\"inLanguage\":\"fr-FR\",\"potentialAction\":[{\"@type\":\"ReadAction\",\"target\":[\"https:\\\/\\\/www.horse-dental-equipment.com\\\/product\\\/compact-polyfloat-straight-stainless-steel-handle-without-burr\\\/\"]}]},{\"@type\":\"ImageObject\",\"inLanguage\":\"fr-FR\",\"@id\":\"https:\\\/\\\/www.horse-dental-equipment.com\\\/product\\\/compact-polyfloat-straight-stainless-steel-handle-without-burr\\\/#primaryimage\",\"url\":\"https:\\\/\\\/www.horse-dental-equipment.com\\\/wp-content\\\/uploads\\\/2021\\\/12\\\/FRA_FCPD.png\",\"contentUrl\":\"https:\\\/\\\/www.horse-dental-equipment.com\\\/wp-content\\\/uploads\\\/2021\\\/12\\\/FRA_FCPD.png\",\"width\":800,\"height\":619,\"caption\":\"COMPACT Polyfloat Straight (stainless steel handle - without burr)\"},{\"@type\":\"BreadcrumbList\",\"@id\":\"https:\\\/\\\/www.horse-dental-equipment.com\\\/product\\\/compact-polyfloat-straight-stainless-steel-handle-without-burr\\\/#breadcrumb\",\"itemListElement\":[{\"@type\":\"ListItem\",\"position\":1,\"name\":\"Home\",\"item\":\"https:\\\/\\\/www.horse-dental-equipment.com\\\/\"},{\"@type\":\"ListItem\",\"position\":2,\"name\":\"Products\",\"item\":\"https:\\\/\\\/www.horse-dental-equipment.com\\\/fr\\\/produits\\\/\"},{\"@type\":\"ListItem\",\"position\":3,\"name\":\"COMPACT Polyfloat Straight (stainless steel handle &#8211; without burr)\"}]},{\"@type\":\"WebSite\",\"@id\":\"https:\\\/\\\/www.horse-dental-equipment.com\\\/#website\",\"url\":\"https:\\\/\\\/www.horse-dental-equipment.com\\\/\",\"name\":\"Horse Dental Equipment\",\"description\":\"Your partner to develop your equine dentistry business\",\"potentialAction\":[{\"@type\":\"SearchAction\",\"target\":{\"@type\":\"EntryPoint\",\"urlTemplate\":\"https:\\\/\\\/www.horse-dental-equipment.com\\\/?s={search_term_string}\"},\"query-input\":{\"@type\":\"PropertyValueSpecification\",\"valueRequired\":true,\"valueName\":\"search_term_string\"}}],\"inLanguage\":\"fr-FR\"}]}<\/script>\n<!-- \/ Yoast SEO plugin. -->","yoast_head_json":{"title":"Polyfloat COMPACT Droite (poign\u00e9e inox - sans bobine) - Horse Dental Equipment","description":"Caract\u00e9ristiques :\n - Plus de l\u00e9g\u00e8ret\u00e9 pour une meilleure ergonomie\n - Une t\u00eate plus fine pour un acc\u00e8s facilit\u00e9 en fond de bouche\n - Un corps plus fin pour une meilleure visibilit\u00e9","robots":{"index":"index","follow":"follow","max-snippet":"max-snippet:-1","max-image-preview":"max-image-preview:large","max-video-preview":"max-video-preview:-1"},"canonical":"https:\/\/www.horse-dental-equipment.com\/fr\/produit\/polyfloat-compact-droite-poignee-inox-sans-bobine\/","og_locale":"fr_FR","og_type":"article","og_title":"COMPACT Polyfloat Straight (stainless steel handle - without burr) - Horse Dental Equipment","og_description":"Characteristics: More lightness for better handling and ergonomics \/ Thinner head for easier access in the back of the mouth","og_url":"https:\/\/www.horse-dental-equipment.com\/fr\/produit\/polyfloat-compact-droite-poignee-inox-sans-bobine\/","og_site_name":"Horse Dental Equipment","article_modified_time":"2026-04-17T12:20:29+00:00","og_image":[{"width":800,"height":619,"url":"https:\/\/www.horse-dental-equipment.com\/wp-content\/uploads\/2021\/12\/FRA_FCPD.png","type":"image\/png"}],"twitter_card":"summary_large_image","twitter_misc":{"Dur\u00e9e de lecture estim\u00e9e":"1 minute"},"schema":{"@context":"https:\/\/schema.org","@graph":[{"@type":"WebPage","@id":"https:\/\/www.horse-dental-equipment.com\/product\/compact-polyfloat-straight-stainless-steel-handle-without-burr\/","url":"https:\/\/www.horse-dental-equipment.com\/product\/compact-polyfloat-straight-stainless-steel-handle-without-burr\/","name":"Polyfloat COMPACT Droite (poign\u00e9e inox - sans bobine) - Horse Dental Equipment","isPartOf":{"@id":"https:\/\/www.horse-dental-equipment.com\/#website"},"primaryImageOfPage":{"@id":"https:\/\/www.horse-dental-equipment.com\/product\/compact-polyfloat-straight-stainless-steel-handle-without-burr\/#primaryimage"},"image":{"@id":"https:\/\/www.horse-dental-equipment.com\/product\/compact-polyfloat-straight-stainless-steel-handle-without-burr\/#primaryimage"},"thumbnailUrl":"https:\/\/www.horse-dental-equipment.com\/wp-content\/uploads\/2021\/12\/FRA_FCPD.png","datePublished":"2021-12-09T11:17:12+00:00","dateModified":"2026-04-17T12:20:29+00:00","description":"Caract\u00e9ristiques :\n - Plus de l\u00e9g\u00e8ret\u00e9 pour une meilleure ergonomie\n - Une t\u00eate plus fine pour un acc\u00e8s facilit\u00e9 en fond de bouche\n - Un corps plus fin pour une meilleure visibilit\u00e9","breadcrumb":{"@id":"https:\/\/www.horse-dental-equipment.com\/product\/compact-polyfloat-straight-stainless-steel-handle-without-burr\/#breadcrumb"},"inLanguage":"fr-FR","potentialAction":[{"@type":"ReadAction","target":["https:\/\/www.horse-dental-equipment.com\/product\/compact-polyfloat-straight-stainless-steel-handle-without-burr\/"]}]},{"@type":"ImageObject","inLanguage":"fr-FR","@id":"https:\/\/www.horse-dental-equipment.com\/product\/compact-polyfloat-straight-stainless-steel-handle-without-burr\/#primaryimage","url":"https:\/\/www.horse-dental-equipment.com\/wp-content\/uploads\/2021\/12\/FRA_FCPD.png","contentUrl":"https:\/\/www.horse-dental-equipment.com\/wp-content\/uploads\/2021\/12\/FRA_FCPD.png","width":800,"height":619,"caption":"COMPACT Polyfloat Straight (stainless steel handle - without burr)"},{"@type":"BreadcrumbList","@id":"https:\/\/www.horse-dental-equipment.com\/product\/compact-polyfloat-straight-stainless-steel-handle-without-burr\/#breadcrumb","itemListElement":[{"@type":"ListItem","position":1,"name":"Home","item":"https:\/\/www.horse-dental-equipment.com\/"},{"@type":"ListItem","position":2,"name":"Products","item":"https:\/\/www.horse-dental-equipment.com\/fr\/produits\/"},{"@type":"ListItem","position":3,"name":"COMPACT Polyfloat Straight (stainless steel handle &#8211; without burr)"}]},{"@type":"WebSite","@id":"https:\/\/www.horse-dental-equipment.com\/#website","url":"https:\/\/www.horse-dental-equipment.com\/","name":"Horse Dental Equipment","description":"Your partner to develop your equine dentistry business","potentialAction":[{"@type":"SearchAction","target":{"@type":"EntryPoint","urlTemplate":"https:\/\/www.horse-dental-equipment.com\/?s={search_term_string}"},"query-input":{"@type":"PropertyValueSpecification","valueRequired":true,"valueName":"search_term_string"}}],"inLanguage":"fr-FR"}]}},"_links":{"self":[{"href":"https:\/\/www.horse-dental-equipment.com\/fr\/wp-json\/wp\/v2\/product\/8499","targetHints":{"allow":["GET"]}}],"collection":[{"href":"https:\/\/www.horse-dental-equipment.com\/fr\/wp-json\/wp\/v2\/product"}],"about":[{"href":"https:\/\/www.horse-dental-equipment.com\/fr\/wp-json\/wp\/v2\/types\/product"}],"replies":[{"embeddable":true,"href":"https:\/\/www.horse-dental-equipment.com\/fr\/wp-json\/wp\/v2\/comments?post=8499"}],"wp:featuredmedia":[{"embeddable":true,"href":"https:\/\/www.horse-dental-equipment.com\/fr\/wp-json\/wp\/v2\/media\/8527"}],"wp:attachment":[{"href":"https:\/\/www.horse-dental-equipment.com\/fr\/wp-json\/wp\/v2\/media?parent=8499"}],"wp:term":[{"taxonomy":"product_brand","embeddable":true,"href":"https:\/\/www.horse-dental-equipment.com\/fr\/wp-json\/wp\/v2\/product_brand?post=8499"},{"taxonomy":"product_cat","embeddable":true,"href":"https:\/\/www.horse-dental-equipment.com\/fr\/wp-json\/wp\/v2\/product_cat?post=8499"},{"taxonomy":"product_tag","embeddable":true,"href":"https:\/\/www.horse-dental-equipment.com\/fr\/wp-json\/wp\/v2\/product_tag?post=8499"}],"curies":[{"name":"wp","href":"https:\/\/api.w.org\/{rel}","templated":true}]}}