{"id":7434,"date":"2021-06-16T11:43:46","date_gmt":"2021-06-16T09:43:46","guid":{"rendered":"http:\/\/www.horse-dental-equipment.com\/?post_type=product&#038;p=7434"},"modified":"2025-06-20T15:58:54","modified_gmt":"2025-06-20T13:58:54","slug":"masque-alternatif","status":"publish","type":"product","link":"https:\/\/www.horse-dental-equipment.com\/fr\/produit\/masque-alternatif\/","title":{"rendered":"Masque Alternatif"},"content":{"rendered":"<ul>\n<li>Kit incluant un masque et 3 rouleaux de 70 feuilles pour 100 jours de filtration (filtre \u00e0 changer toutes les 3 heures d'utilisation)<\/li>\n<li>Qualit\u00e9 protection chirurgicale<\/li>\n<li>Lavable et r\u00e9utilisable \u00e0 volont\u00e9<\/li>\n<li>Haute performance de filtration :\n<ul>\n<li>3 \u00b5m - 99,6%<\/li>\n<li>1 \u00b5m - 99,3%<\/li>\n<\/ul>\n<\/li>\n<li>Etanch\u00e9it\u00e9 et ergonomie optimales<\/li>\n<\/ul>\n<p>Disponible jusqu'\u00e0 \u00e9puisement des stocks.<\/p>","protected":false},"excerpt":{"rendered":"<p>Kit including a mask and 3 rolls of 70 sheets for 100 days of filtration (change filter every 3 hours) Surgical quality protection Washable and reusable High performance filtration: 3 \u00b5m &#8211; 99.6% 1 \u00b5m &#8211; 99.3% Optimum tightness and ergonomy Available while stocks last.<\/p>","protected":false},"featured_media":7435,"comment_status":"closed","ping_status":"closed","template":"","meta":{"_acf_changed":false},"product_brand":[],"product_cat":[463],"product_tag":[],"class_list":{"0":"post-7434","1":"product","2":"type-product","3":"status-publish","4":"has-post-thumbnail","6":"product_cat-destocking","8":"first","9":"instock","10":"shipping-taxable","11":"product-type-simple"},"acf":[],"yoast_head":"<!-- This site is optimized with the Yoast SEO plugin v27.3 - https:\/\/yoast.com\/product\/yoast-seo-wordpress\/ -->\n<title>Premium Mask - Horse Dental Equipment<\/title>\n<meta name=\"description\" content=\"Kit including a mask and 3 rolls of 70 sheets for 100 days of filtration (change filter every 3 hours) \/ Surgical quality protection ...\" \/>\n<meta name=\"robots\" content=\"index, follow, max-snippet:-1, max-image-preview:large, max-video-preview:-1\" \/>\n<link rel=\"canonical\" href=\"https:\/\/www.horse-dental-equipment.com\/fr\/produit\/masque-alternatif\/\" \/>\n<meta property=\"og:locale\" content=\"fr_FR\" \/>\n<meta property=\"og:type\" content=\"article\" \/>\n<meta property=\"og:title\" content=\"Premium Mask - Horse Dental Equipment\" \/>\n<meta property=\"og:description\" content=\"Kit including a mask and 3 rolls of 70 sheets for 100 days of filtration (change filter every 3 hours) \/ Surgical quality protection ...\" \/>\n<meta property=\"og:url\" content=\"https:\/\/www.horse-dental-equipment.com\/fr\/produit\/masque-alternatif\/\" \/>\n<meta property=\"og:site_name\" content=\"Horse Dental Equipment\" \/>\n<meta property=\"article:modified_time\" content=\"2025-06-20T13:58:54+00:00\" \/>\n<meta property=\"og:image\" content=\"https:\/\/www.horse-dental-equipment.com\/wp-content\/uploads\/2021\/05\/ACC_KHM.png\" \/>\n\t<meta property=\"og:image:width\" content=\"800\" \/>\n\t<meta property=\"og:image:height\" content=\"619\" \/>\n\t<meta property=\"og:image:type\" content=\"image\/png\" \/>\n<meta name=\"twitter:card\" content=\"summary_large_image\" \/>\n<meta name=\"twitter:label1\" content=\"Dur\u00e9e de lecture estim\u00e9e\" \/>\n\t<meta name=\"twitter:data1\" content=\"1 minute\" \/>\n<script type=\"application\/ld+json\" class=\"yoast-schema-graph\">{\"@context\":\"https:\\\/\\\/schema.org\",\"@graph\":[{\"@type\":\"WebPage\",\"@id\":\"https:\\\/\\\/www.horse-dental-equipment.com\\\/product\\\/premium-mask\\\/\",\"url\":\"https:\\\/\\\/www.horse-dental-equipment.com\\\/product\\\/premium-mask\\\/\",\"name\":\"Premium Mask - Horse Dental Equipment\",\"isPartOf\":{\"@id\":\"https:\\\/\\\/www.horse-dental-equipment.com\\\/#website\"},\"primaryImageOfPage\":{\"@id\":\"https:\\\/\\\/www.horse-dental-equipment.com\\\/product\\\/premium-mask\\\/#primaryimage\"},\"image\":{\"@id\":\"https:\\\/\\\/www.horse-dental-equipment.com\\\/product\\\/premium-mask\\\/#primaryimage\"},\"thumbnailUrl\":\"https:\\\/\\\/www.horse-dental-equipment.com\\\/wp-content\\\/uploads\\\/2021\\\/05\\\/ACC_KHM.png\",\"datePublished\":\"2021-06-16T09:43:46+00:00\",\"dateModified\":\"2025-06-20T13:58:54+00:00\",\"description\":\"Kit including a mask and 3 rolls of 70 sheets for 100 days of filtration (change filter every 3 hours) \\\/ Surgical quality protection ...\",\"breadcrumb\":{\"@id\":\"https:\\\/\\\/www.horse-dental-equipment.com\\\/product\\\/premium-mask\\\/#breadcrumb\"},\"inLanguage\":\"fr-FR\",\"potentialAction\":[{\"@type\":\"ReadAction\",\"target\":[\"https:\\\/\\\/www.horse-dental-equipment.com\\\/product\\\/premium-mask\\\/\"]}]},{\"@type\":\"ImageObject\",\"inLanguage\":\"fr-FR\",\"@id\":\"https:\\\/\\\/www.horse-dental-equipment.com\\\/product\\\/premium-mask\\\/#primaryimage\",\"url\":\"https:\\\/\\\/www.horse-dental-equipment.com\\\/wp-content\\\/uploads\\\/2021\\\/05\\\/ACC_KHM.png\",\"contentUrl\":\"https:\\\/\\\/www.horse-dental-equipment.com\\\/wp-content\\\/uploads\\\/2021\\\/05\\\/ACC_KHM.png\",\"width\":800,\"height\":619,\"caption\":\"Premium Mask\"},{\"@type\":\"BreadcrumbList\",\"@id\":\"https:\\\/\\\/www.horse-dental-equipment.com\\\/product\\\/premium-mask\\\/#breadcrumb\",\"itemListElement\":[{\"@type\":\"ListItem\",\"position\":1,\"name\":\"Home\",\"item\":\"https:\\\/\\\/www.horse-dental-equipment.com\\\/\"},{\"@type\":\"ListItem\",\"position\":2,\"name\":\"Products\",\"item\":\"https:\\\/\\\/www.horse-dental-equipment.com\\\/fr\\\/produits\\\/\"},{\"@type\":\"ListItem\",\"position\":3,\"name\":\"Premium Mask\"}]},{\"@type\":\"WebSite\",\"@id\":\"https:\\\/\\\/www.horse-dental-equipment.com\\\/#website\",\"url\":\"https:\\\/\\\/www.horse-dental-equipment.com\\\/\",\"name\":\"Horse Dental Equipment\",\"description\":\"Your partner to develop your equine dentistry business\",\"potentialAction\":[{\"@type\":\"SearchAction\",\"target\":{\"@type\":\"EntryPoint\",\"urlTemplate\":\"https:\\\/\\\/www.horse-dental-equipment.com\\\/?s={search_term_string}\"},\"query-input\":{\"@type\":\"PropertyValueSpecification\",\"valueRequired\":true,\"valueName\":\"search_term_string\"}}],\"inLanguage\":\"fr-FR\"}]}<\/script>\n<!-- \/ Yoast SEO plugin. -->","yoast_head_json":{"title":"Masque Alternatif - Horse Dental Equipment","description":"- Kit incluant un masque et 3 rouleaux de 70 feuilles pour 100 jours de filtration (filtre \u00e0 changer toutes les 3 heures d'utilisation)\n - Qualit\u00e9 protection chirurgicale\n...","robots":{"index":"index","follow":"follow","max-snippet":"max-snippet:-1","max-image-preview":"max-image-preview:large","max-video-preview":"max-video-preview:-1"},"canonical":"https:\/\/www.horse-dental-equipment.com\/fr\/produit\/masque-alternatif\/","og_locale":"fr_FR","og_type":"article","og_title":"Premium Mask - Horse Dental Equipment","og_description":"Kit including a mask and 3 rolls of 70 sheets for 100 days of filtration (change filter every 3 hours) \/ Surgical quality protection ...","og_url":"https:\/\/www.horse-dental-equipment.com\/fr\/produit\/masque-alternatif\/","og_site_name":"Horse Dental Equipment","article_modified_time":"2025-06-20T13:58:54+00:00","og_image":[{"width":800,"height":619,"url":"https:\/\/www.horse-dental-equipment.com\/wp-content\/uploads\/2021\/05\/ACC_KHM.png","type":"image\/png"}],"twitter_card":"summary_large_image","twitter_misc":{"Dur\u00e9e de lecture estim\u00e9e":"1 minute"},"schema":{"@context":"https:\/\/schema.org","@graph":[{"@type":"WebPage","@id":"https:\/\/www.horse-dental-equipment.com\/product\/premium-mask\/","url":"https:\/\/www.horse-dental-equipment.com\/product\/premium-mask\/","name":"Masque Alternatif - Horse Dental Equipment","isPartOf":{"@id":"https:\/\/www.horse-dental-equipment.com\/#website"},"primaryImageOfPage":{"@id":"https:\/\/www.horse-dental-equipment.com\/product\/premium-mask\/#primaryimage"},"image":{"@id":"https:\/\/www.horse-dental-equipment.com\/product\/premium-mask\/#primaryimage"},"thumbnailUrl":"https:\/\/www.horse-dental-equipment.com\/wp-content\/uploads\/2021\/05\/ACC_KHM.png","datePublished":"2021-06-16T09:43:46+00:00","dateModified":"2025-06-20T13:58:54+00:00","description":"- Kit incluant un masque et 3 rouleaux de 70 feuilles pour 100 jours de filtration (filtre \u00e0 changer toutes les 3 heures d'utilisation)\n - Qualit\u00e9 protection chirurgicale\n...","breadcrumb":{"@id":"https:\/\/www.horse-dental-equipment.com\/product\/premium-mask\/#breadcrumb"},"inLanguage":"fr-FR","potentialAction":[{"@type":"ReadAction","target":["https:\/\/www.horse-dental-equipment.com\/product\/premium-mask\/"]}]},{"@type":"ImageObject","inLanguage":"fr-FR","@id":"https:\/\/www.horse-dental-equipment.com\/product\/premium-mask\/#primaryimage","url":"https:\/\/www.horse-dental-equipment.com\/wp-content\/uploads\/2021\/05\/ACC_KHM.png","contentUrl":"https:\/\/www.horse-dental-equipment.com\/wp-content\/uploads\/2021\/05\/ACC_KHM.png","width":800,"height":619,"caption":"Premium Mask"},{"@type":"BreadcrumbList","@id":"https:\/\/www.horse-dental-equipment.com\/product\/premium-mask\/#breadcrumb","itemListElement":[{"@type":"ListItem","position":1,"name":"Home","item":"https:\/\/www.horse-dental-equipment.com\/"},{"@type":"ListItem","position":2,"name":"Products","item":"https:\/\/www.horse-dental-equipment.com\/fr\/produits\/"},{"@type":"ListItem","position":3,"name":"Premium Mask"}]},{"@type":"WebSite","@id":"https:\/\/www.horse-dental-equipment.com\/#website","url":"https:\/\/www.horse-dental-equipment.com\/","name":"Horse Dental Equipment","description":"Your partner to develop your equine dentistry business","potentialAction":[{"@type":"SearchAction","target":{"@type":"EntryPoint","urlTemplate":"https:\/\/www.horse-dental-equipment.com\/?s={search_term_string}"},"query-input":{"@type":"PropertyValueSpecification","valueRequired":true,"valueName":"search_term_string"}}],"inLanguage":"fr-FR"}]}},"_links":{"self":[{"href":"https:\/\/www.horse-dental-equipment.com\/fr\/wp-json\/wp\/v2\/product\/7434","targetHints":{"allow":["GET"]}}],"collection":[{"href":"https:\/\/www.horse-dental-equipment.com\/fr\/wp-json\/wp\/v2\/product"}],"about":[{"href":"https:\/\/www.horse-dental-equipment.com\/fr\/wp-json\/wp\/v2\/types\/product"}],"replies":[{"embeddable":true,"href":"https:\/\/www.horse-dental-equipment.com\/fr\/wp-json\/wp\/v2\/comments?post=7434"}],"wp:featuredmedia":[{"embeddable":true,"href":"https:\/\/www.horse-dental-equipment.com\/fr\/wp-json\/wp\/v2\/media\/7435"}],"wp:attachment":[{"href":"https:\/\/www.horse-dental-equipment.com\/fr\/wp-json\/wp\/v2\/media?parent=7434"}],"wp:term":[{"taxonomy":"product_brand","embeddable":true,"href":"https:\/\/www.horse-dental-equipment.com\/fr\/wp-json\/wp\/v2\/product_brand?post=7434"},{"taxonomy":"product_cat","embeddable":true,"href":"https:\/\/www.horse-dental-equipment.com\/fr\/wp-json\/wp\/v2\/product_cat?post=7434"},{"taxonomy":"product_tag","embeddable":true,"href":"https:\/\/www.horse-dental-equipment.com\/fr\/wp-json\/wp\/v2\/product_tag?post=7434"}],"curies":[{"name":"wp","href":"https:\/\/api.w.org\/{rel}","templated":true}]}}