{"id":7422,"date":"2021-05-19T16:03:39","date_gmt":"2021-05-19T14:03:39","guid":{"rendered":"http:\/\/www.horse-dental-equipment.com\/?post_type=product&#038;p=7422"},"modified":"2025-06-30T10:12:36","modified_gmt":"2025-06-30T08:12:36","slug":"pince-gouge-articulee-15","status":"publish","type":"product","link":"https:\/\/www.horse-dental-equipment.com\/fr\/produit\/pince-gouge-articulee-15\/","title":{"rendered":"Pince Gouge Articul\u00e9e 15\u00b0"},"content":{"rendered":"<p>Pince gouge articul\u00e9e pour l'extraction des dents de loup et fragments.<br \/>\n\u00c9galement tr\u00e8s utile pour l'\u00e9limination de la plaque dentaire des canines. Con\u00e7ue avec un ressort afin d'am\u00e9liorer l'ouverture et la fermeture du m\u00e9canisme.<\/p>\n<p>Choisissez entre la gouge articul\u00e9e 15\u00b0 et 30\u00b0.<\/p>","protected":false},"excerpt":{"rendered":"<p>Pince gouge articul\u00e9e pour l'extraction des dents de loup et fragments.\n\u00c9galement tr\u00e8s utile pour l'\u00e9limination de la plaque dentaire des canines. Con\u00e7ue avec un ressort afin d'am\u00e9liorer l'ouverture et la fermeture du m\u00e9canisme.\n\nChoisissez entre la gouge articul\u00e9e 15\u00b0 et 30\u00b0.<\/p>","protected":false},"featured_media":7423,"comment_status":"closed","ping_status":"closed","template":"","meta":{"_acf_changed":false},"product_brand":[],"product_cat":[79,80],"product_tag":[],"class_list":{"0":"post-7422","1":"product","2":"type-product","3":"status-publish","4":"has-post-thumbnail","6":"product_cat-stomatology","7":"product_cat-wolf-teeth-incisors-extraction","9":"first","10":"instock","11":"shipping-taxable","12":"purchasable","13":"product-type-simple"},"acf":[],"yoast_head":"<!-- This site is optimized with the Yoast SEO plugin v27.3 - https:\/\/yoast.com\/product\/yoast-seo-wordpress\/ -->\n<title>15\u00b0 Compound Rongeurs - Horse Dental Equipment<\/title>\n<meta name=\"description\" content=\"Stainless steel multi-function rongeurs for removing wolf teeth and fragment extractions. Also very helpful for removal of plaque from canine teeth.\" \/>\n<meta name=\"robots\" content=\"index, follow, max-snippet:-1, max-image-preview:large, max-video-preview:-1\" \/>\n<link rel=\"canonical\" href=\"https:\/\/www.horse-dental-equipment.com\/fr\/produit\/pince-gouge-articulee-15\/\" \/>\n<meta property=\"og:locale\" content=\"fr_FR\" \/>\n<meta property=\"og:type\" content=\"article\" \/>\n<meta property=\"og:title\" content=\"15\u00b0 Compound Rongeurs - Horse Dental Equipment\" \/>\n<meta property=\"og:description\" content=\"Stainless steel multi-function rongeurs for removing wolf teeth and fragment extractions. Also very helpful for removal of plaque from canine teeth.\" \/>\n<meta property=\"og:url\" content=\"https:\/\/www.horse-dental-equipment.com\/fr\/produit\/pince-gouge-articulee-15\/\" \/>\n<meta property=\"og:site_name\" content=\"Horse Dental Equipment\" \/>\n<meta property=\"article:modified_time\" content=\"2025-06-30T08:12:36+00:00\" \/>\n<meta property=\"og:image\" content=\"https:\/\/www.horse-dental-equipment.com\/wp-content\/uploads\/2021\/05\/STO_PGD15.png\" \/>\n\t<meta property=\"og:image:width\" content=\"800\" \/>\n\t<meta property=\"og:image:height\" content=\"619\" \/>\n\t<meta property=\"og:image:type\" content=\"image\/png\" \/>\n<meta name=\"twitter:card\" content=\"summary_large_image\" \/>\n<meta name=\"twitter:label1\" content=\"Dur\u00e9e de lecture estim\u00e9e\" \/>\n\t<meta name=\"twitter:data1\" content=\"1 minute\" \/>\n<script type=\"application\/ld+json\" class=\"yoast-schema-graph\">{\"@context\":\"https:\\\/\\\/schema.org\",\"@graph\":[{\"@type\":\"WebPage\",\"@id\":\"https:\\\/\\\/www.horse-dental-equipment.com\\\/product\\\/15-compound-rongeurs\\\/\",\"url\":\"https:\\\/\\\/www.horse-dental-equipment.com\\\/product\\\/15-compound-rongeurs\\\/\",\"name\":\"15\u00b0 Compound Rongeurs - Horse Dental Equipment\",\"isPartOf\":{\"@id\":\"https:\\\/\\\/www.horse-dental-equipment.com\\\/#website\"},\"primaryImageOfPage\":{\"@id\":\"https:\\\/\\\/www.horse-dental-equipment.com\\\/product\\\/15-compound-rongeurs\\\/#primaryimage\"},\"image\":{\"@id\":\"https:\\\/\\\/www.horse-dental-equipment.com\\\/product\\\/15-compound-rongeurs\\\/#primaryimage\"},\"thumbnailUrl\":\"https:\\\/\\\/www.horse-dental-equipment.com\\\/wp-content\\\/uploads\\\/2021\\\/05\\\/STO_PGD15.png\",\"datePublished\":\"2021-05-19T14:03:39+00:00\",\"dateModified\":\"2025-06-30T08:12:36+00:00\",\"description\":\"Stainless steel multi-function rongeurs for removing wolf teeth and fragment extractions. Also very helpful for removal of plaque from canine teeth.\",\"breadcrumb\":{\"@id\":\"https:\\\/\\\/www.horse-dental-equipment.com\\\/product\\\/15-compound-rongeurs\\\/#breadcrumb\"},\"inLanguage\":\"fr-FR\",\"potentialAction\":[{\"@type\":\"ReadAction\",\"target\":[\"https:\\\/\\\/www.horse-dental-equipment.com\\\/product\\\/15-compound-rongeurs\\\/\"]}]},{\"@type\":\"ImageObject\",\"inLanguage\":\"fr-FR\",\"@id\":\"https:\\\/\\\/www.horse-dental-equipment.com\\\/product\\\/15-compound-rongeurs\\\/#primaryimage\",\"url\":\"https:\\\/\\\/www.horse-dental-equipment.com\\\/wp-content\\\/uploads\\\/2021\\\/05\\\/STO_PGD15.png\",\"contentUrl\":\"https:\\\/\\\/www.horse-dental-equipment.com\\\/wp-content\\\/uploads\\\/2021\\\/05\\\/STO_PGD15.png\",\"width\":800,\"height\":619,\"caption\":\"15\u00b0 Compound Rongeurs\"},{\"@type\":\"BreadcrumbList\",\"@id\":\"https:\\\/\\\/www.horse-dental-equipment.com\\\/product\\\/15-compound-rongeurs\\\/#breadcrumb\",\"itemListElement\":[{\"@type\":\"ListItem\",\"position\":1,\"name\":\"Home\",\"item\":\"https:\\\/\\\/www.horse-dental-equipment.com\\\/\"},{\"@type\":\"ListItem\",\"position\":2,\"name\":\"Products\",\"item\":\"https:\\\/\\\/www.horse-dental-equipment.com\\\/fr\\\/produits\\\/\"},{\"@type\":\"ListItem\",\"position\":3,\"name\":\"15\u00b0 Compound Rongeurs\"}]},{\"@type\":\"WebSite\",\"@id\":\"https:\\\/\\\/www.horse-dental-equipment.com\\\/#website\",\"url\":\"https:\\\/\\\/www.horse-dental-equipment.com\\\/\",\"name\":\"Horse Dental Equipment\",\"description\":\"Your partner to develop your equine dentistry business\",\"potentialAction\":[{\"@type\":\"SearchAction\",\"target\":{\"@type\":\"EntryPoint\",\"urlTemplate\":\"https:\\\/\\\/www.horse-dental-equipment.com\\\/?s={search_term_string}\"},\"query-input\":{\"@type\":\"PropertyValueSpecification\",\"valueRequired\":true,\"valueName\":\"search_term_string\"}}],\"inLanguage\":\"fr-FR\"}]}<\/script>\n<!-- \/ Yoast SEO plugin. -->","yoast_head_json":{"title":"Pince Gouge Articul\u00e9e 15\u00b0 - Horse Dental Equipment","description":"Pince gouge articul\u00e9e pour l'extraction des dents de loup et fragments.\nEgalement tr\u00e8s utile pour l'\u00e9limination de la plaque dentaire des canines.","robots":{"index":"index","follow":"follow","max-snippet":"max-snippet:-1","max-image-preview":"max-image-preview:large","max-video-preview":"max-video-preview:-1"},"canonical":"https:\/\/www.horse-dental-equipment.com\/fr\/produit\/pince-gouge-articulee-15\/","og_locale":"fr_FR","og_type":"article","og_title":"15\u00b0 Compound Rongeurs - Horse Dental Equipment","og_description":"Stainless steel multi-function rongeurs for removing wolf teeth and fragment extractions. Also very helpful for removal of plaque from canine teeth.","og_url":"https:\/\/www.horse-dental-equipment.com\/fr\/produit\/pince-gouge-articulee-15\/","og_site_name":"Horse Dental Equipment","article_modified_time":"2025-06-30T08:12:36+00:00","og_image":[{"width":800,"height":619,"url":"https:\/\/www.horse-dental-equipment.com\/wp-content\/uploads\/2021\/05\/STO_PGD15.png","type":"image\/png"}],"twitter_card":"summary_large_image","twitter_misc":{"Dur\u00e9e de lecture estim\u00e9e":"1 minute"},"schema":{"@context":"https:\/\/schema.org","@graph":[{"@type":"WebPage","@id":"https:\/\/www.horse-dental-equipment.com\/product\/15-compound-rongeurs\/","url":"https:\/\/www.horse-dental-equipment.com\/product\/15-compound-rongeurs\/","name":"Pince Gouge Articul\u00e9e 15\u00b0 - Horse Dental Equipment","isPartOf":{"@id":"https:\/\/www.horse-dental-equipment.com\/#website"},"primaryImageOfPage":{"@id":"https:\/\/www.horse-dental-equipment.com\/product\/15-compound-rongeurs\/#primaryimage"},"image":{"@id":"https:\/\/www.horse-dental-equipment.com\/product\/15-compound-rongeurs\/#primaryimage"},"thumbnailUrl":"https:\/\/www.horse-dental-equipment.com\/wp-content\/uploads\/2021\/05\/STO_PGD15.png","datePublished":"2021-05-19T14:03:39+00:00","dateModified":"2025-06-30T08:12:36+00:00","description":"Pince gouge articul\u00e9e pour l'extraction des dents de loup et fragments.\nEgalement tr\u00e8s utile pour l'\u00e9limination de la plaque dentaire des canines.","breadcrumb":{"@id":"https:\/\/www.horse-dental-equipment.com\/product\/15-compound-rongeurs\/#breadcrumb"},"inLanguage":"fr-FR","potentialAction":[{"@type":"ReadAction","target":["https:\/\/www.horse-dental-equipment.com\/product\/15-compound-rongeurs\/"]}]},{"@type":"ImageObject","inLanguage":"fr-FR","@id":"https:\/\/www.horse-dental-equipment.com\/product\/15-compound-rongeurs\/#primaryimage","url":"https:\/\/www.horse-dental-equipment.com\/wp-content\/uploads\/2021\/05\/STO_PGD15.png","contentUrl":"https:\/\/www.horse-dental-equipment.com\/wp-content\/uploads\/2021\/05\/STO_PGD15.png","width":800,"height":619,"caption":"15\u00b0 Compound Rongeurs"},{"@type":"BreadcrumbList","@id":"https:\/\/www.horse-dental-equipment.com\/product\/15-compound-rongeurs\/#breadcrumb","itemListElement":[{"@type":"ListItem","position":1,"name":"Home","item":"https:\/\/www.horse-dental-equipment.com\/"},{"@type":"ListItem","position":2,"name":"Products","item":"https:\/\/www.horse-dental-equipment.com\/fr\/produits\/"},{"@type":"ListItem","position":3,"name":"15\u00b0 Compound Rongeurs"}]},{"@type":"WebSite","@id":"https:\/\/www.horse-dental-equipment.com\/#website","url":"https:\/\/www.horse-dental-equipment.com\/","name":"Horse Dental Equipment","description":"Your partner to develop your equine dentistry business","potentialAction":[{"@type":"SearchAction","target":{"@type":"EntryPoint","urlTemplate":"https:\/\/www.horse-dental-equipment.com\/?s={search_term_string}"},"query-input":{"@type":"PropertyValueSpecification","valueRequired":true,"valueName":"search_term_string"}}],"inLanguage":"fr-FR"}]}},"_links":{"self":[{"href":"https:\/\/www.horse-dental-equipment.com\/fr\/wp-json\/wp\/v2\/product\/7422","targetHints":{"allow":["GET"]}}],"collection":[{"href":"https:\/\/www.horse-dental-equipment.com\/fr\/wp-json\/wp\/v2\/product"}],"about":[{"href":"https:\/\/www.horse-dental-equipment.com\/fr\/wp-json\/wp\/v2\/types\/product"}],"replies":[{"embeddable":true,"href":"https:\/\/www.horse-dental-equipment.com\/fr\/wp-json\/wp\/v2\/comments?post=7422"}],"wp:featuredmedia":[{"embeddable":true,"href":"https:\/\/www.horse-dental-equipment.com\/fr\/wp-json\/wp\/v2\/media\/7423"}],"wp:attachment":[{"href":"https:\/\/www.horse-dental-equipment.com\/fr\/wp-json\/wp\/v2\/media?parent=7422"}],"wp:term":[{"taxonomy":"product_brand","embeddable":true,"href":"https:\/\/www.horse-dental-equipment.com\/fr\/wp-json\/wp\/v2\/product_brand?post=7422"},{"taxonomy":"product_cat","embeddable":true,"href":"https:\/\/www.horse-dental-equipment.com\/fr\/wp-json\/wp\/v2\/product_cat?post=7422"},{"taxonomy":"product_tag","embeddable":true,"href":"https:\/\/www.horse-dental-equipment.com\/fr\/wp-json\/wp\/v2\/product_tag?post=7422"}],"curies":[{"name":"wp","href":"https:\/\/api.w.org\/{rel}","templated":true}]}}