{"id":6900,"date":"2021-04-07T20:18:21","date_gmt":"2021-04-07T18:18:21","guid":{"rendered":"http:\/\/www.horse-dental-equipment.com\/?post_type=product&#038;p=6900"},"modified":"2025-06-30T09:53:08","modified_gmt":"2025-06-30T07:53:08","slug":"dentalscope-equin-set-base-moniteur-sans-fil","status":"publish","type":"product","link":"https:\/\/www.horse-dental-equipment.com\/fr\/produit\/dentalscope-equin-set-base-moniteur-sans-fil\/","title":{"rendered":"Dentalscope Equin - Set de Base + Moniteur sans Fil"},"content":{"rendered":"<p>Dentalscope avec moniteur sans fil de 10 pouces, carte micro-SD et mallette de stockage.<\/p>\n<p>&nbsp;<\/p>\n<hr \/>\n<p>&nbsp;<\/p>\n<p class=\"translation-block\">Les cam\u00e9ras dentaires sont de plus en plus utiles en dentisterie \u00e9quine.<br><br>\nElles permettent un examen plus approfondi de la cavit\u00e9 buccale et des arcades dentaires et permettent une meilleure d\u00e9tection des pathologies dentaires.<br><br><\/p>\n<p><strong>AVANTAGES POUR LE PRATICIEN :<\/strong><\/p>\n<ul>\n<li>Diagnostic clair et pr\u00e9cis<\/li>\n<li>Meilleur suivi du patient<\/li>\n<li>Forte valeur ajout\u00e9e et service suppl\u00e9mentaire pour vos patients<\/li>\n<li>D\u00e9veloppement de la compr\u00e9hension du propri\u00e9taire voyant clairement ce qui est d\u00e9montr\u00e9 gr\u00e2ce \u00e0 la cam\u00e9ra<\/li>\n<\/ul>\n<p><strong>CARACTERISTIQUES :<\/strong><\/p>\n<ul>\n<li>3 options de transmission : \u00e9cran de t\u00e9l\u00e9vision, connecteur USB (en option) pour t\u00e9l\u00e9phone \/ tablette \/ ordinateur, moniteur (en option)<\/li>\n<li>Disponible sur PC Windows 7, Windows 10, t\u00e9l\u00e9phones et tablettes Andro\u00efd<\/li>\n<li>Fichier image : .JPG<\/li>\n<li>Fichier vid\u00e9o : .AVI MPEG, ce format permet de couper et d'isoler les s\u00e9quences vid\u00e9o que vous souhaitez conserver<\/li>\n<li>692 mm de longueur totale<\/li>\n<li>Dimensions de la t\u00eate : largeur 17 mm x \u00e9paisseur 17,2 mm<\/li>\n<li>T\u00eate arrondie sur le dessus<\/li>\n<li>Acier inoxydable<\/li>\n<li>Poids : 360 g<\/li>\n<\/ul>\n<p><strong>AVANTAGES DU PRODUIT :<\/strong><\/p>\n<ul>\n<li>\"Plug &amp; Play\"<\/li>\n<li>L\u00e9ger et portatif<\/li>\n<li>Solidit\u00e9<\/li>\n<li>Options sans fil<\/li>\n<li>Images et vid\u00e9os qualitatives<\/li>\n<li>Autonomie d'une heure<\/li>\n<\/ul>\n<p>Disponible en version Britannique, Australienne et Etats-Unienne.<\/p>\n<p><iframe title=\"vimeo-player\" src=\"https:\/\/player.vimeo.com\/video\/524169800?h=468c1d439b\" width=\"640\" height=\"360\" frameborder=\"0\" allowfullscreen=\"allowfullscreen\"><\/iframe><\/p>\n<p><iframe title=\"vimeo-player\" src=\"https:\/\/player.vimeo.com\/video\/886492323?h=89123e3b3d\" width=\"640\" height=\"360\" frameborder=\"0\" allowfullscreen=\"allowfullscreen\"><\/iframe><\/p>","protected":false},"excerpt":{"rendered":"<p>Dentalscope with a 10&#8243; wireless monitor including recording system, micro-SD card and storage case. &nbsp; &nbsp; Equine dentalscopes are becoming increasingly useful in equine dentistry. They enable a more thorough examination of the oral cavity &amp; dental arcades and allow a better detection of dental pathologies. PRACTITIONER&#8217;S BENEFITS: Clear and precise diagnosis Better patient follow-up [&hellip;]<\/p>\n","protected":false},"featured_media":9270,"comment_status":"closed","ping_status":"closed","template":"","meta":{"_acf_changed":false},"product_brand":[],"product_cat":[225,205,226,93],"product_tag":[],"class_list":{"0":"post-6900","1":"product","2":"type-product","3":"status-publish","4":"has-post-thumbnail","6":"product_cat-accessories","7":"product_cat-diagnostic","8":"product_cat-equine-dentalscope","9":"product_cat-other-accessories","11":"first","12":"instock","13":"shipping-taxable","14":"purchasable","15":"product-type-simple"},"acf":[],"yoast_head":"<!-- This site is optimized with the Yoast SEO plugin v27.4 - https:\/\/yoast.com\/product\/yoast-seo-wordpress\/ -->\n<title>Equine Dentalscope - Starter Set + Wireless Monitor - Horse Dental Equipment<\/title>\n<meta name=\"description\" content=\"Dentalscope with a 10&quot; wireless monitor including recording system, micro-SD card and storage case, becoming more useful in equine dentistry.\" \/>\n<meta name=\"robots\" content=\"index, follow, max-snippet:-1, max-image-preview:large, max-video-preview:-1\" \/>\n<link rel=\"canonical\" href=\"https:\/\/www.horse-dental-equipment.com\/fr\/produit\/dentalscope-equin-set-base-moniteur-sans-fil\/\" \/>\n<meta property=\"og:locale\" content=\"fr_FR\" \/>\n<meta property=\"og:type\" content=\"article\" \/>\n<meta property=\"og:title\" content=\"Equine Dentalscope - Starter Set + Wireless Monitor - Horse Dental Equipment\" \/>\n<meta property=\"og:description\" content=\"Dentalscope with a 10&quot; wireless monitor including recording system, micro-SD card and storage case, becoming more useful in equine dentistry.\" \/>\n<meta property=\"og:url\" content=\"https:\/\/www.horse-dental-equipment.com\/fr\/produit\/dentalscope-equin-set-base-moniteur-sans-fil\/\" \/>\n<meta property=\"og:site_name\" content=\"Horse Dental Equipment\" \/>\n<meta property=\"article:modified_time\" content=\"2025-06-30T07:53:08+00:00\" \/>\n<meta property=\"og:image\" content=\"https:\/\/www.horse-dental-equipment.com\/wp-content\/uploads\/2021\/04\/ACC_CDM.jpg\" \/>\n\t<meta property=\"og:image:width\" content=\"800\" \/>\n\t<meta property=\"og:image:height\" content=\"619\" \/>\n\t<meta property=\"og:image:type\" content=\"image\/jpeg\" \/>\n<meta name=\"twitter:card\" content=\"summary_large_image\" \/>\n<meta name=\"twitter:label1\" content=\"Dur\u00e9e de lecture estim\u00e9e\" \/>\n\t<meta name=\"twitter:data1\" content=\"1 minute\" \/>\n<script type=\"application\/ld+json\" class=\"yoast-schema-graph\">{\"@context\":\"https:\\\/\\\/schema.org\",\"@graph\":[{\"@type\":\"WebPage\",\"@id\":\"https:\\\/\\\/www.horse-dental-equipment.com\\\/product\\\/equine-dentalscope-starter-set-wireless-monitor\\\/\",\"url\":\"https:\\\/\\\/www.horse-dental-equipment.com\\\/product\\\/equine-dentalscope-starter-set-wireless-monitor\\\/\",\"name\":\"Equine Dentalscope - Starter Set + Wireless Monitor - Horse Dental Equipment\",\"isPartOf\":{\"@id\":\"https:\\\/\\\/www.horse-dental-equipment.com\\\/#website\"},\"primaryImageOfPage\":{\"@id\":\"https:\\\/\\\/www.horse-dental-equipment.com\\\/product\\\/equine-dentalscope-starter-set-wireless-monitor\\\/#primaryimage\"},\"image\":{\"@id\":\"https:\\\/\\\/www.horse-dental-equipment.com\\\/product\\\/equine-dentalscope-starter-set-wireless-monitor\\\/#primaryimage\"},\"thumbnailUrl\":\"https:\\\/\\\/www.horse-dental-equipment.com\\\/wp-content\\\/uploads\\\/2021\\\/04\\\/ACC_CDM.jpg\",\"datePublished\":\"2021-04-07T18:18:21+00:00\",\"dateModified\":\"2025-06-30T07:53:08+00:00\",\"description\":\"Dentalscope with a 10\\\" wireless monitor including recording system, micro-SD card and storage case, becoming more useful in equine dentistry.\",\"breadcrumb\":{\"@id\":\"https:\\\/\\\/www.horse-dental-equipment.com\\\/product\\\/equine-dentalscope-starter-set-wireless-monitor\\\/#breadcrumb\"},\"inLanguage\":\"fr-FR\",\"potentialAction\":[{\"@type\":\"ReadAction\",\"target\":[\"https:\\\/\\\/www.horse-dental-equipment.com\\\/product\\\/equine-dentalscope-starter-set-wireless-monitor\\\/\"]}]},{\"@type\":\"ImageObject\",\"inLanguage\":\"fr-FR\",\"@id\":\"https:\\\/\\\/www.horse-dental-equipment.com\\\/product\\\/equine-dentalscope-starter-set-wireless-monitor\\\/#primaryimage\",\"url\":\"https:\\\/\\\/www.horse-dental-equipment.com\\\/wp-content\\\/uploads\\\/2021\\\/04\\\/ACC_CDM.jpg\",\"contentUrl\":\"https:\\\/\\\/www.horse-dental-equipment.com\\\/wp-content\\\/uploads\\\/2021\\\/04\\\/ACC_CDM.jpg\",\"width\":800,\"height\":619,\"caption\":\"Equine Dentalscope - Starter Set + Wireless Monitor\"},{\"@type\":\"BreadcrumbList\",\"@id\":\"https:\\\/\\\/www.horse-dental-equipment.com\\\/product\\\/equine-dentalscope-starter-set-wireless-monitor\\\/#breadcrumb\",\"itemListElement\":[{\"@type\":\"ListItem\",\"position\":1,\"name\":\"Home\",\"item\":\"https:\\\/\\\/www.horse-dental-equipment.com\\\/\"},{\"@type\":\"ListItem\",\"position\":2,\"name\":\"Products\",\"item\":\"https:\\\/\\\/www.horse-dental-equipment.com\\\/fr\\\/produits\\\/\"},{\"@type\":\"ListItem\",\"position\":3,\"name\":\"Equine Dentalscope &#8211; Starter Set + Wireless Monitor\"}]},{\"@type\":\"WebSite\",\"@id\":\"https:\\\/\\\/www.horse-dental-equipment.com\\\/#website\",\"url\":\"https:\\\/\\\/www.horse-dental-equipment.com\\\/\",\"name\":\"Horse Dental Equipment\",\"description\":\"Your partner to develop your equine dentistry business\",\"potentialAction\":[{\"@type\":\"SearchAction\",\"target\":{\"@type\":\"EntryPoint\",\"urlTemplate\":\"https:\\\/\\\/www.horse-dental-equipment.com\\\/?s={search_term_string}\"},\"query-input\":{\"@type\":\"PropertyValueSpecification\",\"valueRequired\":true,\"valueName\":\"search_term_string\"}}],\"inLanguage\":\"fr-FR\"}]}<\/script>\n<!-- \/ Yoast SEO plugin. -->","yoast_head_json":{"title":"Dentalscope Equin - Set de Base + Moniteur sans Fil - Horse Dental Equipment","description":"Dentalscope avec moniteur sans fil de 10 pouces, carte micro-SD et mallette de stockage. Les cam\u00e9ras dentaires sont de plus en plus utiles en dentisterie \u00e9quine.","robots":{"index":"index","follow":"follow","max-snippet":"max-snippet:-1","max-image-preview":"max-image-preview:large","max-video-preview":"max-video-preview:-1"},"canonical":"https:\/\/www.horse-dental-equipment.com\/fr\/produit\/dentalscope-equin-set-base-moniteur-sans-fil\/","og_locale":"fr_FR","og_type":"article","og_title":"Equine Dentalscope - Starter Set + Wireless Monitor - Horse Dental Equipment","og_description":"Dentalscope with a 10\" wireless monitor including recording system, micro-SD card and storage case, becoming more useful in equine dentistry.","og_url":"https:\/\/www.horse-dental-equipment.com\/fr\/produit\/dentalscope-equin-set-base-moniteur-sans-fil\/","og_site_name":"Horse Dental Equipment","article_modified_time":"2025-06-30T07:53:08+00:00","og_image":[{"width":800,"height":619,"url":"https:\/\/www.horse-dental-equipment.com\/wp-content\/uploads\/2021\/04\/ACC_CDM.jpg","type":"image\/jpeg"}],"twitter_card":"summary_large_image","twitter_misc":{"Dur\u00e9e de lecture estim\u00e9e":"1 minute"},"schema":{"@context":"https:\/\/schema.org","@graph":[{"@type":"WebPage","@id":"https:\/\/www.horse-dental-equipment.com\/product\/equine-dentalscope-starter-set-wireless-monitor\/","url":"https:\/\/www.horse-dental-equipment.com\/product\/equine-dentalscope-starter-set-wireless-monitor\/","name":"Dentalscope Equin - Set de Base + Moniteur sans Fil - Horse Dental Equipment","isPartOf":{"@id":"https:\/\/www.horse-dental-equipment.com\/#website"},"primaryImageOfPage":{"@id":"https:\/\/www.horse-dental-equipment.com\/product\/equine-dentalscope-starter-set-wireless-monitor\/#primaryimage"},"image":{"@id":"https:\/\/www.horse-dental-equipment.com\/product\/equine-dentalscope-starter-set-wireless-monitor\/#primaryimage"},"thumbnailUrl":"https:\/\/www.horse-dental-equipment.com\/wp-content\/uploads\/2021\/04\/ACC_CDM.jpg","datePublished":"2021-04-07T18:18:21+00:00","dateModified":"2025-06-30T07:53:08+00:00","description":"Dentalscope avec moniteur sans fil de 10 pouces, carte micro-SD et mallette de stockage. Les cam\u00e9ras dentaires sont de plus en plus utiles en dentisterie \u00e9quine.","breadcrumb":{"@id":"https:\/\/www.horse-dental-equipment.com\/product\/equine-dentalscope-starter-set-wireless-monitor\/#breadcrumb"},"inLanguage":"fr-FR","potentialAction":[{"@type":"ReadAction","target":["https:\/\/www.horse-dental-equipment.com\/product\/equine-dentalscope-starter-set-wireless-monitor\/"]}]},{"@type":"ImageObject","inLanguage":"fr-FR","@id":"https:\/\/www.horse-dental-equipment.com\/product\/equine-dentalscope-starter-set-wireless-monitor\/#primaryimage","url":"https:\/\/www.horse-dental-equipment.com\/wp-content\/uploads\/2021\/04\/ACC_CDM.jpg","contentUrl":"https:\/\/www.horse-dental-equipment.com\/wp-content\/uploads\/2021\/04\/ACC_CDM.jpg","width":800,"height":619,"caption":"Equine Dentalscope - Starter Set + Wireless Monitor"},{"@type":"BreadcrumbList","@id":"https:\/\/www.horse-dental-equipment.com\/product\/equine-dentalscope-starter-set-wireless-monitor\/#breadcrumb","itemListElement":[{"@type":"ListItem","position":1,"name":"Home","item":"https:\/\/www.horse-dental-equipment.com\/"},{"@type":"ListItem","position":2,"name":"Products","item":"https:\/\/www.horse-dental-equipment.com\/fr\/produits\/"},{"@type":"ListItem","position":3,"name":"Equine Dentalscope &#8211; Starter Set + Wireless Monitor"}]},{"@type":"WebSite","@id":"https:\/\/www.horse-dental-equipment.com\/#website","url":"https:\/\/www.horse-dental-equipment.com\/","name":"Horse Dental Equipment","description":"Your partner to develop your equine dentistry business","potentialAction":[{"@type":"SearchAction","target":{"@type":"EntryPoint","urlTemplate":"https:\/\/www.horse-dental-equipment.com\/?s={search_term_string}"},"query-input":{"@type":"PropertyValueSpecification","valueRequired":true,"valueName":"search_term_string"}}],"inLanguage":"fr-FR"}]}},"_links":{"self":[{"href":"https:\/\/www.horse-dental-equipment.com\/fr\/wp-json\/wp\/v2\/product\/6900","targetHints":{"allow":["GET"]}}],"collection":[{"href":"https:\/\/www.horse-dental-equipment.com\/fr\/wp-json\/wp\/v2\/product"}],"about":[{"href":"https:\/\/www.horse-dental-equipment.com\/fr\/wp-json\/wp\/v2\/types\/product"}],"replies":[{"embeddable":true,"href":"https:\/\/www.horse-dental-equipment.com\/fr\/wp-json\/wp\/v2\/comments?post=6900"}],"wp:featuredmedia":[{"embeddable":true,"href":"https:\/\/www.horse-dental-equipment.com\/fr\/wp-json\/wp\/v2\/media\/9270"}],"wp:attachment":[{"href":"https:\/\/www.horse-dental-equipment.com\/fr\/wp-json\/wp\/v2\/media?parent=6900"}],"wp:term":[{"taxonomy":"product_brand","embeddable":true,"href":"https:\/\/www.horse-dental-equipment.com\/fr\/wp-json\/wp\/v2\/product_brand?post=6900"},{"taxonomy":"product_cat","embeddable":true,"href":"https:\/\/www.horse-dental-equipment.com\/fr\/wp-json\/wp\/v2\/product_cat?post=6900"},{"taxonomy":"product_tag","embeddable":true,"href":"https:\/\/www.horse-dental-equipment.com\/fr\/wp-json\/wp\/v2\/product_tag?post=6900"}],"curies":[{"name":"wp","href":"https:\/\/api.w.org\/{rel}","templated":true}]}}