{"id":6804,"date":"2021-04-06T15:53:28","date_gmt":"2021-04-06T13:53:28","guid":{"rendered":"http:\/\/www.horse-dental-equipment.com\/?post_type=product&#038;p=6804"},"modified":"2026-04-01T16:12:38","modified_gmt":"2026-04-01T14:12:38","slug":"fulcrum","status":"publish","type":"product","link":"https:\/\/www.horse-dental-equipment.com\/fr\/produit\/fulcrum\/","title":{"rendered":"Fulcrum"},"content":{"rendered":"<p>Gr\u00e2ce \u00e0 ce fulcrum invers\u00e9, il n'y a pas besoin de fulcrum suppl\u00e9mentaire.\nIl peut \u00eatre utilis\u00e9 \u00e0 la fois sur la m\u00e2choire sup\u00e9rieure et inf\u00e9rieure.<br \/>\nIl est particuli\u00e8rement adapt\u00e9 \u00e0 l'extraction des molaires 06 et 07.<br \/>\nIl s'av\u00e8re \u00e9galement extr\u00eamement pr\u00e9cieux pour l'extraction des molaires inf\u00e9rieures 09 et 10 en raison de leurs racines courbes.<\/p>\n<p>Pour plus d'informations sur les instruments d'extraction Pegasos, vous pouvez <a href=\"http:\/\/www.horse-dental-equipment.com\/wp-content\/uploads\/2022\/01\/Pegasos-extraction-leaflet.pdf\">t\u00e9l\u00e9charger notre brochure<\/a>.<\/p>","protected":false},"excerpt":{"rendered":"<p>Thanks to this Reverse Fulcrum Extension there is no extra Reverse Fulcrum Forceps needed. This system works both for lower and upper cheek teeth. It is especially recommended for 06 and 07s. It can be a quite helpful approach for lower 09 and 10 as well due to the curved nature of these teeth. For [&hellip;]<\/p>\n","protected":false},"featured_media":8989,"comment_status":"closed","ping_status":"closed","template":"","meta":{"_acf_changed":false},"product_brand":[],"product_cat":[15,111],"product_tag":[],"class_list":{"0":"post-6804","1":"product","2":"type-product","3":"status-publish","4":"has-post-thumbnail","6":"product_cat-pegasos","7":"product_cat-pegasos-stomatology","9":"first","10":"instock","11":"shipping-taxable","12":"purchasable","13":"product-type-simple"},"acf":[],"yoast_head":"<!-- This site is optimized with the Yoast SEO plugin v27.3 - https:\/\/yoast.com\/product\/yoast-seo-wordpress\/ -->\n<title>Reverse Fulcrum Extension (fits Molar Forceps No. 1 and No. 2) - Horse Dental Equipment<\/title>\n<meta name=\"description\" content=\"Thanks to this Reverse Fulcrum Extension there is no extra Reverse Fulcrum Forceps needed. This system works both for lower and upper cheek teeth.\" \/>\n<meta name=\"robots\" content=\"index, follow, max-snippet:-1, max-image-preview:large, max-video-preview:-1\" \/>\n<link rel=\"canonical\" href=\"https:\/\/www.horse-dental-equipment.com\/fr\/produit\/fulcrum\/\" \/>\n<meta property=\"og:locale\" content=\"fr_FR\" \/>\n<meta property=\"og:type\" content=\"article\" \/>\n<meta property=\"og:title\" content=\"Reverse Fulcrum Extension (fits Molar Forceps No. 1 and No. 2) - Horse Dental Equipment\" \/>\n<meta property=\"og:description\" content=\"Thanks to this Reverse Fulcrum Extension there is no extra Reverse Fulcrum Forceps needed. This system works both for lower and upper cheek teeth.\" \/>\n<meta property=\"og:url\" content=\"https:\/\/www.horse-dental-equipment.com\/fr\/produit\/fulcrum\/\" \/>\n<meta property=\"og:site_name\" content=\"Horse Dental Equipment\" \/>\n<meta property=\"article:modified_time\" content=\"2026-04-01T14:12:38+00:00\" \/>\n<meta property=\"og:image\" content=\"https:\/\/www.horse-dental-equipment.com\/wp-content\/uploads\/2021\/04\/PEGA_321010-V2.png\" \/>\n\t<meta property=\"og:image:width\" content=\"800\" \/>\n\t<meta property=\"og:image:height\" content=\"619\" \/>\n\t<meta property=\"og:image:type\" content=\"image\/png\" \/>\n<meta name=\"twitter:card\" content=\"summary_large_image\" \/>\n<meta name=\"twitter:label1\" content=\"Dur\u00e9e de lecture estim\u00e9e\" \/>\n\t<meta name=\"twitter:data1\" content=\"1 minute\" \/>\n<script type=\"application\/ld+json\" class=\"yoast-schema-graph\">{\"@context\":\"https:\\\/\\\/schema.org\",\"@graph\":[{\"@type\":\"WebPage\",\"@id\":\"https:\\\/\\\/www.horse-dental-equipment.com\\\/product\\\/reverse-fulcrum-extension-fits-molar-forceps-no-1-no-2\\\/\",\"url\":\"https:\\\/\\\/www.horse-dental-equipment.com\\\/product\\\/reverse-fulcrum-extension-fits-molar-forceps-no-1-no-2\\\/\",\"name\":\"Reverse Fulcrum Extension (fits Molar Forceps No. 1 and No. 2) - Horse Dental Equipment\",\"isPartOf\":{\"@id\":\"https:\\\/\\\/www.horse-dental-equipment.com\\\/#website\"},\"primaryImageOfPage\":{\"@id\":\"https:\\\/\\\/www.horse-dental-equipment.com\\\/product\\\/reverse-fulcrum-extension-fits-molar-forceps-no-1-no-2\\\/#primaryimage\"},\"image\":{\"@id\":\"https:\\\/\\\/www.horse-dental-equipment.com\\\/product\\\/reverse-fulcrum-extension-fits-molar-forceps-no-1-no-2\\\/#primaryimage\"},\"thumbnailUrl\":\"https:\\\/\\\/www.horse-dental-equipment.com\\\/wp-content\\\/uploads\\\/2021\\\/04\\\/PEGA_321010-V2.png\",\"datePublished\":\"2021-04-06T13:53:28+00:00\",\"dateModified\":\"2026-04-01T14:12:38+00:00\",\"description\":\"Thanks to this Reverse Fulcrum Extension there is no extra Reverse Fulcrum Forceps needed. This system works both for lower and upper cheek teeth.\",\"breadcrumb\":{\"@id\":\"https:\\\/\\\/www.horse-dental-equipment.com\\\/product\\\/reverse-fulcrum-extension-fits-molar-forceps-no-1-no-2\\\/#breadcrumb\"},\"inLanguage\":\"fr-FR\",\"potentialAction\":[{\"@type\":\"ReadAction\",\"target\":[\"https:\\\/\\\/www.horse-dental-equipment.com\\\/product\\\/reverse-fulcrum-extension-fits-molar-forceps-no-1-no-2\\\/\"]}]},{\"@type\":\"ImageObject\",\"inLanguage\":\"fr-FR\",\"@id\":\"https:\\\/\\\/www.horse-dental-equipment.com\\\/product\\\/reverse-fulcrum-extension-fits-molar-forceps-no-1-no-2\\\/#primaryimage\",\"url\":\"https:\\\/\\\/www.horse-dental-equipment.com\\\/wp-content\\\/uploads\\\/2021\\\/04\\\/PEGA_321010-V2.png\",\"contentUrl\":\"https:\\\/\\\/www.horse-dental-equipment.com\\\/wp-content\\\/uploads\\\/2021\\\/04\\\/PEGA_321010-V2.png\",\"width\":800,\"height\":619,\"caption\":\"Reverse Fulcrum Extension (fits molar forceps No. 1 and No. 2)\"},{\"@type\":\"BreadcrumbList\",\"@id\":\"https:\\\/\\\/www.horse-dental-equipment.com\\\/product\\\/reverse-fulcrum-extension-fits-molar-forceps-no-1-no-2\\\/#breadcrumb\",\"itemListElement\":[{\"@type\":\"ListItem\",\"position\":1,\"name\":\"Home\",\"item\":\"https:\\\/\\\/www.horse-dental-equipment.com\\\/\"},{\"@type\":\"ListItem\",\"position\":2,\"name\":\"Products\",\"item\":\"https:\\\/\\\/www.horse-dental-equipment.com\\\/fr\\\/produits\\\/\"},{\"@type\":\"ListItem\",\"position\":3,\"name\":\"Reverse Fulcrum Extension (fits Molar Forceps No. 1 and No. 2)\"}]},{\"@type\":\"WebSite\",\"@id\":\"https:\\\/\\\/www.horse-dental-equipment.com\\\/#website\",\"url\":\"https:\\\/\\\/www.horse-dental-equipment.com\\\/\",\"name\":\"Horse Dental Equipment\",\"description\":\"Your partner to develop your equine dentistry business\",\"potentialAction\":[{\"@type\":\"SearchAction\",\"target\":{\"@type\":\"EntryPoint\",\"urlTemplate\":\"https:\\\/\\\/www.horse-dental-equipment.com\\\/?s={search_term_string}\"},\"query-input\":{\"@type\":\"PropertyValueSpecification\",\"valueRequired\":true,\"valueName\":\"search_term_string\"}}],\"inLanguage\":\"fr-FR\"}]}<\/script>\n<!-- \/ Yoast SEO plugin. -->","yoast_head_json":{"title":"Fulcrum - Horse Dental Equipment","description":"Gr\u00e2ce \u00e0 ce fulcrum invers\u00e9, il n'y a pas besoin de fulcrum suppl\u00e9mentaire. Il peut \u00eatre utilis\u00e9 \u00e0 la fois sur la m\u00e2choire sup\u00e9rieure et inf\u00e9rieure.","robots":{"index":"index","follow":"follow","max-snippet":"max-snippet:-1","max-image-preview":"max-image-preview:large","max-video-preview":"max-video-preview:-1"},"canonical":"https:\/\/www.horse-dental-equipment.com\/fr\/produit\/fulcrum\/","og_locale":"fr_FR","og_type":"article","og_title":"Reverse Fulcrum Extension (fits Molar Forceps No. 1 and No. 2) - Horse Dental Equipment","og_description":"Thanks to this Reverse Fulcrum Extension there is no extra Reverse Fulcrum Forceps needed. This system works both for lower and upper cheek teeth.","og_url":"https:\/\/www.horse-dental-equipment.com\/fr\/produit\/fulcrum\/","og_site_name":"Horse Dental Equipment","article_modified_time":"2026-04-01T14:12:38+00:00","og_image":[{"width":800,"height":619,"url":"https:\/\/www.horse-dental-equipment.com\/wp-content\/uploads\/2021\/04\/PEGA_321010-V2.png","type":"image\/png"}],"twitter_card":"summary_large_image","twitter_misc":{"Dur\u00e9e de lecture estim\u00e9e":"1 minute"},"schema":{"@context":"https:\/\/schema.org","@graph":[{"@type":"WebPage","@id":"https:\/\/www.horse-dental-equipment.com\/product\/reverse-fulcrum-extension-fits-molar-forceps-no-1-no-2\/","url":"https:\/\/www.horse-dental-equipment.com\/product\/reverse-fulcrum-extension-fits-molar-forceps-no-1-no-2\/","name":"Fulcrum - Horse Dental Equipment","isPartOf":{"@id":"https:\/\/www.horse-dental-equipment.com\/#website"},"primaryImageOfPage":{"@id":"https:\/\/www.horse-dental-equipment.com\/product\/reverse-fulcrum-extension-fits-molar-forceps-no-1-no-2\/#primaryimage"},"image":{"@id":"https:\/\/www.horse-dental-equipment.com\/product\/reverse-fulcrum-extension-fits-molar-forceps-no-1-no-2\/#primaryimage"},"thumbnailUrl":"https:\/\/www.horse-dental-equipment.com\/wp-content\/uploads\/2021\/04\/PEGA_321010-V2.png","datePublished":"2021-04-06T13:53:28+00:00","dateModified":"2026-04-01T14:12:38+00:00","description":"Gr\u00e2ce \u00e0 ce fulcrum invers\u00e9, il n'y a pas besoin de fulcrum suppl\u00e9mentaire. Il peut \u00eatre utilis\u00e9 \u00e0 la fois sur la m\u00e2choire sup\u00e9rieure et inf\u00e9rieure.","breadcrumb":{"@id":"https:\/\/www.horse-dental-equipment.com\/product\/reverse-fulcrum-extension-fits-molar-forceps-no-1-no-2\/#breadcrumb"},"inLanguage":"fr-FR","potentialAction":[{"@type":"ReadAction","target":["https:\/\/www.horse-dental-equipment.com\/product\/reverse-fulcrum-extension-fits-molar-forceps-no-1-no-2\/"]}]},{"@type":"ImageObject","inLanguage":"fr-FR","@id":"https:\/\/www.horse-dental-equipment.com\/product\/reverse-fulcrum-extension-fits-molar-forceps-no-1-no-2\/#primaryimage","url":"https:\/\/www.horse-dental-equipment.com\/wp-content\/uploads\/2021\/04\/PEGA_321010-V2.png","contentUrl":"https:\/\/www.horse-dental-equipment.com\/wp-content\/uploads\/2021\/04\/PEGA_321010-V2.png","width":800,"height":619,"caption":"Reverse Fulcrum Extension (fits molar forceps No. 1 and No. 2)"},{"@type":"BreadcrumbList","@id":"https:\/\/www.horse-dental-equipment.com\/product\/reverse-fulcrum-extension-fits-molar-forceps-no-1-no-2\/#breadcrumb","itemListElement":[{"@type":"ListItem","position":1,"name":"Home","item":"https:\/\/www.horse-dental-equipment.com\/"},{"@type":"ListItem","position":2,"name":"Products","item":"https:\/\/www.horse-dental-equipment.com\/fr\/produits\/"},{"@type":"ListItem","position":3,"name":"Reverse Fulcrum Extension (fits Molar Forceps No. 1 and No. 2)"}]},{"@type":"WebSite","@id":"https:\/\/www.horse-dental-equipment.com\/#website","url":"https:\/\/www.horse-dental-equipment.com\/","name":"Horse Dental Equipment","description":"Your partner to develop your equine dentistry business","potentialAction":[{"@type":"SearchAction","target":{"@type":"EntryPoint","urlTemplate":"https:\/\/www.horse-dental-equipment.com\/?s={search_term_string}"},"query-input":{"@type":"PropertyValueSpecification","valueRequired":true,"valueName":"search_term_string"}}],"inLanguage":"fr-FR"}]}},"_links":{"self":[{"href":"https:\/\/www.horse-dental-equipment.com\/fr\/wp-json\/wp\/v2\/product\/6804","targetHints":{"allow":["GET"]}}],"collection":[{"href":"https:\/\/www.horse-dental-equipment.com\/fr\/wp-json\/wp\/v2\/product"}],"about":[{"href":"https:\/\/www.horse-dental-equipment.com\/fr\/wp-json\/wp\/v2\/types\/product"}],"replies":[{"embeddable":true,"href":"https:\/\/www.horse-dental-equipment.com\/fr\/wp-json\/wp\/v2\/comments?post=6804"}],"wp:featuredmedia":[{"embeddable":true,"href":"https:\/\/www.horse-dental-equipment.com\/fr\/wp-json\/wp\/v2\/media\/8989"}],"wp:attachment":[{"href":"https:\/\/www.horse-dental-equipment.com\/fr\/wp-json\/wp\/v2\/media?parent=6804"}],"wp:term":[{"taxonomy":"product_brand","embeddable":true,"href":"https:\/\/www.horse-dental-equipment.com\/fr\/wp-json\/wp\/v2\/product_brand?post=6804"},{"taxonomy":"product_cat","embeddable":true,"href":"https:\/\/www.horse-dental-equipment.com\/fr\/wp-json\/wp\/v2\/product_cat?post=6804"},{"taxonomy":"product_tag","embeddable":true,"href":"https:\/\/www.horse-dental-equipment.com\/fr\/wp-json\/wp\/v2\/product_tag?post=6804"}],"curies":[{"name":"wp","href":"https:\/\/api.w.org\/{rel}","templated":true}]}}