{"id":6802,"date":"2021-04-06T15:51:31","date_gmt":"2021-04-06T13:51:31","guid":{"rendered":"http:\/\/www.horse-dental-equipment.com\/?post_type=product&#038;p=6802"},"modified":"2025-06-30T10:29:30","modified_gmt":"2025-06-30T08:29:30","slug":"davier-molaire-no-1","status":"publish","type":"product","link":"https:\/\/www.horse-dental-equipment.com\/fr\/produit\/davier-molaire-no-1\/","title":{"rendered":"Davier molaire n\u00b01"},"content":{"rendered":"<p>Le davier est utilis\u00e9 pour mobiliser la dent par des mouvements de rotation et d'inclinaison pour pouvoir l'extraire avec un fulcrum.<br \/>\nLe davier \u00e0 molaire n\u00b01 est particuli\u00e8rement utile pour l'extraction de molaires de la mandibulaire, mais peut \u00e9galement \u00eatre utilis\u00e9 pour la m\u00e2choire maxillaire.<\/p>\n<p>Les daviers tout comme les s\u00e9parateurs peuvent \u00eatre d\u00e9mont\u00e9s et combin\u00e9s en diff\u00e9rentes versions.<\/p>\n<p>Pour plus d'informations sur les instruments d'extraction Pegasos, vous pouvez <a href=\"http:\/\/www.horse-dental-equipment.com\/wp-content\/uploads\/2022\/01\/Pegasos-extraction-leaflet.pdf\">t\u00e9l\u00e9charger notre brochure<\/a>.<\/p>","protected":false},"excerpt":{"rendered":"<p>Extraction forceps are used to further loosen teeth with rotational and tilting movements and finally to extract the teeth in combination with a fulcrum. The extraction forceps No. 1 is particularly helpful for mandibular cheek teeth extractions but can also be used for the upper jaw. The extraction forceps can be disassembled and reassembled again [&hellip;]<\/p>\n","protected":false},"featured_media":6812,"comment_status":"closed","ping_status":"closed","template":"","meta":{"_acf_changed":false},"product_brand":[],"product_cat":[15,111],"product_tag":[],"class_list":{"0":"post-6802","1":"product","2":"type-product","3":"status-publish","4":"has-post-thumbnail","6":"product_cat-pegasos","7":"product_cat-pegasos-stomatology","9":"first","10":"instock","11":"shipping-taxable","12":"purchasable","13":"product-type-simple"},"acf":[],"yoast_head":"<!-- This site is optimized with the Yoast SEO plugin v27.3 - https:\/\/yoast.com\/product\/yoast-seo-wordpress\/ -->\n<title>Molar Forceps No. 1 \u2013 large - Horse Dental Equipment<\/title>\n<meta name=\"description\" content=\"Extraction forceps are used to further loosen teeth with rotational and tilting movements and finally to extract the teeth in combination with a fulcrum.\" \/>\n<meta name=\"robots\" content=\"index, follow, max-snippet:-1, max-image-preview:large, max-video-preview:-1\" \/>\n<link rel=\"canonical\" href=\"https:\/\/www.horse-dental-equipment.com\/fr\/produit\/davier-molaire-no-1\/\" \/>\n<meta property=\"og:locale\" content=\"fr_FR\" \/>\n<meta property=\"og:type\" content=\"article\" \/>\n<meta property=\"og:title\" content=\"Molar Forceps No. 1 \u2013 large - Horse Dental Equipment\" \/>\n<meta property=\"og:description\" content=\"Extraction forceps are used to further loosen teeth with rotational and tilting movements and finally to extract the teeth in combination with a fulcrum.\" \/>\n<meta property=\"og:url\" content=\"https:\/\/www.horse-dental-equipment.com\/fr\/produit\/davier-molaire-no-1\/\" \/>\n<meta property=\"og:site_name\" content=\"Horse Dental Equipment\" \/>\n<meta property=\"article:modified_time\" content=\"2025-06-30T08:29:30+00:00\" \/>\n<meta property=\"og:image\" content=\"https:\/\/www.horse-dental-equipment.com\/wp-content\/uploads\/2021\/04\/PEGA_321001-3.png\" \/>\n\t<meta property=\"og:image:width\" content=\"800\" \/>\n\t<meta property=\"og:image:height\" content=\"619\" \/>\n\t<meta property=\"og:image:type\" content=\"image\/png\" \/>\n<meta name=\"twitter:card\" content=\"summary_large_image\" \/>\n<meta name=\"twitter:label1\" content=\"Dur\u00e9e de lecture estim\u00e9e\" \/>\n\t<meta name=\"twitter:data1\" content=\"1 minute\" \/>\n<script type=\"application\/ld+json\" class=\"yoast-schema-graph\">{\"@context\":\"https:\\\/\\\/schema.org\",\"@graph\":[{\"@type\":\"WebPage\",\"@id\":\"https:\\\/\\\/www.horse-dental-equipment.com\\\/fr\\\/produit\\\/davier-molaire-no-1\\\/\",\"url\":\"https:\\\/\\\/www.horse-dental-equipment.com\\\/fr\\\/produit\\\/davier-molaire-no-1\\\/\",\"name\":\"Molar Forceps No. 1 \u2013 large - Horse Dental Equipment\",\"isPartOf\":{\"@id\":\"https:\\\/\\\/www.horse-dental-equipment.com\\\/#website\"},\"primaryImageOfPage\":{\"@id\":\"https:\\\/\\\/www.horse-dental-equipment.com\\\/fr\\\/produit\\\/davier-molaire-no-1\\\/#primaryimage\"},\"image\":{\"@id\":\"https:\\\/\\\/www.horse-dental-equipment.com\\\/fr\\\/produit\\\/davier-molaire-no-1\\\/#primaryimage\"},\"thumbnailUrl\":\"https:\\\/\\\/www.horse-dental-equipment.com\\\/wp-content\\\/uploads\\\/2021\\\/04\\\/PEGA_321001-3.png\",\"datePublished\":\"2021-04-06T13:51:31+00:00\",\"dateModified\":\"2025-06-30T08:29:30+00:00\",\"description\":\"Extraction forceps are used to further loosen teeth with rotational and tilting movements and finally to extract the teeth in combination with a fulcrum.\",\"breadcrumb\":{\"@id\":\"https:\\\/\\\/www.horse-dental-equipment.com\\\/fr\\\/produit\\\/davier-molaire-no-1\\\/#breadcrumb\"},\"inLanguage\":\"fr-FR\",\"potentialAction\":[{\"@type\":\"ReadAction\",\"target\":[\"https:\\\/\\\/www.horse-dental-equipment.com\\\/fr\\\/produit\\\/davier-molaire-no-1\\\/\"]}]},{\"@type\":\"ImageObject\",\"inLanguage\":\"fr-FR\",\"@id\":\"https:\\\/\\\/www.horse-dental-equipment.com\\\/fr\\\/produit\\\/davier-molaire-no-1\\\/#primaryimage\",\"url\":\"https:\\\/\\\/www.horse-dental-equipment.com\\\/wp-content\\\/uploads\\\/2021\\\/04\\\/PEGA_321001-3.png\",\"contentUrl\":\"https:\\\/\\\/www.horse-dental-equipment.com\\\/wp-content\\\/uploads\\\/2021\\\/04\\\/PEGA_321001-3.png\",\"width\":800,\"height\":619,\"caption\":\"Molar Forceps N\u00b01 - Large\"},{\"@type\":\"BreadcrumbList\",\"@id\":\"https:\\\/\\\/www.horse-dental-equipment.com\\\/fr\\\/produit\\\/davier-molaire-no-1\\\/#breadcrumb\",\"itemListElement\":[{\"@type\":\"ListItem\",\"position\":1,\"name\":\"Home\",\"item\":\"https:\\\/\\\/www.horse-dental-equipment.com\\\/\"},{\"@type\":\"ListItem\",\"position\":2,\"name\":\"Products\",\"item\":\"https:\\\/\\\/www.horse-dental-equipment.com\\\/fr\\\/produits\\\/\"},{\"@type\":\"ListItem\",\"position\":3,\"name\":\"Molar Forceps No. 1 \u2013 large\"}]},{\"@type\":\"WebSite\",\"@id\":\"https:\\\/\\\/www.horse-dental-equipment.com\\\/#website\",\"url\":\"https:\\\/\\\/www.horse-dental-equipment.com\\\/\",\"name\":\"Horse Dental Equipment\",\"description\":\"Your partner to develop your equine dentistry business\",\"potentialAction\":[{\"@type\":\"SearchAction\",\"target\":{\"@type\":\"EntryPoint\",\"urlTemplate\":\"https:\\\/\\\/www.horse-dental-equipment.com\\\/?s={search_term_string}\"},\"query-input\":{\"@type\":\"PropertyValueSpecification\",\"valueRequired\":true,\"valueName\":\"search_term_string\"}}],\"inLanguage\":\"fr-FR\"}]}<\/script>\n<!-- \/ Yoast SEO plugin. -->","yoast_head_json":{"title":"Davier Molaire N\u00b01 - Horse Dental Equipment","description":"Le davier est utilis\u00e9 pour mobiliser la dent par des mouvements de rotation et d'inclinaison pour pouvoir l'extraire avec un fulcrum.","robots":{"index":"index","follow":"follow","max-snippet":"max-snippet:-1","max-image-preview":"max-image-preview:large","max-video-preview":"max-video-preview:-1"},"canonical":"https:\/\/www.horse-dental-equipment.com\/fr\/produit\/davier-molaire-no-1\/","og_locale":"fr_FR","og_type":"article","og_title":"Molar Forceps No. 1 \u2013 large - Horse Dental Equipment","og_description":"Extraction forceps are used to further loosen teeth with rotational and tilting movements and finally to extract the teeth in combination with a fulcrum.","og_url":"https:\/\/www.horse-dental-equipment.com\/fr\/produit\/davier-molaire-no-1\/","og_site_name":"Horse Dental Equipment","article_modified_time":"2025-06-30T08:29:30+00:00","og_image":[{"width":800,"height":619,"url":"https:\/\/www.horse-dental-equipment.com\/wp-content\/uploads\/2021\/04\/PEGA_321001-3.png","type":"image\/png"}],"twitter_card":"summary_large_image","twitter_misc":{"Dur\u00e9e de lecture estim\u00e9e":"1 minute"},"schema":{"@context":"https:\/\/schema.org","@graph":[{"@type":"WebPage","@id":"https:\/\/www.horse-dental-equipment.com\/fr\/produit\/davier-molaire-no-1\/","url":"https:\/\/www.horse-dental-equipment.com\/fr\/produit\/davier-molaire-no-1\/","name":"Davier Molaire N\u00b01 - Horse Dental Equipment","isPartOf":{"@id":"https:\/\/www.horse-dental-equipment.com\/#website"},"primaryImageOfPage":{"@id":"https:\/\/www.horse-dental-equipment.com\/fr\/produit\/davier-molaire-no-1\/#primaryimage"},"image":{"@id":"https:\/\/www.horse-dental-equipment.com\/fr\/produit\/davier-molaire-no-1\/#primaryimage"},"thumbnailUrl":"https:\/\/www.horse-dental-equipment.com\/wp-content\/uploads\/2021\/04\/PEGA_321001-3.png","datePublished":"2021-04-06T13:51:31+00:00","dateModified":"2025-06-30T08:29:30+00:00","description":"Le davier est utilis\u00e9 pour mobiliser la dent par des mouvements de rotation et d'inclinaison pour pouvoir l'extraire avec un fulcrum.","breadcrumb":{"@id":"https:\/\/www.horse-dental-equipment.com\/fr\/produit\/davier-molaire-no-1\/#breadcrumb"},"inLanguage":"fr-FR","potentialAction":[{"@type":"ReadAction","target":["https:\/\/www.horse-dental-equipment.com\/fr\/produit\/davier-molaire-no-1\/"]}]},{"@type":"ImageObject","inLanguage":"fr-FR","@id":"https:\/\/www.horse-dental-equipment.com\/fr\/produit\/davier-molaire-no-1\/#primaryimage","url":"https:\/\/www.horse-dental-equipment.com\/wp-content\/uploads\/2021\/04\/PEGA_321001-3.png","contentUrl":"https:\/\/www.horse-dental-equipment.com\/wp-content\/uploads\/2021\/04\/PEGA_321001-3.png","width":800,"height":619,"caption":"Molar Forceps N\u00b01 - Large"},{"@type":"BreadcrumbList","@id":"https:\/\/www.horse-dental-equipment.com\/fr\/produit\/davier-molaire-no-1\/#breadcrumb","itemListElement":[{"@type":"ListItem","position":1,"name":"Home","item":"https:\/\/www.horse-dental-equipment.com\/"},{"@type":"ListItem","position":2,"name":"Products","item":"https:\/\/www.horse-dental-equipment.com\/fr\/produits\/"},{"@type":"ListItem","position":3,"name":"Molar Forceps No. 1 \u2013 large"}]},{"@type":"WebSite","@id":"https:\/\/www.horse-dental-equipment.com\/#website","url":"https:\/\/www.horse-dental-equipment.com\/","name":"Horse Dental Equipment","description":"Your partner to develop your equine dentistry business","potentialAction":[{"@type":"SearchAction","target":{"@type":"EntryPoint","urlTemplate":"https:\/\/www.horse-dental-equipment.com\/?s={search_term_string}"},"query-input":{"@type":"PropertyValueSpecification","valueRequired":true,"valueName":"search_term_string"}}],"inLanguage":"fr-FR"}]}},"_links":{"self":[{"href":"https:\/\/www.horse-dental-equipment.com\/fr\/wp-json\/wp\/v2\/product\/6802","targetHints":{"allow":["GET"]}}],"collection":[{"href":"https:\/\/www.horse-dental-equipment.com\/fr\/wp-json\/wp\/v2\/product"}],"about":[{"href":"https:\/\/www.horse-dental-equipment.com\/fr\/wp-json\/wp\/v2\/types\/product"}],"replies":[{"embeddable":true,"href":"https:\/\/www.horse-dental-equipment.com\/fr\/wp-json\/wp\/v2\/comments?post=6802"}],"wp:featuredmedia":[{"embeddable":true,"href":"https:\/\/www.horse-dental-equipment.com\/fr\/wp-json\/wp\/v2\/media\/6812"}],"wp:attachment":[{"href":"https:\/\/www.horse-dental-equipment.com\/fr\/wp-json\/wp\/v2\/media?parent=6802"}],"wp:term":[{"taxonomy":"product_brand","embeddable":true,"href":"https:\/\/www.horse-dental-equipment.com\/fr\/wp-json\/wp\/v2\/product_brand?post=6802"},{"taxonomy":"product_cat","embeddable":true,"href":"https:\/\/www.horse-dental-equipment.com\/fr\/wp-json\/wp\/v2\/product_cat?post=6802"},{"taxonomy":"product_tag","embeddable":true,"href":"https:\/\/www.horse-dental-equipment.com\/fr\/wp-json\/wp\/v2\/product_tag?post=6802"}],"curies":[{"name":"wp","href":"https:\/\/api.w.org\/{rel}","templated":true}]}}