{"id":6784,"date":"2021-04-02T17:34:21","date_gmt":"2021-04-02T15:34:21","guid":{"rendered":"http:\/\/www.horse-dental-equipment.com\/?post_type=product&#038;p=6784"},"modified":"2025-06-30T10:29:06","modified_gmt":"2025-06-30T08:29:06","slug":"separateur-molaire-no-3-6-mm","status":"publish","type":"product","link":"https:\/\/www.horse-dental-equipment.com\/fr\/produit\/separateur-molaire-no-3-6-mm\/","title":{"rendered":"S\u00e9parateur Molaire N\u00b03 (6 mm)"},"content":{"rendered":"<p>Il existe trois tailles de s\u00e9parateurs diff\u00e9rentes. Ils permettent un travail \u00e9tape par \u00e9tape.<br \/>\nS\u00e9parateur n\u00b03 - large - 6 mm n'est utilis\u00e9 que partiellement (1\/3 - 2\/3) sur l'arcade maxillaire si cela est vraiment n\u00e9cessaire.<br \/>\nIl conviendra parfaitement sur l'ensemble de l'arcade mandibulaire.<br \/>\nIl est recommand\u00e9 d'utiliser un davier avec un mouvement de rotation entre chaque \u00e9tape de s\u00e9paration pour limiter le risque de casser la dent ou les racines.<\/p>\n<p>Pour plus d'informations sur les instruments d'extraction Pegasos, vous pouvez <a href=\"http:\/\/www.horse-dental-equipment.com\/wp-content\/uploads\/2022\/01\/Pegasos-extraction-leaflet.pdf\">t\u00e9l\u00e9charger notre brochure<\/a>.<\/p>","protected":false},"excerpt":{"rendered":"<p>There are three different sizes of spreaders available. They allow for a standardized working step by step.\u00ad Spreader No. 3 &#8211; medium &#8211; the 6 mm thickness is used only partially (1\/3 &#8211; 2\/3) for the maxillary cheek teeth and up to full effect for mandibular cheek teeth. It is recommended to use the forceps [&hellip;]<\/p>\n","protected":false},"featured_media":6816,"comment_status":"closed","ping_status":"closed","template":"","meta":{"_acf_changed":false},"product_brand":[],"product_cat":[15,111],"product_tag":[],"class_list":{"0":"post-6784","1":"product","2":"type-product","3":"status-publish","4":"has-post-thumbnail","6":"product_cat-pegasos","7":"product_cat-pegasos-stomatology","9":"first","10":"instock","11":"shipping-taxable","12":"purchasable","13":"product-type-simple"},"acf":[],"yoast_head":"<!-- This site is optimized with the Yoast SEO plugin v27.4 - https:\/\/yoast.com\/product\/yoast-seo-wordpress\/ -->\n<title>Molar Spreader No. 3 \u2013 Thickness 6 mm - Horse Dental Equipment<\/title>\n<meta name=\"description\" content=\"There are three different sizes of spreaders available. They allow for a standardized working step by step. \u00adSpreader No. 3 - medium - the 6 mm...\" \/>\n<meta name=\"robots\" content=\"index, follow, max-snippet:-1, max-image-preview:large, max-video-preview:-1\" \/>\n<link rel=\"canonical\" href=\"https:\/\/www.horse-dental-equipment.com\/fr\/produit\/separateur-molaire-no-3-6-mm\/\" \/>\n<meta property=\"og:locale\" content=\"fr_FR\" \/>\n<meta property=\"og:type\" content=\"article\" \/>\n<meta property=\"og:title\" content=\"Molar Spreader No. 3 \u2013 Thickness 6 mm - Horse Dental Equipment\" \/>\n<meta property=\"og:description\" content=\"There are three different sizes of spreaders available. They allow for a standardized working step by step. \u00adSpreader No. 3 - medium - the 6 mm...\" \/>\n<meta property=\"og:url\" content=\"https:\/\/www.horse-dental-equipment.com\/fr\/produit\/separateur-molaire-no-3-6-mm\/\" \/>\n<meta property=\"og:site_name\" content=\"Horse Dental Equipment\" \/>\n<meta property=\"article:modified_time\" content=\"2025-06-30T08:29:06+00:00\" \/>\n<meta property=\"og:image\" content=\"https:\/\/www.horse-dental-equipment.com\/wp-content\/uploads\/2021\/04\/PEGA_320003.png\" \/>\n\t<meta property=\"og:image:width\" content=\"800\" \/>\n\t<meta property=\"og:image:height\" content=\"619\" \/>\n\t<meta property=\"og:image:type\" content=\"image\/png\" \/>\n<meta name=\"twitter:card\" content=\"summary_large_image\" \/>\n<meta name=\"twitter:label1\" content=\"Dur\u00e9e de lecture estim\u00e9e\" \/>\n\t<meta name=\"twitter:data1\" content=\"1 minute\" \/>\n<script type=\"application\/ld+json\" class=\"yoast-schema-graph\">{\"@context\":\"https:\\\/\\\/schema.org\",\"@graph\":[{\"@type\":\"WebPage\",\"@id\":\"https:\\\/\\\/www.horse-dental-equipment.com\\\/product\\\/molar-spreader-no-3-thickness-6-mm\\\/\",\"url\":\"https:\\\/\\\/www.horse-dental-equipment.com\\\/product\\\/molar-spreader-no-3-thickness-6-mm\\\/\",\"name\":\"Molar Spreader No. 3 \u2013 Thickness 6 mm - Horse Dental Equipment\",\"isPartOf\":{\"@id\":\"https:\\\/\\\/www.horse-dental-equipment.com\\\/#website\"},\"primaryImageOfPage\":{\"@id\":\"https:\\\/\\\/www.horse-dental-equipment.com\\\/product\\\/molar-spreader-no-3-thickness-6-mm\\\/#primaryimage\"},\"image\":{\"@id\":\"https:\\\/\\\/www.horse-dental-equipment.com\\\/product\\\/molar-spreader-no-3-thickness-6-mm\\\/#primaryimage\"},\"thumbnailUrl\":\"https:\\\/\\\/www.horse-dental-equipment.com\\\/wp-content\\\/uploads\\\/2021\\\/04\\\/PEGA_320003.png\",\"datePublished\":\"2021-04-02T15:34:21+00:00\",\"dateModified\":\"2025-06-30T08:29:06+00:00\",\"description\":\"There are three different sizes of spreaders available. They allow for a standardized working step by step. \u00adSpreader No. 3 - medium - the 6 mm...\",\"breadcrumb\":{\"@id\":\"https:\\\/\\\/www.horse-dental-equipment.com\\\/product\\\/molar-spreader-no-3-thickness-6-mm\\\/#breadcrumb\"},\"inLanguage\":\"fr-FR\",\"potentialAction\":[{\"@type\":\"ReadAction\",\"target\":[\"https:\\\/\\\/www.horse-dental-equipment.com\\\/product\\\/molar-spreader-no-3-thickness-6-mm\\\/\"]}]},{\"@type\":\"ImageObject\",\"inLanguage\":\"fr-FR\",\"@id\":\"https:\\\/\\\/www.horse-dental-equipment.com\\\/product\\\/molar-spreader-no-3-thickness-6-mm\\\/#primaryimage\",\"url\":\"https:\\\/\\\/www.horse-dental-equipment.com\\\/wp-content\\\/uploads\\\/2021\\\/04\\\/PEGA_320003.png\",\"contentUrl\":\"https:\\\/\\\/www.horse-dental-equipment.com\\\/wp-content\\\/uploads\\\/2021\\\/04\\\/PEGA_320003.png\",\"width\":800,\"height\":619,\"caption\":\"Molar Spreader No. 3 - Thickness 6 mm\"},{\"@type\":\"BreadcrumbList\",\"@id\":\"https:\\\/\\\/www.horse-dental-equipment.com\\\/product\\\/molar-spreader-no-3-thickness-6-mm\\\/#breadcrumb\",\"itemListElement\":[{\"@type\":\"ListItem\",\"position\":1,\"name\":\"Home\",\"item\":\"https:\\\/\\\/www.horse-dental-equipment.com\\\/\"},{\"@type\":\"ListItem\",\"position\":2,\"name\":\"Products\",\"item\":\"https:\\\/\\\/www.horse-dental-equipment.com\\\/fr\\\/produits\\\/\"},{\"@type\":\"ListItem\",\"position\":3,\"name\":\"Molar Spreader No. 3 \u2013 Thickness 6 mm\"}]},{\"@type\":\"WebSite\",\"@id\":\"https:\\\/\\\/www.horse-dental-equipment.com\\\/#website\",\"url\":\"https:\\\/\\\/www.horse-dental-equipment.com\\\/\",\"name\":\"Horse Dental Equipment\",\"description\":\"Your partner to develop your equine dentistry business\",\"potentialAction\":[{\"@type\":\"SearchAction\",\"target\":{\"@type\":\"EntryPoint\",\"urlTemplate\":\"https:\\\/\\\/www.horse-dental-equipment.com\\\/?s={search_term_string}\"},\"query-input\":{\"@type\":\"PropertyValueSpecification\",\"valueRequired\":true,\"valueName\":\"search_term_string\"}}],\"inLanguage\":\"fr-FR\"}]}<\/script>\n<!-- \/ Yoast SEO plugin. -->","yoast_head_json":{"title":"S\u00e9parateur Molaire N\u00b03 (6 mm) - Horse Dental Equipment","description":"Il existe trois tailles de s\u00e9parateurs diff\u00e9rentes. Ils permettent un travail \u00e9tape par \u00e9tape.\nS\u00e9parateur n\u00b03 - large - 6 mm n'est utilis\u00e9 que partiellement (1\/3 - 2\/3) sur l'arcade maxillaire si cela est vraiment n\u00e9cessaire.","robots":{"index":"index","follow":"follow","max-snippet":"max-snippet:-1","max-image-preview":"max-image-preview:large","max-video-preview":"max-video-preview:-1"},"canonical":"https:\/\/www.horse-dental-equipment.com\/fr\/produit\/separateur-molaire-no-3-6-mm\/","og_locale":"fr_FR","og_type":"article","og_title":"Molar Spreader No. 3 \u2013 Thickness 6 mm - Horse Dental Equipment","og_description":"There are three different sizes of spreaders available. They allow for a standardized working step by step. \u00adSpreader No. 3 - medium - the 6 mm...","og_url":"https:\/\/www.horse-dental-equipment.com\/fr\/produit\/separateur-molaire-no-3-6-mm\/","og_site_name":"Horse Dental Equipment","article_modified_time":"2025-06-30T08:29:06+00:00","og_image":[{"width":800,"height":619,"url":"https:\/\/www.horse-dental-equipment.com\/wp-content\/uploads\/2021\/04\/PEGA_320003.png","type":"image\/png"}],"twitter_card":"summary_large_image","twitter_misc":{"Dur\u00e9e de lecture estim\u00e9e":"1 minute"},"schema":{"@context":"https:\/\/schema.org","@graph":[{"@type":"WebPage","@id":"https:\/\/www.horse-dental-equipment.com\/product\/molar-spreader-no-3-thickness-6-mm\/","url":"https:\/\/www.horse-dental-equipment.com\/product\/molar-spreader-no-3-thickness-6-mm\/","name":"S\u00e9parateur Molaire N\u00b03 (6 mm) - Horse Dental Equipment","isPartOf":{"@id":"https:\/\/www.horse-dental-equipment.com\/#website"},"primaryImageOfPage":{"@id":"https:\/\/www.horse-dental-equipment.com\/product\/molar-spreader-no-3-thickness-6-mm\/#primaryimage"},"image":{"@id":"https:\/\/www.horse-dental-equipment.com\/product\/molar-spreader-no-3-thickness-6-mm\/#primaryimage"},"thumbnailUrl":"https:\/\/www.horse-dental-equipment.com\/wp-content\/uploads\/2021\/04\/PEGA_320003.png","datePublished":"2021-04-02T15:34:21+00:00","dateModified":"2025-06-30T08:29:06+00:00","description":"Il existe trois tailles de s\u00e9parateurs diff\u00e9rentes. Ils permettent un travail \u00e9tape par \u00e9tape.\nS\u00e9parateur n\u00b03 - large - 6 mm n'est utilis\u00e9 que partiellement (1\/3 - 2\/3) sur l'arcade maxillaire si cela est vraiment n\u00e9cessaire.","breadcrumb":{"@id":"https:\/\/www.horse-dental-equipment.com\/product\/molar-spreader-no-3-thickness-6-mm\/#breadcrumb"},"inLanguage":"fr-FR","potentialAction":[{"@type":"ReadAction","target":["https:\/\/www.horse-dental-equipment.com\/product\/molar-spreader-no-3-thickness-6-mm\/"]}]},{"@type":"ImageObject","inLanguage":"fr-FR","@id":"https:\/\/www.horse-dental-equipment.com\/product\/molar-spreader-no-3-thickness-6-mm\/#primaryimage","url":"https:\/\/www.horse-dental-equipment.com\/wp-content\/uploads\/2021\/04\/PEGA_320003.png","contentUrl":"https:\/\/www.horse-dental-equipment.com\/wp-content\/uploads\/2021\/04\/PEGA_320003.png","width":800,"height":619,"caption":"Molar Spreader No. 3 - Thickness 6 mm"},{"@type":"BreadcrumbList","@id":"https:\/\/www.horse-dental-equipment.com\/product\/molar-spreader-no-3-thickness-6-mm\/#breadcrumb","itemListElement":[{"@type":"ListItem","position":1,"name":"Home","item":"https:\/\/www.horse-dental-equipment.com\/"},{"@type":"ListItem","position":2,"name":"Products","item":"https:\/\/www.horse-dental-equipment.com\/fr\/produits\/"},{"@type":"ListItem","position":3,"name":"Molar Spreader No. 3 \u2013 Thickness 6 mm"}]},{"@type":"WebSite","@id":"https:\/\/www.horse-dental-equipment.com\/#website","url":"https:\/\/www.horse-dental-equipment.com\/","name":"Horse Dental Equipment","description":"Your partner to develop your equine dentistry business","potentialAction":[{"@type":"SearchAction","target":{"@type":"EntryPoint","urlTemplate":"https:\/\/www.horse-dental-equipment.com\/?s={search_term_string}"},"query-input":{"@type":"PropertyValueSpecification","valueRequired":true,"valueName":"search_term_string"}}],"inLanguage":"fr-FR"}]}},"_links":{"self":[{"href":"https:\/\/www.horse-dental-equipment.com\/fr\/wp-json\/wp\/v2\/product\/6784","targetHints":{"allow":["GET"]}}],"collection":[{"href":"https:\/\/www.horse-dental-equipment.com\/fr\/wp-json\/wp\/v2\/product"}],"about":[{"href":"https:\/\/www.horse-dental-equipment.com\/fr\/wp-json\/wp\/v2\/types\/product"}],"replies":[{"embeddable":true,"href":"https:\/\/www.horse-dental-equipment.com\/fr\/wp-json\/wp\/v2\/comments?post=6784"}],"wp:featuredmedia":[{"embeddable":true,"href":"https:\/\/www.horse-dental-equipment.com\/fr\/wp-json\/wp\/v2\/media\/6816"}],"wp:attachment":[{"href":"https:\/\/www.horse-dental-equipment.com\/fr\/wp-json\/wp\/v2\/media?parent=6784"}],"wp:term":[{"taxonomy":"product_brand","embeddable":true,"href":"https:\/\/www.horse-dental-equipment.com\/fr\/wp-json\/wp\/v2\/product_brand?post=6784"},{"taxonomy":"product_cat","embeddable":true,"href":"https:\/\/www.horse-dental-equipment.com\/fr\/wp-json\/wp\/v2\/product_cat?post=6784"},{"taxonomy":"product_tag","embeddable":true,"href":"https:\/\/www.horse-dental-equipment.com\/fr\/wp-json\/wp\/v2\/product_tag?post=6784"}],"curies":[{"name":"wp","href":"https:\/\/api.w.org\/{rel}","templated":true}]}}