{"id":6255,"date":"2021-03-09T15:54:48","date_gmt":"2021-03-09T14:54:48","guid":{"rendered":"http:\/\/www.horse-dental-equipment.com\/?post_type=product&#038;p=6255"},"modified":"2025-06-30T09:52:51","modified_gmt":"2025-06-30T07:52:51","slug":"dentalscope-equin-set-base","status":"publish","type":"product","link":"https:\/\/www.horse-dental-equipment.com\/fr\/produit\/dentalscope-equin-set-base\/","title":{"rendered":"Dentalscope Equin - Set de Base"},"content":{"rendered":"<p>Dentalscope \u00e0 connecter \u00e0 un dispositif d'affichage avec c\u00e2ble.<\/p>\n<p>&nbsp;<\/p>\n<hr \/>\n<p>&nbsp;<\/p>\n<p class=\"translation-block\">Les cam\u00e9ras dentaires sont de plus en plus utiles en dentisterie \u00e9quine.<br><br>\nElles permettent un examen plus approfondi de la cavit\u00e9 buccale et des arcades dentaires et permettent une meilleure d\u00e9tection des pathologies dentaires.<br><br><\/p>\n<p><strong>AVANTAGES POUR LE PRATICIEN :<\/strong><\/p>\n<ul>\n<li>Diagnostic clair et pr\u00e9cis<\/li>\n<li>Meilleur suivi du patient<\/li>\n<li>Forte valeur ajout\u00e9e et service suppl\u00e9mentaire pour vos patients<\/li>\n<li>D\u00e9veloppement de la compr\u00e9hension du propri\u00e9taire voyant clairement ce qui est d\u00e9montr\u00e9 gr\u00e2ce \u00e0 la cam\u00e9ra<\/li>\n<\/ul>\n<p><strong>CARACTERISTIQUES :<\/strong><\/p>\n<ul>\n<li>3 options de transmission : \u00e9cran de t\u00e9l\u00e9vision, connecteur USB (en option) pour t\u00e9l\u00e9phone \/ tablette \/ ordinateur, moniteur (en option)<\/li>\n<li>Disponible sur PC Windows 7, Windows 10, t\u00e9l\u00e9phones et tablettes Andro\u00efd<\/li>\n<li>Fichier image : .JPG<\/li>\n<li>Fichier vid\u00e9o : .AVI MPEG, ce format permet de couper et d'isoler les s\u00e9quences vid\u00e9o que vous souhaitez conserver<\/li>\n<li>692 mm de longueur totale<\/li>\n<li>Dimensions de la t\u00eate : largeur 17 mm x \u00e9paisseur 17,2 mm<\/li>\n<li>T\u00eate arrondie sur le dessus<\/li>\n<li>Acier inoxydable<\/li>\n<li>Poids : 360 g<\/li>\n<\/ul>\n<p><strong>AVANTAGES DU PRODUIT :<\/strong><\/p>\n<ul>\n<li>\"Plug &amp; Play\"<\/li>\n<li>L\u00e9ger et portatif<\/li>\n<li>Solidit\u00e9<\/li>\n<li>Options sans fil<\/li>\n<li>Images et vid\u00e9os qualitatives<\/li>\n<li>Autonomie d'une heure<\/li>\n<\/ul>\n<p>Disponible en version Britannique, Australienne et Etats-Unienne.<\/p>\n<p><iframe title=\"vimeo-player\" src=\"https:\/\/player.vimeo.com\/video\/524169800?h=468c1d439b\" width=\"640\" height=\"360\" frameborder=\"0\" allowfullscreen=\"allowfullscreen\"><\/iframe><\/p>","protected":false},"excerpt":{"rendered":"<p>Dentalscope for connection to a display device with cable. &nbsp; &nbsp; Equine dentalscopes are becoming increasingly useful in equine dentistry. They enable a more thorough examination of the oral cavity &amp; dental arcades and allow a better detection of dental pathologies. PRACTITIONER&#8217;S BENEFITS: Clear and precise diagnosis Better patient follow-up Additional service and value Develops [&hellip;]<\/p>\n","protected":false},"featured_media":6916,"comment_status":"closed","ping_status":"closed","template":"","meta":{"_acf_changed":false},"product_brand":[],"product_cat":[225,205,226,93],"product_tag":[],"class_list":{"0":"post-6255","1":"product","2":"type-product","3":"status-publish","4":"has-post-thumbnail","6":"product_cat-accessories","7":"product_cat-diagnostic","8":"product_cat-equine-dentalscope","9":"product_cat-other-accessories","11":"first","12":"instock","13":"shipping-taxable","14":"purchasable","15":"product-type-simple"},"acf":[],"yoast_head":"<!-- This site is optimized with the Yoast SEO plugin v27.3 - https:\/\/yoast.com\/product\/yoast-seo-wordpress\/ -->\n<title>Equine Dentalscope - Starter Set - Horse Dental Equipment<\/title>\n<meta name=\"description\" content=\"Dentalscope for connection to a display device with cable. Equine dentalscopes are becoming increasingly useful in equine dentistry.\" \/>\n<meta name=\"robots\" content=\"index, follow, max-snippet:-1, max-image-preview:large, max-video-preview:-1\" \/>\n<link rel=\"canonical\" href=\"https:\/\/www.horse-dental-equipment.com\/fr\/produit\/dentalscope-equin-set-base\/\" \/>\n<meta property=\"og:locale\" content=\"fr_FR\" \/>\n<meta property=\"og:type\" content=\"article\" \/>\n<meta property=\"og:title\" content=\"Equine Dentalscope - Starter Set - Horse Dental Equipment\" \/>\n<meta property=\"og:description\" content=\"Dentalscope for connection to a display device with cable. Equine dentalscopes are becoming increasingly useful in equine dentistry.\" \/>\n<meta property=\"og:url\" content=\"https:\/\/www.horse-dental-equipment.com\/fr\/produit\/dentalscope-equin-set-base\/\" \/>\n<meta property=\"og:site_name\" content=\"Horse Dental Equipment\" \/>\n<meta property=\"article:modified_time\" content=\"2025-06-30T07:52:51+00:00\" \/>\n<meta property=\"og:image\" content=\"https:\/\/www.horse-dental-equipment.com\/wp-content\/uploads\/2021\/04\/ACC_CD.png\" \/>\n\t<meta property=\"og:image:width\" content=\"800\" \/>\n\t<meta property=\"og:image:height\" content=\"619\" \/>\n\t<meta property=\"og:image:type\" content=\"image\/png\" \/>\n<meta name=\"twitter:card\" content=\"summary_large_image\" \/>\n<meta name=\"twitter:label1\" content=\"Dur\u00e9e de lecture estim\u00e9e\" \/>\n\t<meta name=\"twitter:data1\" content=\"1 minute\" \/>\n<script type=\"application\/ld+json\" class=\"yoast-schema-graph\">{\"@context\":\"https:\\\/\\\/schema.org\",\"@graph\":[{\"@type\":\"WebPage\",\"@id\":\"https:\\\/\\\/www.horse-dental-equipment.com\\\/product\\\/equine-dentalscope-starter-set\\\/\",\"url\":\"https:\\\/\\\/www.horse-dental-equipment.com\\\/product\\\/equine-dentalscope-starter-set\\\/\",\"name\":\"Equine Dentalscope - Starter Set - Horse Dental Equipment\",\"isPartOf\":{\"@id\":\"https:\\\/\\\/www.horse-dental-equipment.com\\\/#website\"},\"primaryImageOfPage\":{\"@id\":\"https:\\\/\\\/www.horse-dental-equipment.com\\\/product\\\/equine-dentalscope-starter-set\\\/#primaryimage\"},\"image\":{\"@id\":\"https:\\\/\\\/www.horse-dental-equipment.com\\\/product\\\/equine-dentalscope-starter-set\\\/#primaryimage\"},\"thumbnailUrl\":\"https:\\\/\\\/www.horse-dental-equipment.com\\\/wp-content\\\/uploads\\\/2021\\\/04\\\/ACC_CD.png\",\"datePublished\":\"2021-03-09T14:54:48+00:00\",\"dateModified\":\"2025-06-30T07:52:51+00:00\",\"description\":\"Dentalscope for connection to a display device with cable. Equine dentalscopes are becoming increasingly useful in equine dentistry.\",\"breadcrumb\":{\"@id\":\"https:\\\/\\\/www.horse-dental-equipment.com\\\/product\\\/equine-dentalscope-starter-set\\\/#breadcrumb\"},\"inLanguage\":\"fr-FR\",\"potentialAction\":[{\"@type\":\"ReadAction\",\"target\":[\"https:\\\/\\\/www.horse-dental-equipment.com\\\/product\\\/equine-dentalscope-starter-set\\\/\"]}]},{\"@type\":\"ImageObject\",\"inLanguage\":\"fr-FR\",\"@id\":\"https:\\\/\\\/www.horse-dental-equipment.com\\\/product\\\/equine-dentalscope-starter-set\\\/#primaryimage\",\"url\":\"https:\\\/\\\/www.horse-dental-equipment.com\\\/wp-content\\\/uploads\\\/2021\\\/04\\\/ACC_CD.png\",\"contentUrl\":\"https:\\\/\\\/www.horse-dental-equipment.com\\\/wp-content\\\/uploads\\\/2021\\\/04\\\/ACC_CD.png\",\"width\":800,\"height\":619,\"caption\":\"Equine Dentalscope - Starter Set\"},{\"@type\":\"BreadcrumbList\",\"@id\":\"https:\\\/\\\/www.horse-dental-equipment.com\\\/product\\\/equine-dentalscope-starter-set\\\/#breadcrumb\",\"itemListElement\":[{\"@type\":\"ListItem\",\"position\":1,\"name\":\"Home\",\"item\":\"https:\\\/\\\/www.horse-dental-equipment.com\\\/\"},{\"@type\":\"ListItem\",\"position\":2,\"name\":\"Products\",\"item\":\"https:\\\/\\\/www.horse-dental-equipment.com\\\/fr\\\/produits\\\/\"},{\"@type\":\"ListItem\",\"position\":3,\"name\":\"Equine Dentalscope &#8211; Starter Set\"}]},{\"@type\":\"WebSite\",\"@id\":\"https:\\\/\\\/www.horse-dental-equipment.com\\\/#website\",\"url\":\"https:\\\/\\\/www.horse-dental-equipment.com\\\/\",\"name\":\"Horse Dental Equipment\",\"description\":\"Your partner to develop your equine dentistry business\",\"potentialAction\":[{\"@type\":\"SearchAction\",\"target\":{\"@type\":\"EntryPoint\",\"urlTemplate\":\"https:\\\/\\\/www.horse-dental-equipment.com\\\/?s={search_term_string}\"},\"query-input\":{\"@type\":\"PropertyValueSpecification\",\"valueRequired\":true,\"valueName\":\"search_term_string\"}}],\"inLanguage\":\"fr-FR\"}]}<\/script>\n<!-- \/ Yoast SEO plugin. -->","yoast_head_json":{"title":"Dentalscope Equin - Set de Base - Horse Dental Equipment","description":"Dentalscope \u00e0 connecter \u00e0 un dispositif d'affichage avec c\u00e2ble. Les cam\u00e9ras dentaires sont de plus en plus utiles en dentisterie \u00e9quine.","robots":{"index":"index","follow":"follow","max-snippet":"max-snippet:-1","max-image-preview":"max-image-preview:large","max-video-preview":"max-video-preview:-1"},"canonical":"https:\/\/www.horse-dental-equipment.com\/fr\/produit\/dentalscope-equin-set-base\/","og_locale":"fr_FR","og_type":"article","og_title":"Equine Dentalscope - Starter Set - Horse Dental Equipment","og_description":"Dentalscope for connection to a display device with cable. Equine dentalscopes are becoming increasingly useful in equine dentistry.","og_url":"https:\/\/www.horse-dental-equipment.com\/fr\/produit\/dentalscope-equin-set-base\/","og_site_name":"Horse Dental Equipment","article_modified_time":"2025-06-30T07:52:51+00:00","og_image":[{"width":800,"height":619,"url":"https:\/\/www.horse-dental-equipment.com\/wp-content\/uploads\/2021\/04\/ACC_CD.png","type":"image\/png"}],"twitter_card":"summary_large_image","twitter_misc":{"Dur\u00e9e de lecture estim\u00e9e":"1 minute"},"schema":{"@context":"https:\/\/schema.org","@graph":[{"@type":"WebPage","@id":"https:\/\/www.horse-dental-equipment.com\/product\/equine-dentalscope-starter-set\/","url":"https:\/\/www.horse-dental-equipment.com\/product\/equine-dentalscope-starter-set\/","name":"Dentalscope Equin - Set de Base - Horse Dental Equipment","isPartOf":{"@id":"https:\/\/www.horse-dental-equipment.com\/#website"},"primaryImageOfPage":{"@id":"https:\/\/www.horse-dental-equipment.com\/product\/equine-dentalscope-starter-set\/#primaryimage"},"image":{"@id":"https:\/\/www.horse-dental-equipment.com\/product\/equine-dentalscope-starter-set\/#primaryimage"},"thumbnailUrl":"https:\/\/www.horse-dental-equipment.com\/wp-content\/uploads\/2021\/04\/ACC_CD.png","datePublished":"2021-03-09T14:54:48+00:00","dateModified":"2025-06-30T07:52:51+00:00","description":"Dentalscope \u00e0 connecter \u00e0 un dispositif d'affichage avec c\u00e2ble. Les cam\u00e9ras dentaires sont de plus en plus utiles en dentisterie \u00e9quine.","breadcrumb":{"@id":"https:\/\/www.horse-dental-equipment.com\/product\/equine-dentalscope-starter-set\/#breadcrumb"},"inLanguage":"fr-FR","potentialAction":[{"@type":"ReadAction","target":["https:\/\/www.horse-dental-equipment.com\/product\/equine-dentalscope-starter-set\/"]}]},{"@type":"ImageObject","inLanguage":"fr-FR","@id":"https:\/\/www.horse-dental-equipment.com\/product\/equine-dentalscope-starter-set\/#primaryimage","url":"https:\/\/www.horse-dental-equipment.com\/wp-content\/uploads\/2021\/04\/ACC_CD.png","contentUrl":"https:\/\/www.horse-dental-equipment.com\/wp-content\/uploads\/2021\/04\/ACC_CD.png","width":800,"height":619,"caption":"Equine Dentalscope - Starter Set"},{"@type":"BreadcrumbList","@id":"https:\/\/www.horse-dental-equipment.com\/product\/equine-dentalscope-starter-set\/#breadcrumb","itemListElement":[{"@type":"ListItem","position":1,"name":"Home","item":"https:\/\/www.horse-dental-equipment.com\/"},{"@type":"ListItem","position":2,"name":"Products","item":"https:\/\/www.horse-dental-equipment.com\/fr\/produits\/"},{"@type":"ListItem","position":3,"name":"Equine Dentalscope &#8211; Starter Set"}]},{"@type":"WebSite","@id":"https:\/\/www.horse-dental-equipment.com\/#website","url":"https:\/\/www.horse-dental-equipment.com\/","name":"Horse Dental Equipment","description":"Your partner to develop your equine dentistry business","potentialAction":[{"@type":"SearchAction","target":{"@type":"EntryPoint","urlTemplate":"https:\/\/www.horse-dental-equipment.com\/?s={search_term_string}"},"query-input":{"@type":"PropertyValueSpecification","valueRequired":true,"valueName":"search_term_string"}}],"inLanguage":"fr-FR"}]}},"_links":{"self":[{"href":"https:\/\/www.horse-dental-equipment.com\/fr\/wp-json\/wp\/v2\/product\/6255","targetHints":{"allow":["GET"]}}],"collection":[{"href":"https:\/\/www.horse-dental-equipment.com\/fr\/wp-json\/wp\/v2\/product"}],"about":[{"href":"https:\/\/www.horse-dental-equipment.com\/fr\/wp-json\/wp\/v2\/types\/product"}],"replies":[{"embeddable":true,"href":"https:\/\/www.horse-dental-equipment.com\/fr\/wp-json\/wp\/v2\/comments?post=6255"}],"wp:featuredmedia":[{"embeddable":true,"href":"https:\/\/www.horse-dental-equipment.com\/fr\/wp-json\/wp\/v2\/media\/6916"}],"wp:attachment":[{"href":"https:\/\/www.horse-dental-equipment.com\/fr\/wp-json\/wp\/v2\/media?parent=6255"}],"wp:term":[{"taxonomy":"product_brand","embeddable":true,"href":"https:\/\/www.horse-dental-equipment.com\/fr\/wp-json\/wp\/v2\/product_brand?post=6255"},{"taxonomy":"product_cat","embeddable":true,"href":"https:\/\/www.horse-dental-equipment.com\/fr\/wp-json\/wp\/v2\/product_cat?post=6255"},{"taxonomy":"product_tag","embeddable":true,"href":"https:\/\/www.horse-dental-equipment.com\/fr\/wp-json\/wp\/v2\/product_tag?post=6255"}],"curies":[{"name":"wp","href":"https:\/\/api.w.org\/{rel}","templated":true}]}}