{"id":3213,"date":"2020-07-08T15:27:19","date_gmt":"2020-07-08T13:27:19","guid":{"rendered":"http:\/\/www.horse-dental-equipment.com\/produit\/wolf-tooth-extraction-set-handle-straight-and-concave-curved-inserts-4-and-5-mm\/"},"modified":"2026-04-01T16:17:08","modified_gmt":"2026-04-01T14:17:08","slug":"kit-extraction-dents-loup-4-inserts","status":"publish","type":"product","link":"https:\/\/www.horse-dental-equipment.com\/fr\/produit\/kit-extraction-dents-loup-4-inserts\/","title":{"rendered":"Kit d'Extraction Dents de Loup (4 inserts)"},"content":{"rendered":"<p>Le kit est compos\u00e9 d'un manche noir court avec diff\u00e9rents inserts. Il est tr\u00e8s utile pour l'extraction des dents de loup, des incisives, des canines et des fragments de racines profond\u00e9ment localis\u00e9s.<\/p>\n<p>Il contient 2 inserts droits et 2 concaves en diam\u00e8tres 4 et 5 mm.<\/p>","protected":false},"excerpt":{"rendered":"<p>The kit is composed of a short handle with different luxators which is highly valuable for the extraction of wolf tooth, incisors, canines and deeply located root fragments. It contains straight and concave luxators in a 4 and 5 mm version.<\/p>","protected":false},"featured_media":6837,"comment_status":"closed","ping_status":"closed","template":"","meta":{"_acf_changed":false},"product_brand":[],"product_cat":[121,15,124],"product_tag":[],"class_list":{"0":"post-3213","1":"product","2":"type-product","3":"status-publish","4":"has-post-thumbnail","6":"product_cat-pegasos-extraction-kit","7":"product_cat-pegasos","8":"product_cat-wolf-tooth-extraction-set","10":"first","11":"instock","12":"purchasable","13":"product-type-simple"},"acf":[],"yoast_head":"<!-- This site is optimized with the Yoast SEO plugin v27.5 - https:\/\/yoast.com\/product\/yoast-seo-wordpress\/ -->\n<title>Wolf Tooth Extraction Set (4 luxators) - Horse Dental Equipment<\/title>\n<meta name=\"description\" content=\"The kit is composed of a short handle with different luxators which is highly valuable for the extraction of wolf tooth, incisors, canines and deeply...\" \/>\n<meta name=\"robots\" content=\"index, follow, max-snippet:-1, max-image-preview:large, max-video-preview:-1\" \/>\n<link rel=\"canonical\" href=\"https:\/\/www.horse-dental-equipment.com\/fr\/produit\/kit-extraction-dents-loup-4-inserts\/\" \/>\n<meta property=\"og:locale\" content=\"fr_FR\" \/>\n<meta property=\"og:type\" content=\"article\" \/>\n<meta property=\"og:title\" content=\"Wolf Tooth Extraction Set (4 luxators) - Horse Dental Equipment\" \/>\n<meta property=\"og:description\" content=\"The kit is composed of a short handle with different luxators which is highly valuable for the extraction of wolf tooth, incisors, canines and deeply...\" \/>\n<meta property=\"og:url\" content=\"https:\/\/www.horse-dental-equipment.com\/fr\/produit\/kit-extraction-dents-loup-4-inserts\/\" \/>\n<meta property=\"og:site_name\" content=\"Horse Dental Equipment\" \/>\n<meta property=\"article:modified_time\" content=\"2026-04-01T14:17:08+00:00\" \/>\n<meta property=\"og:image\" content=\"https:\/\/www.horse-dental-equipment.com\/wp-content\/uploads\/2020\/07\/PEGA_312041.png\" \/>\n\t<meta property=\"og:image:width\" content=\"800\" \/>\n\t<meta property=\"og:image:height\" content=\"619\" \/>\n\t<meta property=\"og:image:type\" content=\"image\/png\" \/>\n<meta name=\"twitter:card\" content=\"summary_large_image\" \/>\n<meta name=\"twitter:label1\" content=\"Dur\u00e9e de lecture estim\u00e9e\" \/>\n\t<meta name=\"twitter:data1\" content=\"1 minute\" \/>\n<script type=\"application\/ld+json\" class=\"yoast-schema-graph\">{\"@context\":\"https:\\\/\\\/schema.org\",\"@graph\":[{\"@type\":\"WebPage\",\"@id\":\"https:\\\/\\\/www.horse-dental-equipment.com\\\/product\\\/wolf-tooth-extraction-set-4-luxators\\\/\",\"url\":\"https:\\\/\\\/www.horse-dental-equipment.com\\\/product\\\/wolf-tooth-extraction-set-4-luxators\\\/\",\"name\":\"Wolf Tooth Extraction Set (4 luxators) - Horse Dental Equipment\",\"isPartOf\":{\"@id\":\"https:\\\/\\\/www.horse-dental-equipment.com\\\/#website\"},\"primaryImageOfPage\":{\"@id\":\"https:\\\/\\\/www.horse-dental-equipment.com\\\/product\\\/wolf-tooth-extraction-set-4-luxators\\\/#primaryimage\"},\"image\":{\"@id\":\"https:\\\/\\\/www.horse-dental-equipment.com\\\/product\\\/wolf-tooth-extraction-set-4-luxators\\\/#primaryimage\"},\"thumbnailUrl\":\"https:\\\/\\\/www.horse-dental-equipment.com\\\/wp-content\\\/uploads\\\/2020\\\/07\\\/PEGA_312041.png\",\"datePublished\":\"2020-07-08T13:27:19+00:00\",\"dateModified\":\"2026-04-01T14:17:08+00:00\",\"description\":\"The kit is composed of a short handle with different luxators which is highly valuable for the extraction of wolf tooth, incisors, canines and deeply...\",\"breadcrumb\":{\"@id\":\"https:\\\/\\\/www.horse-dental-equipment.com\\\/product\\\/wolf-tooth-extraction-set-4-luxators\\\/#breadcrumb\"},\"inLanguage\":\"fr-FR\",\"potentialAction\":[{\"@type\":\"ReadAction\",\"target\":[\"https:\\\/\\\/www.horse-dental-equipment.com\\\/product\\\/wolf-tooth-extraction-set-4-luxators\\\/\"]}]},{\"@type\":\"ImageObject\",\"inLanguage\":\"fr-FR\",\"@id\":\"https:\\\/\\\/www.horse-dental-equipment.com\\\/product\\\/wolf-tooth-extraction-set-4-luxators\\\/#primaryimage\",\"url\":\"https:\\\/\\\/www.horse-dental-equipment.com\\\/wp-content\\\/uploads\\\/2020\\\/07\\\/PEGA_312041.png\",\"contentUrl\":\"https:\\\/\\\/www.horse-dental-equipment.com\\\/wp-content\\\/uploads\\\/2020\\\/07\\\/PEGA_312041.png\",\"width\":800,\"height\":619,\"caption\":\"Wolf Tooth Extraction Set (4 luxators)\"},{\"@type\":\"BreadcrumbList\",\"@id\":\"https:\\\/\\\/www.horse-dental-equipment.com\\\/product\\\/wolf-tooth-extraction-set-4-luxators\\\/#breadcrumb\",\"itemListElement\":[{\"@type\":\"ListItem\",\"position\":1,\"name\":\"Home\",\"item\":\"https:\\\/\\\/www.horse-dental-equipment.com\\\/\"},{\"@type\":\"ListItem\",\"position\":2,\"name\":\"Products\",\"item\":\"https:\\\/\\\/www.horse-dental-equipment.com\\\/fr\\\/produits\\\/\"},{\"@type\":\"ListItem\",\"position\":3,\"name\":\"Wolf Tooth Extraction Set (4 luxators)\"}]},{\"@type\":\"WebSite\",\"@id\":\"https:\\\/\\\/www.horse-dental-equipment.com\\\/#website\",\"url\":\"https:\\\/\\\/www.horse-dental-equipment.com\\\/\",\"name\":\"Horse Dental Equipment\",\"description\":\"Your partner to develop your equine dentistry business\",\"potentialAction\":[{\"@type\":\"SearchAction\",\"target\":{\"@type\":\"EntryPoint\",\"urlTemplate\":\"https:\\\/\\\/www.horse-dental-equipment.com\\\/?s={search_term_string}\"},\"query-input\":{\"@type\":\"PropertyValueSpecification\",\"valueRequired\":true,\"valueName\":\"search_term_string\"}}],\"inLanguage\":\"fr-FR\"}]}<\/script>\n<!-- \/ Yoast SEO plugin. -->","yoast_head_json":{"title":"Kit d'Extraction Dents de Loup (4 inserts) - Horse Dental Equipment","description":"Le kit est compos\u00e9 d'un manche noir court avec diff\u00e9rents inserts. Il est tr\u00e8s utile pour l'extraction des dents de loup, des incisives, des canines et des fragments de racines profond\u00e9ment localis\u00e9s.\nIl contient 2 inserts droits et 2 concaves en diam\u00e8tres 4 et 5 mm.","robots":{"index":"index","follow":"follow","max-snippet":"max-snippet:-1","max-image-preview":"max-image-preview:large","max-video-preview":"max-video-preview:-1"},"canonical":"https:\/\/www.horse-dental-equipment.com\/fr\/produit\/kit-extraction-dents-loup-4-inserts\/","og_locale":"fr_FR","og_type":"article","og_title":"Wolf Tooth Extraction Set (4 luxators) - Horse Dental Equipment","og_description":"The kit is composed of a short handle with different luxators which is highly valuable for the extraction of wolf tooth, incisors, canines and deeply...","og_url":"https:\/\/www.horse-dental-equipment.com\/fr\/produit\/kit-extraction-dents-loup-4-inserts\/","og_site_name":"Horse Dental Equipment","article_modified_time":"2026-04-01T14:17:08+00:00","og_image":[{"width":800,"height":619,"url":"https:\/\/www.horse-dental-equipment.com\/wp-content\/uploads\/2020\/07\/PEGA_312041.png","type":"image\/png"}],"twitter_card":"summary_large_image","twitter_misc":{"Dur\u00e9e de lecture estim\u00e9e":"1 minute"},"schema":{"@context":"https:\/\/schema.org","@graph":[{"@type":"WebPage","@id":"https:\/\/www.horse-dental-equipment.com\/product\/wolf-tooth-extraction-set-4-luxators\/","url":"https:\/\/www.horse-dental-equipment.com\/product\/wolf-tooth-extraction-set-4-luxators\/","name":"Kit d'Extraction Dents de Loup (4 inserts) - Horse Dental Equipment","isPartOf":{"@id":"https:\/\/www.horse-dental-equipment.com\/#website"},"primaryImageOfPage":{"@id":"https:\/\/www.horse-dental-equipment.com\/product\/wolf-tooth-extraction-set-4-luxators\/#primaryimage"},"image":{"@id":"https:\/\/www.horse-dental-equipment.com\/product\/wolf-tooth-extraction-set-4-luxators\/#primaryimage"},"thumbnailUrl":"https:\/\/www.horse-dental-equipment.com\/wp-content\/uploads\/2020\/07\/PEGA_312041.png","datePublished":"2020-07-08T13:27:19+00:00","dateModified":"2026-04-01T14:17:08+00:00","description":"Le kit est compos\u00e9 d'un manche noir court avec diff\u00e9rents inserts. Il est tr\u00e8s utile pour l'extraction des dents de loup, des incisives, des canines et des fragments de racines profond\u00e9ment localis\u00e9s.\nIl contient 2 inserts droits et 2 concaves en diam\u00e8tres 4 et 5 mm.","breadcrumb":{"@id":"https:\/\/www.horse-dental-equipment.com\/product\/wolf-tooth-extraction-set-4-luxators\/#breadcrumb"},"inLanguage":"fr-FR","potentialAction":[{"@type":"ReadAction","target":["https:\/\/www.horse-dental-equipment.com\/product\/wolf-tooth-extraction-set-4-luxators\/"]}]},{"@type":"ImageObject","inLanguage":"fr-FR","@id":"https:\/\/www.horse-dental-equipment.com\/product\/wolf-tooth-extraction-set-4-luxators\/#primaryimage","url":"https:\/\/www.horse-dental-equipment.com\/wp-content\/uploads\/2020\/07\/PEGA_312041.png","contentUrl":"https:\/\/www.horse-dental-equipment.com\/wp-content\/uploads\/2020\/07\/PEGA_312041.png","width":800,"height":619,"caption":"Wolf Tooth Extraction Set (4 luxators)"},{"@type":"BreadcrumbList","@id":"https:\/\/www.horse-dental-equipment.com\/product\/wolf-tooth-extraction-set-4-luxators\/#breadcrumb","itemListElement":[{"@type":"ListItem","position":1,"name":"Home","item":"https:\/\/www.horse-dental-equipment.com\/"},{"@type":"ListItem","position":2,"name":"Products","item":"https:\/\/www.horse-dental-equipment.com\/fr\/produits\/"},{"@type":"ListItem","position":3,"name":"Wolf Tooth Extraction Set (4 luxators)"}]},{"@type":"WebSite","@id":"https:\/\/www.horse-dental-equipment.com\/#website","url":"https:\/\/www.horse-dental-equipment.com\/","name":"Horse Dental Equipment","description":"Your partner to develop your equine dentistry business","potentialAction":[{"@type":"SearchAction","target":{"@type":"EntryPoint","urlTemplate":"https:\/\/www.horse-dental-equipment.com\/?s={search_term_string}"},"query-input":{"@type":"PropertyValueSpecification","valueRequired":true,"valueName":"search_term_string"}}],"inLanguage":"fr-FR"}]}},"_links":{"self":[{"href":"https:\/\/www.horse-dental-equipment.com\/fr\/wp-json\/wp\/v2\/product\/3213","targetHints":{"allow":["GET"]}}],"collection":[{"href":"https:\/\/www.horse-dental-equipment.com\/fr\/wp-json\/wp\/v2\/product"}],"about":[{"href":"https:\/\/www.horse-dental-equipment.com\/fr\/wp-json\/wp\/v2\/types\/product"}],"replies":[{"embeddable":true,"href":"https:\/\/www.horse-dental-equipment.com\/fr\/wp-json\/wp\/v2\/comments?post=3213"}],"wp:featuredmedia":[{"embeddable":true,"href":"https:\/\/www.horse-dental-equipment.com\/fr\/wp-json\/wp\/v2\/media\/6837"}],"wp:attachment":[{"href":"https:\/\/www.horse-dental-equipment.com\/fr\/wp-json\/wp\/v2\/media?parent=3213"}],"wp:term":[{"taxonomy":"product_brand","embeddable":true,"href":"https:\/\/www.horse-dental-equipment.com\/fr\/wp-json\/wp\/v2\/product_brand?post=3213"},{"taxonomy":"product_cat","embeddable":true,"href":"https:\/\/www.horse-dental-equipment.com\/fr\/wp-json\/wp\/v2\/product_cat?post=3213"},{"taxonomy":"product_tag","embeddable":true,"href":"https:\/\/www.horse-dental-equipment.com\/fr\/wp-json\/wp\/v2\/product_tag?post=3213"}],"curies":[{"name":"wp","href":"https:\/\/api.w.org\/{rel}","templated":true}]}}