{"id":3205,"date":"2020-07-08T15:27:19","date_gmt":"2020-07-08T13:27:19","guid":{"rendered":"http:\/\/www.horse-dental-equipment.com\/produit\/chisel-set\/"},"modified":"2026-04-01T16:15:58","modified_gmt":"2026-04-01T14:15:58","slug":"set-chisel","status":"publish","type":"product","link":"https:\/\/www.horse-dental-equipment.com\/fr\/produit\/set-chisel\/","title":{"rendered":"Set Chisel"},"content":{"rendered":"<p>Utilis\u00e9s pour p\u00e9n\u00e9trer dans l'espace interdentaire pour desserrer ou enlever les fragments de dents.<br \/>\nLe set comprend 4 inserts de diff\u00e9rentes longueurs.<br \/>\nIls peuvent tous \u00eatre utilis\u00e9s avec les poign\u00e9es inox en T ou bien avec le <a href=\"http:\/\/www.horse-dental-equipment.com\/fr\/produit\/poignee-droite-courte\/\">manche droit court (PEGA_312001)<\/a> pour avoir des applications encore plus polyvalentes.<\/p>","protected":false},"excerpt":{"rendered":"<p>Chisel set contains 4 different insert lengths. They are used to get into the interdental space to loosen or remove tooth fragments. They can be used with the short straight handle as well to have even more versatile possibilities of application.<\/p>","protected":false},"featured_media":4325,"comment_status":"closed","ping_status":"closed","template":"","meta":{"_acf_changed":false},"product_brand":[],"product_cat":[15,111],"product_tag":[],"class_list":{"0":"post-3205","1":"product","2":"type-product","3":"status-publish","4":"has-post-thumbnail","6":"product_cat-pegasos","7":"product_cat-pegasos-stomatology","9":"first","10":"instock","11":"purchasable","12":"product-type-simple"},"acf":[],"yoast_head":"<!-- This site is optimized with the Yoast SEO plugin v27.4 - https:\/\/yoast.com\/product\/yoast-seo-wordpress\/ -->\n<title>Chisel Set - Horse Dental Equipment<\/title>\n<meta name=\"description\" content=\"Chisel set contains 4 different insert lengths. They are used to get into the interdental space to loosen or remove tooth fragments.\" \/>\n<meta name=\"robots\" content=\"index, follow, max-snippet:-1, max-image-preview:large, max-video-preview:-1\" \/>\n<link rel=\"canonical\" href=\"https:\/\/www.horse-dental-equipment.com\/fr\/produit\/set-chisel\/\" \/>\n<meta property=\"og:locale\" content=\"fr_FR\" \/>\n<meta property=\"og:type\" content=\"article\" \/>\n<meta property=\"og:title\" content=\"Chisel Set - Horse Dental Equipment\" \/>\n<meta property=\"og:description\" content=\"Chisel set contains 4 different insert lengths. They are used to get into the interdental space to loosen or remove tooth fragments.\" \/>\n<meta property=\"og:url\" content=\"https:\/\/www.horse-dental-equipment.com\/fr\/produit\/set-chisel\/\" \/>\n<meta property=\"og:site_name\" content=\"Horse Dental Equipment\" \/>\n<meta property=\"article:modified_time\" content=\"2026-04-01T14:15:58+00:00\" \/>\n<meta property=\"og:image\" content=\"https:\/\/www.horse-dental-equipment.com\/wp-content\/uploads\/2020\/07\/PEGA_310020.jpg\" \/>\n\t<meta property=\"og:image:width\" content=\"800\" \/>\n\t<meta property=\"og:image:height\" content=\"619\" \/>\n\t<meta property=\"og:image:type\" content=\"image\/jpeg\" \/>\n<meta name=\"twitter:card\" content=\"summary_large_image\" \/>\n<meta name=\"twitter:label1\" content=\"Dur\u00e9e de lecture estim\u00e9e\" \/>\n\t<meta name=\"twitter:data1\" content=\"1 minute\" \/>\n<script type=\"application\/ld+json\" class=\"yoast-schema-graph\">{\"@context\":\"https:\\\/\\\/schema.org\",\"@graph\":[{\"@type\":\"WebPage\",\"@id\":\"https:\\\/\\\/www.horse-dental-equipment.com\\\/product\\\/chisel-set\\\/\",\"url\":\"https:\\\/\\\/www.horse-dental-equipment.com\\\/product\\\/chisel-set\\\/\",\"name\":\"Chisel Set - Horse Dental Equipment\",\"isPartOf\":{\"@id\":\"https:\\\/\\\/www.horse-dental-equipment.com\\\/#website\"},\"primaryImageOfPage\":{\"@id\":\"https:\\\/\\\/www.horse-dental-equipment.com\\\/product\\\/chisel-set\\\/#primaryimage\"},\"image\":{\"@id\":\"https:\\\/\\\/www.horse-dental-equipment.com\\\/product\\\/chisel-set\\\/#primaryimage\"},\"thumbnailUrl\":\"https:\\\/\\\/www.horse-dental-equipment.com\\\/wp-content\\\/uploads\\\/2020\\\/07\\\/PEGA_310020.jpg\",\"datePublished\":\"2020-07-08T13:27:19+00:00\",\"dateModified\":\"2026-04-01T14:15:58+00:00\",\"description\":\"Chisel set contains 4 different insert lengths. They are used to get into the interdental space to loosen or remove tooth fragments.\",\"breadcrumb\":{\"@id\":\"https:\\\/\\\/www.horse-dental-equipment.com\\\/product\\\/chisel-set\\\/#breadcrumb\"},\"inLanguage\":\"fr-FR\",\"potentialAction\":[{\"@type\":\"ReadAction\",\"target\":[\"https:\\\/\\\/www.horse-dental-equipment.com\\\/product\\\/chisel-set\\\/\"]}]},{\"@type\":\"ImageObject\",\"inLanguage\":\"fr-FR\",\"@id\":\"https:\\\/\\\/www.horse-dental-equipment.com\\\/product\\\/chisel-set\\\/#primaryimage\",\"url\":\"https:\\\/\\\/www.horse-dental-equipment.com\\\/wp-content\\\/uploads\\\/2020\\\/07\\\/PEGA_310020.jpg\",\"contentUrl\":\"https:\\\/\\\/www.horse-dental-equipment.com\\\/wp-content\\\/uploads\\\/2020\\\/07\\\/PEGA_310020.jpg\",\"width\":800,\"height\":619,\"caption\":\"Chisel Set\"},{\"@type\":\"BreadcrumbList\",\"@id\":\"https:\\\/\\\/www.horse-dental-equipment.com\\\/product\\\/chisel-set\\\/#breadcrumb\",\"itemListElement\":[{\"@type\":\"ListItem\",\"position\":1,\"name\":\"Home\",\"item\":\"https:\\\/\\\/www.horse-dental-equipment.com\\\/\"},{\"@type\":\"ListItem\",\"position\":2,\"name\":\"Products\",\"item\":\"https:\\\/\\\/www.horse-dental-equipment.com\\\/fr\\\/produits\\\/\"},{\"@type\":\"ListItem\",\"position\":3,\"name\":\"Chisel Set\"}]},{\"@type\":\"WebSite\",\"@id\":\"https:\\\/\\\/www.horse-dental-equipment.com\\\/#website\",\"url\":\"https:\\\/\\\/www.horse-dental-equipment.com\\\/\",\"name\":\"Horse Dental Equipment\",\"description\":\"Your partner to develop your equine dentistry business\",\"potentialAction\":[{\"@type\":\"SearchAction\",\"target\":{\"@type\":\"EntryPoint\",\"urlTemplate\":\"https:\\\/\\\/www.horse-dental-equipment.com\\\/?s={search_term_string}\"},\"query-input\":{\"@type\":\"PropertyValueSpecification\",\"valueRequired\":true,\"valueName\":\"search_term_string\"}}],\"inLanguage\":\"fr-FR\"}]}<\/script>\n<!-- \/ Yoast SEO plugin. -->","yoast_head_json":{"title":"Set Chisel - Horse Dental Equipment","description":"Utilis\u00e9s pour p\u00e9n\u00e9trer dans l'espace interdentaire pour desserrer ou enlever les fragments de dents.\nLe set comprend 4 inserts de diff\u00e9rentes longueurs.","robots":{"index":"index","follow":"follow","max-snippet":"max-snippet:-1","max-image-preview":"max-image-preview:large","max-video-preview":"max-video-preview:-1"},"canonical":"https:\/\/www.horse-dental-equipment.com\/fr\/produit\/set-chisel\/","og_locale":"fr_FR","og_type":"article","og_title":"Chisel Set - Horse Dental Equipment","og_description":"Chisel set contains 4 different insert lengths. They are used to get into the interdental space to loosen or remove tooth fragments.","og_url":"https:\/\/www.horse-dental-equipment.com\/fr\/produit\/set-chisel\/","og_site_name":"Horse Dental Equipment","article_modified_time":"2026-04-01T14:15:58+00:00","og_image":[{"width":800,"height":619,"url":"https:\/\/www.horse-dental-equipment.com\/wp-content\/uploads\/2020\/07\/PEGA_310020.jpg","type":"image\/jpeg"}],"twitter_card":"summary_large_image","twitter_misc":{"Dur\u00e9e de lecture estim\u00e9e":"1 minute"},"schema":{"@context":"https:\/\/schema.org","@graph":[{"@type":"WebPage","@id":"https:\/\/www.horse-dental-equipment.com\/product\/chisel-set\/","url":"https:\/\/www.horse-dental-equipment.com\/product\/chisel-set\/","name":"Set Chisel - Horse Dental Equipment","isPartOf":{"@id":"https:\/\/www.horse-dental-equipment.com\/#website"},"primaryImageOfPage":{"@id":"https:\/\/www.horse-dental-equipment.com\/product\/chisel-set\/#primaryimage"},"image":{"@id":"https:\/\/www.horse-dental-equipment.com\/product\/chisel-set\/#primaryimage"},"thumbnailUrl":"https:\/\/www.horse-dental-equipment.com\/wp-content\/uploads\/2020\/07\/PEGA_310020.jpg","datePublished":"2020-07-08T13:27:19+00:00","dateModified":"2026-04-01T14:15:58+00:00","description":"Utilis\u00e9s pour p\u00e9n\u00e9trer dans l'espace interdentaire pour desserrer ou enlever les fragments de dents.\nLe set comprend 4 inserts de diff\u00e9rentes longueurs.","breadcrumb":{"@id":"https:\/\/www.horse-dental-equipment.com\/product\/chisel-set\/#breadcrumb"},"inLanguage":"fr-FR","potentialAction":[{"@type":"ReadAction","target":["https:\/\/www.horse-dental-equipment.com\/product\/chisel-set\/"]}]},{"@type":"ImageObject","inLanguage":"fr-FR","@id":"https:\/\/www.horse-dental-equipment.com\/product\/chisel-set\/#primaryimage","url":"https:\/\/www.horse-dental-equipment.com\/wp-content\/uploads\/2020\/07\/PEGA_310020.jpg","contentUrl":"https:\/\/www.horse-dental-equipment.com\/wp-content\/uploads\/2020\/07\/PEGA_310020.jpg","width":800,"height":619,"caption":"Chisel Set"},{"@type":"BreadcrumbList","@id":"https:\/\/www.horse-dental-equipment.com\/product\/chisel-set\/#breadcrumb","itemListElement":[{"@type":"ListItem","position":1,"name":"Home","item":"https:\/\/www.horse-dental-equipment.com\/"},{"@type":"ListItem","position":2,"name":"Products","item":"https:\/\/www.horse-dental-equipment.com\/fr\/produits\/"},{"@type":"ListItem","position":3,"name":"Chisel Set"}]},{"@type":"WebSite","@id":"https:\/\/www.horse-dental-equipment.com\/#website","url":"https:\/\/www.horse-dental-equipment.com\/","name":"Horse Dental Equipment","description":"Your partner to develop your equine dentistry business","potentialAction":[{"@type":"SearchAction","target":{"@type":"EntryPoint","urlTemplate":"https:\/\/www.horse-dental-equipment.com\/?s={search_term_string}"},"query-input":{"@type":"PropertyValueSpecification","valueRequired":true,"valueName":"search_term_string"}}],"inLanguage":"fr-FR"}]}},"_links":{"self":[{"href":"https:\/\/www.horse-dental-equipment.com\/fr\/wp-json\/wp\/v2\/product\/3205","targetHints":{"allow":["GET"]}}],"collection":[{"href":"https:\/\/www.horse-dental-equipment.com\/fr\/wp-json\/wp\/v2\/product"}],"about":[{"href":"https:\/\/www.horse-dental-equipment.com\/fr\/wp-json\/wp\/v2\/types\/product"}],"replies":[{"embeddable":true,"href":"https:\/\/www.horse-dental-equipment.com\/fr\/wp-json\/wp\/v2\/comments?post=3205"}],"wp:featuredmedia":[{"embeddable":true,"href":"https:\/\/www.horse-dental-equipment.com\/fr\/wp-json\/wp\/v2\/media\/4325"}],"wp:attachment":[{"href":"https:\/\/www.horse-dental-equipment.com\/fr\/wp-json\/wp\/v2\/media?parent=3205"}],"wp:term":[{"taxonomy":"product_brand","embeddable":true,"href":"https:\/\/www.horse-dental-equipment.com\/fr\/wp-json\/wp\/v2\/product_brand?post=3205"},{"taxonomy":"product_cat","embeddable":true,"href":"https:\/\/www.horse-dental-equipment.com\/fr\/wp-json\/wp\/v2\/product_cat?post=3205"},{"taxonomy":"product_tag","embeddable":true,"href":"https:\/\/www.horse-dental-equipment.com\/fr\/wp-json\/wp\/v2\/product_tag?post=3205"}],"curies":[{"name":"wp","href":"https:\/\/api.w.org\/{rel}","templated":true}]}}