{"id":3200,"date":"2020-07-08T15:27:19","date_gmt":"2020-07-08T13:27:19","guid":{"rendered":"http:\/\/www.horse-dental-equipment.com\/produit\/dental-pick-set-basic-t-handle-8-wide-luxators-set-5-mm-screwdriver\/"},"modified":"2026-04-01T16:14:25","modified_gmt":"2026-04-01T14:14:25","slug":"set-pic-dentaire-basique-poignee-t-set-luxateurs-o5-mm-tournevis-torx-non-autoclavable","status":"publish","type":"product","link":"https:\/\/www.horse-dental-equipment.com\/fr\/produit\/set-pic-dentaire-basique-poignee-t-set-luxateurs-o5-mm-tournevis-torx-non-autoclavable\/","title":{"rendered":"Set de Pic Dentaire - Basique - Poign\u00e9e T, Set de Luxateurs \u00d85 mm et Tournevis Torx (non autoclavable)"},"content":{"rendered":"<p>Cet ensemble contient une poign\u00e9e T dont la t\u00eate \u00e0 un angle de 8\u00b0, un set de 5 luxateurs larges (\u00d85 mm) de diff\u00e9rentes longueurs et un tournevis non autoclavable.<br \/>\nIl peut \u00eatre utilis\u00e9 pour \u00e9carter la gencive, enlever les fragments de dents ou les racines restantes.<br \/>\nLes luxateurs ont une pointe fine et ac\u00e9r\u00e9e et peuvent \u00eatre appliqu\u00e9s dans n'importe quel sens.<\/p>","protected":false},"excerpt":{"rendered":"<p>Cet ensemble contient une poign\u00e9e T dont la t\u00eate \u00e0 un angle de 8\u00b0, un set de 5 luxateurs larges (\u00d8 5 mm) de diff\u00e9rentes longueurs et un tournevis non autoclavable.\nIl peut \u00eatre utilis\u00e9 pour \u00e9carter la gencive, enlever les fragments de dents ou les racines restantes.\nLes luxateurs ont une pointe fine et ac\u00e9r\u00e9e et peuvent \u00eatre appliqu\u00e9s dans n'importe quel sens.<\/p>","protected":false},"featured_media":6829,"comment_status":"closed","ping_status":"closed","template":"","meta":{"_acf_changed":false},"product_brand":[],"product_cat":[123,121,15],"product_tag":[],"class_list":{"0":"post-3200","1":"product","2":"type-product","3":"status-publish","4":"has-post-thumbnail","6":"product_cat-dental-pick","7":"product_cat-pegasos-extraction-kit","8":"product_cat-pegasos","10":"first","11":"instock","12":"purchasable","13":"product-type-simple"},"acf":[],"yoast_head":"<!-- This site is optimized with the Yoast SEO plugin v27.4 - https:\/\/yoast.com\/product\/yoast-seo-wordpress\/ -->\n<title>Dental Pick Set - Basic T-Handle - 8\u00b0, Wide Luxators Set - 5 mm, Screwdriver - Horse Dental Equipment<\/title>\n<meta name=\"description\" content=\"This set contains a 8\u00b0 handle, a set of 5 mm luxators in different lengths and a non-autoclavable screwdriver. It can be used to loosen gingiva,...\" \/>\n<meta name=\"robots\" content=\"index, follow, max-snippet:-1, max-image-preview:large, max-video-preview:-1\" \/>\n<link rel=\"canonical\" href=\"https:\/\/www.horse-dental-equipment.com\/fr\/produit\/set-pic-dentaire-basique-poignee-t-set-luxateurs-o5-mm-tournevis-torx-non-autoclavable\/\" \/>\n<meta property=\"og:locale\" content=\"fr_FR\" \/>\n<meta property=\"og:type\" content=\"article\" \/>\n<meta property=\"og:title\" content=\"Dental Pick Set - Basic T-Handle - 8\u00b0, Wide Luxators Set - 5 mm, Screwdriver - Horse Dental Equipment\" \/>\n<meta property=\"og:description\" content=\"This set contains a 8\u00b0 handle, a set of 5 mm luxators in different lengths and a non-autoclavable screwdriver. It can be used to loosen gingiva,...\" \/>\n<meta property=\"og:url\" content=\"https:\/\/www.horse-dental-equipment.com\/fr\/produit\/set-pic-dentaire-basique-poignee-t-set-luxateurs-o5-mm-tournevis-torx-non-autoclavable\/\" \/>\n<meta property=\"og:site_name\" content=\"Horse Dental Equipment\" \/>\n<meta property=\"article:modified_time\" content=\"2026-04-01T14:14:25+00:00\" \/>\n<meta property=\"og:image\" content=\"https:\/\/www.horse-dental-equipment.com\/wp-content\/uploads\/2020\/07\/PEGA_310100.png\" \/>\n\t<meta property=\"og:image:width\" content=\"800\" \/>\n\t<meta property=\"og:image:height\" content=\"619\" \/>\n\t<meta property=\"og:image:type\" content=\"image\/png\" \/>\n<meta name=\"twitter:card\" content=\"summary_large_image\" \/>\n<meta name=\"twitter:label1\" content=\"Dur\u00e9e de lecture estim\u00e9e\" \/>\n\t<meta name=\"twitter:data1\" content=\"1 minute\" \/>\n<script type=\"application\/ld+json\" class=\"yoast-schema-graph\">{\"@context\":\"https:\\\/\\\/schema.org\",\"@graph\":[{\"@type\":\"WebPage\",\"@id\":\"https:\\\/\\\/www.horse-dental-equipment.com\\\/product\\\/dental-pick-set-basic-t-handle-8-wide-luxators-set-5-mm-screwdriver\\\/\",\"url\":\"https:\\\/\\\/www.horse-dental-equipment.com\\\/product\\\/dental-pick-set-basic-t-handle-8-wide-luxators-set-5-mm-screwdriver\\\/\",\"name\":\"Dental Pick Set - Basic T-Handle - 8\u00b0, Wide Luxators Set - 5 mm, Screwdriver - Horse Dental Equipment\",\"isPartOf\":{\"@id\":\"https:\\\/\\\/www.horse-dental-equipment.com\\\/#website\"},\"primaryImageOfPage\":{\"@id\":\"https:\\\/\\\/www.horse-dental-equipment.com\\\/product\\\/dental-pick-set-basic-t-handle-8-wide-luxators-set-5-mm-screwdriver\\\/#primaryimage\"},\"image\":{\"@id\":\"https:\\\/\\\/www.horse-dental-equipment.com\\\/product\\\/dental-pick-set-basic-t-handle-8-wide-luxators-set-5-mm-screwdriver\\\/#primaryimage\"},\"thumbnailUrl\":\"https:\\\/\\\/www.horse-dental-equipment.com\\\/wp-content\\\/uploads\\\/2020\\\/07\\\/PEGA_310100.png\",\"datePublished\":\"2020-07-08T13:27:19+00:00\",\"dateModified\":\"2026-04-01T14:14:25+00:00\",\"description\":\"This set contains a 8\u00b0 handle, a set of 5 mm luxators in different lengths and a non-autoclavable screwdriver. It can be used to loosen gingiva,...\",\"breadcrumb\":{\"@id\":\"https:\\\/\\\/www.horse-dental-equipment.com\\\/product\\\/dental-pick-set-basic-t-handle-8-wide-luxators-set-5-mm-screwdriver\\\/#breadcrumb\"},\"inLanguage\":\"fr-FR\",\"potentialAction\":[{\"@type\":\"ReadAction\",\"target\":[\"https:\\\/\\\/www.horse-dental-equipment.com\\\/product\\\/dental-pick-set-basic-t-handle-8-wide-luxators-set-5-mm-screwdriver\\\/\"]}]},{\"@type\":\"ImageObject\",\"inLanguage\":\"fr-FR\",\"@id\":\"https:\\\/\\\/www.horse-dental-equipment.com\\\/product\\\/dental-pick-set-basic-t-handle-8-wide-luxators-set-5-mm-screwdriver\\\/#primaryimage\",\"url\":\"https:\\\/\\\/www.horse-dental-equipment.com\\\/wp-content\\\/uploads\\\/2020\\\/07\\\/PEGA_310100.png\",\"contentUrl\":\"https:\\\/\\\/www.horse-dental-equipment.com\\\/wp-content\\\/uploads\\\/2020\\\/07\\\/PEGA_310100.png\",\"width\":800,\"height\":619,\"caption\":\"Dental Pick Set - Basic T-Handle - 8\u00b0, Wide Luxators Set - 5 mm, Screwdriver\"},{\"@type\":\"BreadcrumbList\",\"@id\":\"https:\\\/\\\/www.horse-dental-equipment.com\\\/product\\\/dental-pick-set-basic-t-handle-8-wide-luxators-set-5-mm-screwdriver\\\/#breadcrumb\",\"itemListElement\":[{\"@type\":\"ListItem\",\"position\":1,\"name\":\"Home\",\"item\":\"https:\\\/\\\/www.horse-dental-equipment.com\\\/\"},{\"@type\":\"ListItem\",\"position\":2,\"name\":\"Products\",\"item\":\"https:\\\/\\\/www.horse-dental-equipment.com\\\/fr\\\/produits\\\/\"},{\"@type\":\"ListItem\",\"position\":3,\"name\":\"Dental Pick Set &#8211; Basic T-Handle &#8211; 8\u00b0, Wide Luxators Set &#8211; 5 mm, Screwdriver\"}]},{\"@type\":\"WebSite\",\"@id\":\"https:\\\/\\\/www.horse-dental-equipment.com\\\/#website\",\"url\":\"https:\\\/\\\/www.horse-dental-equipment.com\\\/\",\"name\":\"Horse Dental Equipment\",\"description\":\"Your partner to develop your equine dentistry business\",\"potentialAction\":[{\"@type\":\"SearchAction\",\"target\":{\"@type\":\"EntryPoint\",\"urlTemplate\":\"https:\\\/\\\/www.horse-dental-equipment.com\\\/?s={search_term_string}\"},\"query-input\":{\"@type\":\"PropertyValueSpecification\",\"valueRequired\":true,\"valueName\":\"search_term_string\"}}],\"inLanguage\":\"fr-FR\"}]}<\/script>\n<!-- \/ Yoast SEO plugin. -->","yoast_head_json":{"title":"Set de Pic Dentaire - Basique - Poign\u00e9e T, Set de Luxateurs \u00d85 mm et Tournevis Torx (non autoclavable) - Horse Dental Equipment","description":"Cet ensemble contient une poign\u00e9e T dont la t\u00eate \u00e0 un angle de 8\u00b0, un set de 5 luxateurs larges (\u00d85 mm) de diff\u00e9rentes longueurs et un tournevis non autoclavable.","robots":{"index":"index","follow":"follow","max-snippet":"max-snippet:-1","max-image-preview":"max-image-preview:large","max-video-preview":"max-video-preview:-1"},"canonical":"https:\/\/www.horse-dental-equipment.com\/fr\/produit\/set-pic-dentaire-basique-poignee-t-set-luxateurs-o5-mm-tournevis-torx-non-autoclavable\/","og_locale":"fr_FR","og_type":"article","og_title":"Dental Pick Set - Basic T-Handle - 8\u00b0, Wide Luxators Set - 5 mm, Screwdriver - Horse Dental Equipment","og_description":"This set contains a 8\u00b0 handle, a set of 5 mm luxators in different lengths and a non-autoclavable screwdriver. It can be used to loosen gingiva,...","og_url":"https:\/\/www.horse-dental-equipment.com\/fr\/produit\/set-pic-dentaire-basique-poignee-t-set-luxateurs-o5-mm-tournevis-torx-non-autoclavable\/","og_site_name":"Horse Dental Equipment","article_modified_time":"2026-04-01T14:14:25+00:00","og_image":[{"width":800,"height":619,"url":"https:\/\/www.horse-dental-equipment.com\/wp-content\/uploads\/2020\/07\/PEGA_310100.png","type":"image\/png"}],"twitter_card":"summary_large_image","twitter_misc":{"Dur\u00e9e de lecture estim\u00e9e":"1 minute"},"schema":{"@context":"https:\/\/schema.org","@graph":[{"@type":"WebPage","@id":"https:\/\/www.horse-dental-equipment.com\/product\/dental-pick-set-basic-t-handle-8-wide-luxators-set-5-mm-screwdriver\/","url":"https:\/\/www.horse-dental-equipment.com\/product\/dental-pick-set-basic-t-handle-8-wide-luxators-set-5-mm-screwdriver\/","name":"Set de Pic Dentaire - Basique - Poign\u00e9e T, Set de Luxateurs \u00d85 mm et Tournevis Torx (non autoclavable) - Horse Dental Equipment","isPartOf":{"@id":"https:\/\/www.horse-dental-equipment.com\/#website"},"primaryImageOfPage":{"@id":"https:\/\/www.horse-dental-equipment.com\/product\/dental-pick-set-basic-t-handle-8-wide-luxators-set-5-mm-screwdriver\/#primaryimage"},"image":{"@id":"https:\/\/www.horse-dental-equipment.com\/product\/dental-pick-set-basic-t-handle-8-wide-luxators-set-5-mm-screwdriver\/#primaryimage"},"thumbnailUrl":"https:\/\/www.horse-dental-equipment.com\/wp-content\/uploads\/2020\/07\/PEGA_310100.png","datePublished":"2020-07-08T13:27:19+00:00","dateModified":"2026-04-01T14:14:25+00:00","description":"Cet ensemble contient une poign\u00e9e T dont la t\u00eate \u00e0 un angle de 8\u00b0, un set de 5 luxateurs larges (\u00d85 mm) de diff\u00e9rentes longueurs et un tournevis non autoclavable.","breadcrumb":{"@id":"https:\/\/www.horse-dental-equipment.com\/product\/dental-pick-set-basic-t-handle-8-wide-luxators-set-5-mm-screwdriver\/#breadcrumb"},"inLanguage":"fr-FR","potentialAction":[{"@type":"ReadAction","target":["https:\/\/www.horse-dental-equipment.com\/product\/dental-pick-set-basic-t-handle-8-wide-luxators-set-5-mm-screwdriver\/"]}]},{"@type":"ImageObject","inLanguage":"fr-FR","@id":"https:\/\/www.horse-dental-equipment.com\/product\/dental-pick-set-basic-t-handle-8-wide-luxators-set-5-mm-screwdriver\/#primaryimage","url":"https:\/\/www.horse-dental-equipment.com\/wp-content\/uploads\/2020\/07\/PEGA_310100.png","contentUrl":"https:\/\/www.horse-dental-equipment.com\/wp-content\/uploads\/2020\/07\/PEGA_310100.png","width":800,"height":619,"caption":"Dental Pick Set - Basic T-Handle - 8\u00b0, Wide Luxators Set - 5 mm, Screwdriver"},{"@type":"BreadcrumbList","@id":"https:\/\/www.horse-dental-equipment.com\/product\/dental-pick-set-basic-t-handle-8-wide-luxators-set-5-mm-screwdriver\/#breadcrumb","itemListElement":[{"@type":"ListItem","position":1,"name":"Home","item":"https:\/\/www.horse-dental-equipment.com\/"},{"@type":"ListItem","position":2,"name":"Products","item":"https:\/\/www.horse-dental-equipment.com\/fr\/produits\/"},{"@type":"ListItem","position":3,"name":"Dental Pick Set &#8211; Basic T-Handle &#8211; 8\u00b0, Wide Luxators Set &#8211; 5 mm, Screwdriver"}]},{"@type":"WebSite","@id":"https:\/\/www.horse-dental-equipment.com\/#website","url":"https:\/\/www.horse-dental-equipment.com\/","name":"Horse Dental Equipment","description":"Your partner to develop your equine dentistry business","potentialAction":[{"@type":"SearchAction","target":{"@type":"EntryPoint","urlTemplate":"https:\/\/www.horse-dental-equipment.com\/?s={search_term_string}"},"query-input":{"@type":"PropertyValueSpecification","valueRequired":true,"valueName":"search_term_string"}}],"inLanguage":"fr-FR"}]}},"_links":{"self":[{"href":"https:\/\/www.horse-dental-equipment.com\/fr\/wp-json\/wp\/v2\/product\/3200","targetHints":{"allow":["GET"]}}],"collection":[{"href":"https:\/\/www.horse-dental-equipment.com\/fr\/wp-json\/wp\/v2\/product"}],"about":[{"href":"https:\/\/www.horse-dental-equipment.com\/fr\/wp-json\/wp\/v2\/types\/product"}],"replies":[{"embeddable":true,"href":"https:\/\/www.horse-dental-equipment.com\/fr\/wp-json\/wp\/v2\/comments?post=3200"}],"wp:featuredmedia":[{"embeddable":true,"href":"https:\/\/www.horse-dental-equipment.com\/fr\/wp-json\/wp\/v2\/media\/6829"}],"wp:attachment":[{"href":"https:\/\/www.horse-dental-equipment.com\/fr\/wp-json\/wp\/v2\/media?parent=3200"}],"wp:term":[{"taxonomy":"product_brand","embeddable":true,"href":"https:\/\/www.horse-dental-equipment.com\/fr\/wp-json\/wp\/v2\/product_brand?post=3200"},{"taxonomy":"product_cat","embeddable":true,"href":"https:\/\/www.horse-dental-equipment.com\/fr\/wp-json\/wp\/v2\/product_cat?post=3200"},{"taxonomy":"product_tag","embeddable":true,"href":"https:\/\/www.horse-dental-equipment.com\/fr\/wp-json\/wp\/v2\/product_tag?post=3200"}],"curies":[{"name":"wp","href":"https:\/\/api.w.org\/{rel}","templated":true}]}}