{"id":3199,"date":"2020-07-08T15:27:19","date_gmt":"2020-07-08T13:27:19","guid":{"rendered":"http:\/\/www.horse-dental-equipment.com\/produit\/mte-kit-minimal-invasive-transbuccal-extraction-kit\/"},"modified":"2026-04-01T16:14:13","modified_gmt":"2026-04-01T14:14:13","slug":"kit-mte-extraction-transbuccale-mini-invasive","status":"publish","type":"product","link":"https:\/\/www.horse-dental-equipment.com\/fr\/produit\/kit-mte-extraction-transbuccale-mini-invasive\/","title":{"rendered":"Kit MTE (Extraction Transbuccale Mini-Invasive)"},"content":{"rendered":"<p>La technique MTE est indiqu\u00e9e dans les cas suivants :<\/p>\n<ul>\n<li>La force applicable \u00e0 la couronne est insuffisante<\/li>\n<li>Malformation de la couronne<\/li>\n<li>Suppression des fragments de racines<\/li>\n<\/ul>\n<p>La toile situ\u00e9e dans la bo\u00eete sert de filtre et assure la fermeture hygi\u00e9nique de la bo\u00eete.<br \/>\nIl convient de contr\u00f4ler r\u00e9guli\u00e8rement qu'elle n'est pas sale et de la changer au plus tard apr\u00e8s 1000 processus de st\u00e9rilisation.<\/p>\n<p>Composants du Kit MTE :<\/p>\n<ol>\n<li>Trocart long coupant<\/li>\n<li>Trocart long \u00e9mouss\u00e9<\/li>\n<li>Douille de trocart longue<\/li>\n<li>Trocart court coupant<\/li>\n<li>Trocart court \u00e9mouss\u00e9<\/li>\n<li>Douille de trocart courte<\/li>\n<li>Chisel dentaire d\u00e9cal\u00e9<\/li>\n<li>Chisel dentaire simple<\/li>\n<li>Manche court<\/li>\n<li>Luxateur<\/li>\n<li>Boucle<\/li>\n<li>Curette coupante<\/li>\n<li>Douille de per\u00e7age<\/li>\n<li>Perceuse<\/li>\n<li>Filetage<\/li>\n<li>Vis d'extraction<\/li>\n<li>Marteau<\/li>\n<li>Davier \u00e0 fragments de racines<\/li>\n<li>Bo\u00eete autoclavable<\/li>\n<\/ol>","protected":false},"excerpt":{"rendered":"<p>The MTE-technique is indicated in following cases: Force applicable to the crown is insufficient Malformation of the crown Removal of roots fragments The canvas situated in the box serves as a filter and does provide hygienic closure of the box. It should be regularly controlled that it is not dirty and changed latest after 1000 [&hellip;]<\/p>\n","protected":false},"featured_media":10940,"comment_status":"closed","ping_status":"closed","template":"","meta":{"_acf_changed":false},"product_brand":[],"product_cat":[121,122,15],"product_tag":[],"class_list":{"0":"post-3199","1":"product","2":"type-product","3":"status-publish","4":"has-post-thumbnail","6":"product_cat-pegasos-extraction-kit","7":"product_cat-mte-kit","8":"product_cat-pegasos","10":"first","11":"instock","12":"purchasable","13":"product-type-simple"},"acf":[],"yoast_head":"<!-- This site is optimized with the Yoast SEO plugin v27.4 - https:\/\/yoast.com\/product\/yoast-seo-wordpress\/ -->\n<title>MTE KIT (Minimal invasive Transbuccal Extraction Kit) - Horse Dental Equipment<\/title>\n<meta name=\"description\" content=\"The MTE-technique is indicated in following cases: Force applicable to the crown is insufficient \/ Malformation of the crown \/ Removal of roots fragments\" \/>\n<meta name=\"robots\" content=\"index, follow, max-snippet:-1, max-image-preview:large, max-video-preview:-1\" \/>\n<link rel=\"canonical\" href=\"https:\/\/www.horse-dental-equipment.com\/fr\/produit\/kit-mte-extraction-transbuccale-mini-invasive\/\" \/>\n<meta property=\"og:locale\" content=\"fr_FR\" \/>\n<meta property=\"og:type\" content=\"article\" \/>\n<meta property=\"og:title\" content=\"MTE KIT (Minimal invasive Transbuccal Extraction Kit) - Horse Dental Equipment\" \/>\n<meta property=\"og:description\" content=\"The MTE-technique is indicated in following cases: Force applicable to the crown is insufficient \/ Malformation of the crown \/ Removal of roots fragments\" \/>\n<meta property=\"og:url\" content=\"https:\/\/www.horse-dental-equipment.com\/fr\/produit\/kit-mte-extraction-transbuccale-mini-invasive\/\" \/>\n<meta property=\"og:site_name\" content=\"Horse Dental Equipment\" \/>\n<meta property=\"article:modified_time\" content=\"2026-04-01T14:14:13+00:00\" \/>\n<meta property=\"og:image\" content=\"https:\/\/www.horse-dental-equipment.com\/wp-content\/uploads\/2020\/07\/PEGA_322000-3.jpg\" \/>\n\t<meta property=\"og:image:width\" content=\"800\" \/>\n\t<meta property=\"og:image:height\" content=\"619\" \/>\n\t<meta property=\"og:image:type\" content=\"image\/jpeg\" \/>\n<meta name=\"twitter:card\" content=\"summary_large_image\" \/>\n<meta name=\"twitter:label1\" content=\"Dur\u00e9e de lecture estim\u00e9e\" \/>\n\t<meta name=\"twitter:data1\" content=\"1 minute\" \/>\n<script type=\"application\/ld+json\" class=\"yoast-schema-graph\">{\"@context\":\"https:\\\/\\\/schema.org\",\"@graph\":[{\"@type\":\"WebPage\",\"@id\":\"https:\\\/\\\/www.horse-dental-equipment.com\\\/product\\\/mte-kit-minimal-invasive-transbuccal-extraction-kit\\\/\",\"url\":\"https:\\\/\\\/www.horse-dental-equipment.com\\\/product\\\/mte-kit-minimal-invasive-transbuccal-extraction-kit\\\/\",\"name\":\"MTE KIT (Minimal invasive Transbuccal Extraction Kit) - Horse Dental Equipment\",\"isPartOf\":{\"@id\":\"https:\\\/\\\/www.horse-dental-equipment.com\\\/#website\"},\"primaryImageOfPage\":{\"@id\":\"https:\\\/\\\/www.horse-dental-equipment.com\\\/product\\\/mte-kit-minimal-invasive-transbuccal-extraction-kit\\\/#primaryimage\"},\"image\":{\"@id\":\"https:\\\/\\\/www.horse-dental-equipment.com\\\/product\\\/mte-kit-minimal-invasive-transbuccal-extraction-kit\\\/#primaryimage\"},\"thumbnailUrl\":\"https:\\\/\\\/www.horse-dental-equipment.com\\\/wp-content\\\/uploads\\\/2020\\\/07\\\/PEGA_322000-3.jpg\",\"datePublished\":\"2020-07-08T13:27:19+00:00\",\"dateModified\":\"2026-04-01T14:14:13+00:00\",\"description\":\"The MTE-technique is indicated in following cases: Force applicable to the crown is insufficient \\\/ Malformation of the crown \\\/ Removal of roots fragments\",\"breadcrumb\":{\"@id\":\"https:\\\/\\\/www.horse-dental-equipment.com\\\/product\\\/mte-kit-minimal-invasive-transbuccal-extraction-kit\\\/#breadcrumb\"},\"inLanguage\":\"fr-FR\",\"potentialAction\":[{\"@type\":\"ReadAction\",\"target\":[\"https:\\\/\\\/www.horse-dental-equipment.com\\\/product\\\/mte-kit-minimal-invasive-transbuccal-extraction-kit\\\/\"]}]},{\"@type\":\"ImageObject\",\"inLanguage\":\"fr-FR\",\"@id\":\"https:\\\/\\\/www.horse-dental-equipment.com\\\/product\\\/mte-kit-minimal-invasive-transbuccal-extraction-kit\\\/#primaryimage\",\"url\":\"https:\\\/\\\/www.horse-dental-equipment.com\\\/wp-content\\\/uploads\\\/2020\\\/07\\\/PEGA_322000-3.jpg\",\"contentUrl\":\"https:\\\/\\\/www.horse-dental-equipment.com\\\/wp-content\\\/uploads\\\/2020\\\/07\\\/PEGA_322000-3.jpg\",\"width\":800,\"height\":619,\"caption\":\"MTE Kit (Minimal Invasive Transbuccal Extraction Kit)\"},{\"@type\":\"BreadcrumbList\",\"@id\":\"https:\\\/\\\/www.horse-dental-equipment.com\\\/product\\\/mte-kit-minimal-invasive-transbuccal-extraction-kit\\\/#breadcrumb\",\"itemListElement\":[{\"@type\":\"ListItem\",\"position\":1,\"name\":\"Home\",\"item\":\"https:\\\/\\\/www.horse-dental-equipment.com\\\/\"},{\"@type\":\"ListItem\",\"position\":2,\"name\":\"Products\",\"item\":\"https:\\\/\\\/www.horse-dental-equipment.com\\\/fr\\\/produits\\\/\"},{\"@type\":\"ListItem\",\"position\":3,\"name\":\"MTE KIT (Minimal invasive Transbuccal Extraction Kit)\"}]},{\"@type\":\"WebSite\",\"@id\":\"https:\\\/\\\/www.horse-dental-equipment.com\\\/#website\",\"url\":\"https:\\\/\\\/www.horse-dental-equipment.com\\\/\",\"name\":\"Horse Dental Equipment\",\"description\":\"Your partner to develop your equine dentistry business\",\"potentialAction\":[{\"@type\":\"SearchAction\",\"target\":{\"@type\":\"EntryPoint\",\"urlTemplate\":\"https:\\\/\\\/www.horse-dental-equipment.com\\\/?s={search_term_string}\"},\"query-input\":{\"@type\":\"PropertyValueSpecification\",\"valueRequired\":true,\"valueName\":\"search_term_string\"}}],\"inLanguage\":\"fr-FR\"}]}<\/script>\n<!-- \/ Yoast SEO plugin. -->","yoast_head_json":{"title":"Kit MTE (Extraction Transbuccale Mini-Invasive) - Horse Dental Equipment","description":"La technique MTE est indiqu\u00e9e dans les cas suivants :\n - La force applicable \u00e0 la couronne est insuffisante\n - Malformation de la couronne\n - Suppression des fragments de racines","robots":{"index":"index","follow":"follow","max-snippet":"max-snippet:-1","max-image-preview":"max-image-preview:large","max-video-preview":"max-video-preview:-1"},"canonical":"https:\/\/www.horse-dental-equipment.com\/fr\/produit\/kit-mte-extraction-transbuccale-mini-invasive\/","og_locale":"fr_FR","og_type":"article","og_title":"MTE KIT (Minimal invasive Transbuccal Extraction Kit) - Horse Dental Equipment","og_description":"The MTE-technique is indicated in following cases: Force applicable to the crown is insufficient \/ Malformation of the crown \/ Removal of roots fragments","og_url":"https:\/\/www.horse-dental-equipment.com\/fr\/produit\/kit-mte-extraction-transbuccale-mini-invasive\/","og_site_name":"Horse Dental Equipment","article_modified_time":"2026-04-01T14:14:13+00:00","og_image":[{"width":800,"height":619,"url":"https:\/\/www.horse-dental-equipment.com\/wp-content\/uploads\/2020\/07\/PEGA_322000-3.jpg","type":"image\/jpeg"}],"twitter_card":"summary_large_image","twitter_misc":{"Dur\u00e9e de lecture estim\u00e9e":"1 minute"},"schema":{"@context":"https:\/\/schema.org","@graph":[{"@type":"WebPage","@id":"https:\/\/www.horse-dental-equipment.com\/product\/mte-kit-minimal-invasive-transbuccal-extraction-kit\/","url":"https:\/\/www.horse-dental-equipment.com\/product\/mte-kit-minimal-invasive-transbuccal-extraction-kit\/","name":"Kit MTE (Extraction Transbuccale Mini-Invasive) - Horse Dental Equipment","isPartOf":{"@id":"https:\/\/www.horse-dental-equipment.com\/#website"},"primaryImageOfPage":{"@id":"https:\/\/www.horse-dental-equipment.com\/product\/mte-kit-minimal-invasive-transbuccal-extraction-kit\/#primaryimage"},"image":{"@id":"https:\/\/www.horse-dental-equipment.com\/product\/mte-kit-minimal-invasive-transbuccal-extraction-kit\/#primaryimage"},"thumbnailUrl":"https:\/\/www.horse-dental-equipment.com\/wp-content\/uploads\/2020\/07\/PEGA_322000-3.jpg","datePublished":"2020-07-08T13:27:19+00:00","dateModified":"2026-04-01T14:14:13+00:00","description":"La technique MTE est indiqu\u00e9e dans les cas suivants :\n - La force applicable \u00e0 la couronne est insuffisante\n - Malformation de la couronne\n - Suppression des fragments de racines","breadcrumb":{"@id":"https:\/\/www.horse-dental-equipment.com\/product\/mte-kit-minimal-invasive-transbuccal-extraction-kit\/#breadcrumb"},"inLanguage":"fr-FR","potentialAction":[{"@type":"ReadAction","target":["https:\/\/www.horse-dental-equipment.com\/product\/mte-kit-minimal-invasive-transbuccal-extraction-kit\/"]}]},{"@type":"ImageObject","inLanguage":"fr-FR","@id":"https:\/\/www.horse-dental-equipment.com\/product\/mte-kit-minimal-invasive-transbuccal-extraction-kit\/#primaryimage","url":"https:\/\/www.horse-dental-equipment.com\/wp-content\/uploads\/2020\/07\/PEGA_322000-3.jpg","contentUrl":"https:\/\/www.horse-dental-equipment.com\/wp-content\/uploads\/2020\/07\/PEGA_322000-3.jpg","width":800,"height":619,"caption":"MTE Kit (Minimal Invasive Transbuccal Extraction Kit)"},{"@type":"BreadcrumbList","@id":"https:\/\/www.horse-dental-equipment.com\/product\/mte-kit-minimal-invasive-transbuccal-extraction-kit\/#breadcrumb","itemListElement":[{"@type":"ListItem","position":1,"name":"Home","item":"https:\/\/www.horse-dental-equipment.com\/"},{"@type":"ListItem","position":2,"name":"Products","item":"https:\/\/www.horse-dental-equipment.com\/fr\/produits\/"},{"@type":"ListItem","position":3,"name":"MTE KIT (Minimal invasive Transbuccal Extraction Kit)"}]},{"@type":"WebSite","@id":"https:\/\/www.horse-dental-equipment.com\/#website","url":"https:\/\/www.horse-dental-equipment.com\/","name":"Horse Dental Equipment","description":"Your partner to develop your equine dentistry business","potentialAction":[{"@type":"SearchAction","target":{"@type":"EntryPoint","urlTemplate":"https:\/\/www.horse-dental-equipment.com\/?s={search_term_string}"},"query-input":{"@type":"PropertyValueSpecification","valueRequired":true,"valueName":"search_term_string"}}],"inLanguage":"fr-FR"}]}},"_links":{"self":[{"href":"https:\/\/www.horse-dental-equipment.com\/fr\/wp-json\/wp\/v2\/product\/3199","targetHints":{"allow":["GET"]}}],"collection":[{"href":"https:\/\/www.horse-dental-equipment.com\/fr\/wp-json\/wp\/v2\/product"}],"about":[{"href":"https:\/\/www.horse-dental-equipment.com\/fr\/wp-json\/wp\/v2\/types\/product"}],"replies":[{"embeddable":true,"href":"https:\/\/www.horse-dental-equipment.com\/fr\/wp-json\/wp\/v2\/comments?post=3199"}],"wp:featuredmedia":[{"embeddable":true,"href":"https:\/\/www.horse-dental-equipment.com\/fr\/wp-json\/wp\/v2\/media\/10940"}],"wp:attachment":[{"href":"https:\/\/www.horse-dental-equipment.com\/fr\/wp-json\/wp\/v2\/media?parent=3199"}],"wp:term":[{"taxonomy":"product_brand","embeddable":true,"href":"https:\/\/www.horse-dental-equipment.com\/fr\/wp-json\/wp\/v2\/product_brand?post=3199"},{"taxonomy":"product_cat","embeddable":true,"href":"https:\/\/www.horse-dental-equipment.com\/fr\/wp-json\/wp\/v2\/product_cat?post=3199"},{"taxonomy":"product_tag","embeddable":true,"href":"https:\/\/www.horse-dental-equipment.com\/fr\/wp-json\/wp\/v2\/product_tag?post=3199"}],"curies":[{"name":"wp","href":"https:\/\/api.w.org\/{rel}","templated":true}]}}