{"id":3196,"date":"2020-07-08T15:27:19","date_gmt":"2020-07-08T13:27:19","guid":{"rendered":"http:\/\/www.horse-dental-equipment.com\/produit\/equodent-angled-handpiece-model-michael-nowak-with-watercooling\/"},"modified":"2025-06-30T10:41:15","modified_gmt":"2025-06-30T08:41:15","slug":"equodent-modele-michael-nowak-90-watercooling-2","status":"publish","type":"product","link":"https:\/\/www.horse-dental-equipment.com\/fr\/produit\/equodent-modele-michael-nowak-90-watercooling-2\/","title":{"rendered":"Equodent - Mod\u00e8le \"Michael Nowak\" 90\u00b0 - Watercooling"},"content":{"rendered":"<p>L'Equodent \"Michael Nowak\" dot\u00e9e d'une t\u00eate IC 300 (90\u00b0, 3,175) a \u00e9t\u00e9 con\u00e7ue pour les traitements suivants :<\/p>\n<ul>\n<li>Correction des diast\u00e8mes<\/li>\n<li>Segmentation des dents<\/li>\n<li>Remodelage de la couronne dentaire pour am\u00e9liorer la pr\u00e9hension de la pince d'extraction<\/li>\n<li>Pr\u00e9-per\u00e7age pendant l'extraction transbuccale mini-invasive<\/li>\n<\/ul>\n<p>La t\u00eate est graiss\u00e9e, ce qui la rend \"\u00e9tanche\" et lui permet de fonctionner silencieusement, sans vibrations.<\/p>\n<p>Elle dispose de l'option water cooling permettant le refroidissement pendant le traitement. Ceci est n\u00e9cessaire car la temp\u00e9rature des fraises (diamant\u00e9e ou carbure de tungst\u00e8ne) peut s'\u00e9lever et endommager la dent.<\/p>\n<p>La fraise est disponible avec la connexion HDE ou Key Drive.<\/p>\n<p>L'Equodent \"Michael Nowak\" dot\u00e9e d'une t\u00eate IC 300 (90\u00b0, 3,175) est livr\u00e9e avec 2 fraises diamant\u00e9es, un tube de graisse et des outils de d\u00e9montage (cl\u00e9 sp\u00e9ciale et porte broche multifonctionnel). Elle est livr\u00e9e avec le water clip de 10 mm pour la fraise diast\u00e8me et la fraise carbure la plus courte (toutes deux de 38 mm).<\/p>\n<p>De plus, il existe 2 water clips qui peuvent \u00eatre command\u00e9s s\u00e9par\u00e9ment :<\/p>\n<ul>\n<li>Le clip 20 mm s'utilise id\u00e9alement avec la fraise carbure de tungst\u00e8ne de 51 mm<\/li>\n<li>Le clip 35 mm s'utilise id\u00e9alement avec les fraises carbures de tungst\u00e8ne de 64 mm et 77 mm<\/li>\n<\/ul>\n<p>Comme extension nous proposons la t\u00eate KC 300 (50\u00b0, 3,175) avec 2 water clips correspondants - 15 mm et 35 mm. Elle est utile pour le travail sur les 2 derni\u00e8res molaires.<\/p>\n<p><iframe title=\"vimeo-player\" src=\"https:\/\/player.vimeo.com\/video\/970711944?h=05bb979e95\" width=\"640\" height=\"360\" frameborder=\"0\" allowfullscreen=\"allowfullscreen\"><\/iframe><\/p>\n<p>Equodent Angled Handpiece Model Michael Nowak &#8211; Dr Frank Schellenberger<\/p>","protected":false},"excerpt":{"rendered":"<p>The Equodent Angled Handpiece &#8220;Michael Nowak&#8221; with IC 300 (90\u00b0, 3.175 collett) was developed for the following applications: Diastema work Cheek tooth segmentation Tooth crown remodeling to improve the grip of the extraction forceps Pre-drilling during Minimally Invasive Transbuccal Extraction The shaft bearing is greased which makes it &#8220;waterproof&#8221; and running quiet, without vibrations. It [&hellip;]<\/p>\n","protected":false},"featured_media":4342,"comment_status":"closed","ping_status":"closed","template":"","meta":{"_acf_changed":false},"product_brand":[],"product_cat":[15,113,114],"product_tag":[],"class_list":{"0":"post-3196","1":"product","2":"type-product","3":"status-publish","4":"has-post-thumbnail","6":"product_cat-pegasos","7":"product_cat-pegasos-power-equipment","8":"product_cat-equodent-angled-handpiece","10":"first","11":"instock","12":"purchasable","13":"product-type-simple"},"acf":[],"yoast_head":"<!-- This site is optimized with the Yoast SEO plugin v27.3 - https:\/\/yoast.com\/product\/yoast-seo-wordpress\/ -->\n<title>Equodent model Michael Nowak 90\u00b0 head - Watercooling - Horse Dental Equipment<\/title>\n<meta name=\"description\" content=\"The Equodent Angled Handpiece &quot;Michael Nowak&quot; with IC 300 (90\u00b0, 3.175 collett) was developed for the following applications: Diastema work...\" \/>\n<meta name=\"robots\" content=\"index, follow, max-snippet:-1, max-image-preview:large, max-video-preview:-1\" \/>\n<link rel=\"canonical\" href=\"https:\/\/www.horse-dental-equipment.com\/fr\/produit\/equodent-modele-michael-nowak-90-watercooling-2\/\" \/>\n<meta property=\"og:locale\" content=\"fr_FR\" \/>\n<meta property=\"og:type\" content=\"article\" \/>\n<meta property=\"og:title\" content=\"Equodent model Michael Nowak 90\u00b0 head - Watercooling - Horse Dental Equipment\" \/>\n<meta property=\"og:description\" content=\"The Equodent Angled Handpiece &quot;Michael Nowak&quot; with IC 300 (90\u00b0, 3.175 collett) was developed for the following applications: Diastema work...\" \/>\n<meta property=\"og:url\" content=\"https:\/\/www.horse-dental-equipment.com\/fr\/produit\/equodent-modele-michael-nowak-90-watercooling-2\/\" \/>\n<meta property=\"og:site_name\" content=\"Horse Dental Equipment\" \/>\n<meta property=\"article:modified_time\" content=\"2025-06-30T08:41:15+00:00\" \/>\n<meta property=\"og:image\" content=\"https:\/\/www.horse-dental-equipment.com\/wp-content\/uploads\/2020\/07\/PEGA_221001.jpg\" \/>\n\t<meta property=\"og:image:width\" content=\"800\" \/>\n\t<meta property=\"og:image:height\" content=\"619\" \/>\n\t<meta property=\"og:image:type\" content=\"image\/jpeg\" \/>\n<meta name=\"twitter:card\" content=\"summary_large_image\" \/>\n<meta name=\"twitter:label1\" content=\"Dur\u00e9e de lecture estim\u00e9e\" \/>\n\t<meta name=\"twitter:data1\" content=\"2 minutes\" \/>\n<script type=\"application\/ld+json\" class=\"yoast-schema-graph\">{\"@context\":\"https:\\\/\\\/schema.org\",\"@graph\":[{\"@type\":\"WebPage\",\"@id\":\"https:\\\/\\\/www.horse-dental-equipment.com\\\/es\\\/producto\\\/modelo-equodent-michael-nowak-cabezal-90-watercooling-2\\\/\",\"url\":\"https:\\\/\\\/www.horse-dental-equipment.com\\\/es\\\/producto\\\/modelo-equodent-michael-nowak-cabezal-90-watercooling-2\\\/\",\"name\":\"Equodent model Michael Nowak 90\u00b0 head - Watercooling - Horse Dental Equipment\",\"isPartOf\":{\"@id\":\"https:\\\/\\\/www.horse-dental-equipment.com\\\/#website\"},\"primaryImageOfPage\":{\"@id\":\"https:\\\/\\\/www.horse-dental-equipment.com\\\/es\\\/producto\\\/modelo-equodent-michael-nowak-cabezal-90-watercooling-2\\\/#primaryimage\"},\"image\":{\"@id\":\"https:\\\/\\\/www.horse-dental-equipment.com\\\/es\\\/producto\\\/modelo-equodent-michael-nowak-cabezal-90-watercooling-2\\\/#primaryimage\"},\"thumbnailUrl\":\"https:\\\/\\\/www.horse-dental-equipment.com\\\/wp-content\\\/uploads\\\/2020\\\/07\\\/PEGA_221001.jpg\",\"datePublished\":\"2020-07-08T13:27:19+00:00\",\"dateModified\":\"2025-06-30T08:41:15+00:00\",\"description\":\"The Equodent Angled Handpiece \\\"Michael Nowak\\\" with IC 300 (90\u00b0, 3.175 collett) was developed for the following applications: Diastema work...\",\"breadcrumb\":{\"@id\":\"https:\\\/\\\/www.horse-dental-equipment.com\\\/es\\\/producto\\\/modelo-equodent-michael-nowak-cabezal-90-watercooling-2\\\/#breadcrumb\"},\"inLanguage\":\"fr-FR\",\"potentialAction\":[{\"@type\":\"ReadAction\",\"target\":[\"https:\\\/\\\/www.horse-dental-equipment.com\\\/es\\\/producto\\\/modelo-equodent-michael-nowak-cabezal-90-watercooling-2\\\/\"]}]},{\"@type\":\"ImageObject\",\"inLanguage\":\"fr-FR\",\"@id\":\"https:\\\/\\\/www.horse-dental-equipment.com\\\/es\\\/producto\\\/modelo-equodent-michael-nowak-cabezal-90-watercooling-2\\\/#primaryimage\",\"url\":\"https:\\\/\\\/www.horse-dental-equipment.com\\\/wp-content\\\/uploads\\\/2020\\\/07\\\/PEGA_221001.jpg\",\"contentUrl\":\"https:\\\/\\\/www.horse-dental-equipment.com\\\/wp-content\\\/uploads\\\/2020\\\/07\\\/PEGA_221001.jpg\",\"width\":800,\"height\":619,\"caption\":\"Equodent Model Michael Nowak 90\u00b0 Head - Watercooling\"},{\"@type\":\"BreadcrumbList\",\"@id\":\"https:\\\/\\\/www.horse-dental-equipment.com\\\/es\\\/producto\\\/modelo-equodent-michael-nowak-cabezal-90-watercooling-2\\\/#breadcrumb\",\"itemListElement\":[{\"@type\":\"ListItem\",\"position\":1,\"name\":\"Home\",\"item\":\"https:\\\/\\\/www.horse-dental-equipment.com\\\/\"},{\"@type\":\"ListItem\",\"position\":2,\"name\":\"Products\",\"item\":\"https:\\\/\\\/www.horse-dental-equipment.com\\\/fr\\\/produits\\\/\"},{\"@type\":\"ListItem\",\"position\":3,\"name\":\"Equodent model Michael Nowak 90\u00b0 head &#8211; Watercooling\"}]},{\"@type\":\"WebSite\",\"@id\":\"https:\\\/\\\/www.horse-dental-equipment.com\\\/#website\",\"url\":\"https:\\\/\\\/www.horse-dental-equipment.com\\\/\",\"name\":\"Horse Dental Equipment\",\"description\":\"Your partner to develop your equine dentistry business\",\"potentialAction\":[{\"@type\":\"SearchAction\",\"target\":{\"@type\":\"EntryPoint\",\"urlTemplate\":\"https:\\\/\\\/www.horse-dental-equipment.com\\\/?s={search_term_string}\"},\"query-input\":{\"@type\":\"PropertyValueSpecification\",\"valueRequired\":true,\"valueName\":\"search_term_string\"}}],\"inLanguage\":\"fr-FR\"}]}<\/script>\n<!-- \/ Yoast SEO plugin. -->","yoast_head_json":{"title":"Equodent - Mod\u00e8le \"Michael Nowak\" 90\u00b0 - Watercooling - Horse Dental Equipment","description":"L'Equodent \"Michael Nowak\" dot\u00e9e d'une t\u00eate IC 300 (90\u00b0, 3,175) a \u00e9t\u00e9 con\u00e7ue pour les traitements suivants :\n - Correction des diast\u00e8mes\n - Segmentation des dents\n - Remodelage de la couronne dentaire pour am\u00e9liorer la pr\u00e9hension de la pince d'extraction\n - Pr\u00e9-per\u00e7age pendant l'extraction transcbuccale mini-invasive","robots":{"index":"index","follow":"follow","max-snippet":"max-snippet:-1","max-image-preview":"max-image-preview:large","max-video-preview":"max-video-preview:-1"},"canonical":"https:\/\/www.horse-dental-equipment.com\/fr\/produit\/equodent-modele-michael-nowak-90-watercooling-2\/","og_locale":"fr_FR","og_type":"article","og_title":"Equodent model Michael Nowak 90\u00b0 head - Watercooling - Horse Dental Equipment","og_description":"The Equodent Angled Handpiece \"Michael Nowak\" with IC 300 (90\u00b0, 3.175 collett) was developed for the following applications: Diastema work...","og_url":"https:\/\/www.horse-dental-equipment.com\/fr\/produit\/equodent-modele-michael-nowak-90-watercooling-2\/","og_site_name":"Horse Dental Equipment","article_modified_time":"2025-06-30T08:41:15+00:00","og_image":[{"width":800,"height":619,"url":"https:\/\/www.horse-dental-equipment.com\/wp-content\/uploads\/2020\/07\/PEGA_221001.jpg","type":"image\/jpeg"}],"twitter_card":"summary_large_image","twitter_misc":{"Dur\u00e9e de lecture estim\u00e9e":"2 minutes"},"schema":{"@context":"https:\/\/schema.org","@graph":[{"@type":"WebPage","@id":"https:\/\/www.horse-dental-equipment.com\/es\/producto\/modelo-equodent-michael-nowak-cabezal-90-watercooling-2\/","url":"https:\/\/www.horse-dental-equipment.com\/es\/producto\/modelo-equodent-michael-nowak-cabezal-90-watercooling-2\/","name":"Equodent - Mod\u00e8le \"Michael Nowak\" 90\u00b0 - Watercooling - Horse Dental Equipment","isPartOf":{"@id":"https:\/\/www.horse-dental-equipment.com\/#website"},"primaryImageOfPage":{"@id":"https:\/\/www.horse-dental-equipment.com\/es\/producto\/modelo-equodent-michael-nowak-cabezal-90-watercooling-2\/#primaryimage"},"image":{"@id":"https:\/\/www.horse-dental-equipment.com\/es\/producto\/modelo-equodent-michael-nowak-cabezal-90-watercooling-2\/#primaryimage"},"thumbnailUrl":"https:\/\/www.horse-dental-equipment.com\/wp-content\/uploads\/2020\/07\/PEGA_221001.jpg","datePublished":"2020-07-08T13:27:19+00:00","dateModified":"2025-06-30T08:41:15+00:00","description":"L'Equodent \"Michael Nowak\" dot\u00e9e d'une t\u00eate IC 300 (90\u00b0, 3,175) a \u00e9t\u00e9 con\u00e7ue pour les traitements suivants :\n - Correction des diast\u00e8mes\n - Segmentation des dents\n - Remodelage de la couronne dentaire pour am\u00e9liorer la pr\u00e9hension de la pince d'extraction\n - Pr\u00e9-per\u00e7age pendant l'extraction transcbuccale mini-invasive","breadcrumb":{"@id":"https:\/\/www.horse-dental-equipment.com\/es\/producto\/modelo-equodent-michael-nowak-cabezal-90-watercooling-2\/#breadcrumb"},"inLanguage":"fr-FR","potentialAction":[{"@type":"ReadAction","target":["https:\/\/www.horse-dental-equipment.com\/es\/producto\/modelo-equodent-michael-nowak-cabezal-90-watercooling-2\/"]}]},{"@type":"ImageObject","inLanguage":"fr-FR","@id":"https:\/\/www.horse-dental-equipment.com\/es\/producto\/modelo-equodent-michael-nowak-cabezal-90-watercooling-2\/#primaryimage","url":"https:\/\/www.horse-dental-equipment.com\/wp-content\/uploads\/2020\/07\/PEGA_221001.jpg","contentUrl":"https:\/\/www.horse-dental-equipment.com\/wp-content\/uploads\/2020\/07\/PEGA_221001.jpg","width":800,"height":619,"caption":"Equodent Model Michael Nowak 90\u00b0 Head - Watercooling"},{"@type":"BreadcrumbList","@id":"https:\/\/www.horse-dental-equipment.com\/es\/producto\/modelo-equodent-michael-nowak-cabezal-90-watercooling-2\/#breadcrumb","itemListElement":[{"@type":"ListItem","position":1,"name":"Home","item":"https:\/\/www.horse-dental-equipment.com\/"},{"@type":"ListItem","position":2,"name":"Products","item":"https:\/\/www.horse-dental-equipment.com\/fr\/produits\/"},{"@type":"ListItem","position":3,"name":"Equodent model Michael Nowak 90\u00b0 head &#8211; Watercooling"}]},{"@type":"WebSite","@id":"https:\/\/www.horse-dental-equipment.com\/#website","url":"https:\/\/www.horse-dental-equipment.com\/","name":"Horse Dental Equipment","description":"Your partner to develop your equine dentistry business","potentialAction":[{"@type":"SearchAction","target":{"@type":"EntryPoint","urlTemplate":"https:\/\/www.horse-dental-equipment.com\/?s={search_term_string}"},"query-input":{"@type":"PropertyValueSpecification","valueRequired":true,"valueName":"search_term_string"}}],"inLanguage":"fr-FR"}]}},"_links":{"self":[{"href":"https:\/\/www.horse-dental-equipment.com\/fr\/wp-json\/wp\/v2\/product\/3196","targetHints":{"allow":["GET"]}}],"collection":[{"href":"https:\/\/www.horse-dental-equipment.com\/fr\/wp-json\/wp\/v2\/product"}],"about":[{"href":"https:\/\/www.horse-dental-equipment.com\/fr\/wp-json\/wp\/v2\/types\/product"}],"replies":[{"embeddable":true,"href":"https:\/\/www.horse-dental-equipment.com\/fr\/wp-json\/wp\/v2\/comments?post=3196"}],"wp:featuredmedia":[{"embeddable":true,"href":"https:\/\/www.horse-dental-equipment.com\/fr\/wp-json\/wp\/v2\/media\/4342"}],"wp:attachment":[{"href":"https:\/\/www.horse-dental-equipment.com\/fr\/wp-json\/wp\/v2\/media?parent=3196"}],"wp:term":[{"taxonomy":"product_brand","embeddable":true,"href":"https:\/\/www.horse-dental-equipment.com\/fr\/wp-json\/wp\/v2\/product_brand?post=3196"},{"taxonomy":"product_cat","embeddable":true,"href":"https:\/\/www.horse-dental-equipment.com\/fr\/wp-json\/wp\/v2\/product_cat?post=3196"},{"taxonomy":"product_tag","embeddable":true,"href":"https:\/\/www.horse-dental-equipment.com\/fr\/wp-json\/wp\/v2\/product_tag?post=3196"}],"curies":[{"name":"wp","href":"https:\/\/api.w.org\/{rel}","templated":true}]}}