{"id":3158,"date":"2020-07-08T15:27:13","date_gmt":"2020-07-08T13:27:13","guid":{"rendered":"http:\/\/www.horse-dental-equipment.com\/produit\/set-level-2\/"},"modified":"2026-04-01T16:25:21","modified_gmt":"2026-04-01T14:25:21","slug":"set-niveau-2-classic","status":"publish","type":"product","link":"https:\/\/www.horse-dental-equipment.com\/fr\/produit\/set-niveau-2-classic\/","title":{"rendered":"Set Niveau 2 - CLASSIC"},"content":{"rendered":"<p>HDE propose 3 sets Classic avec le moteur Evolution.<br \/>\nSans fil et autonome, il permet une pratique r\u00e9guli\u00e8re et confortable de la dentisterie \u00e9quine.<\/p>\n<p>Le set se compose de :<\/p>\n<ul>\n<li>Moteur Evolution (ensemble complet) avec veste l\u00e9g\u00e8re<\/li>\n<li>Flexible 1,20 m Quickflex Evolution<\/li>\n<li>Flexxidisc CLASSIC longue courbe twist<\/li>\n<li>Brosse inox avec support<\/li>\n<li>Mallette Trolley sans plaque de fond pour fraises (disponible en option)<\/li>\n<\/ul>\n<p>B\u00e9n\u00e9ficiez d'une remise de 5% en incluant ces produits dans votre Set Niveau 2 Classic :<\/p>\n<ul>\n<li>Fraise disque (FRA_F5)<\/li>\n<li>Fraise disque coupante (FRA_F5F)<\/li>\n<li>Fraise pour les 6\u00e8mes (FRA_F6C)<\/li>\n<li>Batterie Lithium Ion additionnelle (MEV_BLIE)<\/li>\n<li>Fourreau pour moteur Evolution (ACC_FEVO)<\/li>\n<li>Plaque de fond pour fraises (RAN_PMMT)<\/li>\n<\/ul>\n<div style=\"padding: 56.25% 0 0 0; position: relative;\"><iframe style=\"position: absolute; top: 0; left: 0; width: 100%; height: 100%;\" title=\"Rangement des sets HDE\" src=\"https:\/\/player.vimeo.com\/video\/612708021?h=ffc1f12678&amp;badge=0&amp;autopause=0&amp;player_id=0&amp;app_id=58479\" frameborder=\"0\" allowfullscreen=\"allowfullscreen\"><\/iframe><\/div>\n<p><script src=\"https:\/\/player.vimeo.com\/api\/player.js\"><\/script><\/p>\n<div style=\"padding: 56.25% 0 0 0; position: relative;\"><iframe style=\"position: absolute; top: 0; left: 0; width: 100%; height: 100%;\" title=\"Instructions d&#039;utilisation des sets HDE\" src=\"https:\/\/player.vimeo.com\/video\/612684954?h=a0a151ee97&amp;badge=0&amp;autopause=0&amp;player_id=0&amp;app_id=58479\" frameborder=\"0\" allowfullscreen=\"allowfullscreen\"><\/iframe><\/div>\n<p><script src=\"https:\/\/player.vimeo.com\/api\/player.js\"><\/script><\/p>\n<p>Retrouvez nos recommandations g\u00e9n\u00e9rales d'entretien et de nettoyage dans notre <a href=\"http:\/\/www.horse-dental-equipment.com\/fr\/centre-ressources\/\">centre de ressources<\/a>.<\/p>","protected":false},"excerpt":{"rendered":"<p>HDE offers 3 Classic complete sets with the Evolution engine. Wireless and autonomous, it allows a regular and comfortable dentistry practice. The set is composed of: Evolution engine (complete set) with light jacket Quickflex drive shaft 1.20 m for Evolution engine CLASSIC Flexxidisc long curved twist Stainless steel brush with holder Trolley instrument case without [&hellip;]<\/p>\n","protected":false},"featured_media":9670,"comment_status":"closed","ping_status":"closed","template":"","meta":{"_acf_changed":false},"product_brand":[],"product_cat":[78,116],"product_tag":[],"class_list":{"0":"post-3158","1":"product","2":"type-product","3":"status-publish","4":"has-post-thumbnail","6":"product_cat-complete-motorized-sets","7":"product_cat-classic-sets","9":"first","10":"instock","11":"purchasable","12":"product-type-simple"},"acf":[],"yoast_head":"<!-- This site is optimized with the Yoast SEO plugin v27.3 - https:\/\/yoast.com\/product\/yoast-seo-wordpress\/ -->\n<title>Set Level 2 - CLASSIC - Horse Dental Equipment<\/title>\n<meta name=\"description\" content=\"HDE offers 3 Classic complete sets with the Evolution engine. Wireless and autonomous, it allows a regular and comfortable dentistry practice.\" \/>\n<meta name=\"robots\" content=\"index, follow, max-snippet:-1, max-image-preview:large, max-video-preview:-1\" \/>\n<link rel=\"canonical\" href=\"https:\/\/www.horse-dental-equipment.com\/fr\/produit\/set-niveau-2-classic\/\" \/>\n<meta property=\"og:locale\" content=\"fr_FR\" \/>\n<meta property=\"og:type\" content=\"article\" \/>\n<meta property=\"og:title\" content=\"Set Level 2 - CLASSIC - Horse Dental Equipment\" \/>\n<meta property=\"og:description\" content=\"HDE offers 3 Classic complete sets with the Evolution engine. Wireless and autonomous, it allows a regular and comfortable dentistry practice.\" \/>\n<meta property=\"og:url\" content=\"https:\/\/www.horse-dental-equipment.com\/fr\/produit\/set-niveau-2-classic\/\" \/>\n<meta property=\"og:site_name\" content=\"Horse Dental Equipment\" \/>\n<meta property=\"article:modified_time\" content=\"2026-04-01T14:25:21+00:00\" \/>\n<meta property=\"og:image\" content=\"https:\/\/www.horse-dental-equipment.com\/wp-content\/uploads\/2020\/07\/SET_L2-2023.jpg\" \/>\n\t<meta property=\"og:image:width\" content=\"800\" \/>\n\t<meta property=\"og:image:height\" content=\"619\" \/>\n\t<meta property=\"og:image:type\" content=\"image\/jpeg\" \/>\n<meta name=\"twitter:card\" content=\"summary_large_image\" \/>\n<meta name=\"twitter:label1\" content=\"Dur\u00e9e de lecture estim\u00e9e\" \/>\n\t<meta name=\"twitter:data1\" content=\"1 minute\" \/>\n<script type=\"application\/ld+json\" class=\"yoast-schema-graph\">{\"@context\":\"https:\\\/\\\/schema.org\",\"@graph\":[{\"@type\":\"WebPage\",\"@id\":\"https:\\\/\\\/www.horse-dental-equipment.com\\\/product\\\/set-level-2-classic\\\/\",\"url\":\"https:\\\/\\\/www.horse-dental-equipment.com\\\/product\\\/set-level-2-classic\\\/\",\"name\":\"Set Level 2 - CLASSIC - Horse Dental Equipment\",\"isPartOf\":{\"@id\":\"https:\\\/\\\/www.horse-dental-equipment.com\\\/#website\"},\"primaryImageOfPage\":{\"@id\":\"https:\\\/\\\/www.horse-dental-equipment.com\\\/product\\\/set-level-2-classic\\\/#primaryimage\"},\"image\":{\"@id\":\"https:\\\/\\\/www.horse-dental-equipment.com\\\/product\\\/set-level-2-classic\\\/#primaryimage\"},\"thumbnailUrl\":\"https:\\\/\\\/www.horse-dental-equipment.com\\\/wp-content\\\/uploads\\\/2020\\\/07\\\/SET_L2-2023.jpg\",\"datePublished\":\"2020-07-08T13:27:13+00:00\",\"dateModified\":\"2026-04-01T14:25:21+00:00\",\"description\":\"HDE offers 3 Classic complete sets with the Evolution engine. Wireless and autonomous, it allows a regular and comfortable dentistry practice.\",\"breadcrumb\":{\"@id\":\"https:\\\/\\\/www.horse-dental-equipment.com\\\/product\\\/set-level-2-classic\\\/#breadcrumb\"},\"inLanguage\":\"fr-FR\",\"potentialAction\":[{\"@type\":\"ReadAction\",\"target\":[\"https:\\\/\\\/www.horse-dental-equipment.com\\\/product\\\/set-level-2-classic\\\/\"]}]},{\"@type\":\"ImageObject\",\"inLanguage\":\"fr-FR\",\"@id\":\"https:\\\/\\\/www.horse-dental-equipment.com\\\/product\\\/set-level-2-classic\\\/#primaryimage\",\"url\":\"https:\\\/\\\/www.horse-dental-equipment.com\\\/wp-content\\\/uploads\\\/2020\\\/07\\\/SET_L2-2023.jpg\",\"contentUrl\":\"https:\\\/\\\/www.horse-dental-equipment.com\\\/wp-content\\\/uploads\\\/2020\\\/07\\\/SET_L2-2023.jpg\",\"width\":800,\"height\":619,\"caption\":\"Set Level 2 - CLASSIC\"},{\"@type\":\"BreadcrumbList\",\"@id\":\"https:\\\/\\\/www.horse-dental-equipment.com\\\/product\\\/set-level-2-classic\\\/#breadcrumb\",\"itemListElement\":[{\"@type\":\"ListItem\",\"position\":1,\"name\":\"Home\",\"item\":\"https:\\\/\\\/www.horse-dental-equipment.com\\\/\"},{\"@type\":\"ListItem\",\"position\":2,\"name\":\"Products\",\"item\":\"https:\\\/\\\/www.horse-dental-equipment.com\\\/fr\\\/produits\\\/\"},{\"@type\":\"ListItem\",\"position\":3,\"name\":\"Set Level 2 &#8211; CLASSIC\"}]},{\"@type\":\"WebSite\",\"@id\":\"https:\\\/\\\/www.horse-dental-equipment.com\\\/#website\",\"url\":\"https:\\\/\\\/www.horse-dental-equipment.com\\\/\",\"name\":\"Horse Dental Equipment\",\"description\":\"Your partner to develop your equine dentistry business\",\"potentialAction\":[{\"@type\":\"SearchAction\",\"target\":{\"@type\":\"EntryPoint\",\"urlTemplate\":\"https:\\\/\\\/www.horse-dental-equipment.com\\\/?s={search_term_string}\"},\"query-input\":{\"@type\":\"PropertyValueSpecification\",\"valueRequired\":true,\"valueName\":\"search_term_string\"}}],\"inLanguage\":\"fr-FR\"}]}<\/script>\n<!-- \/ Yoast SEO plugin. -->","yoast_head_json":{"title":"Set Niveau 2 - CLASSIC - Horse Dental Equipment","description":"HDE propose 3 sets Classic avec le moteur Evolution.\nSans fil et autonome, il permet une pratique r\u00e9guli\u00e8re et confortable de la dentisterie \u00e9quine.","robots":{"index":"index","follow":"follow","max-snippet":"max-snippet:-1","max-image-preview":"max-image-preview:large","max-video-preview":"max-video-preview:-1"},"canonical":"https:\/\/www.horse-dental-equipment.com\/fr\/produit\/set-niveau-2-classic\/","og_locale":"fr_FR","og_type":"article","og_title":"Set Level 2 - CLASSIC - Horse Dental Equipment","og_description":"HDE offers 3 Classic complete sets with the Evolution engine. Wireless and autonomous, it allows a regular and comfortable dentistry practice.","og_url":"https:\/\/www.horse-dental-equipment.com\/fr\/produit\/set-niveau-2-classic\/","og_site_name":"Horse Dental Equipment","article_modified_time":"2026-04-01T14:25:21+00:00","og_image":[{"width":800,"height":619,"url":"https:\/\/www.horse-dental-equipment.com\/wp-content\/uploads\/2020\/07\/SET_L2-2023.jpg","type":"image\/jpeg"}],"twitter_card":"summary_large_image","twitter_misc":{"Dur\u00e9e de lecture estim\u00e9e":"1 minute"},"schema":{"@context":"https:\/\/schema.org","@graph":[{"@type":"WebPage","@id":"https:\/\/www.horse-dental-equipment.com\/product\/set-level-2-classic\/","url":"https:\/\/www.horse-dental-equipment.com\/product\/set-level-2-classic\/","name":"Set Niveau 2 - CLASSIC - Horse Dental Equipment","isPartOf":{"@id":"https:\/\/www.horse-dental-equipment.com\/#website"},"primaryImageOfPage":{"@id":"https:\/\/www.horse-dental-equipment.com\/product\/set-level-2-classic\/#primaryimage"},"image":{"@id":"https:\/\/www.horse-dental-equipment.com\/product\/set-level-2-classic\/#primaryimage"},"thumbnailUrl":"https:\/\/www.horse-dental-equipment.com\/wp-content\/uploads\/2020\/07\/SET_L2-2023.jpg","datePublished":"2020-07-08T13:27:13+00:00","dateModified":"2026-04-01T14:25:21+00:00","description":"HDE propose 3 sets Classic avec le moteur Evolution.\nSans fil et autonome, il permet une pratique r\u00e9guli\u00e8re et confortable de la dentisterie \u00e9quine.","breadcrumb":{"@id":"https:\/\/www.horse-dental-equipment.com\/product\/set-level-2-classic\/#breadcrumb"},"inLanguage":"fr-FR","potentialAction":[{"@type":"ReadAction","target":["https:\/\/www.horse-dental-equipment.com\/product\/set-level-2-classic\/"]}]},{"@type":"ImageObject","inLanguage":"fr-FR","@id":"https:\/\/www.horse-dental-equipment.com\/product\/set-level-2-classic\/#primaryimage","url":"https:\/\/www.horse-dental-equipment.com\/wp-content\/uploads\/2020\/07\/SET_L2-2023.jpg","contentUrl":"https:\/\/www.horse-dental-equipment.com\/wp-content\/uploads\/2020\/07\/SET_L2-2023.jpg","width":800,"height":619,"caption":"Set Level 2 - CLASSIC"},{"@type":"BreadcrumbList","@id":"https:\/\/www.horse-dental-equipment.com\/product\/set-level-2-classic\/#breadcrumb","itemListElement":[{"@type":"ListItem","position":1,"name":"Home","item":"https:\/\/www.horse-dental-equipment.com\/"},{"@type":"ListItem","position":2,"name":"Products","item":"https:\/\/www.horse-dental-equipment.com\/fr\/produits\/"},{"@type":"ListItem","position":3,"name":"Set Level 2 &#8211; CLASSIC"}]},{"@type":"WebSite","@id":"https:\/\/www.horse-dental-equipment.com\/#website","url":"https:\/\/www.horse-dental-equipment.com\/","name":"Horse Dental Equipment","description":"Your partner to develop your equine dentistry business","potentialAction":[{"@type":"SearchAction","target":{"@type":"EntryPoint","urlTemplate":"https:\/\/www.horse-dental-equipment.com\/?s={search_term_string}"},"query-input":{"@type":"PropertyValueSpecification","valueRequired":true,"valueName":"search_term_string"}}],"inLanguage":"fr-FR"}]}},"_links":{"self":[{"href":"https:\/\/www.horse-dental-equipment.com\/fr\/wp-json\/wp\/v2\/product\/3158","targetHints":{"allow":["GET"]}}],"collection":[{"href":"https:\/\/www.horse-dental-equipment.com\/fr\/wp-json\/wp\/v2\/product"}],"about":[{"href":"https:\/\/www.horse-dental-equipment.com\/fr\/wp-json\/wp\/v2\/types\/product"}],"replies":[{"embeddable":true,"href":"https:\/\/www.horse-dental-equipment.com\/fr\/wp-json\/wp\/v2\/comments?post=3158"}],"wp:featuredmedia":[{"embeddable":true,"href":"https:\/\/www.horse-dental-equipment.com\/fr\/wp-json\/wp\/v2\/media\/9670"}],"wp:attachment":[{"href":"https:\/\/www.horse-dental-equipment.com\/fr\/wp-json\/wp\/v2\/media?parent=3158"}],"wp:term":[{"taxonomy":"product_brand","embeddable":true,"href":"https:\/\/www.horse-dental-equipment.com\/fr\/wp-json\/wp\/v2\/product_brand?post=3158"},{"taxonomy":"product_cat","embeddable":true,"href":"https:\/\/www.horse-dental-equipment.com\/fr\/wp-json\/wp\/v2\/product_cat?post=3158"},{"taxonomy":"product_tag","embeddable":true,"href":"https:\/\/www.horse-dental-equipment.com\/fr\/wp-json\/wp\/v2\/product_tag?post=3158"}],"curies":[{"name":"wp","href":"https:\/\/api.w.org\/{rel}","templated":true}]}}