{"id":3123,"date":"2020-07-08T15:27:07","date_gmt":"2020-07-08T13:27:07","guid":{"rendered":"http:\/\/www.horse-dental-equipment.com\/produit\/1-60m-evolution-quickflex-drive-shaft\/"},"modified":"2025-10-29T12:35:32","modified_gmt":"2025-10-29T11:35:32","slug":"flexible-renforce-1-60-m-silencieux-quickflex-evolution","status":"publish","type":"product","link":"https:\/\/www.horse-dental-equipment.com\/fr\/produit\/flexible-renforce-1-60-m-silencieux-quickflex-evolution\/","title":{"rendered":"Flexible Renforc\u00e9 1,60 m Silencieux Quickflex Evolution"},"content":{"rendered":"<p>Un syst\u00e8me de fixation rapide Quickflex adapt\u00e9 \u00e0 toutes nos fraises.<br \/>\n\u2022 Sans agrafes<br \/>\n\u2022 Disponible en 1 m, 1,20 m ou 1,60 m<\/p>","protected":false},"excerpt":{"rendered":"<p>Un syst\u00e8me de fixation rapide Quickflex adapt\u00e9 \u00e0 toutes nos fraises.\n - Sans agrafes\n - Disponible en 1 m, 1,20 m ou 1,60 m<\/p>","protected":false},"featured_media":4598,"comment_status":"closed","ping_status":"closed","template":"","meta":{"_acf_changed":false},"product_brand":[],"product_cat":[81,101],"product_tag":[],"class_list":{"0":"post-3123","1":"product","2":"type-product","3":"status-publish","4":"has-post-thumbnail","6":"product_cat-individual-motorized-instruments","7":"product_cat-evolution-engine","9":"first","10":"instock","11":"purchasable","12":"product-type-simple"},"acf":[],"yoast_head":"<!-- This site is optimized with the Yoast SEO plugin v27.3 - https:\/\/yoast.com\/product\/yoast-seo-wordpress\/ -->\n<title>1.60 m - Evolution Quickflex Drive Shaft - Horse Dental Equipment<\/title>\n<meta name=\"description\" content=\"A rapid fastening Quickflex system adapted to all HDE handpieces. Drive shaft without shear pin. Choose from either 1 m, 1.20 m or 1.60 m.\" \/>\n<meta name=\"robots\" content=\"index, follow, max-snippet:-1, max-image-preview:large, max-video-preview:-1\" \/>\n<link rel=\"canonical\" href=\"https:\/\/www.horse-dental-equipment.com\/fr\/produit\/flexible-renforce-1-60-m-silencieux-quickflex-evolution\/\" \/>\n<meta property=\"og:locale\" content=\"fr_FR\" \/>\n<meta property=\"og:type\" content=\"article\" \/>\n<meta property=\"og:title\" content=\"1.60 m - Evolution Quickflex Drive Shaft - Horse Dental Equipment\" \/>\n<meta property=\"og:description\" content=\"A rapid fastening Quickflex system adapted to all HDE handpieces. Drive shaft without shear pin. Choose from either 1 m, 1.20 m or 1.60 m.\" \/>\n<meta property=\"og:url\" content=\"https:\/\/www.horse-dental-equipment.com\/fr\/produit\/flexible-renforce-1-60-m-silencieux-quickflex-evolution\/\" \/>\n<meta property=\"og:site_name\" content=\"Horse Dental Equipment\" \/>\n<meta property=\"article:modified_time\" content=\"2025-10-29T11:35:32+00:00\" \/>\n<meta property=\"og:image\" content=\"https:\/\/www.horse-dental-equipment.com\/wp-content\/uploads\/2020\/07\/FLEX_R90SQE.png\" \/>\n\t<meta property=\"og:image:width\" content=\"800\" \/>\n\t<meta property=\"og:image:height\" content=\"619\" \/>\n\t<meta property=\"og:image:type\" content=\"image\/png\" \/>\n<meta name=\"twitter:card\" content=\"summary_large_image\" \/>\n<meta name=\"twitter:label1\" content=\"Dur\u00e9e de lecture estim\u00e9e\" \/>\n\t<meta name=\"twitter:data1\" content=\"1 minute\" \/>\n<script type=\"application\/ld+json\" class=\"yoast-schema-graph\">{\"@context\":\"https:\\\/\\\/schema.org\",\"@graph\":[{\"@type\":\"WebPage\",\"@id\":\"https:\\\/\\\/www.horse-dental-equipment.com\\\/product\\\/1-60-m-evolution-quickflex-drive-shaft\\\/\",\"url\":\"https:\\\/\\\/www.horse-dental-equipment.com\\\/product\\\/1-60-m-evolution-quickflex-drive-shaft\\\/\",\"name\":\"1.60 m - Evolution Quickflex Drive Shaft - Horse Dental Equipment\",\"isPartOf\":{\"@id\":\"https:\\\/\\\/www.horse-dental-equipment.com\\\/#website\"},\"primaryImageOfPage\":{\"@id\":\"https:\\\/\\\/www.horse-dental-equipment.com\\\/product\\\/1-60-m-evolution-quickflex-drive-shaft\\\/#primaryimage\"},\"image\":{\"@id\":\"https:\\\/\\\/www.horse-dental-equipment.com\\\/product\\\/1-60-m-evolution-quickflex-drive-shaft\\\/#primaryimage\"},\"thumbnailUrl\":\"https:\\\/\\\/www.horse-dental-equipment.com\\\/wp-content\\\/uploads\\\/2020\\\/07\\\/FLEX_R90SQE.png\",\"datePublished\":\"2020-07-08T13:27:07+00:00\",\"dateModified\":\"2025-10-29T11:35:32+00:00\",\"description\":\"A rapid fastening Quickflex system adapted to all HDE handpieces. Drive shaft without shear pin. Choose from either 1 m, 1.20 m or 1.60 m.\",\"breadcrumb\":{\"@id\":\"https:\\\/\\\/www.horse-dental-equipment.com\\\/product\\\/1-60-m-evolution-quickflex-drive-shaft\\\/#breadcrumb\"},\"inLanguage\":\"fr-FR\",\"potentialAction\":[{\"@type\":\"ReadAction\",\"target\":[\"https:\\\/\\\/www.horse-dental-equipment.com\\\/product\\\/1-60-m-evolution-quickflex-drive-shaft\\\/\"]}]},{\"@type\":\"ImageObject\",\"inLanguage\":\"fr-FR\",\"@id\":\"https:\\\/\\\/www.horse-dental-equipment.com\\\/product\\\/1-60-m-evolution-quickflex-drive-shaft\\\/#primaryimage\",\"url\":\"https:\\\/\\\/www.horse-dental-equipment.com\\\/wp-content\\\/uploads\\\/2020\\\/07\\\/FLEX_R90SQE.png\",\"contentUrl\":\"https:\\\/\\\/www.horse-dental-equipment.com\\\/wp-content\\\/uploads\\\/2020\\\/07\\\/FLEX_R90SQE.png\",\"width\":800,\"height\":619,\"caption\":\"Evolution Quickflex Drive Shaft\"},{\"@type\":\"BreadcrumbList\",\"@id\":\"https:\\\/\\\/www.horse-dental-equipment.com\\\/product\\\/1-60-m-evolution-quickflex-drive-shaft\\\/#breadcrumb\",\"itemListElement\":[{\"@type\":\"ListItem\",\"position\":1,\"name\":\"Home\",\"item\":\"https:\\\/\\\/www.horse-dental-equipment.com\\\/\"},{\"@type\":\"ListItem\",\"position\":2,\"name\":\"Products\",\"item\":\"https:\\\/\\\/www.horse-dental-equipment.com\\\/fr\\\/produits\\\/\"},{\"@type\":\"ListItem\",\"position\":3,\"name\":\"1.60 m &#8211; Evolution Quickflex Drive Shaft\"}]},{\"@type\":\"WebSite\",\"@id\":\"https:\\\/\\\/www.horse-dental-equipment.com\\\/#website\",\"url\":\"https:\\\/\\\/www.horse-dental-equipment.com\\\/\",\"name\":\"Horse Dental Equipment\",\"description\":\"Your partner to develop your equine dentistry business\",\"potentialAction\":[{\"@type\":\"SearchAction\",\"target\":{\"@type\":\"EntryPoint\",\"urlTemplate\":\"https:\\\/\\\/www.horse-dental-equipment.com\\\/?s={search_term_string}\"},\"query-input\":{\"@type\":\"PropertyValueSpecification\",\"valueRequired\":true,\"valueName\":\"search_term_string\"}}],\"inLanguage\":\"fr-FR\"}]}<\/script>\n<!-- \/ Yoast SEO plugin. -->","yoast_head_json":{"title":"Flexible Renforc\u00e9 1,60 m Silencieux Quickflex Evolution - Horse Dental Equipment","description":"Un syst\u00e8me de fixation rapide Quickflex adapt\u00e9 \u00e0 toutes nos fraises.\n - Sans agrafes\n - Disponible en 1 m, 1,20 m ou 1,60 m","robots":{"index":"index","follow":"follow","max-snippet":"max-snippet:-1","max-image-preview":"max-image-preview:large","max-video-preview":"max-video-preview:-1"},"canonical":"https:\/\/www.horse-dental-equipment.com\/fr\/produit\/flexible-renforce-1-60-m-silencieux-quickflex-evolution\/","og_locale":"fr_FR","og_type":"article","og_title":"1.60 m - Evolution Quickflex Drive Shaft - Horse Dental Equipment","og_description":"A rapid fastening Quickflex system adapted to all HDE handpieces. Drive shaft without shear pin. Choose from either 1 m, 1.20 m or 1.60 m.","og_url":"https:\/\/www.horse-dental-equipment.com\/fr\/produit\/flexible-renforce-1-60-m-silencieux-quickflex-evolution\/","og_site_name":"Horse Dental Equipment","article_modified_time":"2025-10-29T11:35:32+00:00","og_image":[{"width":800,"height":619,"url":"https:\/\/www.horse-dental-equipment.com\/wp-content\/uploads\/2020\/07\/FLEX_R90SQE.png","type":"image\/png"}],"twitter_card":"summary_large_image","twitter_misc":{"Dur\u00e9e de lecture estim\u00e9e":"1 minute"},"schema":{"@context":"https:\/\/schema.org","@graph":[{"@type":"WebPage","@id":"https:\/\/www.horse-dental-equipment.com\/product\/1-60-m-evolution-quickflex-drive-shaft\/","url":"https:\/\/www.horse-dental-equipment.com\/product\/1-60-m-evolution-quickflex-drive-shaft\/","name":"Flexible Renforc\u00e9 1,60 m Silencieux Quickflex Evolution - Horse Dental Equipment","isPartOf":{"@id":"https:\/\/www.horse-dental-equipment.com\/#website"},"primaryImageOfPage":{"@id":"https:\/\/www.horse-dental-equipment.com\/product\/1-60-m-evolution-quickflex-drive-shaft\/#primaryimage"},"image":{"@id":"https:\/\/www.horse-dental-equipment.com\/product\/1-60-m-evolution-quickflex-drive-shaft\/#primaryimage"},"thumbnailUrl":"https:\/\/www.horse-dental-equipment.com\/wp-content\/uploads\/2020\/07\/FLEX_R90SQE.png","datePublished":"2020-07-08T13:27:07+00:00","dateModified":"2025-10-29T11:35:32+00:00","description":"Un syst\u00e8me de fixation rapide Quickflex adapt\u00e9 \u00e0 toutes nos fraises.\n - Sans agrafes\n - Disponible en 1 m, 1,20 m ou 1,60 m","breadcrumb":{"@id":"https:\/\/www.horse-dental-equipment.com\/product\/1-60-m-evolution-quickflex-drive-shaft\/#breadcrumb"},"inLanguage":"fr-FR","potentialAction":[{"@type":"ReadAction","target":["https:\/\/www.horse-dental-equipment.com\/product\/1-60-m-evolution-quickflex-drive-shaft\/"]}]},{"@type":"ImageObject","inLanguage":"fr-FR","@id":"https:\/\/www.horse-dental-equipment.com\/product\/1-60-m-evolution-quickflex-drive-shaft\/#primaryimage","url":"https:\/\/www.horse-dental-equipment.com\/wp-content\/uploads\/2020\/07\/FLEX_R90SQE.png","contentUrl":"https:\/\/www.horse-dental-equipment.com\/wp-content\/uploads\/2020\/07\/FLEX_R90SQE.png","width":800,"height":619,"caption":"Evolution Quickflex Drive Shaft"},{"@type":"BreadcrumbList","@id":"https:\/\/www.horse-dental-equipment.com\/product\/1-60-m-evolution-quickflex-drive-shaft\/#breadcrumb","itemListElement":[{"@type":"ListItem","position":1,"name":"Home","item":"https:\/\/www.horse-dental-equipment.com\/"},{"@type":"ListItem","position":2,"name":"Products","item":"https:\/\/www.horse-dental-equipment.com\/fr\/produits\/"},{"@type":"ListItem","position":3,"name":"1.60 m &#8211; Evolution Quickflex Drive Shaft"}]},{"@type":"WebSite","@id":"https:\/\/www.horse-dental-equipment.com\/#website","url":"https:\/\/www.horse-dental-equipment.com\/","name":"Horse Dental Equipment","description":"Your partner to develop your equine dentistry business","potentialAction":[{"@type":"SearchAction","target":{"@type":"EntryPoint","urlTemplate":"https:\/\/www.horse-dental-equipment.com\/?s={search_term_string}"},"query-input":{"@type":"PropertyValueSpecification","valueRequired":true,"valueName":"search_term_string"}}],"inLanguage":"fr-FR"}]}},"_links":{"self":[{"href":"https:\/\/www.horse-dental-equipment.com\/fr\/wp-json\/wp\/v2\/product\/3123","targetHints":{"allow":["GET"]}}],"collection":[{"href":"https:\/\/www.horse-dental-equipment.com\/fr\/wp-json\/wp\/v2\/product"}],"about":[{"href":"https:\/\/www.horse-dental-equipment.com\/fr\/wp-json\/wp\/v2\/types\/product"}],"replies":[{"embeddable":true,"href":"https:\/\/www.horse-dental-equipment.com\/fr\/wp-json\/wp\/v2\/comments?post=3123"}],"wp:featuredmedia":[{"embeddable":true,"href":"https:\/\/www.horse-dental-equipment.com\/fr\/wp-json\/wp\/v2\/media\/4598"}],"wp:attachment":[{"href":"https:\/\/www.horse-dental-equipment.com\/fr\/wp-json\/wp\/v2\/media?parent=3123"}],"wp:term":[{"taxonomy":"product_brand","embeddable":true,"href":"https:\/\/www.horse-dental-equipment.com\/fr\/wp-json\/wp\/v2\/product_brand?post=3123"},{"taxonomy":"product_cat","embeddable":true,"href":"https:\/\/www.horse-dental-equipment.com\/fr\/wp-json\/wp\/v2\/product_cat?post=3123"},{"taxonomy":"product_tag","embeddable":true,"href":"https:\/\/www.horse-dental-equipment.com\/fr\/wp-json\/wp\/v2\/product_tag?post=3123"}],"curies":[{"name":"wp","href":"https:\/\/api.w.org\/{rel}","templated":true}]}}