{"id":3112,"date":"2020-07-08T15:27:04","date_gmt":"2020-07-08T13:27:04","guid":{"rendered":"http:\/\/www.horse-dental-equipment.com\/produit\/n1-quickflex-drive-shaft-1-20-m-with-stainless-steel-shear-pins\/"},"modified":"2025-07-25T16:10:34","modified_gmt":"2025-07-25T14:10:34","slug":"flexible-renforce-1-20-m-silencieux-quickflex-agrafes-inox","status":"publish","type":"product","link":"https:\/\/www.horse-dental-equipment.com\/fr\/produit\/flexible-renforce-1-20-m-silencieux-quickflex-agrafes-inox\/","title":{"rendered":"Flexible Renforc\u00e9 1,20 m Silencieux Quickflex (agrafes inox)"},"content":{"rendered":"<p>Un syst\u00e8me de fixation rapide Quickflex adapt\u00e9 \u00e0 toutes nos fraises.<br \/>\n\u2022 Disponible en 1,20 m - 1,60 m<\/p>","protected":false},"excerpt":{"rendered":"<p>Quickflex system for a quick fastening, for all HDE handpieces. Available lengths: 1.20 m &#8211; 1.60 m<\/p>","protected":false},"featured_media":4598,"comment_status":"closed","ping_status":"closed","template":"","meta":{"_acf_changed":false},"product_brand":[],"product_cat":[81,96],"product_tag":[],"class_list":{"0":"post-3112","1":"product","2":"type-product","3":"status-publish","4":"has-post-thumbnail","6":"product_cat-individual-motorized-instruments","7":"product_cat-n1-engine","9":"first","10":"instock","11":"purchasable","12":"product-type-simple"},"acf":[],"yoast_head":"<!-- This site is optimized with the Yoast SEO plugin v27.3 - https:\/\/yoast.com\/product\/yoast-seo-wordpress\/ -->\n<title>N1 - Quickflex Drive Shaft 1.20 m with Stainless Steel Shear Pins - Horse Dental Equipment<\/title>\n<meta name=\"description\" content=\"Quickflex system for a quick fastening, for all HDE handpieces. Available lengths: 1.20 m - 1.60 m\" \/>\n<meta name=\"robots\" content=\"index, follow, max-snippet:-1, max-image-preview:large, max-video-preview:-1\" \/>\n<link rel=\"canonical\" href=\"https:\/\/www.horse-dental-equipment.com\/fr\/produit\/flexible-renforce-1-20-m-silencieux-quickflex-agrafes-inox\/\" \/>\n<meta property=\"og:locale\" content=\"fr_FR\" \/>\n<meta property=\"og:type\" content=\"article\" \/>\n<meta property=\"og:title\" content=\"N1 - Quickflex Drive Shaft 1.20 m with Stainless Steel Shear Pins - Horse Dental Equipment\" \/>\n<meta property=\"og:description\" content=\"Quickflex system for a quick fastening, for all HDE handpieces. Available lengths: 1.20 m - 1.60 m\" \/>\n<meta property=\"og:url\" content=\"https:\/\/www.horse-dental-equipment.com\/fr\/produit\/flexible-renforce-1-20-m-silencieux-quickflex-agrafes-inox\/\" \/>\n<meta property=\"og:site_name\" content=\"Horse Dental Equipment\" \/>\n<meta property=\"article:modified_time\" content=\"2025-07-25T14:10:34+00:00\" \/>\n<meta property=\"og:image\" content=\"https:\/\/www.horse-dental-equipment.com\/wp-content\/uploads\/2020\/07\/FLEX_R90SQE.png\" \/>\n\t<meta property=\"og:image:width\" content=\"800\" \/>\n\t<meta property=\"og:image:height\" content=\"619\" \/>\n\t<meta property=\"og:image:type\" content=\"image\/png\" \/>\n<meta name=\"twitter:card\" content=\"summary_large_image\" \/>\n<meta name=\"twitter:label1\" content=\"Dur\u00e9e de lecture estim\u00e9e\" \/>\n\t<meta name=\"twitter:data1\" content=\"1 minute\" \/>\n<script type=\"application\/ld+json\" class=\"yoast-schema-graph\">{\"@context\":\"https:\\\/\\\/schema.org\",\"@graph\":[{\"@type\":\"WebPage\",\"@id\":\"https:\\\/\\\/www.horse-dental-equipment.com\\\/product\\\/n1-quickflex-drive-shaft-1-20-m-with-stainless-steel-shear-pins\\\/\",\"url\":\"https:\\\/\\\/www.horse-dental-equipment.com\\\/product\\\/n1-quickflex-drive-shaft-1-20-m-with-stainless-steel-shear-pins\\\/\",\"name\":\"N1 - Quickflex Drive Shaft 1.20 m with Stainless Steel Shear Pins - Horse Dental Equipment\",\"isPartOf\":{\"@id\":\"https:\\\/\\\/www.horse-dental-equipment.com\\\/#website\"},\"primaryImageOfPage\":{\"@id\":\"https:\\\/\\\/www.horse-dental-equipment.com\\\/product\\\/n1-quickflex-drive-shaft-1-20-m-with-stainless-steel-shear-pins\\\/#primaryimage\"},\"image\":{\"@id\":\"https:\\\/\\\/www.horse-dental-equipment.com\\\/product\\\/n1-quickflex-drive-shaft-1-20-m-with-stainless-steel-shear-pins\\\/#primaryimage\"},\"thumbnailUrl\":\"https:\\\/\\\/www.horse-dental-equipment.com\\\/wp-content\\\/uploads\\\/2020\\\/07\\\/FLEX_R90SQE.png\",\"datePublished\":\"2020-07-08T13:27:04+00:00\",\"dateModified\":\"2025-07-25T14:10:34+00:00\",\"description\":\"Quickflex system for a quick fastening, for all HDE handpieces. Available lengths: 1.20 m - 1.60 m\",\"breadcrumb\":{\"@id\":\"https:\\\/\\\/www.horse-dental-equipment.com\\\/product\\\/n1-quickflex-drive-shaft-1-20-m-with-stainless-steel-shear-pins\\\/#breadcrumb\"},\"inLanguage\":\"fr-FR\",\"potentialAction\":[{\"@type\":\"ReadAction\",\"target\":[\"https:\\\/\\\/www.horse-dental-equipment.com\\\/product\\\/n1-quickflex-drive-shaft-1-20-m-with-stainless-steel-shear-pins\\\/\"]}]},{\"@type\":\"ImageObject\",\"inLanguage\":\"fr-FR\",\"@id\":\"https:\\\/\\\/www.horse-dental-equipment.com\\\/product\\\/n1-quickflex-drive-shaft-1-20-m-with-stainless-steel-shear-pins\\\/#primaryimage\",\"url\":\"https:\\\/\\\/www.horse-dental-equipment.com\\\/wp-content\\\/uploads\\\/2020\\\/07\\\/FLEX_R90SQE.png\",\"contentUrl\":\"https:\\\/\\\/www.horse-dental-equipment.com\\\/wp-content\\\/uploads\\\/2020\\\/07\\\/FLEX_R90SQE.png\",\"width\":800,\"height\":619,\"caption\":\"Evolution Quickflex Drive Shaft\"},{\"@type\":\"BreadcrumbList\",\"@id\":\"https:\\\/\\\/www.horse-dental-equipment.com\\\/product\\\/n1-quickflex-drive-shaft-1-20-m-with-stainless-steel-shear-pins\\\/#breadcrumb\",\"itemListElement\":[{\"@type\":\"ListItem\",\"position\":1,\"name\":\"Home\",\"item\":\"https:\\\/\\\/www.horse-dental-equipment.com\\\/\"},{\"@type\":\"ListItem\",\"position\":2,\"name\":\"Products\",\"item\":\"https:\\\/\\\/www.horse-dental-equipment.com\\\/fr\\\/produits\\\/\"},{\"@type\":\"ListItem\",\"position\":3,\"name\":\"N1 &#8211; Quickflex Drive Shaft 1.20 m with Stainless Steel Shear Pins\"}]},{\"@type\":\"WebSite\",\"@id\":\"https:\\\/\\\/www.horse-dental-equipment.com\\\/#website\",\"url\":\"https:\\\/\\\/www.horse-dental-equipment.com\\\/\",\"name\":\"Horse Dental Equipment\",\"description\":\"Your partner to develop your equine dentistry business\",\"potentialAction\":[{\"@type\":\"SearchAction\",\"target\":{\"@type\":\"EntryPoint\",\"urlTemplate\":\"https:\\\/\\\/www.horse-dental-equipment.com\\\/?s={search_term_string}\"},\"query-input\":{\"@type\":\"PropertyValueSpecification\",\"valueRequired\":true,\"valueName\":\"search_term_string\"}}],\"inLanguage\":\"fr-FR\"}]}<\/script>\n<!-- \/ Yoast SEO plugin. -->","yoast_head_json":{"title":"Flexible Renforc\u00e9 1,20 m Silencieux Quickflex (agrafes inox) - Horse Dental Equipment","description":"Un syst\u00e8me de fixation rapide Quickflex adapt\u00e9 \u00e0 toutes nos fraises.\n - Disponible en 1,20 m - 1,60 m","robots":{"index":"index","follow":"follow","max-snippet":"max-snippet:-1","max-image-preview":"max-image-preview:large","max-video-preview":"max-video-preview:-1"},"canonical":"https:\/\/www.horse-dental-equipment.com\/fr\/produit\/flexible-renforce-1-20-m-silencieux-quickflex-agrafes-inox\/","og_locale":"fr_FR","og_type":"article","og_title":"N1 - Quickflex Drive Shaft 1.20 m with Stainless Steel Shear Pins - Horse Dental Equipment","og_description":"Quickflex system for a quick fastening, for all HDE handpieces. Available lengths: 1.20 m - 1.60 m","og_url":"https:\/\/www.horse-dental-equipment.com\/fr\/produit\/flexible-renforce-1-20-m-silencieux-quickflex-agrafes-inox\/","og_site_name":"Horse Dental Equipment","article_modified_time":"2025-07-25T14:10:34+00:00","og_image":[{"width":800,"height":619,"url":"https:\/\/www.horse-dental-equipment.com\/wp-content\/uploads\/2020\/07\/FLEX_R90SQE.png","type":"image\/png"}],"twitter_card":"summary_large_image","twitter_misc":{"Dur\u00e9e de lecture estim\u00e9e":"1 minute"},"schema":{"@context":"https:\/\/schema.org","@graph":[{"@type":"WebPage","@id":"https:\/\/www.horse-dental-equipment.com\/product\/n1-quickflex-drive-shaft-1-20-m-with-stainless-steel-shear-pins\/","url":"https:\/\/www.horse-dental-equipment.com\/product\/n1-quickflex-drive-shaft-1-20-m-with-stainless-steel-shear-pins\/","name":"Flexible Renforc\u00e9 1,20 m Silencieux Quickflex (agrafes inox) - Horse Dental Equipment","isPartOf":{"@id":"https:\/\/www.horse-dental-equipment.com\/#website"},"primaryImageOfPage":{"@id":"https:\/\/www.horse-dental-equipment.com\/product\/n1-quickflex-drive-shaft-1-20-m-with-stainless-steel-shear-pins\/#primaryimage"},"image":{"@id":"https:\/\/www.horse-dental-equipment.com\/product\/n1-quickflex-drive-shaft-1-20-m-with-stainless-steel-shear-pins\/#primaryimage"},"thumbnailUrl":"https:\/\/www.horse-dental-equipment.com\/wp-content\/uploads\/2020\/07\/FLEX_R90SQE.png","datePublished":"2020-07-08T13:27:04+00:00","dateModified":"2025-07-25T14:10:34+00:00","description":"Un syst\u00e8me de fixation rapide Quickflex adapt\u00e9 \u00e0 toutes nos fraises.\n - Disponible en 1,20 m - 1,60 m","breadcrumb":{"@id":"https:\/\/www.horse-dental-equipment.com\/product\/n1-quickflex-drive-shaft-1-20-m-with-stainless-steel-shear-pins\/#breadcrumb"},"inLanguage":"fr-FR","potentialAction":[{"@type":"ReadAction","target":["https:\/\/www.horse-dental-equipment.com\/product\/n1-quickflex-drive-shaft-1-20-m-with-stainless-steel-shear-pins\/"]}]},{"@type":"ImageObject","inLanguage":"fr-FR","@id":"https:\/\/www.horse-dental-equipment.com\/product\/n1-quickflex-drive-shaft-1-20-m-with-stainless-steel-shear-pins\/#primaryimage","url":"https:\/\/www.horse-dental-equipment.com\/wp-content\/uploads\/2020\/07\/FLEX_R90SQE.png","contentUrl":"https:\/\/www.horse-dental-equipment.com\/wp-content\/uploads\/2020\/07\/FLEX_R90SQE.png","width":800,"height":619,"caption":"Evolution Quickflex Drive Shaft"},{"@type":"BreadcrumbList","@id":"https:\/\/www.horse-dental-equipment.com\/product\/n1-quickflex-drive-shaft-1-20-m-with-stainless-steel-shear-pins\/#breadcrumb","itemListElement":[{"@type":"ListItem","position":1,"name":"Home","item":"https:\/\/www.horse-dental-equipment.com\/"},{"@type":"ListItem","position":2,"name":"Products","item":"https:\/\/www.horse-dental-equipment.com\/fr\/produits\/"},{"@type":"ListItem","position":3,"name":"N1 &#8211; Quickflex Drive Shaft 1.20 m with Stainless Steel Shear Pins"}]},{"@type":"WebSite","@id":"https:\/\/www.horse-dental-equipment.com\/#website","url":"https:\/\/www.horse-dental-equipment.com\/","name":"Horse Dental Equipment","description":"Your partner to develop your equine dentistry business","potentialAction":[{"@type":"SearchAction","target":{"@type":"EntryPoint","urlTemplate":"https:\/\/www.horse-dental-equipment.com\/?s={search_term_string}"},"query-input":{"@type":"PropertyValueSpecification","valueRequired":true,"valueName":"search_term_string"}}],"inLanguage":"fr-FR"}]}},"_links":{"self":[{"href":"https:\/\/www.horse-dental-equipment.com\/fr\/wp-json\/wp\/v2\/product\/3112","targetHints":{"allow":["GET"]}}],"collection":[{"href":"https:\/\/www.horse-dental-equipment.com\/fr\/wp-json\/wp\/v2\/product"}],"about":[{"href":"https:\/\/www.horse-dental-equipment.com\/fr\/wp-json\/wp\/v2\/types\/product"}],"replies":[{"embeddable":true,"href":"https:\/\/www.horse-dental-equipment.com\/fr\/wp-json\/wp\/v2\/comments?post=3112"}],"wp:featuredmedia":[{"embeddable":true,"href":"https:\/\/www.horse-dental-equipment.com\/fr\/wp-json\/wp\/v2\/media\/4598"}],"wp:attachment":[{"href":"https:\/\/www.horse-dental-equipment.com\/fr\/wp-json\/wp\/v2\/media?parent=3112"}],"wp:term":[{"taxonomy":"product_brand","embeddable":true,"href":"https:\/\/www.horse-dental-equipment.com\/fr\/wp-json\/wp\/v2\/product_brand?post=3112"},{"taxonomy":"product_cat","embeddable":true,"href":"https:\/\/www.horse-dental-equipment.com\/fr\/wp-json\/wp\/v2\/product_cat?post=3112"},{"taxonomy":"product_tag","embeddable":true,"href":"https:\/\/www.horse-dental-equipment.com\/fr\/wp-json\/wp\/v2\/product_tag?post=3112"}],"curies":[{"name":"wp","href":"https:\/\/api.w.org\/{rel}","templated":true}]}}