{"id":3059,"date":"2020-07-08T15:26:58","date_gmt":"2020-07-08T13:26:58","guid":{"rendered":"http:\/\/www.horse-dental-equipment.com\/produit\/rinsing-pistol\/"},"modified":"2025-06-30T09:55:18","modified_gmt":"2025-06-30T07:55:18","slug":"pistolet-rincage","status":"publish","type":"product","link":"https:\/\/www.horse-dental-equipment.com\/fr\/produit\/pistolet-rincage\/","title":{"rendered":"Pistolet de Rin\u00e7age"},"content":{"rendered":"<p>S'utilise avec une seule main.<br \/>\u2022 Contenance : 200 mL<br \/>\nId\u00e9al pour le rin\u00e7age de la bouche du cheval avant et apr\u00e8s soin.<\/p>","protected":false},"excerpt":{"rendered":"<p>200 mL, used with only one hand, abundant rinsing. Ideal for rinsing the horse&#8217;s mouth.<\/p>","protected":false},"featured_media":4531,"comment_status":"closed","ping_status":"closed","template":"","meta":{"_acf_changed":false},"product_brand":[],"product_cat":[225,97],"product_tag":[],"class_list":{"0":"post-3059","1":"product","2":"type-product","3":"status-publish","4":"has-post-thumbnail","6":"product_cat-accessories","7":"product_cat-rinsing","9":"first","10":"instock","11":"purchasable","12":"product-type-simple"},"acf":[],"yoast_head":"<!-- This site is optimized with the Yoast SEO plugin v27.4 - https:\/\/yoast.com\/product\/yoast-seo-wordpress\/ -->\n<title>Rinsing Pistol - Horse Dental Equipment<\/title>\n<meta name=\"description\" content=\"200 mL, used with only one hand, abundant rinsing. Ideal for rinsing the horse&#039;s mouth.\" \/>\n<meta name=\"robots\" content=\"index, follow, max-snippet:-1, max-image-preview:large, max-video-preview:-1\" \/>\n<link rel=\"canonical\" href=\"https:\/\/www.horse-dental-equipment.com\/fr\/produit\/pistolet-rincage\/\" \/>\n<meta property=\"og:locale\" content=\"fr_FR\" \/>\n<meta property=\"og:type\" content=\"article\" \/>\n<meta property=\"og:title\" content=\"Rinsing Pistol - Horse Dental Equipment\" \/>\n<meta property=\"og:description\" content=\"200 mL, used with only one hand, abundant rinsing. Ideal for rinsing the horse&#039;s mouth.\" \/>\n<meta property=\"og:url\" content=\"https:\/\/www.horse-dental-equipment.com\/fr\/produit\/pistolet-rincage\/\" \/>\n<meta property=\"og:site_name\" content=\"Horse Dental Equipment\" \/>\n<meta property=\"article:modified_time\" content=\"2025-06-30T07:55:18+00:00\" \/>\n<meta property=\"og:image\" content=\"https:\/\/www.horse-dental-equipment.com\/wp-content\/uploads\/2020\/07\/ACC_PR200ML.png\" \/>\n\t<meta property=\"og:image:width\" content=\"800\" \/>\n\t<meta property=\"og:image:height\" content=\"619\" \/>\n\t<meta property=\"og:image:type\" content=\"image\/png\" \/>\n<meta name=\"twitter:card\" content=\"summary_large_image\" \/>\n<meta name=\"twitter:label1\" content=\"Dur\u00e9e de lecture estim\u00e9e\" \/>\n\t<meta name=\"twitter:data1\" content=\"1 minute\" \/>\n<script type=\"application\/ld+json\" class=\"yoast-schema-graph\">{\"@context\":\"https:\\\/\\\/schema.org\",\"@graph\":[{\"@type\":\"WebPage\",\"@id\":\"https:\\\/\\\/www.horse-dental-equipment.com\\\/fr\\\/produit\\\/pistolet-rincage\\\/\",\"url\":\"https:\\\/\\\/www.horse-dental-equipment.com\\\/fr\\\/produit\\\/pistolet-rincage\\\/\",\"name\":\"Rinsing Pistol - Horse Dental Equipment\",\"isPartOf\":{\"@id\":\"https:\\\/\\\/www.horse-dental-equipment.com\\\/#website\"},\"primaryImageOfPage\":{\"@id\":\"https:\\\/\\\/www.horse-dental-equipment.com\\\/fr\\\/produit\\\/pistolet-rincage\\\/#primaryimage\"},\"image\":{\"@id\":\"https:\\\/\\\/www.horse-dental-equipment.com\\\/fr\\\/produit\\\/pistolet-rincage\\\/#primaryimage\"},\"thumbnailUrl\":\"https:\\\/\\\/www.horse-dental-equipment.com\\\/wp-content\\\/uploads\\\/2020\\\/07\\\/ACC_PR200ML.png\",\"datePublished\":\"2020-07-08T13:26:58+00:00\",\"dateModified\":\"2025-06-30T07:55:18+00:00\",\"description\":\"200 mL, used with only one hand, abundant rinsing. Ideal for rinsing the horse's mouth.\",\"breadcrumb\":{\"@id\":\"https:\\\/\\\/www.horse-dental-equipment.com\\\/fr\\\/produit\\\/pistolet-rincage\\\/#breadcrumb\"},\"inLanguage\":\"fr-FR\",\"potentialAction\":[{\"@type\":\"ReadAction\",\"target\":[\"https:\\\/\\\/www.horse-dental-equipment.com\\\/fr\\\/produit\\\/pistolet-rincage\\\/\"]}]},{\"@type\":\"ImageObject\",\"inLanguage\":\"fr-FR\",\"@id\":\"https:\\\/\\\/www.horse-dental-equipment.com\\\/fr\\\/produit\\\/pistolet-rincage\\\/#primaryimage\",\"url\":\"https:\\\/\\\/www.horse-dental-equipment.com\\\/wp-content\\\/uploads\\\/2020\\\/07\\\/ACC_PR200ML.png\",\"contentUrl\":\"https:\\\/\\\/www.horse-dental-equipment.com\\\/wp-content\\\/uploads\\\/2020\\\/07\\\/ACC_PR200ML.png\",\"width\":800,\"height\":619,\"caption\":\"Rinsing Pistol\"},{\"@type\":\"BreadcrumbList\",\"@id\":\"https:\\\/\\\/www.horse-dental-equipment.com\\\/fr\\\/produit\\\/pistolet-rincage\\\/#breadcrumb\",\"itemListElement\":[{\"@type\":\"ListItem\",\"position\":1,\"name\":\"Home\",\"item\":\"https:\\\/\\\/www.horse-dental-equipment.com\\\/\"},{\"@type\":\"ListItem\",\"position\":2,\"name\":\"Products\",\"item\":\"https:\\\/\\\/www.horse-dental-equipment.com\\\/fr\\\/produits\\\/\"},{\"@type\":\"ListItem\",\"position\":3,\"name\":\"Rinsing Pistol\"}]},{\"@type\":\"WebSite\",\"@id\":\"https:\\\/\\\/www.horse-dental-equipment.com\\\/#website\",\"url\":\"https:\\\/\\\/www.horse-dental-equipment.com\\\/\",\"name\":\"Horse Dental Equipment\",\"description\":\"Your partner to develop your equine dentistry business\",\"potentialAction\":[{\"@type\":\"SearchAction\",\"target\":{\"@type\":\"EntryPoint\",\"urlTemplate\":\"https:\\\/\\\/www.horse-dental-equipment.com\\\/?s={search_term_string}\"},\"query-input\":{\"@type\":\"PropertyValueSpecification\",\"valueRequired\":true,\"valueName\":\"search_term_string\"}}],\"inLanguage\":\"fr-FR\"}]}<\/script>\n<!-- \/ Yoast SEO plugin. -->","yoast_head_json":{"title":"Pistolet de Rin\u00e7age - Horse Dental Equipment","description":"S'utilise avec une seule main.\n - Contenance : 200 mL\nId\u00e9al pour le rin\u00e7age de la bouche du cheval avant et apr\u00e8s soin.","robots":{"index":"index","follow":"follow","max-snippet":"max-snippet:-1","max-image-preview":"max-image-preview:large","max-video-preview":"max-video-preview:-1"},"canonical":"https:\/\/www.horse-dental-equipment.com\/fr\/produit\/pistolet-rincage\/","og_locale":"fr_FR","og_type":"article","og_title":"Rinsing Pistol - Horse Dental Equipment","og_description":"200 mL, used with only one hand, abundant rinsing. Ideal for rinsing the horse's mouth.","og_url":"https:\/\/www.horse-dental-equipment.com\/fr\/produit\/pistolet-rincage\/","og_site_name":"Horse Dental Equipment","article_modified_time":"2025-06-30T07:55:18+00:00","og_image":[{"width":800,"height":619,"url":"https:\/\/www.horse-dental-equipment.com\/wp-content\/uploads\/2020\/07\/ACC_PR200ML.png","type":"image\/png"}],"twitter_card":"summary_large_image","twitter_misc":{"Dur\u00e9e de lecture estim\u00e9e":"1 minute"},"schema":{"@context":"https:\/\/schema.org","@graph":[{"@type":"WebPage","@id":"https:\/\/www.horse-dental-equipment.com\/fr\/produit\/pistolet-rincage\/","url":"https:\/\/www.horse-dental-equipment.com\/fr\/produit\/pistolet-rincage\/","name":"Pistolet de Rin\u00e7age - Horse Dental Equipment","isPartOf":{"@id":"https:\/\/www.horse-dental-equipment.com\/#website"},"primaryImageOfPage":{"@id":"https:\/\/www.horse-dental-equipment.com\/fr\/produit\/pistolet-rincage\/#primaryimage"},"image":{"@id":"https:\/\/www.horse-dental-equipment.com\/fr\/produit\/pistolet-rincage\/#primaryimage"},"thumbnailUrl":"https:\/\/www.horse-dental-equipment.com\/wp-content\/uploads\/2020\/07\/ACC_PR200ML.png","datePublished":"2020-07-08T13:26:58+00:00","dateModified":"2025-06-30T07:55:18+00:00","description":"S'utilise avec une seule main.\n - Contenance : 200 mL\nId\u00e9al pour le rin\u00e7age de la bouche du cheval avant et apr\u00e8s soin.","breadcrumb":{"@id":"https:\/\/www.horse-dental-equipment.com\/fr\/produit\/pistolet-rincage\/#breadcrumb"},"inLanguage":"fr-FR","potentialAction":[{"@type":"ReadAction","target":["https:\/\/www.horse-dental-equipment.com\/fr\/produit\/pistolet-rincage\/"]}]},{"@type":"ImageObject","inLanguage":"fr-FR","@id":"https:\/\/www.horse-dental-equipment.com\/fr\/produit\/pistolet-rincage\/#primaryimage","url":"https:\/\/www.horse-dental-equipment.com\/wp-content\/uploads\/2020\/07\/ACC_PR200ML.png","contentUrl":"https:\/\/www.horse-dental-equipment.com\/wp-content\/uploads\/2020\/07\/ACC_PR200ML.png","width":800,"height":619,"caption":"Rinsing Pistol"},{"@type":"BreadcrumbList","@id":"https:\/\/www.horse-dental-equipment.com\/fr\/produit\/pistolet-rincage\/#breadcrumb","itemListElement":[{"@type":"ListItem","position":1,"name":"Home","item":"https:\/\/www.horse-dental-equipment.com\/"},{"@type":"ListItem","position":2,"name":"Products","item":"https:\/\/www.horse-dental-equipment.com\/fr\/produits\/"},{"@type":"ListItem","position":3,"name":"Rinsing Pistol"}]},{"@type":"WebSite","@id":"https:\/\/www.horse-dental-equipment.com\/#website","url":"https:\/\/www.horse-dental-equipment.com\/","name":"Horse Dental Equipment","description":"Your partner to develop your equine dentistry business","potentialAction":[{"@type":"SearchAction","target":{"@type":"EntryPoint","urlTemplate":"https:\/\/www.horse-dental-equipment.com\/?s={search_term_string}"},"query-input":{"@type":"PropertyValueSpecification","valueRequired":true,"valueName":"search_term_string"}}],"inLanguage":"fr-FR"}]}},"_links":{"self":[{"href":"https:\/\/www.horse-dental-equipment.com\/fr\/wp-json\/wp\/v2\/product\/3059","targetHints":{"allow":["GET"]}}],"collection":[{"href":"https:\/\/www.horse-dental-equipment.com\/fr\/wp-json\/wp\/v2\/product"}],"about":[{"href":"https:\/\/www.horse-dental-equipment.com\/fr\/wp-json\/wp\/v2\/types\/product"}],"replies":[{"embeddable":true,"href":"https:\/\/www.horse-dental-equipment.com\/fr\/wp-json\/wp\/v2\/comments?post=3059"}],"wp:featuredmedia":[{"embeddable":true,"href":"https:\/\/www.horse-dental-equipment.com\/fr\/wp-json\/wp\/v2\/media\/4531"}],"wp:attachment":[{"href":"https:\/\/www.horse-dental-equipment.com\/fr\/wp-json\/wp\/v2\/media?parent=3059"}],"wp:term":[{"taxonomy":"product_brand","embeddable":true,"href":"https:\/\/www.horse-dental-equipment.com\/fr\/wp-json\/wp\/v2\/product_brand?post=3059"},{"taxonomy":"product_cat","embeddable":true,"href":"https:\/\/www.horse-dental-equipment.com\/fr\/wp-json\/wp\/v2\/product_cat?post=3059"},{"taxonomy":"product_tag","embeddable":true,"href":"https:\/\/www.horse-dental-equipment.com\/fr\/wp-json\/wp\/v2\/product_tag?post=3059"}],"curies":[{"name":"wp","href":"https:\/\/api.w.org\/{rel}","templated":true}]}}