{"id":3055,"date":"2020-07-08T15:26:58","date_gmt":"2020-07-08T13:26:58","guid":{"rendered":"http:\/\/www.horse-dental-equipment.com\/produit\/t-handle-rostral-caudal-dental-pick\/"},"modified":"2025-06-30T10:14:55","modified_gmt":"2025-06-30T08:14:55","slug":"pic-dentaire-rostral-caudal","status":"publish","type":"product","link":"https:\/\/www.horse-dental-equipment.com\/fr\/produit\/pic-dentaire-rostral-caudal\/","title":{"rendered":"Pic Dentaire Rostral &amp; Caudal"},"content":{"rendered":"<p>La poign\u00e9e T garantit une meilleure prise en main avec plus de force \u00e0 l'utilisation.<br \/>\nUtile pour pr\u00e9parer une extraction de molaire en retirant la gencive autour de la dent.<br \/>\nFacile \u00e0 d\u00e9sinfecter.<br \/>\nQualit\u00e9 inox, tr\u00e8s r\u00e9sistant.<\/p>\n<p>2 mod\u00e8les disponibles :<br \/>\n\u2022 Pic dentaire rostral et caudal : STO_PICTPI<br \/>\n\u2022 Pic dentaire vestibulaire et lingual : STO_PICLPI<\/p>","protected":false},"excerpt":{"rendered":"<p>Better handling, more strength to use and turn this dental pick. Useful for preparing a molar extraction by removing the gum around the tooth. Easy to disinfect. Made from stainless steel quality, very resistant. Choose either from: \u2022 Dental pick rostral &amp; caudal: STO_PICTPI \u2022 Dental pick vestibular &amp; lingual: STO_PICLPI<\/p>","protected":false},"featured_media":4667,"comment_status":"closed","ping_status":"closed","template":"","meta":{"_acf_changed":false},"product_brand":[],"product_cat":[100,79],"product_tag":[],"class_list":{"0":"post-3055","1":"product","2":"type-product","3":"status-publish","4":"has-post-thumbnail","6":"product_cat-molars-extraction","7":"product_cat-stomatology","9":"first","10":"instock","11":"purchasable","12":"product-type-simple"},"acf":[],"yoast_head":"<!-- This site is optimized with the Yoast SEO plugin v27.4 - https:\/\/yoast.com\/product\/yoast-seo-wordpress\/ -->\n<title>T-Handle Rostral &amp; Caudal Dental Pick - Horse Dental Equipment<\/title>\n<meta name=\"description\" content=\"Better handling, more strength to use and turn this dental pick. Useful for preparing a molar extraction by removing the gum around the tooth.\" \/>\n<meta name=\"robots\" content=\"index, follow, max-snippet:-1, max-image-preview:large, max-video-preview:-1\" \/>\n<link rel=\"canonical\" href=\"https:\/\/www.horse-dental-equipment.com\/fr\/produit\/pic-dentaire-rostral-caudal\/\" \/>\n<meta property=\"og:locale\" content=\"fr_FR\" \/>\n<meta property=\"og:type\" content=\"article\" \/>\n<meta property=\"og:title\" content=\"T-Handle Rostral &amp; Caudal Dental Pick - Horse Dental Equipment\" \/>\n<meta property=\"og:description\" content=\"Better handling, more strength to use and turn this dental pick. Useful for preparing a molar extraction by removing the gum around the tooth.\" \/>\n<meta property=\"og:url\" content=\"https:\/\/www.horse-dental-equipment.com\/fr\/produit\/pic-dentaire-rostral-caudal\/\" \/>\n<meta property=\"og:site_name\" content=\"Horse Dental Equipment\" \/>\n<meta property=\"article:modified_time\" content=\"2025-06-30T08:14:55+00:00\" \/>\n<meta property=\"og:image\" content=\"https:\/\/www.horse-dental-equipment.com\/wp-content\/uploads\/2020\/07\/STO_PICTPI.png\" \/>\n\t<meta property=\"og:image:width\" content=\"800\" \/>\n\t<meta property=\"og:image:height\" content=\"619\" \/>\n\t<meta property=\"og:image:type\" content=\"image\/png\" \/>\n<meta name=\"twitter:card\" content=\"summary_large_image\" \/>\n<meta name=\"twitter:label1\" content=\"Dur\u00e9e de lecture estim\u00e9e\" \/>\n\t<meta name=\"twitter:data1\" content=\"1 minute\" \/>\n<script type=\"application\/ld+json\" class=\"yoast-schema-graph\">{\"@context\":\"https:\\\/\\\/schema.org\",\"@graph\":[{\"@type\":\"WebPage\",\"@id\":\"https:\\\/\\\/www.horse-dental-equipment.com\\\/es\\\/producto\\\/pico-dentario-t-con-mango-inoxidable\\\/\",\"url\":\"https:\\\/\\\/www.horse-dental-equipment.com\\\/es\\\/producto\\\/pico-dentario-t-con-mango-inoxidable\\\/\",\"name\":\"T-Handle Rostral & Caudal Dental Pick - Horse Dental Equipment\",\"isPartOf\":{\"@id\":\"https:\\\/\\\/www.horse-dental-equipment.com\\\/#website\"},\"primaryImageOfPage\":{\"@id\":\"https:\\\/\\\/www.horse-dental-equipment.com\\\/es\\\/producto\\\/pico-dentario-t-con-mango-inoxidable\\\/#primaryimage\"},\"image\":{\"@id\":\"https:\\\/\\\/www.horse-dental-equipment.com\\\/es\\\/producto\\\/pico-dentario-t-con-mango-inoxidable\\\/#primaryimage\"},\"thumbnailUrl\":\"https:\\\/\\\/www.horse-dental-equipment.com\\\/wp-content\\\/uploads\\\/2020\\\/07\\\/STO_PICTPI.png\",\"datePublished\":\"2020-07-08T13:26:58+00:00\",\"dateModified\":\"2025-06-30T08:14:55+00:00\",\"description\":\"Better handling, more strength to use and turn this dental pick. Useful for preparing a molar extraction by removing the gum around the tooth.\",\"breadcrumb\":{\"@id\":\"https:\\\/\\\/www.horse-dental-equipment.com\\\/es\\\/producto\\\/pico-dentario-t-con-mango-inoxidable\\\/#breadcrumb\"},\"inLanguage\":\"fr-FR\",\"potentialAction\":[{\"@type\":\"ReadAction\",\"target\":[\"https:\\\/\\\/www.horse-dental-equipment.com\\\/es\\\/producto\\\/pico-dentario-t-con-mango-inoxidable\\\/\"]}]},{\"@type\":\"ImageObject\",\"inLanguage\":\"fr-FR\",\"@id\":\"https:\\\/\\\/www.horse-dental-equipment.com\\\/es\\\/producto\\\/pico-dentario-t-con-mango-inoxidable\\\/#primaryimage\",\"url\":\"https:\\\/\\\/www.horse-dental-equipment.com\\\/wp-content\\\/uploads\\\/2020\\\/07\\\/STO_PICTPI.png\",\"contentUrl\":\"https:\\\/\\\/www.horse-dental-equipment.com\\\/wp-content\\\/uploads\\\/2020\\\/07\\\/STO_PICTPI.png\",\"width\":800,\"height\":619,\"caption\":\"T-Handle Rostral & Caudal Dental Pick\"},{\"@type\":\"BreadcrumbList\",\"@id\":\"https:\\\/\\\/www.horse-dental-equipment.com\\\/es\\\/producto\\\/pico-dentario-t-con-mango-inoxidable\\\/#breadcrumb\",\"itemListElement\":[{\"@type\":\"ListItem\",\"position\":1,\"name\":\"Home\",\"item\":\"https:\\\/\\\/www.horse-dental-equipment.com\\\/\"},{\"@type\":\"ListItem\",\"position\":2,\"name\":\"Products\",\"item\":\"https:\\\/\\\/www.horse-dental-equipment.com\\\/fr\\\/produits\\\/\"},{\"@type\":\"ListItem\",\"position\":3,\"name\":\"T-Handle Rostral &#038; Caudal Dental Pick\"}]},{\"@type\":\"WebSite\",\"@id\":\"https:\\\/\\\/www.horse-dental-equipment.com\\\/#website\",\"url\":\"https:\\\/\\\/www.horse-dental-equipment.com\\\/\",\"name\":\"Horse Dental Equipment\",\"description\":\"Your partner to develop your equine dentistry business\",\"potentialAction\":[{\"@type\":\"SearchAction\",\"target\":{\"@type\":\"EntryPoint\",\"urlTemplate\":\"https:\\\/\\\/www.horse-dental-equipment.com\\\/?s={search_term_string}\"},\"query-input\":{\"@type\":\"PropertyValueSpecification\",\"valueRequired\":true,\"valueName\":\"search_term_string\"}}],\"inLanguage\":\"fr-FR\"}]}<\/script>\n<!-- \/ Yoast SEO plugin. -->","yoast_head_json":{"title":"Pic Dentaire Rostral &amp; Caudal - Horse Dental Equipment","description":"La poign\u00e9e T garantit une meilleure prise en main avec plus de force \u00e0 l'utilisation.\nUtile pour pr\u00e9parer une extraction de molaire en retirant la","robots":{"index":"index","follow":"follow","max-snippet":"max-snippet:-1","max-image-preview":"max-image-preview:large","max-video-preview":"max-video-preview:-1"},"canonical":"https:\/\/www.horse-dental-equipment.com\/fr\/produit\/pic-dentaire-rostral-caudal\/","og_locale":"fr_FR","og_type":"article","og_title":"T-Handle Rostral & Caudal Dental Pick - Horse Dental Equipment","og_description":"Better handling, more strength to use and turn this dental pick. Useful for preparing a molar extraction by removing the gum around the tooth.","og_url":"https:\/\/www.horse-dental-equipment.com\/fr\/produit\/pic-dentaire-rostral-caudal\/","og_site_name":"Horse Dental Equipment","article_modified_time":"2025-06-30T08:14:55+00:00","og_image":[{"width":800,"height":619,"url":"https:\/\/www.horse-dental-equipment.com\/wp-content\/uploads\/2020\/07\/STO_PICTPI.png","type":"image\/png"}],"twitter_card":"summary_large_image","twitter_misc":{"Dur\u00e9e de lecture estim\u00e9e":"1 minute"},"schema":{"@context":"https:\/\/schema.org","@graph":[{"@type":"WebPage","@id":"https:\/\/www.horse-dental-equipment.com\/es\/producto\/pico-dentario-t-con-mango-inoxidable\/","url":"https:\/\/www.horse-dental-equipment.com\/es\/producto\/pico-dentario-t-con-mango-inoxidable\/","name":"Pic Dentaire Rostral &amp; Caudal - Horse Dental Equipment","isPartOf":{"@id":"https:\/\/www.horse-dental-equipment.com\/#website"},"primaryImageOfPage":{"@id":"https:\/\/www.horse-dental-equipment.com\/es\/producto\/pico-dentario-t-con-mango-inoxidable\/#primaryimage"},"image":{"@id":"https:\/\/www.horse-dental-equipment.com\/es\/producto\/pico-dentario-t-con-mango-inoxidable\/#primaryimage"},"thumbnailUrl":"https:\/\/www.horse-dental-equipment.com\/wp-content\/uploads\/2020\/07\/STO_PICTPI.png","datePublished":"2020-07-08T13:26:58+00:00","dateModified":"2025-06-30T08:14:55+00:00","description":"La poign\u00e9e T garantit une meilleure prise en main avec plus de force \u00e0 l'utilisation.\nUtile pour pr\u00e9parer une extraction de molaire en retirant la","breadcrumb":{"@id":"https:\/\/www.horse-dental-equipment.com\/es\/producto\/pico-dentario-t-con-mango-inoxidable\/#breadcrumb"},"inLanguage":"fr-FR","potentialAction":[{"@type":"ReadAction","target":["https:\/\/www.horse-dental-equipment.com\/es\/producto\/pico-dentario-t-con-mango-inoxidable\/"]}]},{"@type":"ImageObject","inLanguage":"fr-FR","@id":"https:\/\/www.horse-dental-equipment.com\/es\/producto\/pico-dentario-t-con-mango-inoxidable\/#primaryimage","url":"https:\/\/www.horse-dental-equipment.com\/wp-content\/uploads\/2020\/07\/STO_PICTPI.png","contentUrl":"https:\/\/www.horse-dental-equipment.com\/wp-content\/uploads\/2020\/07\/STO_PICTPI.png","width":800,"height":619,"caption":"T-Handle Rostral & Caudal Dental Pick"},{"@type":"BreadcrumbList","@id":"https:\/\/www.horse-dental-equipment.com\/es\/producto\/pico-dentario-t-con-mango-inoxidable\/#breadcrumb","itemListElement":[{"@type":"ListItem","position":1,"name":"Home","item":"https:\/\/www.horse-dental-equipment.com\/"},{"@type":"ListItem","position":2,"name":"Products","item":"https:\/\/www.horse-dental-equipment.com\/fr\/produits\/"},{"@type":"ListItem","position":3,"name":"T-Handle Rostral &#038; Caudal Dental Pick"}]},{"@type":"WebSite","@id":"https:\/\/www.horse-dental-equipment.com\/#website","url":"https:\/\/www.horse-dental-equipment.com\/","name":"Horse Dental Equipment","description":"Your partner to develop your equine dentistry business","potentialAction":[{"@type":"SearchAction","target":{"@type":"EntryPoint","urlTemplate":"https:\/\/www.horse-dental-equipment.com\/?s={search_term_string}"},"query-input":{"@type":"PropertyValueSpecification","valueRequired":true,"valueName":"search_term_string"}}],"inLanguage":"fr-FR"}]}},"_links":{"self":[{"href":"https:\/\/www.horse-dental-equipment.com\/fr\/wp-json\/wp\/v2\/product\/3055","targetHints":{"allow":["GET"]}}],"collection":[{"href":"https:\/\/www.horse-dental-equipment.com\/fr\/wp-json\/wp\/v2\/product"}],"about":[{"href":"https:\/\/www.horse-dental-equipment.com\/fr\/wp-json\/wp\/v2\/types\/product"}],"replies":[{"embeddable":true,"href":"https:\/\/www.horse-dental-equipment.com\/fr\/wp-json\/wp\/v2\/comments?post=3055"}],"wp:featuredmedia":[{"embeddable":true,"href":"https:\/\/www.horse-dental-equipment.com\/fr\/wp-json\/wp\/v2\/media\/4667"}],"wp:attachment":[{"href":"https:\/\/www.horse-dental-equipment.com\/fr\/wp-json\/wp\/v2\/media?parent=3055"}],"wp:term":[{"taxonomy":"product_brand","embeddable":true,"href":"https:\/\/www.horse-dental-equipment.com\/fr\/wp-json\/wp\/v2\/product_brand?post=3055"},{"taxonomy":"product_cat","embeddable":true,"href":"https:\/\/www.horse-dental-equipment.com\/fr\/wp-json\/wp\/v2\/product_cat?post=3055"},{"taxonomy":"product_tag","embeddable":true,"href":"https:\/\/www.horse-dental-equipment.com\/fr\/wp-json\/wp\/v2\/product_tag?post=3055"}],"curies":[{"name":"wp","href":"https:\/\/api.w.org\/{rel}","templated":true}]}}