{"id":3044,"date":"2020-07-08T15:26:54","date_gmt":"2020-07-08T13:26:54","guid":{"rendered":"http:\/\/www.horse-dental-equipment.com\/produit\/45-forceps\/"},"modified":"2025-06-30T10:02:54","modified_gmt":"2025-06-30T08:02:54","slug":"davier-courbe-45-bec-ouvert-20-cm","status":"publish","type":"product","link":"https:\/\/www.horse-dental-equipment.com\/fr\/produit\/davier-courbe-45-bec-ouvert-20-cm\/","title":{"rendered":"Davier Courbe 45\u00b0 Bec Ouvert 20 cm"},"content":{"rendered":"<p>Sa t\u00eate inclin\u00e9e \u00e0 45\u00b0 permet l'extraction des dents de loup sans \u00eatre g\u00ean\u00e9 par les tissus mous.<br \/>\nSa longueur garantit un confort optimal lors de l'extraction (mains hors de la bouche du cheval).<br \/>\nFabriqu\u00e9 en acier inoxydable de qualit\u00e9.<\/p>","protected":false},"excerpt":{"rendered":"<p>Its 45\u00b0 head makes the wolf tooth extraction easy without being bothered by soft tissues. Its length guarantees optimal comfort during extraction (hands outside the mouth of the horse). Made from stainless steel quality.<\/p>","protected":false},"featured_media":4617,"comment_status":"closed","ping_status":"closed","template":"","meta":{"_acf_changed":false},"product_brand":[],"product_cat":[79,80],"product_tag":[],"class_list":{"0":"post-3044","1":"product","2":"type-product","3":"status-publish","4":"has-post-thumbnail","6":"product_cat-stomatology","7":"product_cat-wolf-teeth-incisors-extraction","9":"first","10":"instock","11":"purchasable","12":"product-type-simple"},"acf":[],"yoast_head":"<!-- This site is optimized with the Yoast SEO plugin v27.4 - https:\/\/yoast.com\/product\/yoast-seo-wordpress\/ -->\n<title>45\u00b0 Forceps - Horse Dental Equipment<\/title>\n<meta name=\"description\" content=\"Its 45\u00b0 head makes the wolf tooth extraction easy without being bothered by soft tissues. Its length guarantees optimal comfort during extraction...\" \/>\n<meta name=\"robots\" content=\"index, follow, max-snippet:-1, max-image-preview:large, max-video-preview:-1\" \/>\n<link rel=\"canonical\" href=\"https:\/\/www.horse-dental-equipment.com\/fr\/produit\/davier-courbe-45-bec-ouvert-20-cm\/\" \/>\n<meta property=\"og:locale\" content=\"fr_FR\" \/>\n<meta property=\"og:type\" content=\"article\" \/>\n<meta property=\"og:title\" content=\"45\u00b0 Forceps - Horse Dental Equipment\" \/>\n<meta property=\"og:description\" content=\"Its 45\u00b0 head makes the wolf tooth extraction easy without being bothered by soft tissues. Its length guarantees optimal comfort during extraction...\" \/>\n<meta property=\"og:url\" content=\"https:\/\/www.horse-dental-equipment.com\/fr\/produit\/davier-courbe-45-bec-ouvert-20-cm\/\" \/>\n<meta property=\"og:site_name\" content=\"Horse Dental Equipment\" \/>\n<meta property=\"article:modified_time\" content=\"2025-06-30T08:02:54+00:00\" \/>\n<meta property=\"og:image\" content=\"https:\/\/www.horse-dental-equipment.com\/wp-content\/uploads\/2020\/07\/DAV_C45BO.png\" \/>\n\t<meta property=\"og:image:width\" content=\"800\" \/>\n\t<meta property=\"og:image:height\" content=\"619\" \/>\n\t<meta property=\"og:image:type\" content=\"image\/png\" \/>\n<meta name=\"twitter:card\" content=\"summary_large_image\" \/>\n<meta name=\"twitter:label1\" content=\"Dur\u00e9e de lecture estim\u00e9e\" \/>\n\t<meta name=\"twitter:data1\" content=\"1 minute\" \/>\n<script type=\"application\/ld+json\" class=\"yoast-schema-graph\">{\"@context\":\"https:\\\/\\\/schema.org\",\"@graph\":[{\"@type\":\"WebPage\",\"@id\":\"https:\\\/\\\/www.horse-dental-equipment.com\\\/product\\\/45-forceps\\\/\",\"url\":\"https:\\\/\\\/www.horse-dental-equipment.com\\\/product\\\/45-forceps\\\/\",\"name\":\"45\u00b0 Forceps - Horse Dental Equipment\",\"isPartOf\":{\"@id\":\"https:\\\/\\\/www.horse-dental-equipment.com\\\/#website\"},\"primaryImageOfPage\":{\"@id\":\"https:\\\/\\\/www.horse-dental-equipment.com\\\/product\\\/45-forceps\\\/#primaryimage\"},\"image\":{\"@id\":\"https:\\\/\\\/www.horse-dental-equipment.com\\\/product\\\/45-forceps\\\/#primaryimage\"},\"thumbnailUrl\":\"https:\\\/\\\/www.horse-dental-equipment.com\\\/wp-content\\\/uploads\\\/2020\\\/07\\\/DAV_C45BO.png\",\"datePublished\":\"2020-07-08T13:26:54+00:00\",\"dateModified\":\"2025-06-30T08:02:54+00:00\",\"description\":\"Its 45\u00b0 head makes the wolf tooth extraction easy without being bothered by soft tissues. Its length guarantees optimal comfort during extraction...\",\"breadcrumb\":{\"@id\":\"https:\\\/\\\/www.horse-dental-equipment.com\\\/product\\\/45-forceps\\\/#breadcrumb\"},\"inLanguage\":\"fr-FR\",\"potentialAction\":[{\"@type\":\"ReadAction\",\"target\":[\"https:\\\/\\\/www.horse-dental-equipment.com\\\/product\\\/45-forceps\\\/\"]}]},{\"@type\":\"ImageObject\",\"inLanguage\":\"fr-FR\",\"@id\":\"https:\\\/\\\/www.horse-dental-equipment.com\\\/product\\\/45-forceps\\\/#primaryimage\",\"url\":\"https:\\\/\\\/www.horse-dental-equipment.com\\\/wp-content\\\/uploads\\\/2020\\\/07\\\/DAV_C45BO.png\",\"contentUrl\":\"https:\\\/\\\/www.horse-dental-equipment.com\\\/wp-content\\\/uploads\\\/2020\\\/07\\\/DAV_C45BO.png\",\"width\":800,\"height\":619,\"caption\":\"45\u00b0 Forceps\"},{\"@type\":\"BreadcrumbList\",\"@id\":\"https:\\\/\\\/www.horse-dental-equipment.com\\\/product\\\/45-forceps\\\/#breadcrumb\",\"itemListElement\":[{\"@type\":\"ListItem\",\"position\":1,\"name\":\"Home\",\"item\":\"https:\\\/\\\/www.horse-dental-equipment.com\\\/\"},{\"@type\":\"ListItem\",\"position\":2,\"name\":\"Products\",\"item\":\"https:\\\/\\\/www.horse-dental-equipment.com\\\/fr\\\/produits\\\/\"},{\"@type\":\"ListItem\",\"position\":3,\"name\":\"45\u00b0 Forceps\"}]},{\"@type\":\"WebSite\",\"@id\":\"https:\\\/\\\/www.horse-dental-equipment.com\\\/#website\",\"url\":\"https:\\\/\\\/www.horse-dental-equipment.com\\\/\",\"name\":\"Horse Dental Equipment\",\"description\":\"Your partner to develop your equine dentistry business\",\"potentialAction\":[{\"@type\":\"SearchAction\",\"target\":{\"@type\":\"EntryPoint\",\"urlTemplate\":\"https:\\\/\\\/www.horse-dental-equipment.com\\\/?s={search_term_string}\"},\"query-input\":{\"@type\":\"PropertyValueSpecification\",\"valueRequired\":true,\"valueName\":\"search_term_string\"}}],\"inLanguage\":\"fr-FR\"}]}<\/script>\n<!-- \/ Yoast SEO plugin. -->","yoast_head_json":{"title":"Davier Courbe 45\u00b0 Bec Ouvert 20 cm - Horse Dental Equipment","description":"Sa t\u00eate inclin\u00e9e \u00e0 45\u00b0 permet l'extraction des dents de loup sans \u00eatre g\u00ean\u00e9 par les tissus mous.\nSa longueur garantit un confort optimal lors de l'extraction (mains hors de la bouche du cheval).\nFabriqu\u00e9 en acier inoxydable de qualit\u00e9.","robots":{"index":"index","follow":"follow","max-snippet":"max-snippet:-1","max-image-preview":"max-image-preview:large","max-video-preview":"max-video-preview:-1"},"canonical":"https:\/\/www.horse-dental-equipment.com\/fr\/produit\/davier-courbe-45-bec-ouvert-20-cm\/","og_locale":"fr_FR","og_type":"article","og_title":"45\u00b0 Forceps - Horse Dental Equipment","og_description":"Its 45\u00b0 head makes the wolf tooth extraction easy without being bothered by soft tissues. Its length guarantees optimal comfort during extraction...","og_url":"https:\/\/www.horse-dental-equipment.com\/fr\/produit\/davier-courbe-45-bec-ouvert-20-cm\/","og_site_name":"Horse Dental Equipment","article_modified_time":"2025-06-30T08:02:54+00:00","og_image":[{"width":800,"height":619,"url":"https:\/\/www.horse-dental-equipment.com\/wp-content\/uploads\/2020\/07\/DAV_C45BO.png","type":"image\/png"}],"twitter_card":"summary_large_image","twitter_misc":{"Dur\u00e9e de lecture estim\u00e9e":"1 minute"},"schema":{"@context":"https:\/\/schema.org","@graph":[{"@type":"WebPage","@id":"https:\/\/www.horse-dental-equipment.com\/product\/45-forceps\/","url":"https:\/\/www.horse-dental-equipment.com\/product\/45-forceps\/","name":"Davier Courbe 45\u00b0 Bec Ouvert 20 cm - Horse Dental Equipment","isPartOf":{"@id":"https:\/\/www.horse-dental-equipment.com\/#website"},"primaryImageOfPage":{"@id":"https:\/\/www.horse-dental-equipment.com\/product\/45-forceps\/#primaryimage"},"image":{"@id":"https:\/\/www.horse-dental-equipment.com\/product\/45-forceps\/#primaryimage"},"thumbnailUrl":"https:\/\/www.horse-dental-equipment.com\/wp-content\/uploads\/2020\/07\/DAV_C45BO.png","datePublished":"2020-07-08T13:26:54+00:00","dateModified":"2025-06-30T08:02:54+00:00","description":"Sa t\u00eate inclin\u00e9e \u00e0 45\u00b0 permet l'extraction des dents de loup sans \u00eatre g\u00ean\u00e9 par les tissus mous.\nSa longueur garantit un confort optimal lors de l'extraction (mains hors de la bouche du cheval).\nFabriqu\u00e9 en acier inoxydable de qualit\u00e9.","breadcrumb":{"@id":"https:\/\/www.horse-dental-equipment.com\/product\/45-forceps\/#breadcrumb"},"inLanguage":"fr-FR","potentialAction":[{"@type":"ReadAction","target":["https:\/\/www.horse-dental-equipment.com\/product\/45-forceps\/"]}]},{"@type":"ImageObject","inLanguage":"fr-FR","@id":"https:\/\/www.horse-dental-equipment.com\/product\/45-forceps\/#primaryimage","url":"https:\/\/www.horse-dental-equipment.com\/wp-content\/uploads\/2020\/07\/DAV_C45BO.png","contentUrl":"https:\/\/www.horse-dental-equipment.com\/wp-content\/uploads\/2020\/07\/DAV_C45BO.png","width":800,"height":619,"caption":"45\u00b0 Forceps"},{"@type":"BreadcrumbList","@id":"https:\/\/www.horse-dental-equipment.com\/product\/45-forceps\/#breadcrumb","itemListElement":[{"@type":"ListItem","position":1,"name":"Home","item":"https:\/\/www.horse-dental-equipment.com\/"},{"@type":"ListItem","position":2,"name":"Products","item":"https:\/\/www.horse-dental-equipment.com\/fr\/produits\/"},{"@type":"ListItem","position":3,"name":"45\u00b0 Forceps"}]},{"@type":"WebSite","@id":"https:\/\/www.horse-dental-equipment.com\/#website","url":"https:\/\/www.horse-dental-equipment.com\/","name":"Horse Dental Equipment","description":"Your partner to develop your equine dentistry business","potentialAction":[{"@type":"SearchAction","target":{"@type":"EntryPoint","urlTemplate":"https:\/\/www.horse-dental-equipment.com\/?s={search_term_string}"},"query-input":{"@type":"PropertyValueSpecification","valueRequired":true,"valueName":"search_term_string"}}],"inLanguage":"fr-FR"}]}},"_links":{"self":[{"href":"https:\/\/www.horse-dental-equipment.com\/fr\/wp-json\/wp\/v2\/product\/3044","targetHints":{"allow":["GET"]}}],"collection":[{"href":"https:\/\/www.horse-dental-equipment.com\/fr\/wp-json\/wp\/v2\/product"}],"about":[{"href":"https:\/\/www.horse-dental-equipment.com\/fr\/wp-json\/wp\/v2\/types\/product"}],"replies":[{"embeddable":true,"href":"https:\/\/www.horse-dental-equipment.com\/fr\/wp-json\/wp\/v2\/comments?post=3044"}],"wp:featuredmedia":[{"embeddable":true,"href":"https:\/\/www.horse-dental-equipment.com\/fr\/wp-json\/wp\/v2\/media\/4617"}],"wp:attachment":[{"href":"https:\/\/www.horse-dental-equipment.com\/fr\/wp-json\/wp\/v2\/media?parent=3044"}],"wp:term":[{"taxonomy":"product_brand","embeddable":true,"href":"https:\/\/www.horse-dental-equipment.com\/fr\/wp-json\/wp\/v2\/product_brand?post=3044"},{"taxonomy":"product_cat","embeddable":true,"href":"https:\/\/www.horse-dental-equipment.com\/fr\/wp-json\/wp\/v2\/product_cat?post=3044"},{"taxonomy":"product_tag","embeddable":true,"href":"https:\/\/www.horse-dental-equipment.com\/fr\/wp-json\/wp\/v2\/product_tag?post=3044"}],"curies":[{"name":"wp","href":"https:\/\/api.w.org\/{rel}","templated":true}]}}