{"id":3043,"date":"2020-07-08T15:26:54","date_gmt":"2020-07-08T13:26:54","guid":{"rendered":"http:\/\/www.horse-dental-equipment.com\/produit\/45-gouge-forceps\/"},"modified":"2025-06-30T10:02:27","modified_gmt":"2025-06-30T08:02:27","slug":"pince-gouge-45","status":"publish","type":"product","link":"https:\/\/www.horse-dental-equipment.com\/fr\/produit\/pince-gouge-45\/","title":{"rendered":"Pince Gouge 45\u00b0"},"content":{"rendered":"<p>L'inclinaison \u00e0 45\u00b0 permet d'atteindre plus facilement les muqueuses, sans \u00eatre g\u00ean\u00e9, ni par les l\u00e8vres, ni par les branches de l'ouvre-bouche.<br \/>\nPermet de couper la gencive et la peau.<br \/>\nFabriqu\u00e9 en acier inoxydable de qualit\u00e9.<\/p>","protected":false},"excerpt":{"rendered":"<p>Its 45\u00b0 angle makes easy access for wolf teeth, fragmented incisors,&#8230; Allows to cut the gingiva and skin. Made from stainless steel quality.<\/p>","protected":false},"featured_media":4640,"comment_status":"closed","ping_status":"closed","template":"","meta":{"_acf_changed":false},"product_brand":[],"product_cat":[79,80],"product_tag":[],"class_list":{"0":"post-3043","1":"product","2":"type-product","3":"status-publish","4":"has-post-thumbnail","6":"product_cat-stomatology","7":"product_cat-wolf-teeth-incisors-extraction","9":"first","10":"instock","11":"purchasable","12":"product-type-simple"},"acf":[],"yoast_head":"<!-- This site is optimized with the Yoast SEO plugin v27.3 - https:\/\/yoast.com\/product\/yoast-seo-wordpress\/ -->\n<title>45\u00b0 Gouge Forceps - Horse Dental Equipment<\/title>\n<meta name=\"description\" content=\"Its 45\u00b0 angle makes easy access for wolf teeth, fragmented incisors,... Allows to cut the gingiva and skin. Made from stainless steel quality.\" \/>\n<meta name=\"robots\" content=\"index, follow, max-snippet:-1, max-image-preview:large, max-video-preview:-1\" \/>\n<link rel=\"canonical\" href=\"https:\/\/www.horse-dental-equipment.com\/fr\/produit\/pince-gouge-45\/\" \/>\n<meta property=\"og:locale\" content=\"fr_FR\" \/>\n<meta property=\"og:type\" content=\"article\" \/>\n<meta property=\"og:title\" content=\"45\u00b0 Gouge Forceps - Horse Dental Equipment\" \/>\n<meta property=\"og:description\" content=\"Its 45\u00b0 angle makes easy access for wolf teeth, fragmented incisors,... Allows to cut the gingiva and skin. Made from stainless steel quality.\" \/>\n<meta property=\"og:url\" content=\"https:\/\/www.horse-dental-equipment.com\/fr\/produit\/pince-gouge-45\/\" \/>\n<meta property=\"og:site_name\" content=\"Horse Dental Equipment\" \/>\n<meta property=\"article:modified_time\" content=\"2025-06-30T08:02:27+00:00\" \/>\n<meta property=\"og:image\" content=\"https:\/\/www.horse-dental-equipment.com\/wp-content\/uploads\/2020\/07\/STO_PG45.png\" \/>\n\t<meta property=\"og:image:width\" content=\"800\" \/>\n\t<meta property=\"og:image:height\" content=\"619\" \/>\n\t<meta property=\"og:image:type\" content=\"image\/png\" \/>\n<meta name=\"twitter:card\" content=\"summary_large_image\" \/>\n<meta name=\"twitter:label1\" content=\"Dur\u00e9e de lecture estim\u00e9e\" \/>\n\t<meta name=\"twitter:data1\" content=\"1 minute\" \/>\n<script type=\"application\/ld+json\" class=\"yoast-schema-graph\">{\"@context\":\"https:\\\/\\\/schema.org\",\"@graph\":[{\"@type\":\"WebPage\",\"@id\":\"https:\\\/\\\/www.horse-dental-equipment.com\\\/product\\\/45-gouge-forceps\\\/\",\"url\":\"https:\\\/\\\/www.horse-dental-equipment.com\\\/product\\\/45-gouge-forceps\\\/\",\"name\":\"45\u00b0 Gouge Forceps - Horse Dental Equipment\",\"isPartOf\":{\"@id\":\"https:\\\/\\\/www.horse-dental-equipment.com\\\/#website\"},\"primaryImageOfPage\":{\"@id\":\"https:\\\/\\\/www.horse-dental-equipment.com\\\/product\\\/45-gouge-forceps\\\/#primaryimage\"},\"image\":{\"@id\":\"https:\\\/\\\/www.horse-dental-equipment.com\\\/product\\\/45-gouge-forceps\\\/#primaryimage\"},\"thumbnailUrl\":\"https:\\\/\\\/www.horse-dental-equipment.com\\\/wp-content\\\/uploads\\\/2020\\\/07\\\/STO_PG45.png\",\"datePublished\":\"2020-07-08T13:26:54+00:00\",\"dateModified\":\"2025-06-30T08:02:27+00:00\",\"description\":\"Its 45\u00b0 angle makes easy access for wolf teeth, fragmented incisors,... Allows to cut the gingiva and skin. Made from stainless steel quality.\",\"breadcrumb\":{\"@id\":\"https:\\\/\\\/www.horse-dental-equipment.com\\\/product\\\/45-gouge-forceps\\\/#breadcrumb\"},\"inLanguage\":\"fr-FR\",\"potentialAction\":[{\"@type\":\"ReadAction\",\"target\":[\"https:\\\/\\\/www.horse-dental-equipment.com\\\/product\\\/45-gouge-forceps\\\/\"]}]},{\"@type\":\"ImageObject\",\"inLanguage\":\"fr-FR\",\"@id\":\"https:\\\/\\\/www.horse-dental-equipment.com\\\/product\\\/45-gouge-forceps\\\/#primaryimage\",\"url\":\"https:\\\/\\\/www.horse-dental-equipment.com\\\/wp-content\\\/uploads\\\/2020\\\/07\\\/STO_PG45.png\",\"contentUrl\":\"https:\\\/\\\/www.horse-dental-equipment.com\\\/wp-content\\\/uploads\\\/2020\\\/07\\\/STO_PG45.png\",\"width\":800,\"height\":619,\"caption\":\"45\u00b0 Gouge Forceps\"},{\"@type\":\"BreadcrumbList\",\"@id\":\"https:\\\/\\\/www.horse-dental-equipment.com\\\/product\\\/45-gouge-forceps\\\/#breadcrumb\",\"itemListElement\":[{\"@type\":\"ListItem\",\"position\":1,\"name\":\"Home\",\"item\":\"https:\\\/\\\/www.horse-dental-equipment.com\\\/\"},{\"@type\":\"ListItem\",\"position\":2,\"name\":\"Products\",\"item\":\"https:\\\/\\\/www.horse-dental-equipment.com\\\/fr\\\/produits\\\/\"},{\"@type\":\"ListItem\",\"position\":3,\"name\":\"45\u00b0 Gouge Forceps\"}]},{\"@type\":\"WebSite\",\"@id\":\"https:\\\/\\\/www.horse-dental-equipment.com\\\/#website\",\"url\":\"https:\\\/\\\/www.horse-dental-equipment.com\\\/\",\"name\":\"Horse Dental Equipment\",\"description\":\"Your partner to develop your equine dentistry business\",\"potentialAction\":[{\"@type\":\"SearchAction\",\"target\":{\"@type\":\"EntryPoint\",\"urlTemplate\":\"https:\\\/\\\/www.horse-dental-equipment.com\\\/?s={search_term_string}\"},\"query-input\":{\"@type\":\"PropertyValueSpecification\",\"valueRequired\":true,\"valueName\":\"search_term_string\"}}],\"inLanguage\":\"fr-FR\"}]}<\/script>\n<!-- \/ Yoast SEO plugin. -->","yoast_head_json":{"title":"Pince Gouge 45\u00b0 - Horse Dental Equipment","description":"L'inclinaison \u00e0 45\u00b0 permet d'atteindre plus facilement les muqueuses, sans \u00eatre g\u00ean\u00e9, ni par les l\u00e8vres, ni par les branches de l'ouvre-bouche.\nPermet de couper la gencive et la peau.\nFabriqu\u00e9 en acier inoxydable de qualit\u00e9.","robots":{"index":"index","follow":"follow","max-snippet":"max-snippet:-1","max-image-preview":"max-image-preview:large","max-video-preview":"max-video-preview:-1"},"canonical":"https:\/\/www.horse-dental-equipment.com\/fr\/produit\/pince-gouge-45\/","og_locale":"fr_FR","og_type":"article","og_title":"45\u00b0 Gouge Forceps - Horse Dental Equipment","og_description":"Its 45\u00b0 angle makes easy access for wolf teeth, fragmented incisors,... Allows to cut the gingiva and skin. Made from stainless steel quality.","og_url":"https:\/\/www.horse-dental-equipment.com\/fr\/produit\/pince-gouge-45\/","og_site_name":"Horse Dental Equipment","article_modified_time":"2025-06-30T08:02:27+00:00","og_image":[{"width":800,"height":619,"url":"https:\/\/www.horse-dental-equipment.com\/wp-content\/uploads\/2020\/07\/STO_PG45.png","type":"image\/png"}],"twitter_card":"summary_large_image","twitter_misc":{"Dur\u00e9e de lecture estim\u00e9e":"1 minute"},"schema":{"@context":"https:\/\/schema.org","@graph":[{"@type":"WebPage","@id":"https:\/\/www.horse-dental-equipment.com\/product\/45-gouge-forceps\/","url":"https:\/\/www.horse-dental-equipment.com\/product\/45-gouge-forceps\/","name":"Pince Gouge 45\u00b0 - Horse Dental Equipment","isPartOf":{"@id":"https:\/\/www.horse-dental-equipment.com\/#website"},"primaryImageOfPage":{"@id":"https:\/\/www.horse-dental-equipment.com\/product\/45-gouge-forceps\/#primaryimage"},"image":{"@id":"https:\/\/www.horse-dental-equipment.com\/product\/45-gouge-forceps\/#primaryimage"},"thumbnailUrl":"https:\/\/www.horse-dental-equipment.com\/wp-content\/uploads\/2020\/07\/STO_PG45.png","datePublished":"2020-07-08T13:26:54+00:00","dateModified":"2025-06-30T08:02:27+00:00","description":"L'inclinaison \u00e0 45\u00b0 permet d'atteindre plus facilement les muqueuses, sans \u00eatre g\u00ean\u00e9, ni par les l\u00e8vres, ni par les branches de l'ouvre-bouche.\nPermet de couper la gencive et la peau.\nFabriqu\u00e9 en acier inoxydable de qualit\u00e9.","breadcrumb":{"@id":"https:\/\/www.horse-dental-equipment.com\/product\/45-gouge-forceps\/#breadcrumb"},"inLanguage":"fr-FR","potentialAction":[{"@type":"ReadAction","target":["https:\/\/www.horse-dental-equipment.com\/product\/45-gouge-forceps\/"]}]},{"@type":"ImageObject","inLanguage":"fr-FR","@id":"https:\/\/www.horse-dental-equipment.com\/product\/45-gouge-forceps\/#primaryimage","url":"https:\/\/www.horse-dental-equipment.com\/wp-content\/uploads\/2020\/07\/STO_PG45.png","contentUrl":"https:\/\/www.horse-dental-equipment.com\/wp-content\/uploads\/2020\/07\/STO_PG45.png","width":800,"height":619,"caption":"45\u00b0 Gouge Forceps"},{"@type":"BreadcrumbList","@id":"https:\/\/www.horse-dental-equipment.com\/product\/45-gouge-forceps\/#breadcrumb","itemListElement":[{"@type":"ListItem","position":1,"name":"Home","item":"https:\/\/www.horse-dental-equipment.com\/"},{"@type":"ListItem","position":2,"name":"Products","item":"https:\/\/www.horse-dental-equipment.com\/fr\/produits\/"},{"@type":"ListItem","position":3,"name":"45\u00b0 Gouge Forceps"}]},{"@type":"WebSite","@id":"https:\/\/www.horse-dental-equipment.com\/#website","url":"https:\/\/www.horse-dental-equipment.com\/","name":"Horse Dental Equipment","description":"Your partner to develop your equine dentistry business","potentialAction":[{"@type":"SearchAction","target":{"@type":"EntryPoint","urlTemplate":"https:\/\/www.horse-dental-equipment.com\/?s={search_term_string}"},"query-input":{"@type":"PropertyValueSpecification","valueRequired":true,"valueName":"search_term_string"}}],"inLanguage":"fr-FR"}]}},"_links":{"self":[{"href":"https:\/\/www.horse-dental-equipment.com\/fr\/wp-json\/wp\/v2\/product\/3043","targetHints":{"allow":["GET"]}}],"collection":[{"href":"https:\/\/www.horse-dental-equipment.com\/fr\/wp-json\/wp\/v2\/product"}],"about":[{"href":"https:\/\/www.horse-dental-equipment.com\/fr\/wp-json\/wp\/v2\/types\/product"}],"replies":[{"embeddable":true,"href":"https:\/\/www.horse-dental-equipment.com\/fr\/wp-json\/wp\/v2\/comments?post=3043"}],"wp:featuredmedia":[{"embeddable":true,"href":"https:\/\/www.horse-dental-equipment.com\/fr\/wp-json\/wp\/v2\/media\/4640"}],"wp:attachment":[{"href":"https:\/\/www.horse-dental-equipment.com\/fr\/wp-json\/wp\/v2\/media?parent=3043"}],"wp:term":[{"taxonomy":"product_brand","embeddable":true,"href":"https:\/\/www.horse-dental-equipment.com\/fr\/wp-json\/wp\/v2\/product_brand?post=3043"},{"taxonomy":"product_cat","embeddable":true,"href":"https:\/\/www.horse-dental-equipment.com\/fr\/wp-json\/wp\/v2\/product_cat?post=3043"},{"taxonomy":"product_tag","embeddable":true,"href":"https:\/\/www.horse-dental-equipment.com\/fr\/wp-json\/wp\/v2\/product_tag?post=3043"}],"curies":[{"name":"wp","href":"https:\/\/api.w.org\/{rel}","templated":true}]}}