{"id":3034,"date":"2020-07-08T15:26:51","date_gmt":"2020-07-08T13:26:51","guid":{"rendered":"http:\/\/www.horse-dental-equipment.com\/produit\/hde-evolution-engine\/"},"modified":"2025-06-30T09:17:42","modified_gmt":"2025-06-30T07:17:42","slug":"moteur-hde-evolution","status":"publish","type":"product","link":"https:\/\/www.horse-dental-equipment.com\/fr\/produit\/moteur-hde-evolution\/","title":{"rendered":"Moteur HDE Evolution"},"content":{"rendered":"<p>Sans fil : travaillez o\u00f9 et quand vous le souhaitez.<br \/>\nAutonomie : batterie puissante pour une pratique quotidienne (environ 10 chevaux).<br \/>\nS\u00e9curit\u00e9 : l'embrayage \u00e9lectronique prot\u00e8ge votre \u00e9quipement.<br \/>\nConfort et ergonomie : r\u00e9partition optimale du poids sur les \u00e9paules et autour de la taille.<\/p>\n<p>Le moteur Evolution se compose de :<\/p>\n<p>\u2022 1 veste<br \/>\n\u2022 1 moteur portatif 24V<br \/>\n\u2022 1 batterie Lithium Ion<br \/>\n\u2022 1 chargeur<br \/>\n\u2022 1 bo\u00eetier de contr\u00f4le<\/p>\n<p>Caract\u00e9ristiques :<br \/>\n\u2022 Poids moteur : 620 g<br \/>\n\u2022 6 vitesses programm\u00e9es (2000 \u00e0 7000 tours\/min)<br \/>\n\u2022 Poids batterie : 815 g<br \/>\n\u2022 Temps de charge: 1h30<\/p>","protected":false},"excerpt":{"rendered":"<p>Wireless unit: work wherever and whenever you want. Autonomy: powerful &amp; long-lasting battery for a daily practice (up to 10 horses). Safety: the electronic clutch protects the equipment. Comfort and versatility: optimum weight distribution on shoulders and waist. Evolution engine is composed of: \u2022 1 jacket \u2022 1 low tension portative 24V engine \u2022 1 [&hellip;]<\/p>\n","protected":false},"featured_media":4607,"comment_status":"closed","ping_status":"closed","template":"","meta":{"_acf_changed":false},"product_brand":[],"product_cat":[101,81],"product_tag":[],"class_list":{"0":"post-3034","1":"product","2":"type-product","3":"status-publish","4":"has-post-thumbnail","6":"product_cat-evolution-engine","7":"product_cat-individual-motorized-instruments","9":"first","10":"instock","11":"purchasable","12":"product-type-simple"},"acf":[],"yoast_head":"<!-- This site is optimized with the Yoast SEO plugin v27.4 - https:\/\/yoast.com\/product\/yoast-seo-wordpress\/ -->\n<title>HDE Evolution Engine - Horse Dental Equipment<\/title>\n<meta name=\"description\" content=\"Wireless unit: work wherever and whenever you want. Autonomy: powerful &amp; long-lasting battery for a daily practice (up to 10 horses).\" \/>\n<meta name=\"robots\" content=\"index, follow, max-snippet:-1, max-image-preview:large, max-video-preview:-1\" \/>\n<link rel=\"canonical\" href=\"https:\/\/www.horse-dental-equipment.com\/fr\/produit\/moteur-hde-evolution\/\" \/>\n<meta property=\"og:locale\" content=\"fr_FR\" \/>\n<meta property=\"og:type\" content=\"article\" \/>\n<meta property=\"og:title\" content=\"HDE Evolution Engine - Horse Dental Equipment\" \/>\n<meta property=\"og:description\" content=\"Wireless unit: work wherever and whenever you want. Autonomy: powerful &amp; long-lasting battery for a daily practice (up to 10 horses).\" \/>\n<meta property=\"og:url\" content=\"https:\/\/www.horse-dental-equipment.com\/fr\/produit\/moteur-hde-evolution\/\" \/>\n<meta property=\"og:site_name\" content=\"Horse Dental Equipment\" \/>\n<meta property=\"article:modified_time\" content=\"2025-06-30T07:17:42+00:00\" \/>\n<meta property=\"og:image\" content=\"https:\/\/www.horse-dental-equipment.com\/wp-content\/uploads\/2020\/07\/MEV_HDEBVEU.png\" \/>\n\t<meta property=\"og:image:width\" content=\"800\" \/>\n\t<meta property=\"og:image:height\" content=\"619\" \/>\n\t<meta property=\"og:image:type\" content=\"image\/png\" \/>\n<meta name=\"twitter:card\" content=\"summary_large_image\" \/>\n<meta name=\"twitter:label1\" content=\"Dur\u00e9e de lecture estim\u00e9e\" \/>\n\t<meta name=\"twitter:data1\" content=\"1 minute\" \/>\n<script type=\"application\/ld+json\" class=\"yoast-schema-graph\">{\"@context\":\"https:\\\/\\\/schema.org\",\"@graph\":[{\"@type\":\"WebPage\",\"@id\":\"https:\\\/\\\/www.horse-dental-equipment.com\\\/fr\\\/produit\\\/moteur-hde-evolution\\\/\",\"url\":\"https:\\\/\\\/www.horse-dental-equipment.com\\\/fr\\\/produit\\\/moteur-hde-evolution\\\/\",\"name\":\"HDE Evolution Engine - Horse Dental Equipment\",\"isPartOf\":{\"@id\":\"https:\\\/\\\/www.horse-dental-equipment.com\\\/#website\"},\"primaryImageOfPage\":{\"@id\":\"https:\\\/\\\/www.horse-dental-equipment.com\\\/fr\\\/produit\\\/moteur-hde-evolution\\\/#primaryimage\"},\"image\":{\"@id\":\"https:\\\/\\\/www.horse-dental-equipment.com\\\/fr\\\/produit\\\/moteur-hde-evolution\\\/#primaryimage\"},\"thumbnailUrl\":\"https:\\\/\\\/www.horse-dental-equipment.com\\\/wp-content\\\/uploads\\\/2020\\\/07\\\/MEV_HDEBVEU.png\",\"datePublished\":\"2020-07-08T13:26:51+00:00\",\"dateModified\":\"2025-06-30T07:17:42+00:00\",\"description\":\"Wireless unit: work wherever and whenever you want. Autonomy: powerful & long-lasting battery for a daily practice (up to 10 horses).\",\"breadcrumb\":{\"@id\":\"https:\\\/\\\/www.horse-dental-equipment.com\\\/fr\\\/produit\\\/moteur-hde-evolution\\\/#breadcrumb\"},\"inLanguage\":\"fr-FR\",\"potentialAction\":[{\"@type\":\"ReadAction\",\"target\":[\"https:\\\/\\\/www.horse-dental-equipment.com\\\/fr\\\/produit\\\/moteur-hde-evolution\\\/\"]}]},{\"@type\":\"ImageObject\",\"inLanguage\":\"fr-FR\",\"@id\":\"https:\\\/\\\/www.horse-dental-equipment.com\\\/fr\\\/produit\\\/moteur-hde-evolution\\\/#primaryimage\",\"url\":\"https:\\\/\\\/www.horse-dental-equipment.com\\\/wp-content\\\/uploads\\\/2020\\\/07\\\/MEV_HDEBVEU.png\",\"contentUrl\":\"https:\\\/\\\/www.horse-dental-equipment.com\\\/wp-content\\\/uploads\\\/2020\\\/07\\\/MEV_HDEBVEU.png\",\"width\":800,\"height\":619,\"caption\":\"HDE Evolution Engine\"},{\"@type\":\"BreadcrumbList\",\"@id\":\"https:\\\/\\\/www.horse-dental-equipment.com\\\/fr\\\/produit\\\/moteur-hde-evolution\\\/#breadcrumb\",\"itemListElement\":[{\"@type\":\"ListItem\",\"position\":1,\"name\":\"Home\",\"item\":\"https:\\\/\\\/www.horse-dental-equipment.com\\\/\"},{\"@type\":\"ListItem\",\"position\":2,\"name\":\"Products\",\"item\":\"https:\\\/\\\/www.horse-dental-equipment.com\\\/fr\\\/produits\\\/\"},{\"@type\":\"ListItem\",\"position\":3,\"name\":\"HDE Evolution Engine\"}]},{\"@type\":\"WebSite\",\"@id\":\"https:\\\/\\\/www.horse-dental-equipment.com\\\/#website\",\"url\":\"https:\\\/\\\/www.horse-dental-equipment.com\\\/\",\"name\":\"Horse Dental Equipment\",\"description\":\"Your partner to develop your equine dentistry business\",\"potentialAction\":[{\"@type\":\"SearchAction\",\"target\":{\"@type\":\"EntryPoint\",\"urlTemplate\":\"https:\\\/\\\/www.horse-dental-equipment.com\\\/?s={search_term_string}\"},\"query-input\":{\"@type\":\"PropertyValueSpecification\",\"valueRequired\":true,\"valueName\":\"search_term_string\"}}],\"inLanguage\":\"fr-FR\"}]}<\/script>\n<!-- \/ Yoast SEO plugin. -->","yoast_head_json":{"title":"Moteur HDE Evolution - Horse Dental Equipment","description":"Sans fil : travaillez o\u00f9 et quand vous le souhaitez. Autonomie : batterie puissante pour une pratique quotidienne (environ 10 chevaux)","robots":{"index":"index","follow":"follow","max-snippet":"max-snippet:-1","max-image-preview":"max-image-preview:large","max-video-preview":"max-video-preview:-1"},"canonical":"https:\/\/www.horse-dental-equipment.com\/fr\/produit\/moteur-hde-evolution\/","og_locale":"fr_FR","og_type":"article","og_title":"HDE Evolution Engine - Horse Dental Equipment","og_description":"Wireless unit: work wherever and whenever you want. Autonomy: powerful & long-lasting battery for a daily practice (up to 10 horses).","og_url":"https:\/\/www.horse-dental-equipment.com\/fr\/produit\/moteur-hde-evolution\/","og_site_name":"Horse Dental Equipment","article_modified_time":"2025-06-30T07:17:42+00:00","og_image":[{"width":800,"height":619,"url":"https:\/\/www.horse-dental-equipment.com\/wp-content\/uploads\/2020\/07\/MEV_HDEBVEU.png","type":"image\/png"}],"twitter_card":"summary_large_image","twitter_misc":{"Dur\u00e9e de lecture estim\u00e9e":"1 minute"},"schema":{"@context":"https:\/\/schema.org","@graph":[{"@type":"WebPage","@id":"https:\/\/www.horse-dental-equipment.com\/fr\/produit\/moteur-hde-evolution\/","url":"https:\/\/www.horse-dental-equipment.com\/fr\/produit\/moteur-hde-evolution\/","name":"Moteur HDE Evolution - Horse Dental Equipment","isPartOf":{"@id":"https:\/\/www.horse-dental-equipment.com\/#website"},"primaryImageOfPage":{"@id":"https:\/\/www.horse-dental-equipment.com\/fr\/produit\/moteur-hde-evolution\/#primaryimage"},"image":{"@id":"https:\/\/www.horse-dental-equipment.com\/fr\/produit\/moteur-hde-evolution\/#primaryimage"},"thumbnailUrl":"https:\/\/www.horse-dental-equipment.com\/wp-content\/uploads\/2020\/07\/MEV_HDEBVEU.png","datePublished":"2020-07-08T13:26:51+00:00","dateModified":"2025-06-30T07:17:42+00:00","description":"Sans fil : travaillez o\u00f9 et quand vous le souhaitez. Autonomie : batterie puissante pour une pratique quotidienne (environ 10 chevaux)","breadcrumb":{"@id":"https:\/\/www.horse-dental-equipment.com\/fr\/produit\/moteur-hde-evolution\/#breadcrumb"},"inLanguage":"fr-FR","potentialAction":[{"@type":"ReadAction","target":["https:\/\/www.horse-dental-equipment.com\/fr\/produit\/moteur-hde-evolution\/"]}]},{"@type":"ImageObject","inLanguage":"fr-FR","@id":"https:\/\/www.horse-dental-equipment.com\/fr\/produit\/moteur-hde-evolution\/#primaryimage","url":"https:\/\/www.horse-dental-equipment.com\/wp-content\/uploads\/2020\/07\/MEV_HDEBVEU.png","contentUrl":"https:\/\/www.horse-dental-equipment.com\/wp-content\/uploads\/2020\/07\/MEV_HDEBVEU.png","width":800,"height":619,"caption":"HDE Evolution Engine"},{"@type":"BreadcrumbList","@id":"https:\/\/www.horse-dental-equipment.com\/fr\/produit\/moteur-hde-evolution\/#breadcrumb","itemListElement":[{"@type":"ListItem","position":1,"name":"Home","item":"https:\/\/www.horse-dental-equipment.com\/"},{"@type":"ListItem","position":2,"name":"Products","item":"https:\/\/www.horse-dental-equipment.com\/fr\/produits\/"},{"@type":"ListItem","position":3,"name":"HDE Evolution Engine"}]},{"@type":"WebSite","@id":"https:\/\/www.horse-dental-equipment.com\/#website","url":"https:\/\/www.horse-dental-equipment.com\/","name":"Horse Dental Equipment","description":"Your partner to develop your equine dentistry business","potentialAction":[{"@type":"SearchAction","target":{"@type":"EntryPoint","urlTemplate":"https:\/\/www.horse-dental-equipment.com\/?s={search_term_string}"},"query-input":{"@type":"PropertyValueSpecification","valueRequired":true,"valueName":"search_term_string"}}],"inLanguage":"fr-FR"}]}},"_links":{"self":[{"href":"https:\/\/www.horse-dental-equipment.com\/fr\/wp-json\/wp\/v2\/product\/3034","targetHints":{"allow":["GET"]}}],"collection":[{"href":"https:\/\/www.horse-dental-equipment.com\/fr\/wp-json\/wp\/v2\/product"}],"about":[{"href":"https:\/\/www.horse-dental-equipment.com\/fr\/wp-json\/wp\/v2\/types\/product"}],"replies":[{"embeddable":true,"href":"https:\/\/www.horse-dental-equipment.com\/fr\/wp-json\/wp\/v2\/comments?post=3034"}],"wp:featuredmedia":[{"embeddable":true,"href":"https:\/\/www.horse-dental-equipment.com\/fr\/wp-json\/wp\/v2\/media\/4607"}],"wp:attachment":[{"href":"https:\/\/www.horse-dental-equipment.com\/fr\/wp-json\/wp\/v2\/media?parent=3034"}],"wp:term":[{"taxonomy":"product_brand","embeddable":true,"href":"https:\/\/www.horse-dental-equipment.com\/fr\/wp-json\/wp\/v2\/product_brand?post=3034"},{"taxonomy":"product_cat","embeddable":true,"href":"https:\/\/www.horse-dental-equipment.com\/fr\/wp-json\/wp\/v2\/product_cat?post=3034"},{"taxonomy":"product_tag","embeddable":true,"href":"https:\/\/www.horse-dental-equipment.com\/fr\/wp-json\/wp\/v2\/product_tag?post=3034"}],"curies":[{"name":"wp","href":"https:\/\/api.w.org\/{rel}","templated":true}]}}