{"id":3024,"date":"2020-07-08T15:26:51","date_gmt":"2020-07-08T13:26:51","guid":{"rendered":"http:\/\/www.horse-dental-equipment.com\/produit\/3-roots-molar-forceps-offside\/"},"modified":"2025-06-30T10:17:06","modified_gmt":"2025-06-30T08:17:06","slug":"davier-fragments-3-mors-gauche","status":"publish","type":"product","link":"https:\/\/www.horse-dental-equipment.com\/fr\/produit\/davier-fragments-3-mors-gauche\/","title":{"rendered":"Davier \u00e0 Fragments 3 Mors (gauche)"},"content":{"rendered":"<p>La prise en trois points est parfaite pour extraire les molaires fractur\u00e9es.<br \/>\nLe c\u00f4t\u00e9 avec les deux points est positionn\u00e9 sur le c\u00f4t\u00e9 sain de la dent et l'autre sur le c\u00f4t\u00e9 fractur\u00e9.<br \/>\nPour les molaires inf\u00e9rieures gauches et les molaires sup\u00e9rieures droites.<br \/>\nIl est recommand\u00e9 de l'acheter par paires.<br \/>\nFabriqu\u00e9 en acier inoxydable de qualit\u00e9.<\/p>","protected":false},"excerpt":{"rendered":"<p>Its three-point grip is perfect for removing fractured tooth. The side with the two points is positioned on the left or the right side of the tooth (depending on the forceps) and the other on the fractured side. For lower left molars and upper right molars. For complete instrumentation, it is recommended to be purchased [&hellip;]<\/p>\n","protected":false},"featured_media":4620,"comment_status":"closed","ping_status":"closed","template":"","meta":{"_acf_changed":false},"product_brand":[],"product_cat":[100,79],"product_tag":[],"class_list":{"0":"post-3024","1":"product","2":"type-product","3":"status-publish","4":"has-post-thumbnail","6":"product_cat-molars-extraction","7":"product_cat-stomatology","9":"first","10":"instock","11":"purchasable","12":"product-type-simple"},"acf":[],"yoast_head":"<!-- This site is optimized with the Yoast SEO plugin v27.4 - https:\/\/yoast.com\/product\/yoast-seo-wordpress\/ -->\n<title>3 Roots Molar Forceps (offside) - Horse Dental Equipment<\/title>\n<meta name=\"description\" content=\"Its three-point grip is perfect for removing fractured tooth. The side with the two points is positioned on the left or the right side of the tooth...\" \/>\n<meta name=\"robots\" content=\"index, follow, max-snippet:-1, max-image-preview:large, max-video-preview:-1\" \/>\n<link rel=\"canonical\" href=\"https:\/\/www.horse-dental-equipment.com\/fr\/produit\/davier-fragments-3-mors-gauche\/\" \/>\n<meta property=\"og:locale\" content=\"fr_FR\" \/>\n<meta property=\"og:type\" content=\"article\" \/>\n<meta property=\"og:title\" content=\"3 Roots Molar Forceps (offside) - Horse Dental Equipment\" \/>\n<meta property=\"og:description\" content=\"Its three-point grip is perfect for removing fractured tooth. The side with the two points is positioned on the left or the right side of the tooth...\" \/>\n<meta property=\"og:url\" content=\"https:\/\/www.horse-dental-equipment.com\/fr\/produit\/davier-fragments-3-mors-gauche\/\" \/>\n<meta property=\"og:site_name\" content=\"Horse Dental Equipment\" \/>\n<meta property=\"article:modified_time\" content=\"2025-06-30T08:17:06+00:00\" \/>\n<meta property=\"og:image\" content=\"https:\/\/www.horse-dental-equipment.com\/wp-content\/uploads\/2020\/07\/DAV_F3BG.png\" \/>\n\t<meta property=\"og:image:width\" content=\"800\" \/>\n\t<meta property=\"og:image:height\" content=\"619\" \/>\n\t<meta property=\"og:image:type\" content=\"image\/png\" \/>\n<meta name=\"twitter:card\" content=\"summary_large_image\" \/>\n<meta name=\"twitter:label1\" content=\"Dur\u00e9e de lecture estim\u00e9e\" \/>\n\t<meta name=\"twitter:data1\" content=\"1 minute\" \/>\n<script type=\"application\/ld+json\" class=\"yoast-schema-graph\">{\"@context\":\"https:\\\/\\\/schema.org\",\"@graph\":[{\"@type\":\"WebPage\",\"@id\":\"https:\\\/\\\/www.horse-dental-equipment.com\\\/fr\\\/produit\\\/davier-fragments-3-mors-gauche\\\/\",\"url\":\"https:\\\/\\\/www.horse-dental-equipment.com\\\/fr\\\/produit\\\/davier-fragments-3-mors-gauche\\\/\",\"name\":\"3 Roots Molar Forceps (offside) - Horse Dental Equipment\",\"isPartOf\":{\"@id\":\"https:\\\/\\\/www.horse-dental-equipment.com\\\/#website\"},\"primaryImageOfPage\":{\"@id\":\"https:\\\/\\\/www.horse-dental-equipment.com\\\/fr\\\/produit\\\/davier-fragments-3-mors-gauche\\\/#primaryimage\"},\"image\":{\"@id\":\"https:\\\/\\\/www.horse-dental-equipment.com\\\/fr\\\/produit\\\/davier-fragments-3-mors-gauche\\\/#primaryimage\"},\"thumbnailUrl\":\"https:\\\/\\\/www.horse-dental-equipment.com\\\/wp-content\\\/uploads\\\/2020\\\/07\\\/DAV_F3BG.png\",\"datePublished\":\"2020-07-08T13:26:51+00:00\",\"dateModified\":\"2025-06-30T08:17:06+00:00\",\"description\":\"Its three-point grip is perfect for removing fractured tooth. The side with the two points is positioned on the left or the right side of the tooth...\",\"breadcrumb\":{\"@id\":\"https:\\\/\\\/www.horse-dental-equipment.com\\\/fr\\\/produit\\\/davier-fragments-3-mors-gauche\\\/#breadcrumb\"},\"inLanguage\":\"fr-FR\",\"potentialAction\":[{\"@type\":\"ReadAction\",\"target\":[\"https:\\\/\\\/www.horse-dental-equipment.com\\\/fr\\\/produit\\\/davier-fragments-3-mors-gauche\\\/\"]}]},{\"@type\":\"ImageObject\",\"inLanguage\":\"fr-FR\",\"@id\":\"https:\\\/\\\/www.horse-dental-equipment.com\\\/fr\\\/produit\\\/davier-fragments-3-mors-gauche\\\/#primaryimage\",\"url\":\"https:\\\/\\\/www.horse-dental-equipment.com\\\/wp-content\\\/uploads\\\/2020\\\/07\\\/DAV_F3BG.png\",\"contentUrl\":\"https:\\\/\\\/www.horse-dental-equipment.com\\\/wp-content\\\/uploads\\\/2020\\\/07\\\/DAV_F3BG.png\",\"width\":800,\"height\":619,\"caption\":\"3 Roots Molar Forceps (Offside)\"},{\"@type\":\"BreadcrumbList\",\"@id\":\"https:\\\/\\\/www.horse-dental-equipment.com\\\/fr\\\/produit\\\/davier-fragments-3-mors-gauche\\\/#breadcrumb\",\"itemListElement\":[{\"@type\":\"ListItem\",\"position\":1,\"name\":\"Home\",\"item\":\"https:\\\/\\\/www.horse-dental-equipment.com\\\/\"},{\"@type\":\"ListItem\",\"position\":2,\"name\":\"Products\",\"item\":\"https:\\\/\\\/www.horse-dental-equipment.com\\\/fr\\\/produits\\\/\"},{\"@type\":\"ListItem\",\"position\":3,\"name\":\"3 Roots Molar Forceps (offside)\"}]},{\"@type\":\"WebSite\",\"@id\":\"https:\\\/\\\/www.horse-dental-equipment.com\\\/#website\",\"url\":\"https:\\\/\\\/www.horse-dental-equipment.com\\\/\",\"name\":\"Horse Dental Equipment\",\"description\":\"Your partner to develop your equine dentistry business\",\"potentialAction\":[{\"@type\":\"SearchAction\",\"target\":{\"@type\":\"EntryPoint\",\"urlTemplate\":\"https:\\\/\\\/www.horse-dental-equipment.com\\\/?s={search_term_string}\"},\"query-input\":{\"@type\":\"PropertyValueSpecification\",\"valueRequired\":true,\"valueName\":\"search_term_string\"}}],\"inLanguage\":\"fr-FR\"}]}<\/script>\n<!-- \/ Yoast SEO plugin. -->","yoast_head_json":{"title":"Davier \u00e0 Fragments 3 Mors (gauche) - Horse Dental Equipment","description":"La prise en trois points est parfaite pour extraire les molaires fractur\u00e9es.\nLe c\u00f4t\u00e9 avec les deux points est positionn\u00e9 sur le c\u00f4t\u00e9 sain de la dent et l'autre sur le c\u00f4t\u00e9 fractur\u00e9.","robots":{"index":"index","follow":"follow","max-snippet":"max-snippet:-1","max-image-preview":"max-image-preview:large","max-video-preview":"max-video-preview:-1"},"canonical":"https:\/\/www.horse-dental-equipment.com\/fr\/produit\/davier-fragments-3-mors-gauche\/","og_locale":"fr_FR","og_type":"article","og_title":"3 Roots Molar Forceps (offside) - Horse Dental Equipment","og_description":"Its three-point grip is perfect for removing fractured tooth. The side with the two points is positioned on the left or the right side of the tooth...","og_url":"https:\/\/www.horse-dental-equipment.com\/fr\/produit\/davier-fragments-3-mors-gauche\/","og_site_name":"Horse Dental Equipment","article_modified_time":"2025-06-30T08:17:06+00:00","og_image":[{"width":800,"height":619,"url":"https:\/\/www.horse-dental-equipment.com\/wp-content\/uploads\/2020\/07\/DAV_F3BG.png","type":"image\/png"}],"twitter_card":"summary_large_image","twitter_misc":{"Dur\u00e9e de lecture estim\u00e9e":"1 minute"},"schema":{"@context":"https:\/\/schema.org","@graph":[{"@type":"WebPage","@id":"https:\/\/www.horse-dental-equipment.com\/fr\/produit\/davier-fragments-3-mors-gauche\/","url":"https:\/\/www.horse-dental-equipment.com\/fr\/produit\/davier-fragments-3-mors-gauche\/","name":"Davier \u00e0 Fragments 3 Mors (gauche) - Horse Dental Equipment","isPartOf":{"@id":"https:\/\/www.horse-dental-equipment.com\/#website"},"primaryImageOfPage":{"@id":"https:\/\/www.horse-dental-equipment.com\/fr\/produit\/davier-fragments-3-mors-gauche\/#primaryimage"},"image":{"@id":"https:\/\/www.horse-dental-equipment.com\/fr\/produit\/davier-fragments-3-mors-gauche\/#primaryimage"},"thumbnailUrl":"https:\/\/www.horse-dental-equipment.com\/wp-content\/uploads\/2020\/07\/DAV_F3BG.png","datePublished":"2020-07-08T13:26:51+00:00","dateModified":"2025-06-30T08:17:06+00:00","description":"La prise en trois points est parfaite pour extraire les molaires fractur\u00e9es.\nLe c\u00f4t\u00e9 avec les deux points est positionn\u00e9 sur le c\u00f4t\u00e9 sain de la dent et l'autre sur le c\u00f4t\u00e9 fractur\u00e9.","breadcrumb":{"@id":"https:\/\/www.horse-dental-equipment.com\/fr\/produit\/davier-fragments-3-mors-gauche\/#breadcrumb"},"inLanguage":"fr-FR","potentialAction":[{"@type":"ReadAction","target":["https:\/\/www.horse-dental-equipment.com\/fr\/produit\/davier-fragments-3-mors-gauche\/"]}]},{"@type":"ImageObject","inLanguage":"fr-FR","@id":"https:\/\/www.horse-dental-equipment.com\/fr\/produit\/davier-fragments-3-mors-gauche\/#primaryimage","url":"https:\/\/www.horse-dental-equipment.com\/wp-content\/uploads\/2020\/07\/DAV_F3BG.png","contentUrl":"https:\/\/www.horse-dental-equipment.com\/wp-content\/uploads\/2020\/07\/DAV_F3BG.png","width":800,"height":619,"caption":"3 Roots Molar Forceps (Offside)"},{"@type":"BreadcrumbList","@id":"https:\/\/www.horse-dental-equipment.com\/fr\/produit\/davier-fragments-3-mors-gauche\/#breadcrumb","itemListElement":[{"@type":"ListItem","position":1,"name":"Home","item":"https:\/\/www.horse-dental-equipment.com\/"},{"@type":"ListItem","position":2,"name":"Products","item":"https:\/\/www.horse-dental-equipment.com\/fr\/produits\/"},{"@type":"ListItem","position":3,"name":"3 Roots Molar Forceps (offside)"}]},{"@type":"WebSite","@id":"https:\/\/www.horse-dental-equipment.com\/#website","url":"https:\/\/www.horse-dental-equipment.com\/","name":"Horse Dental Equipment","description":"Your partner to develop your equine dentistry business","potentialAction":[{"@type":"SearchAction","target":{"@type":"EntryPoint","urlTemplate":"https:\/\/www.horse-dental-equipment.com\/?s={search_term_string}"},"query-input":{"@type":"PropertyValueSpecification","valueRequired":true,"valueName":"search_term_string"}}],"inLanguage":"fr-FR"}]}},"_links":{"self":[{"href":"https:\/\/www.horse-dental-equipment.com\/fr\/wp-json\/wp\/v2\/product\/3024","targetHints":{"allow":["GET"]}}],"collection":[{"href":"https:\/\/www.horse-dental-equipment.com\/fr\/wp-json\/wp\/v2\/product"}],"about":[{"href":"https:\/\/www.horse-dental-equipment.com\/fr\/wp-json\/wp\/v2\/types\/product"}],"replies":[{"embeddable":true,"href":"https:\/\/www.horse-dental-equipment.com\/fr\/wp-json\/wp\/v2\/comments?post=3024"}],"wp:featuredmedia":[{"embeddable":true,"href":"https:\/\/www.horse-dental-equipment.com\/fr\/wp-json\/wp\/v2\/media\/4620"}],"wp:attachment":[{"href":"https:\/\/www.horse-dental-equipment.com\/fr\/wp-json\/wp\/v2\/media?parent=3024"}],"wp:term":[{"taxonomy":"product_brand","embeddable":true,"href":"https:\/\/www.horse-dental-equipment.com\/fr\/wp-json\/wp\/v2\/product_brand?post=3024"},{"taxonomy":"product_cat","embeddable":true,"href":"https:\/\/www.horse-dental-equipment.com\/fr\/wp-json\/wp\/v2\/product_cat?post=3024"},{"taxonomy":"product_tag","embeddable":true,"href":"https:\/\/www.horse-dental-equipment.com\/fr\/wp-json\/wp\/v2\/product_tag?post=3024"}],"curies":[{"name":"wp","href":"https:\/\/api.w.org\/{rel}","templated":true}]}}