{"id":3013,"date":"2020-07-08T15:26:48","date_gmt":"2020-07-08T13:26:48","guid":{"rendered":"http:\/\/www.horse-dental-equipment.com\/produit\/n1-engine-complete-unit\/"},"modified":"2026-04-01T15:05:32","modified_gmt":"2026-04-01T13:05:32","slug":"moteur-n1-ensemble-complet","status":"publish","type":"product","link":"https:\/\/www.horse-dental-equipment.com\/fr\/produit\/moteur-n1-ensemble-complet\/","title":{"rendered":"Moteur N1 (ensemble complet)"},"content":{"rendered":"<p>Puissant : pour une pratique r\u00e9guli\u00e8re de la dentisterie \u00e9quine.<br \/>\nSimplicit\u00e9 : l\u00e9ger et port\u00e9 \u00e0 la ceinture, il facilite les mouvements.<br \/>\nVitesse variable : le praticien adapte la vitesse au besoin de son traitement.<br \/>\nVersatile : fonctionne avec tout type de fraise HDE.<\/p>\n<p>\u2022 Moteur N1 220V (disponible en 110V)<br \/>\n\u2022 1 ceinture et 1 rallonge (disponible version UK)<\/p>","protected":false},"excerpt":{"rendered":"<p>Powerful: for a regular equine dentistry practice. Simplicity: light and worn at the belt, it makes movements easy. Adjustable speed: the practitioner adapts the speed to the treatment. Versatile: works with any type of HDE handpiece. \u2022 Power supply 220V (available 110V) \u2022 Supplied with belt and power cord European version (UK version available)<\/p>","protected":false},"featured_media":4343,"comment_status":"closed","ping_status":"closed","template":"","meta":{"_acf_changed":false},"product_brand":[],"product_cat":[81,96],"product_tag":[],"class_list":{"0":"post-3013","1":"product","2":"type-product","3":"status-publish","4":"has-post-thumbnail","6":"product_cat-individual-motorized-instruments","7":"product_cat-n1-engine","9":"first","10":"instock","11":"purchasable","12":"product-type-simple"},"acf":[],"yoast_head":"<!-- This site is optimized with the Yoast SEO plugin v27.3 - https:\/\/yoast.com\/product\/yoast-seo-wordpress\/ -->\n<title>N1 Engine - Complete Unit - Horse Dental Equipment<\/title>\n<meta name=\"description\" content=\"Powerful: for a regular equine dentistry practice. Simplicity: light and worn at the belt, it makes movements easy. Adjustable speed: the practitioner...\" \/>\n<meta name=\"robots\" content=\"index, follow, max-snippet:-1, max-image-preview:large, max-video-preview:-1\" \/>\n<link rel=\"canonical\" href=\"https:\/\/www.horse-dental-equipment.com\/fr\/produit\/moteur-n1-ensemble-complet\/\" \/>\n<meta property=\"og:locale\" content=\"fr_FR\" \/>\n<meta property=\"og:type\" content=\"article\" \/>\n<meta property=\"og:title\" content=\"N1 Engine - Complete Unit - Horse Dental Equipment\" \/>\n<meta property=\"og:description\" content=\"Powerful: for a regular equine dentistry practice. Simplicity: light and worn at the belt, it makes movements easy. Adjustable speed: the practitioner...\" \/>\n<meta property=\"og:url\" content=\"https:\/\/www.horse-dental-equipment.com\/fr\/produit\/moteur-n1-ensemble-complet\/\" \/>\n<meta property=\"og:site_name\" content=\"Horse Dental Equipment\" \/>\n<meta property=\"article:modified_time\" content=\"2026-04-01T13:05:32+00:00\" \/>\n<meta property=\"og:image\" content=\"https:\/\/www.horse-dental-equipment.com\/wp-content\/uploads\/2020\/07\/MOT_1CREU.jpg\" \/>\n\t<meta property=\"og:image:width\" content=\"800\" \/>\n\t<meta property=\"og:image:height\" content=\"619\" \/>\n\t<meta property=\"og:image:type\" content=\"image\/jpeg\" \/>\n<meta name=\"twitter:card\" content=\"summary_large_image\" \/>\n<meta name=\"twitter:label1\" content=\"Dur\u00e9e de lecture estim\u00e9e\" \/>\n\t<meta name=\"twitter:data1\" content=\"1 minute\" \/>\n<script type=\"application\/ld+json\" class=\"yoast-schema-graph\">{\"@context\":\"https:\\\/\\\/schema.org\",\"@graph\":[{\"@type\":\"WebPage\",\"@id\":\"https:\\\/\\\/www.horse-dental-equipment.com\\\/product\\\/n1-engine-complete-unit\\\/\",\"url\":\"https:\\\/\\\/www.horse-dental-equipment.com\\\/product\\\/n1-engine-complete-unit\\\/\",\"name\":\"N1 Engine - Complete Unit - Horse Dental Equipment\",\"isPartOf\":{\"@id\":\"https:\\\/\\\/www.horse-dental-equipment.com\\\/#website\"},\"primaryImageOfPage\":{\"@id\":\"https:\\\/\\\/www.horse-dental-equipment.com\\\/product\\\/n1-engine-complete-unit\\\/#primaryimage\"},\"image\":{\"@id\":\"https:\\\/\\\/www.horse-dental-equipment.com\\\/product\\\/n1-engine-complete-unit\\\/#primaryimage\"},\"thumbnailUrl\":\"https:\\\/\\\/www.horse-dental-equipment.com\\\/wp-content\\\/uploads\\\/2020\\\/07\\\/MOT_1CREU.jpg\",\"datePublished\":\"2020-07-08T13:26:48+00:00\",\"dateModified\":\"2026-04-01T13:05:32+00:00\",\"description\":\"Powerful: for a regular equine dentistry practice. Simplicity: light and worn at the belt, it makes movements easy. Adjustable speed: the practitioner...\",\"breadcrumb\":{\"@id\":\"https:\\\/\\\/www.horse-dental-equipment.com\\\/product\\\/n1-engine-complete-unit\\\/#breadcrumb\"},\"inLanguage\":\"fr-FR\",\"potentialAction\":[{\"@type\":\"ReadAction\",\"target\":[\"https:\\\/\\\/www.horse-dental-equipment.com\\\/product\\\/n1-engine-complete-unit\\\/\"]}]},{\"@type\":\"ImageObject\",\"inLanguage\":\"fr-FR\",\"@id\":\"https:\\\/\\\/www.horse-dental-equipment.com\\\/product\\\/n1-engine-complete-unit\\\/#primaryimage\",\"url\":\"https:\\\/\\\/www.horse-dental-equipment.com\\\/wp-content\\\/uploads\\\/2020\\\/07\\\/MOT_1CREU.jpg\",\"contentUrl\":\"https:\\\/\\\/www.horse-dental-equipment.com\\\/wp-content\\\/uploads\\\/2020\\\/07\\\/MOT_1CREU.jpg\",\"width\":800,\"height\":619,\"caption\":\"N1 Engine - Complete Unit\"},{\"@type\":\"BreadcrumbList\",\"@id\":\"https:\\\/\\\/www.horse-dental-equipment.com\\\/product\\\/n1-engine-complete-unit\\\/#breadcrumb\",\"itemListElement\":[{\"@type\":\"ListItem\",\"position\":1,\"name\":\"Home\",\"item\":\"https:\\\/\\\/www.horse-dental-equipment.com\\\/\"},{\"@type\":\"ListItem\",\"position\":2,\"name\":\"Products\",\"item\":\"https:\\\/\\\/www.horse-dental-equipment.com\\\/fr\\\/produits\\\/\"},{\"@type\":\"ListItem\",\"position\":3,\"name\":\"N1 Engine &#8211; Complete Unit\"}]},{\"@type\":\"WebSite\",\"@id\":\"https:\\\/\\\/www.horse-dental-equipment.com\\\/#website\",\"url\":\"https:\\\/\\\/www.horse-dental-equipment.com\\\/\",\"name\":\"Horse Dental Equipment\",\"description\":\"Your partner to develop your equine dentistry business\",\"potentialAction\":[{\"@type\":\"SearchAction\",\"target\":{\"@type\":\"EntryPoint\",\"urlTemplate\":\"https:\\\/\\\/www.horse-dental-equipment.com\\\/?s={search_term_string}\"},\"query-input\":{\"@type\":\"PropertyValueSpecification\",\"valueRequired\":true,\"valueName\":\"search_term_string\"}}],\"inLanguage\":\"fr-FR\"}]}<\/script>\n<!-- \/ Yoast SEO plugin. -->","yoast_head_json":{"title":"Moteur N1 (ensemble complet) - Horse Dental Equipment","description":"Puissant : pour une pratique r\u00e9guli\u00e8re de la dentisterie \u00e9quine.\nSimplicit\u00e9 : l\u00e9ger et port\u00e9 \u00e0 la ceinture, il facilite les mouvements.\nVitesse variable : le praticien adapte la vitesse au besoin de son traitement.","robots":{"index":"index","follow":"follow","max-snippet":"max-snippet:-1","max-image-preview":"max-image-preview:large","max-video-preview":"max-video-preview:-1"},"canonical":"https:\/\/www.horse-dental-equipment.com\/fr\/produit\/moteur-n1-ensemble-complet\/","og_locale":"fr_FR","og_type":"article","og_title":"N1 Engine - Complete Unit - Horse Dental Equipment","og_description":"Powerful: for a regular equine dentistry practice. Simplicity: light and worn at the belt, it makes movements easy. Adjustable speed: the practitioner...","og_url":"https:\/\/www.horse-dental-equipment.com\/fr\/produit\/moteur-n1-ensemble-complet\/","og_site_name":"Horse Dental Equipment","article_modified_time":"2026-04-01T13:05:32+00:00","og_image":[{"width":800,"height":619,"url":"https:\/\/www.horse-dental-equipment.com\/wp-content\/uploads\/2020\/07\/MOT_1CREU.jpg","type":"image\/jpeg"}],"twitter_card":"summary_large_image","twitter_misc":{"Dur\u00e9e de lecture estim\u00e9e":"1 minute"},"schema":{"@context":"https:\/\/schema.org","@graph":[{"@type":"WebPage","@id":"https:\/\/www.horse-dental-equipment.com\/product\/n1-engine-complete-unit\/","url":"https:\/\/www.horse-dental-equipment.com\/product\/n1-engine-complete-unit\/","name":"Moteur N1 (ensemble complet) - Horse Dental Equipment","isPartOf":{"@id":"https:\/\/www.horse-dental-equipment.com\/#website"},"primaryImageOfPage":{"@id":"https:\/\/www.horse-dental-equipment.com\/product\/n1-engine-complete-unit\/#primaryimage"},"image":{"@id":"https:\/\/www.horse-dental-equipment.com\/product\/n1-engine-complete-unit\/#primaryimage"},"thumbnailUrl":"https:\/\/www.horse-dental-equipment.com\/wp-content\/uploads\/2020\/07\/MOT_1CREU.jpg","datePublished":"2020-07-08T13:26:48+00:00","dateModified":"2026-04-01T13:05:32+00:00","description":"Puissant : pour une pratique r\u00e9guli\u00e8re de la dentisterie \u00e9quine.\nSimplicit\u00e9 : l\u00e9ger et port\u00e9 \u00e0 la ceinture, il facilite les mouvements.\nVitesse variable : le praticien adapte la vitesse au besoin de son traitement.","breadcrumb":{"@id":"https:\/\/www.horse-dental-equipment.com\/product\/n1-engine-complete-unit\/#breadcrumb"},"inLanguage":"fr-FR","potentialAction":[{"@type":"ReadAction","target":["https:\/\/www.horse-dental-equipment.com\/product\/n1-engine-complete-unit\/"]}]},{"@type":"ImageObject","inLanguage":"fr-FR","@id":"https:\/\/www.horse-dental-equipment.com\/product\/n1-engine-complete-unit\/#primaryimage","url":"https:\/\/www.horse-dental-equipment.com\/wp-content\/uploads\/2020\/07\/MOT_1CREU.jpg","contentUrl":"https:\/\/www.horse-dental-equipment.com\/wp-content\/uploads\/2020\/07\/MOT_1CREU.jpg","width":800,"height":619,"caption":"N1 Engine - Complete Unit"},{"@type":"BreadcrumbList","@id":"https:\/\/www.horse-dental-equipment.com\/product\/n1-engine-complete-unit\/#breadcrumb","itemListElement":[{"@type":"ListItem","position":1,"name":"Home","item":"https:\/\/www.horse-dental-equipment.com\/"},{"@type":"ListItem","position":2,"name":"Products","item":"https:\/\/www.horse-dental-equipment.com\/fr\/produits\/"},{"@type":"ListItem","position":3,"name":"N1 Engine &#8211; Complete Unit"}]},{"@type":"WebSite","@id":"https:\/\/www.horse-dental-equipment.com\/#website","url":"https:\/\/www.horse-dental-equipment.com\/","name":"Horse Dental Equipment","description":"Your partner to develop your equine dentistry business","potentialAction":[{"@type":"SearchAction","target":{"@type":"EntryPoint","urlTemplate":"https:\/\/www.horse-dental-equipment.com\/?s={search_term_string}"},"query-input":{"@type":"PropertyValueSpecification","valueRequired":true,"valueName":"search_term_string"}}],"inLanguage":"fr-FR"}]}},"_links":{"self":[{"href":"https:\/\/www.horse-dental-equipment.com\/fr\/wp-json\/wp\/v2\/product\/3013","targetHints":{"allow":["GET"]}}],"collection":[{"href":"https:\/\/www.horse-dental-equipment.com\/fr\/wp-json\/wp\/v2\/product"}],"about":[{"href":"https:\/\/www.horse-dental-equipment.com\/fr\/wp-json\/wp\/v2\/types\/product"}],"replies":[{"embeddable":true,"href":"https:\/\/www.horse-dental-equipment.com\/fr\/wp-json\/wp\/v2\/comments?post=3013"}],"wp:featuredmedia":[{"embeddable":true,"href":"https:\/\/www.horse-dental-equipment.com\/fr\/wp-json\/wp\/v2\/media\/4343"}],"wp:attachment":[{"href":"https:\/\/www.horse-dental-equipment.com\/fr\/wp-json\/wp\/v2\/media?parent=3013"}],"wp:term":[{"taxonomy":"product_brand","embeddable":true,"href":"https:\/\/www.horse-dental-equipment.com\/fr\/wp-json\/wp\/v2\/product_brand?post=3013"},{"taxonomy":"product_cat","embeddable":true,"href":"https:\/\/www.horse-dental-equipment.com\/fr\/wp-json\/wp\/v2\/product_cat?post=3013"},{"taxonomy":"product_tag","embeddable":true,"href":"https:\/\/www.horse-dental-equipment.com\/fr\/wp-json\/wp\/v2\/product_tag?post=3013"}],"curies":[{"name":"wp","href":"https:\/\/api.w.org\/{rel}","templated":true}]}}