{"id":2999,"date":"2020-07-08T15:26:48","date_gmt":"2020-07-08T13:26:48","guid":{"rendered":"http:\/\/www.horse-dental-equipment.com\/produit\/flexxidisc-long-curved-twist\/"},"modified":"2026-04-01T15:09:57","modified_gmt":"2026-04-01T13:09:57","slug":"flexxidisc-classic-longue-courbe-twist","status":"publish","type":"product","link":"https:\/\/www.horse-dental-equipment.com\/fr\/produit\/flexxidisc-classic-longue-courbe-twist\/","title":{"rendered":"Flexxidisc CLASSIC Longue Courbe Twist"},"content":{"rendered":"<p>La Flexxidisc est une fraise polyvalente parfaitement adapt\u00e9e pour un travail de nivellement efficace des surdents ainsi que pour le profilage de routine.<br \/>\nElle existe en diff\u00e9rentes formes et tailles adapt\u00e9es \u00e0 toutes les pratiques de dentisterie.<br \/>\nLa t\u00eate rotative \u00e0 360\u00b0 permet un acc\u00e8s optimal des parties \u00e0 traiter (sur version courbe uniquement).<br \/>\nDisponible \u00e9galement en diam\u00e8tre 28 mm et avec grains diamant\u00e9s diff\u00e9rents.<\/p>\n<p><iframe title=\"vimeo-player\" src=\"https:\/\/player.vimeo.com\/video\/942283475?h=6b5c7e55e5\" width=\"640\" height=\"360\" frameborder=\"0\" allowfullscreen=\"allowfullscreen\"><\/iframe><\/p>\n<p>How to use the HDE Flexxidisc handpiece? &#8211; Dr Carolyn Perkins &#8211; HDE Vet Ambassador<\/p>","protected":false},"excerpt":{"rendered":"<p>The Flexxidisc is a versatile handpiece perfectly adapted for an efficient work on overgrowths as well as for routine profiling. It exists in different shapes and sizes adapted to every type of dentistry practice. The 360\u00b0 rotating head allows optimal access (twist system on the curved version only). Also available in diameter 28 mm and [&hellip;]<\/p>\n","protected":false},"featured_media":4504,"comment_status":"closed","ping_status":"closed","template":"","meta":{"_acf_changed":false},"product_brand":[],"product_cat":[85,81],"product_tag":[],"class_list":{"0":"post-2999","1":"product","2":"type-product","3":"status-publish","4":"has-post-thumbnail","6":"product_cat-flexxidisc","7":"product_cat-individual-motorized-instruments","9":"first","10":"instock","11":"purchasable","12":"product-type-simple"},"acf":[],"yoast_head":"<!-- This site is optimized with the Yoast SEO plugin v27.3 - https:\/\/yoast.com\/product\/yoast-seo-wordpress\/ -->\n<title>CLASSIC Flexxidisc Long Curved Twist - Horse Dental Equipment<\/title>\n<meta name=\"description\" content=\"The Flexxidisc is a versatile handpiece perfectly adapted for an efficient work on overgrowths as well as for routine profiling.\" \/>\n<meta name=\"robots\" content=\"index, follow, max-snippet:-1, max-image-preview:large, max-video-preview:-1\" \/>\n<link rel=\"canonical\" href=\"https:\/\/www.horse-dental-equipment.com\/fr\/produit\/flexxidisc-classic-longue-courbe-twist\/\" \/>\n<meta property=\"og:locale\" content=\"fr_FR\" \/>\n<meta property=\"og:type\" content=\"article\" \/>\n<meta property=\"og:title\" content=\"CLASSIC Flexxidisc Long Curved Twist - Horse Dental Equipment\" \/>\n<meta property=\"og:description\" content=\"The Flexxidisc is a versatile handpiece perfectly adapted for an efficient work on overgrowths as well as for routine profiling.\" \/>\n<meta property=\"og:url\" content=\"https:\/\/www.horse-dental-equipment.com\/fr\/produit\/flexxidisc-classic-longue-courbe-twist\/\" \/>\n<meta property=\"og:site_name\" content=\"Horse Dental Equipment\" \/>\n<meta property=\"article:modified_time\" content=\"2026-04-01T13:09:57+00:00\" \/>\n<meta property=\"og:image\" content=\"https:\/\/www.horse-dental-equipment.com\/wp-content\/uploads\/2020\/07\/FRA_GF8T.png\" \/>\n\t<meta property=\"og:image:width\" content=\"800\" \/>\n\t<meta property=\"og:image:height\" content=\"619\" \/>\n\t<meta property=\"og:image:type\" content=\"image\/png\" \/>\n<meta name=\"twitter:card\" content=\"summary_large_image\" \/>\n<meta name=\"twitter:label1\" content=\"Dur\u00e9e de lecture estim\u00e9e\" \/>\n\t<meta name=\"twitter:data1\" content=\"1 minute\" \/>\n<script type=\"application\/ld+json\" class=\"yoast-schema-graph\">{\"@context\":\"https:\\\/\\\/schema.org\",\"@graph\":[{\"@type\":\"WebPage\",\"@id\":\"https:\\\/\\\/www.horse-dental-equipment.com\\\/product\\\/classic-flexxidisc-long-curved-twist\\\/\",\"url\":\"https:\\\/\\\/www.horse-dental-equipment.com\\\/product\\\/classic-flexxidisc-long-curved-twist\\\/\",\"name\":\"CLASSIC Flexxidisc Long Curved Twist - Horse Dental Equipment\",\"isPartOf\":{\"@id\":\"https:\\\/\\\/www.horse-dental-equipment.com\\\/#website\"},\"primaryImageOfPage\":{\"@id\":\"https:\\\/\\\/www.horse-dental-equipment.com\\\/product\\\/classic-flexxidisc-long-curved-twist\\\/#primaryimage\"},\"image\":{\"@id\":\"https:\\\/\\\/www.horse-dental-equipment.com\\\/product\\\/classic-flexxidisc-long-curved-twist\\\/#primaryimage\"},\"thumbnailUrl\":\"https:\\\/\\\/www.horse-dental-equipment.com\\\/wp-content\\\/uploads\\\/2020\\\/07\\\/FRA_GF8T.png\",\"datePublished\":\"2020-07-08T13:26:48+00:00\",\"dateModified\":\"2026-04-01T13:09:57+00:00\",\"description\":\"The Flexxidisc is a versatile handpiece perfectly adapted for an efficient work on overgrowths as well as for routine profiling.\",\"breadcrumb\":{\"@id\":\"https:\\\/\\\/www.horse-dental-equipment.com\\\/product\\\/classic-flexxidisc-long-curved-twist\\\/#breadcrumb\"},\"inLanguage\":\"fr-FR\",\"potentialAction\":[{\"@type\":\"ReadAction\",\"target\":[\"https:\\\/\\\/www.horse-dental-equipment.com\\\/product\\\/classic-flexxidisc-long-curved-twist\\\/\"]}]},{\"@type\":\"ImageObject\",\"inLanguage\":\"fr-FR\",\"@id\":\"https:\\\/\\\/www.horse-dental-equipment.com\\\/product\\\/classic-flexxidisc-long-curved-twist\\\/#primaryimage\",\"url\":\"https:\\\/\\\/www.horse-dental-equipment.com\\\/wp-content\\\/uploads\\\/2020\\\/07\\\/FRA_GF8T.png\",\"contentUrl\":\"https:\\\/\\\/www.horse-dental-equipment.com\\\/wp-content\\\/uploads\\\/2020\\\/07\\\/FRA_GF8T.png\",\"width\":800,\"height\":619,\"caption\":\"CLASSIC Flexxidisc Long Curved Twist\"},{\"@type\":\"BreadcrumbList\",\"@id\":\"https:\\\/\\\/www.horse-dental-equipment.com\\\/product\\\/classic-flexxidisc-long-curved-twist\\\/#breadcrumb\",\"itemListElement\":[{\"@type\":\"ListItem\",\"position\":1,\"name\":\"Home\",\"item\":\"https:\\\/\\\/www.horse-dental-equipment.com\\\/\"},{\"@type\":\"ListItem\",\"position\":2,\"name\":\"Products\",\"item\":\"https:\\\/\\\/www.horse-dental-equipment.com\\\/fr\\\/produits\\\/\"},{\"@type\":\"ListItem\",\"position\":3,\"name\":\"CLASSIC Flexxidisc Long Curved Twist\"}]},{\"@type\":\"WebSite\",\"@id\":\"https:\\\/\\\/www.horse-dental-equipment.com\\\/#website\",\"url\":\"https:\\\/\\\/www.horse-dental-equipment.com\\\/\",\"name\":\"Horse Dental Equipment\",\"description\":\"Your partner to develop your equine dentistry business\",\"potentialAction\":[{\"@type\":\"SearchAction\",\"target\":{\"@type\":\"EntryPoint\",\"urlTemplate\":\"https:\\\/\\\/www.horse-dental-equipment.com\\\/?s={search_term_string}\"},\"query-input\":{\"@type\":\"PropertyValueSpecification\",\"valueRequired\":true,\"valueName\":\"search_term_string\"}}],\"inLanguage\":\"fr-FR\"}]}<\/script>\n<!-- \/ Yoast SEO plugin. -->","yoast_head_json":{"title":"Flexxidisc CLASSIC Longue Courbe Twist - Horse Dental Equipment","description":"La Flexxidisc est une fraise polyvalente parfaitement adapt\u00e9e pour un travail de nivellement efficace des surdents ainsi que pour le profilage de routine.","robots":{"index":"index","follow":"follow","max-snippet":"max-snippet:-1","max-image-preview":"max-image-preview:large","max-video-preview":"max-video-preview:-1"},"canonical":"https:\/\/www.horse-dental-equipment.com\/fr\/produit\/flexxidisc-classic-longue-courbe-twist\/","og_locale":"fr_FR","og_type":"article","og_title":"CLASSIC Flexxidisc Long Curved Twist - Horse Dental Equipment","og_description":"The Flexxidisc is a versatile handpiece perfectly adapted for an efficient work on overgrowths as well as for routine profiling.","og_url":"https:\/\/www.horse-dental-equipment.com\/fr\/produit\/flexxidisc-classic-longue-courbe-twist\/","og_site_name":"Horse Dental Equipment","article_modified_time":"2026-04-01T13:09:57+00:00","og_image":[{"width":800,"height":619,"url":"https:\/\/www.horse-dental-equipment.com\/wp-content\/uploads\/2020\/07\/FRA_GF8T.png","type":"image\/png"}],"twitter_card":"summary_large_image","twitter_misc":{"Dur\u00e9e de lecture estim\u00e9e":"1 minute"},"schema":{"@context":"https:\/\/schema.org","@graph":[{"@type":"WebPage","@id":"https:\/\/www.horse-dental-equipment.com\/product\/classic-flexxidisc-long-curved-twist\/","url":"https:\/\/www.horse-dental-equipment.com\/product\/classic-flexxidisc-long-curved-twist\/","name":"Flexxidisc CLASSIC Longue Courbe Twist - Horse Dental Equipment","isPartOf":{"@id":"https:\/\/www.horse-dental-equipment.com\/#website"},"primaryImageOfPage":{"@id":"https:\/\/www.horse-dental-equipment.com\/product\/classic-flexxidisc-long-curved-twist\/#primaryimage"},"image":{"@id":"https:\/\/www.horse-dental-equipment.com\/product\/classic-flexxidisc-long-curved-twist\/#primaryimage"},"thumbnailUrl":"https:\/\/www.horse-dental-equipment.com\/wp-content\/uploads\/2020\/07\/FRA_GF8T.png","datePublished":"2020-07-08T13:26:48+00:00","dateModified":"2026-04-01T13:09:57+00:00","description":"La Flexxidisc est une fraise polyvalente parfaitement adapt\u00e9e pour un travail de nivellement efficace des surdents ainsi que pour le profilage de routine.","breadcrumb":{"@id":"https:\/\/www.horse-dental-equipment.com\/product\/classic-flexxidisc-long-curved-twist\/#breadcrumb"},"inLanguage":"fr-FR","potentialAction":[{"@type":"ReadAction","target":["https:\/\/www.horse-dental-equipment.com\/product\/classic-flexxidisc-long-curved-twist\/"]}]},{"@type":"ImageObject","inLanguage":"fr-FR","@id":"https:\/\/www.horse-dental-equipment.com\/product\/classic-flexxidisc-long-curved-twist\/#primaryimage","url":"https:\/\/www.horse-dental-equipment.com\/wp-content\/uploads\/2020\/07\/FRA_GF8T.png","contentUrl":"https:\/\/www.horse-dental-equipment.com\/wp-content\/uploads\/2020\/07\/FRA_GF8T.png","width":800,"height":619,"caption":"CLASSIC Flexxidisc Long Curved Twist"},{"@type":"BreadcrumbList","@id":"https:\/\/www.horse-dental-equipment.com\/product\/classic-flexxidisc-long-curved-twist\/#breadcrumb","itemListElement":[{"@type":"ListItem","position":1,"name":"Home","item":"https:\/\/www.horse-dental-equipment.com\/"},{"@type":"ListItem","position":2,"name":"Products","item":"https:\/\/www.horse-dental-equipment.com\/fr\/produits\/"},{"@type":"ListItem","position":3,"name":"CLASSIC Flexxidisc Long Curved Twist"}]},{"@type":"WebSite","@id":"https:\/\/www.horse-dental-equipment.com\/#website","url":"https:\/\/www.horse-dental-equipment.com\/","name":"Horse Dental Equipment","description":"Your partner to develop your equine dentistry business","potentialAction":[{"@type":"SearchAction","target":{"@type":"EntryPoint","urlTemplate":"https:\/\/www.horse-dental-equipment.com\/?s={search_term_string}"},"query-input":{"@type":"PropertyValueSpecification","valueRequired":true,"valueName":"search_term_string"}}],"inLanguage":"fr-FR"}]}},"_links":{"self":[{"href":"https:\/\/www.horse-dental-equipment.com\/fr\/wp-json\/wp\/v2\/product\/2999","targetHints":{"allow":["GET"]}}],"collection":[{"href":"https:\/\/www.horse-dental-equipment.com\/fr\/wp-json\/wp\/v2\/product"}],"about":[{"href":"https:\/\/www.horse-dental-equipment.com\/fr\/wp-json\/wp\/v2\/types\/product"}],"replies":[{"embeddable":true,"href":"https:\/\/www.horse-dental-equipment.com\/fr\/wp-json\/wp\/v2\/comments?post=2999"}],"wp:featuredmedia":[{"embeddable":true,"href":"https:\/\/www.horse-dental-equipment.com\/fr\/wp-json\/wp\/v2\/media\/4504"}],"wp:attachment":[{"href":"https:\/\/www.horse-dental-equipment.com\/fr\/wp-json\/wp\/v2\/media?parent=2999"}],"wp:term":[{"taxonomy":"product_brand","embeddable":true,"href":"https:\/\/www.horse-dental-equipment.com\/fr\/wp-json\/wp\/v2\/product_brand?post=2999"},{"taxonomy":"product_cat","embeddable":true,"href":"https:\/\/www.horse-dental-equipment.com\/fr\/wp-json\/wp\/v2\/product_cat?post=2999"},{"taxonomy":"product_tag","embeddable":true,"href":"https:\/\/www.horse-dental-equipment.com\/fr\/wp-json\/wp\/v2\/product_tag?post=2999"}],"curies":[{"name":"wp","href":"https:\/\/api.w.org\/{rel}","templated":true}]}}