{"id":2985,"date":"2020-07-08T15:26:45","date_gmt":"2020-07-08T13:26:45","guid":{"rendered":"http:\/\/www.horse-dental-equipment.com\/produit\/angle-drill\/"},"modified":"2026-05-05T16:10:02","modified_gmt":"2026-05-05T14:10:02","slug":"fraise-angle","status":"publish","type":"product","link":"https:\/\/www.horse-dental-equipment.com\/fr\/produit\/fraise-angle\/","title":{"rendered":"Fraise d'Angle"},"content":{"rendered":"<p>Cette fraise est tr\u00e8s versatile.<br \/>\nGr\u00e2ce \u00e0 la partie effil\u00e9e de la t\u00eate diamant\u00e9e, elle peut \u00eatre utilis\u00e9e pour le bit-seat.<\/p>\n<p>S'utilise sans extension.<\/p>\n<p>Disponible jusqu'\u00e0 \u00e9puisement des stocks.<\/p>\n<p><strong><a href=\"https:\/\/helium-connect.fr\/player\/54c6710f8d12a6546600000a\/fid\/69f9f44e2338037d0c6c654a\">Remplissez le formulaire<\/a><\/strong> pour demander votre devis et nous faire savoir quel(s) produit(s) dans la cat\u00e9gorie <strong>d\u00e9stockage<\/strong> vous int\u00e9resse.<\/p>","protected":false},"excerpt":{"rendered":"<p>This handpiece is very versatile. Thanks to the tapered part of its diamond head, it can be used for the bit-seat. Used without extension. Available while stocks last. Fill in the form to request a quote and let us know which product(s) in the destocking category you are interested in.<\/p>","protected":false},"featured_media":4388,"comment_status":"closed","ping_status":"closed","template":"","meta":{"_acf_changed":false},"product_brand":[],"product_cat":[463,81,83],"product_tag":[],"class_list":{"0":"post-2985","1":"product","2":"type-product","3":"status-publish","4":"has-post-thumbnail","6":"product_cat-destocking","7":"product_cat-individual-motorized-instruments","8":"product_cat-specific-handpieces","10":"first","11":"instock","12":"purchasable","13":"product-type-simple"},"acf":[],"yoast_head":"<!-- This site is optimized with the Yoast SEO plugin v27.5 - https:\/\/yoast.com\/product\/yoast-seo-wordpress\/ -->\n<title>Angle Handpiece - Horse Dental Equipment<\/title>\n<meta name=\"description\" content=\"This handpiece is very versatile. Thanks to the tapered part of its diamond head, it can be used for the bit-seat. Used without extension.\" \/>\n<meta name=\"robots\" content=\"index, follow, max-snippet:-1, max-image-preview:large, max-video-preview:-1\" \/>\n<link rel=\"canonical\" href=\"https:\/\/www.horse-dental-equipment.com\/fr\/produit\/fraise-angle\/\" \/>\n<meta property=\"og:locale\" content=\"fr_FR\" \/>\n<meta property=\"og:type\" content=\"article\" \/>\n<meta property=\"og:title\" content=\"Angle Handpiece - Horse Dental Equipment\" \/>\n<meta property=\"og:description\" content=\"This handpiece is very versatile. Thanks to the tapered part of its diamond head, it can be used for the bit-seat. Used without extension.\" \/>\n<meta property=\"og:url\" content=\"https:\/\/www.horse-dental-equipment.com\/fr\/produit\/fraise-angle\/\" \/>\n<meta property=\"og:site_name\" content=\"Horse Dental Equipment\" \/>\n<meta property=\"article:modified_time\" content=\"2026-05-05T14:10:02+00:00\" \/>\n<meta property=\"og:image\" content=\"https:\/\/www.horse-dental-equipment.com\/wp-content\/uploads\/2020\/07\/FRA_F3.jpg\" \/>\n\t<meta property=\"og:image:width\" content=\"800\" \/>\n\t<meta property=\"og:image:height\" content=\"619\" \/>\n\t<meta property=\"og:image:type\" content=\"image\/jpeg\" \/>\n<meta name=\"twitter:card\" content=\"summary_large_image\" \/>\n<meta name=\"twitter:label1\" content=\"Dur\u00e9e de lecture estim\u00e9e\" \/>\n\t<meta name=\"twitter:data1\" content=\"1 minute\" \/>\n<script type=\"application\/ld+json\" class=\"yoast-schema-graph\">{\"@context\":\"https:\\\/\\\/schema.org\",\"@graph\":[{\"@type\":\"WebPage\",\"@id\":\"https:\\\/\\\/www.horse-dental-equipment.com\\\/product\\\/angle-handpiece\\\/\",\"url\":\"https:\\\/\\\/www.horse-dental-equipment.com\\\/product\\\/angle-handpiece\\\/\",\"name\":\"Angle Handpiece - Horse Dental Equipment\",\"isPartOf\":{\"@id\":\"https:\\\/\\\/www.horse-dental-equipment.com\\\/#website\"},\"primaryImageOfPage\":{\"@id\":\"https:\\\/\\\/www.horse-dental-equipment.com\\\/product\\\/angle-handpiece\\\/#primaryimage\"},\"image\":{\"@id\":\"https:\\\/\\\/www.horse-dental-equipment.com\\\/product\\\/angle-handpiece\\\/#primaryimage\"},\"thumbnailUrl\":\"https:\\\/\\\/www.horse-dental-equipment.com\\\/wp-content\\\/uploads\\\/2020\\\/07\\\/FRA_F3.jpg\",\"datePublished\":\"2020-07-08T13:26:45+00:00\",\"dateModified\":\"2026-05-05T14:10:02+00:00\",\"description\":\"This handpiece is very versatile. Thanks to the tapered part of its diamond head, it can be used for the bit-seat. Used without extension.\",\"breadcrumb\":{\"@id\":\"https:\\\/\\\/www.horse-dental-equipment.com\\\/product\\\/angle-handpiece\\\/#breadcrumb\"},\"inLanguage\":\"fr-FR\",\"potentialAction\":[{\"@type\":\"ReadAction\",\"target\":[\"https:\\\/\\\/www.horse-dental-equipment.com\\\/product\\\/angle-handpiece\\\/\"]}]},{\"@type\":\"ImageObject\",\"inLanguage\":\"fr-FR\",\"@id\":\"https:\\\/\\\/www.horse-dental-equipment.com\\\/product\\\/angle-handpiece\\\/#primaryimage\",\"url\":\"https:\\\/\\\/www.horse-dental-equipment.com\\\/wp-content\\\/uploads\\\/2020\\\/07\\\/FRA_F3.jpg\",\"contentUrl\":\"https:\\\/\\\/www.horse-dental-equipment.com\\\/wp-content\\\/uploads\\\/2020\\\/07\\\/FRA_F3.jpg\",\"width\":800,\"height\":619,\"caption\":\"Angle Handpiece\"},{\"@type\":\"BreadcrumbList\",\"@id\":\"https:\\\/\\\/www.horse-dental-equipment.com\\\/product\\\/angle-handpiece\\\/#breadcrumb\",\"itemListElement\":[{\"@type\":\"ListItem\",\"position\":1,\"name\":\"Home\",\"item\":\"https:\\\/\\\/www.horse-dental-equipment.com\\\/\"},{\"@type\":\"ListItem\",\"position\":2,\"name\":\"Products\",\"item\":\"https:\\\/\\\/www.horse-dental-equipment.com\\\/fr\\\/produits\\\/\"},{\"@type\":\"ListItem\",\"position\":3,\"name\":\"Angle Handpiece\"}]},{\"@type\":\"WebSite\",\"@id\":\"https:\\\/\\\/www.horse-dental-equipment.com\\\/#website\",\"url\":\"https:\\\/\\\/www.horse-dental-equipment.com\\\/\",\"name\":\"Horse Dental Equipment\",\"description\":\"Your partner to develop your equine dentistry business\",\"potentialAction\":[{\"@type\":\"SearchAction\",\"target\":{\"@type\":\"EntryPoint\",\"urlTemplate\":\"https:\\\/\\\/www.horse-dental-equipment.com\\\/?s={search_term_string}\"},\"query-input\":{\"@type\":\"PropertyValueSpecification\",\"valueRequired\":true,\"valueName\":\"search_term_string\"}}],\"inLanguage\":\"fr-FR\"}]}<\/script>\n<!-- \/ Yoast SEO plugin. -->","yoast_head_json":{"title":"Fraise d'Angle - Horse Dental Equipment","description":"Cette fraise est tr\u00e8s versatile.\nGr\u00e2ce \u00e0 la partie effil\u00e9e de la t\u00eate diamant\u00e9e, elle peut \u00eatre utilis\u00e9e pour le bit-seat.\nS'utilise sans extension.","robots":{"index":"index","follow":"follow","max-snippet":"max-snippet:-1","max-image-preview":"max-image-preview:large","max-video-preview":"max-video-preview:-1"},"canonical":"https:\/\/www.horse-dental-equipment.com\/fr\/produit\/fraise-angle\/","og_locale":"fr_FR","og_type":"article","og_title":"Angle Handpiece - Horse Dental Equipment","og_description":"This handpiece is very versatile. Thanks to the tapered part of its diamond head, it can be used for the bit-seat. Used without extension.","og_url":"https:\/\/www.horse-dental-equipment.com\/fr\/produit\/fraise-angle\/","og_site_name":"Horse Dental Equipment","article_modified_time":"2026-05-05T14:10:02+00:00","og_image":[{"width":800,"height":619,"url":"https:\/\/www.horse-dental-equipment.com\/wp-content\/uploads\/2020\/07\/FRA_F3.jpg","type":"image\/jpeg"}],"twitter_card":"summary_large_image","twitter_misc":{"Dur\u00e9e de lecture estim\u00e9e":"1 minute"},"schema":{"@context":"https:\/\/schema.org","@graph":[{"@type":"WebPage","@id":"https:\/\/www.horse-dental-equipment.com\/product\/angle-handpiece\/","url":"https:\/\/www.horse-dental-equipment.com\/product\/angle-handpiece\/","name":"Fraise d'Angle - Horse Dental Equipment","isPartOf":{"@id":"https:\/\/www.horse-dental-equipment.com\/#website"},"primaryImageOfPage":{"@id":"https:\/\/www.horse-dental-equipment.com\/product\/angle-handpiece\/#primaryimage"},"image":{"@id":"https:\/\/www.horse-dental-equipment.com\/product\/angle-handpiece\/#primaryimage"},"thumbnailUrl":"https:\/\/www.horse-dental-equipment.com\/wp-content\/uploads\/2020\/07\/FRA_F3.jpg","datePublished":"2020-07-08T13:26:45+00:00","dateModified":"2026-05-05T14:10:02+00:00","description":"Cette fraise est tr\u00e8s versatile.\nGr\u00e2ce \u00e0 la partie effil\u00e9e de la t\u00eate diamant\u00e9e, elle peut \u00eatre utilis\u00e9e pour le bit-seat.\nS'utilise sans extension.","breadcrumb":{"@id":"https:\/\/www.horse-dental-equipment.com\/product\/angle-handpiece\/#breadcrumb"},"inLanguage":"fr-FR","potentialAction":[{"@type":"ReadAction","target":["https:\/\/www.horse-dental-equipment.com\/product\/angle-handpiece\/"]}]},{"@type":"ImageObject","inLanguage":"fr-FR","@id":"https:\/\/www.horse-dental-equipment.com\/product\/angle-handpiece\/#primaryimage","url":"https:\/\/www.horse-dental-equipment.com\/wp-content\/uploads\/2020\/07\/FRA_F3.jpg","contentUrl":"https:\/\/www.horse-dental-equipment.com\/wp-content\/uploads\/2020\/07\/FRA_F3.jpg","width":800,"height":619,"caption":"Angle Handpiece"},{"@type":"BreadcrumbList","@id":"https:\/\/www.horse-dental-equipment.com\/product\/angle-handpiece\/#breadcrumb","itemListElement":[{"@type":"ListItem","position":1,"name":"Home","item":"https:\/\/www.horse-dental-equipment.com\/"},{"@type":"ListItem","position":2,"name":"Products","item":"https:\/\/www.horse-dental-equipment.com\/fr\/produits\/"},{"@type":"ListItem","position":3,"name":"Angle Handpiece"}]},{"@type":"WebSite","@id":"https:\/\/www.horse-dental-equipment.com\/#website","url":"https:\/\/www.horse-dental-equipment.com\/","name":"Horse Dental Equipment","description":"Your partner to develop your equine dentistry business","potentialAction":[{"@type":"SearchAction","target":{"@type":"EntryPoint","urlTemplate":"https:\/\/www.horse-dental-equipment.com\/?s={search_term_string}"},"query-input":{"@type":"PropertyValueSpecification","valueRequired":true,"valueName":"search_term_string"}}],"inLanguage":"fr-FR"}]}},"_links":{"self":[{"href":"https:\/\/www.horse-dental-equipment.com\/fr\/wp-json\/wp\/v2\/product\/2985","targetHints":{"allow":["GET"]}}],"collection":[{"href":"https:\/\/www.horse-dental-equipment.com\/fr\/wp-json\/wp\/v2\/product"}],"about":[{"href":"https:\/\/www.horse-dental-equipment.com\/fr\/wp-json\/wp\/v2\/types\/product"}],"replies":[{"embeddable":true,"href":"https:\/\/www.horse-dental-equipment.com\/fr\/wp-json\/wp\/v2\/comments?post=2985"}],"wp:featuredmedia":[{"embeddable":true,"href":"https:\/\/www.horse-dental-equipment.com\/fr\/wp-json\/wp\/v2\/media\/4388"}],"wp:attachment":[{"href":"https:\/\/www.horse-dental-equipment.com\/fr\/wp-json\/wp\/v2\/media?parent=2985"}],"wp:term":[{"taxonomy":"product_brand","embeddable":true,"href":"https:\/\/www.horse-dental-equipment.com\/fr\/wp-json\/wp\/v2\/product_brand?post=2985"},{"taxonomy":"product_cat","embeddable":true,"href":"https:\/\/www.horse-dental-equipment.com\/fr\/wp-json\/wp\/v2\/product_cat?post=2985"},{"taxonomy":"product_tag","embeddable":true,"href":"https:\/\/www.horse-dental-equipment.com\/fr\/wp-json\/wp\/v2\/product_tag?post=2985"}],"curies":[{"name":"wp","href":"https:\/\/api.w.org\/{rel}","templated":true}]}}