{"id":2982,"date":"2020-07-08T15:26:45","date_gmt":"2020-07-08T13:26:45","guid":{"rendered":"http:\/\/www.horse-dental-equipment.com\/produit\/maxillary-burr\/"},"modified":"2026-04-01T14:54:29","modified_gmt":"2026-04-01T12:54:29","slug":"fraise-maxillaire","status":"publish","type":"product","link":"https:\/\/www.horse-dental-equipment.com\/fr\/produit\/fraise-maxillaire\/","title":{"rendered":"Fraise Maxillaire"},"content":{"rendered":"<p>Con\u00e7ue pour travailler sur l'arcade maxillaire.<br \/>\nSa partie cylindrique permet un profilage rapide et efficace.<br \/>\nSa t\u00eate conique facilite l'acc\u00e8s l\u00e0 o\u00f9 le passage entre la joue et les dents est plus \u00e9troit.<\/p>\n<p>\u2022 Longueur : 29 cm<br \/>\u2022 Diam\u00e8tre : 15 mm \/ 5 mm<\/p>\n<p>S'utilise avec extension pour atteindre le fond de bouche.<\/p>\n<p>Disponible jusqu'\u00e0 \u00e9puisement des stocks.<\/p>","protected":false},"excerpt":{"rendered":"<p>To work on maxillary arcade: 106 to 108 &amp; 206 to 208: its cylinder shape allows fast and efficient profiling. 109 to 111 &amp; 209 to 211: its conical shape eases access to narrow areas between cheek and tooth. Its conical protection applied to the cheek avoids contact with soft tissues and guides the handpiece [&hellip;]<\/p>\n","protected":false},"featured_media":4207,"comment_status":"closed","ping_status":"closed","template":"","meta":{"_acf_changed":false},"product_brand":[],"product_cat":[463,81,83],"product_tag":[],"class_list":{"0":"post-2982","1":"product","2":"type-product","3":"status-publish","4":"has-post-thumbnail","6":"product_cat-destocking","7":"product_cat-individual-motorized-instruments","8":"product_cat-specific-handpieces","10":"first","11":"instock","12":"purchasable","13":"product-type-simple"},"acf":[],"yoast_head":"<!-- This site is optimized with the Yoast SEO plugin v27.4 - https:\/\/yoast.com\/product\/yoast-seo-wordpress\/ -->\n<title>Maxillary Handpiece - Horse Dental Equipment<\/title>\n<meta name=\"description\" content=\"To work on maxillary arcade: 106 to 108 &amp; 206 to 208: its cylinder shape allows fast and efficient profiling. 109 to 111 &amp; 209 to 211: its conical shape...\" \/>\n<meta name=\"robots\" content=\"index, follow, max-snippet:-1, max-image-preview:large, max-video-preview:-1\" \/>\n<link rel=\"canonical\" href=\"https:\/\/www.horse-dental-equipment.com\/fr\/produit\/fraise-maxillaire\/\" \/>\n<meta property=\"og:locale\" content=\"fr_FR\" \/>\n<meta property=\"og:type\" content=\"article\" \/>\n<meta property=\"og:title\" content=\"Maxillary Handpiece - Horse Dental Equipment\" \/>\n<meta property=\"og:description\" content=\"To work on maxillary arcade: 106 to 108 &amp; 206 to 208: its cylinder shape allows fast and efficient profiling. 109 to 111 &amp; 209 to 211: its conical shape...\" \/>\n<meta property=\"og:url\" content=\"https:\/\/www.horse-dental-equipment.com\/fr\/produit\/fraise-maxillaire\/\" \/>\n<meta property=\"og:site_name\" content=\"Horse Dental Equipment\" \/>\n<meta property=\"article:modified_time\" content=\"2026-04-01T12:54:29+00:00\" \/>\n<meta property=\"og:image\" content=\"https:\/\/www.horse-dental-equipment.com\/wp-content\/uploads\/2020\/07\/FRA_F1_1_HD.jpg\" \/>\n\t<meta property=\"og:image:width\" content=\"800\" \/>\n\t<meta property=\"og:image:height\" content=\"619\" \/>\n\t<meta property=\"og:image:type\" content=\"image\/jpeg\" \/>\n<meta name=\"twitter:card\" content=\"summary_large_image\" \/>\n<meta name=\"twitter:label1\" content=\"Dur\u00e9e de lecture estim\u00e9e\" \/>\n\t<meta name=\"twitter:data1\" content=\"1 minute\" \/>\n<script type=\"application\/ld+json\" class=\"yoast-schema-graph\">{\"@context\":\"https:\\\/\\\/schema.org\",\"@graph\":[{\"@type\":\"WebPage\",\"@id\":\"https:\\\/\\\/www.horse-dental-equipment.com\\\/product\\\/maxillary-handpiece\\\/\",\"url\":\"https:\\\/\\\/www.horse-dental-equipment.com\\\/product\\\/maxillary-handpiece\\\/\",\"name\":\"Maxillary Handpiece - Horse Dental Equipment\",\"isPartOf\":{\"@id\":\"https:\\\/\\\/www.horse-dental-equipment.com\\\/#website\"},\"primaryImageOfPage\":{\"@id\":\"https:\\\/\\\/www.horse-dental-equipment.com\\\/product\\\/maxillary-handpiece\\\/#primaryimage\"},\"image\":{\"@id\":\"https:\\\/\\\/www.horse-dental-equipment.com\\\/product\\\/maxillary-handpiece\\\/#primaryimage\"},\"thumbnailUrl\":\"https:\\\/\\\/www.horse-dental-equipment.com\\\/wp-content\\\/uploads\\\/2020\\\/07\\\/FRA_F1_1_HD.jpg\",\"datePublished\":\"2020-07-08T13:26:45+00:00\",\"dateModified\":\"2026-04-01T12:54:29+00:00\",\"description\":\"To work on maxillary arcade: 106 to 108 & 206 to 208: its cylinder shape allows fast and efficient profiling. 109 to 111 & 209 to 211: its conical shape...\",\"breadcrumb\":{\"@id\":\"https:\\\/\\\/www.horse-dental-equipment.com\\\/product\\\/maxillary-handpiece\\\/#breadcrumb\"},\"inLanguage\":\"fr-FR\",\"potentialAction\":[{\"@type\":\"ReadAction\",\"target\":[\"https:\\\/\\\/www.horse-dental-equipment.com\\\/product\\\/maxillary-handpiece\\\/\"]}]},{\"@type\":\"ImageObject\",\"inLanguage\":\"fr-FR\",\"@id\":\"https:\\\/\\\/www.horse-dental-equipment.com\\\/product\\\/maxillary-handpiece\\\/#primaryimage\",\"url\":\"https:\\\/\\\/www.horse-dental-equipment.com\\\/wp-content\\\/uploads\\\/2020\\\/07\\\/FRA_F1_1_HD.jpg\",\"contentUrl\":\"https:\\\/\\\/www.horse-dental-equipment.com\\\/wp-content\\\/uploads\\\/2020\\\/07\\\/FRA_F1_1_HD.jpg\",\"width\":800,\"height\":619,\"caption\":\"Maxillary Handpiece\"},{\"@type\":\"BreadcrumbList\",\"@id\":\"https:\\\/\\\/www.horse-dental-equipment.com\\\/product\\\/maxillary-handpiece\\\/#breadcrumb\",\"itemListElement\":[{\"@type\":\"ListItem\",\"position\":1,\"name\":\"Home\",\"item\":\"https:\\\/\\\/www.horse-dental-equipment.com\\\/\"},{\"@type\":\"ListItem\",\"position\":2,\"name\":\"Products\",\"item\":\"https:\\\/\\\/www.horse-dental-equipment.com\\\/fr\\\/produits\\\/\"},{\"@type\":\"ListItem\",\"position\":3,\"name\":\"Maxillary Handpiece\"}]},{\"@type\":\"WebSite\",\"@id\":\"https:\\\/\\\/www.horse-dental-equipment.com\\\/#website\",\"url\":\"https:\\\/\\\/www.horse-dental-equipment.com\\\/\",\"name\":\"Horse Dental Equipment\",\"description\":\"Your partner to develop your equine dentistry business\",\"potentialAction\":[{\"@type\":\"SearchAction\",\"target\":{\"@type\":\"EntryPoint\",\"urlTemplate\":\"https:\\\/\\\/www.horse-dental-equipment.com\\\/?s={search_term_string}\"},\"query-input\":{\"@type\":\"PropertyValueSpecification\",\"valueRequired\":true,\"valueName\":\"search_term_string\"}}],\"inLanguage\":\"fr-FR\"}]}<\/script>\n<!-- \/ Yoast SEO plugin. -->","yoast_head_json":{"title":"Fraise Maxillaire - Horse Dental Equipment","description":"Con\u00e7ue pour travailler sur l'arcade maxillaire.\nSa partie cylindrique permet un profilage rapide et efficace.\nSa t\u00eate conique facilite l'acc\u00e8s l\u00e0 o\u00f9 le passage entre la joue et les dents est plus \u00e9troit.\n - Longueur : 29 cm\n - Diam\u00e8tre : 15 mm \/ 5 mm\nS'utilise avec extension pour atteindre le fond de bouche.\nDisponible jusqu'\u00e0 \u00e9puisement des stocks.","robots":{"index":"index","follow":"follow","max-snippet":"max-snippet:-1","max-image-preview":"max-image-preview:large","max-video-preview":"max-video-preview:-1"},"canonical":"https:\/\/www.horse-dental-equipment.com\/fr\/produit\/fraise-maxillaire\/","og_locale":"fr_FR","og_type":"article","og_title":"Maxillary Handpiece - Horse Dental Equipment","og_description":"To work on maxillary arcade: 106 to 108 & 206 to 208: its cylinder shape allows fast and efficient profiling. 109 to 111 & 209 to 211: its conical shape...","og_url":"https:\/\/www.horse-dental-equipment.com\/fr\/produit\/fraise-maxillaire\/","og_site_name":"Horse Dental Equipment","article_modified_time":"2026-04-01T12:54:29+00:00","og_image":[{"width":800,"height":619,"url":"https:\/\/www.horse-dental-equipment.com\/wp-content\/uploads\/2020\/07\/FRA_F1_1_HD.jpg","type":"image\/jpeg"}],"twitter_card":"summary_large_image","twitter_misc":{"Dur\u00e9e de lecture estim\u00e9e":"1 minute"},"schema":{"@context":"https:\/\/schema.org","@graph":[{"@type":"WebPage","@id":"https:\/\/www.horse-dental-equipment.com\/product\/maxillary-handpiece\/","url":"https:\/\/www.horse-dental-equipment.com\/product\/maxillary-handpiece\/","name":"Fraise Maxillaire - Horse Dental Equipment","isPartOf":{"@id":"https:\/\/www.horse-dental-equipment.com\/#website"},"primaryImageOfPage":{"@id":"https:\/\/www.horse-dental-equipment.com\/product\/maxillary-handpiece\/#primaryimage"},"image":{"@id":"https:\/\/www.horse-dental-equipment.com\/product\/maxillary-handpiece\/#primaryimage"},"thumbnailUrl":"https:\/\/www.horse-dental-equipment.com\/wp-content\/uploads\/2020\/07\/FRA_F1_1_HD.jpg","datePublished":"2020-07-08T13:26:45+00:00","dateModified":"2026-04-01T12:54:29+00:00","description":"Con\u00e7ue pour travailler sur l'arcade maxillaire.\nSa partie cylindrique permet un profilage rapide et efficace.\nSa t\u00eate conique facilite l'acc\u00e8s l\u00e0 o\u00f9 le passage entre la joue et les dents est plus \u00e9troit.\n - Longueur : 29 cm\n - Diam\u00e8tre : 15 mm \/ 5 mm\nS'utilise avec extension pour atteindre le fond de bouche.\nDisponible jusqu'\u00e0 \u00e9puisement des stocks.","breadcrumb":{"@id":"https:\/\/www.horse-dental-equipment.com\/product\/maxillary-handpiece\/#breadcrumb"},"inLanguage":"fr-FR","potentialAction":[{"@type":"ReadAction","target":["https:\/\/www.horse-dental-equipment.com\/product\/maxillary-handpiece\/"]}]},{"@type":"ImageObject","inLanguage":"fr-FR","@id":"https:\/\/www.horse-dental-equipment.com\/product\/maxillary-handpiece\/#primaryimage","url":"https:\/\/www.horse-dental-equipment.com\/wp-content\/uploads\/2020\/07\/FRA_F1_1_HD.jpg","contentUrl":"https:\/\/www.horse-dental-equipment.com\/wp-content\/uploads\/2020\/07\/FRA_F1_1_HD.jpg","width":800,"height":619,"caption":"Maxillary Handpiece"},{"@type":"BreadcrumbList","@id":"https:\/\/www.horse-dental-equipment.com\/product\/maxillary-handpiece\/#breadcrumb","itemListElement":[{"@type":"ListItem","position":1,"name":"Home","item":"https:\/\/www.horse-dental-equipment.com\/"},{"@type":"ListItem","position":2,"name":"Products","item":"https:\/\/www.horse-dental-equipment.com\/fr\/produits\/"},{"@type":"ListItem","position":3,"name":"Maxillary Handpiece"}]},{"@type":"WebSite","@id":"https:\/\/www.horse-dental-equipment.com\/#website","url":"https:\/\/www.horse-dental-equipment.com\/","name":"Horse Dental Equipment","description":"Your partner to develop your equine dentistry business","potentialAction":[{"@type":"SearchAction","target":{"@type":"EntryPoint","urlTemplate":"https:\/\/www.horse-dental-equipment.com\/?s={search_term_string}"},"query-input":{"@type":"PropertyValueSpecification","valueRequired":true,"valueName":"search_term_string"}}],"inLanguage":"fr-FR"}]}},"_links":{"self":[{"href":"https:\/\/www.horse-dental-equipment.com\/fr\/wp-json\/wp\/v2\/product\/2982","targetHints":{"allow":["GET"]}}],"collection":[{"href":"https:\/\/www.horse-dental-equipment.com\/fr\/wp-json\/wp\/v2\/product"}],"about":[{"href":"https:\/\/www.horse-dental-equipment.com\/fr\/wp-json\/wp\/v2\/types\/product"}],"replies":[{"embeddable":true,"href":"https:\/\/www.horse-dental-equipment.com\/fr\/wp-json\/wp\/v2\/comments?post=2982"}],"wp:featuredmedia":[{"embeddable":true,"href":"https:\/\/www.horse-dental-equipment.com\/fr\/wp-json\/wp\/v2\/media\/4207"}],"wp:attachment":[{"href":"https:\/\/www.horse-dental-equipment.com\/fr\/wp-json\/wp\/v2\/media?parent=2982"}],"wp:term":[{"taxonomy":"product_brand","embeddable":true,"href":"https:\/\/www.horse-dental-equipment.com\/fr\/wp-json\/wp\/v2\/product_brand?post=2982"},{"taxonomy":"product_cat","embeddable":true,"href":"https:\/\/www.horse-dental-equipment.com\/fr\/wp-json\/wp\/v2\/product_cat?post=2982"},{"taxonomy":"product_tag","embeddable":true,"href":"https:\/\/www.horse-dental-equipment.com\/fr\/wp-json\/wp\/v2\/product_tag?post=2982"}],"curies":[{"name":"wp","href":"https:\/\/api.w.org\/{rel}","templated":true}]}}