{"id":2978,"date":"2020-07-08T15:26:45","date_gmt":"2020-07-08T13:26:45","guid":{"rendered":"http:\/\/www.horse-dental-equipment.com\/produit\/pony-burr\/"},"modified":"2026-04-01T15:45:25","modified_gmt":"2026-04-01T13:45:25","slug":"fraise-courte-droite-poney","status":"publish","type":"product","link":"https:\/\/www.horse-dental-equipment.com\/fr\/produit\/fraise-courte-droite-poney\/","title":{"rendered":"Fraise Courte Droite (pour poney)"},"content":{"rendered":"<p>Cette fraise est con\u00e7ue pour le traitement des 11\u00e8mes des poneys et des cam\u00e9lid\u00e9s (lamas, alpagas, ...).<br \/>\nSa t\u00eate compacte et fine assure un acc\u00e8s optimal dans les petites bouches.<br \/>\nCet instrument ne peut pas \u00eatre vendu sans protection.<\/p>","protected":false},"excerpt":{"rendered":"<p>Specifically designed to treat\u00a0ponies\u00a0it has proven to be very useful on\u00a0new world camelids\u00a0as well. Its compact size and tiny head offer optimal access\u00a0in small mouths. This instrument can not be sold without protection.<\/p>","protected":false},"featured_media":7202,"comment_status":"closed","ping_status":"closed","template":"","meta":{"_acf_changed":false},"product_brand":[],"product_cat":[81,501,83],"product_tag":[],"class_list":{"0":"post-2978","1":"product","2":"type-product","3":"status-publish","4":"has-post-thumbnail","6":"product_cat-individual-motorized-instruments","7":"product_cat-pony-range","8":"product_cat-specific-handpieces","10":"first","11":"instock","12":"purchasable","13":"product-type-simple"},"acf":[],"yoast_head":"<!-- This site is optimized with the Yoast SEO plugin v27.4 - https:\/\/yoast.com\/product\/yoast-seo-wordpress\/ -->\n<title>Straight Short Handpiece (for pony) - Horse Dental Equipment<\/title>\n<meta name=\"description\" content=\"Specifically designed to treat\u00a0ponies\u00a0it has proven to be very useful on\u00a0new world camelids\u00a0as well. Its compact size and tiny head offer optimal access...\" \/>\n<meta name=\"robots\" content=\"index, follow, max-snippet:-1, max-image-preview:large, max-video-preview:-1\" \/>\n<link rel=\"canonical\" href=\"https:\/\/www.horse-dental-equipment.com\/fr\/produit\/fraise-courte-droite-poney\/\" \/>\n<meta property=\"og:locale\" content=\"fr_FR\" \/>\n<meta property=\"og:type\" content=\"article\" \/>\n<meta property=\"og:title\" content=\"Straight Short Handpiece (for pony) - Horse Dental Equipment\" \/>\n<meta property=\"og:description\" content=\"Specifically designed to treat\u00a0ponies\u00a0it has proven to be very useful on\u00a0new world camelids\u00a0as well. Its compact size and tiny head offer optimal access...\" \/>\n<meta property=\"og:url\" content=\"https:\/\/www.horse-dental-equipment.com\/fr\/produit\/fraise-courte-droite-poney\/\" \/>\n<meta property=\"og:site_name\" content=\"Horse Dental Equipment\" \/>\n<meta property=\"article:modified_time\" content=\"2026-04-01T13:45:25+00:00\" \/>\n<meta property=\"og:image\" content=\"https:\/\/www.horse-dental-equipment.com\/wp-content\/uploads\/2020\/07\/FRA_FP-1.png\" \/>\n\t<meta property=\"og:image:width\" content=\"800\" \/>\n\t<meta property=\"og:image:height\" content=\"619\" \/>\n\t<meta property=\"og:image:type\" content=\"image\/png\" \/>\n<meta name=\"twitter:card\" content=\"summary_large_image\" \/>\n<meta name=\"twitter:label1\" content=\"Dur\u00e9e de lecture estim\u00e9e\" \/>\n\t<meta name=\"twitter:data1\" content=\"1 minute\" \/>\n<script type=\"application\/ld+json\" class=\"yoast-schema-graph\">{\"@context\":\"https:\\\/\\\/schema.org\",\"@graph\":[{\"@type\":\"WebPage\",\"@id\":\"https:\\\/\\\/www.horse-dental-equipment.com\\\/product\\\/straight-short-handpiece-pony\\\/\",\"url\":\"https:\\\/\\\/www.horse-dental-equipment.com\\\/product\\\/straight-short-handpiece-pony\\\/\",\"name\":\"Straight Short Handpiece (for pony) - Horse Dental Equipment\",\"isPartOf\":{\"@id\":\"https:\\\/\\\/www.horse-dental-equipment.com\\\/#website\"},\"primaryImageOfPage\":{\"@id\":\"https:\\\/\\\/www.horse-dental-equipment.com\\\/product\\\/straight-short-handpiece-pony\\\/#primaryimage\"},\"image\":{\"@id\":\"https:\\\/\\\/www.horse-dental-equipment.com\\\/product\\\/straight-short-handpiece-pony\\\/#primaryimage\"},\"thumbnailUrl\":\"https:\\\/\\\/www.horse-dental-equipment.com\\\/wp-content\\\/uploads\\\/2020\\\/07\\\/FRA_FP-1.png\",\"datePublished\":\"2020-07-08T13:26:45+00:00\",\"dateModified\":\"2026-04-01T13:45:25+00:00\",\"description\":\"Specifically designed to treat\u00a0ponies\u00a0it has proven to be very useful on\u00a0new world camelids\u00a0as well. Its compact size and tiny head offer optimal access...\",\"breadcrumb\":{\"@id\":\"https:\\\/\\\/www.horse-dental-equipment.com\\\/product\\\/straight-short-handpiece-pony\\\/#breadcrumb\"},\"inLanguage\":\"fr-FR\",\"potentialAction\":[{\"@type\":\"ReadAction\",\"target\":[\"https:\\\/\\\/www.horse-dental-equipment.com\\\/product\\\/straight-short-handpiece-pony\\\/\"]}]},{\"@type\":\"ImageObject\",\"inLanguage\":\"fr-FR\",\"@id\":\"https:\\\/\\\/www.horse-dental-equipment.com\\\/product\\\/straight-short-handpiece-pony\\\/#primaryimage\",\"url\":\"https:\\\/\\\/www.horse-dental-equipment.com\\\/wp-content\\\/uploads\\\/2020\\\/07\\\/FRA_FP-1.png\",\"contentUrl\":\"https:\\\/\\\/www.horse-dental-equipment.com\\\/wp-content\\\/uploads\\\/2020\\\/07\\\/FRA_FP-1.png\",\"width\":800,\"height\":619,\"caption\":\"Straight Short Handpiece (for pony)\"},{\"@type\":\"BreadcrumbList\",\"@id\":\"https:\\\/\\\/www.horse-dental-equipment.com\\\/product\\\/straight-short-handpiece-pony\\\/#breadcrumb\",\"itemListElement\":[{\"@type\":\"ListItem\",\"position\":1,\"name\":\"Home\",\"item\":\"https:\\\/\\\/www.horse-dental-equipment.com\\\/\"},{\"@type\":\"ListItem\",\"position\":2,\"name\":\"Products\",\"item\":\"https:\\\/\\\/www.horse-dental-equipment.com\\\/fr\\\/produits\\\/\"},{\"@type\":\"ListItem\",\"position\":3,\"name\":\"Straight Short Handpiece (for pony)\"}]},{\"@type\":\"WebSite\",\"@id\":\"https:\\\/\\\/www.horse-dental-equipment.com\\\/#website\",\"url\":\"https:\\\/\\\/www.horse-dental-equipment.com\\\/\",\"name\":\"Horse Dental Equipment\",\"description\":\"Your partner to develop your equine dentistry business\",\"potentialAction\":[{\"@type\":\"SearchAction\",\"target\":{\"@type\":\"EntryPoint\",\"urlTemplate\":\"https:\\\/\\\/www.horse-dental-equipment.com\\\/?s={search_term_string}\"},\"query-input\":{\"@type\":\"PropertyValueSpecification\",\"valueRequired\":true,\"valueName\":\"search_term_string\"}}],\"inLanguage\":\"fr-FR\"}]}<\/script>\n<!-- \/ Yoast SEO plugin. -->","yoast_head_json":{"title":"Fraise Courte Droite (pour poney) - Horse Dental Equipment","description":"Cette fraise est con\u00e7ue pour le traitement des 11\u00e8mes des poneys et des cam\u00e9lid\u00e9s (lamas, alpagas, \u2026).\nSa t\u00eate compacte et fine assure un acc\u00e8s optimal dans les petites bouches.\nCet instrument ne peut pas \u00eatre vendu sans protection.","robots":{"index":"index","follow":"follow","max-snippet":"max-snippet:-1","max-image-preview":"max-image-preview:large","max-video-preview":"max-video-preview:-1"},"canonical":"https:\/\/www.horse-dental-equipment.com\/fr\/produit\/fraise-courte-droite-poney\/","og_locale":"fr_FR","og_type":"article","og_title":"Straight Short Handpiece (for pony) - Horse Dental Equipment","og_description":"Specifically designed to treat\u00a0ponies\u00a0it has proven to be very useful on\u00a0new world camelids\u00a0as well. Its compact size and tiny head offer optimal access...","og_url":"https:\/\/www.horse-dental-equipment.com\/fr\/produit\/fraise-courte-droite-poney\/","og_site_name":"Horse Dental Equipment","article_modified_time":"2026-04-01T13:45:25+00:00","og_image":[{"width":800,"height":619,"url":"https:\/\/www.horse-dental-equipment.com\/wp-content\/uploads\/2020\/07\/FRA_FP-1.png","type":"image\/png"}],"twitter_card":"summary_large_image","twitter_misc":{"Dur\u00e9e de lecture estim\u00e9e":"1 minute"},"schema":{"@context":"https:\/\/schema.org","@graph":[{"@type":"WebPage","@id":"https:\/\/www.horse-dental-equipment.com\/product\/straight-short-handpiece-pony\/","url":"https:\/\/www.horse-dental-equipment.com\/product\/straight-short-handpiece-pony\/","name":"Fraise Courte Droite (pour poney) - Horse Dental Equipment","isPartOf":{"@id":"https:\/\/www.horse-dental-equipment.com\/#website"},"primaryImageOfPage":{"@id":"https:\/\/www.horse-dental-equipment.com\/product\/straight-short-handpiece-pony\/#primaryimage"},"image":{"@id":"https:\/\/www.horse-dental-equipment.com\/product\/straight-short-handpiece-pony\/#primaryimage"},"thumbnailUrl":"https:\/\/www.horse-dental-equipment.com\/wp-content\/uploads\/2020\/07\/FRA_FP-1.png","datePublished":"2020-07-08T13:26:45+00:00","dateModified":"2026-04-01T13:45:25+00:00","description":"Cette fraise est con\u00e7ue pour le traitement des 11\u00e8mes des poneys et des cam\u00e9lid\u00e9s (lamas, alpagas, \u2026).\nSa t\u00eate compacte et fine assure un acc\u00e8s optimal dans les petites bouches.\nCet instrument ne peut pas \u00eatre vendu sans protection.","breadcrumb":{"@id":"https:\/\/www.horse-dental-equipment.com\/product\/straight-short-handpiece-pony\/#breadcrumb"},"inLanguage":"fr-FR","potentialAction":[{"@type":"ReadAction","target":["https:\/\/www.horse-dental-equipment.com\/product\/straight-short-handpiece-pony\/"]}]},{"@type":"ImageObject","inLanguage":"fr-FR","@id":"https:\/\/www.horse-dental-equipment.com\/product\/straight-short-handpiece-pony\/#primaryimage","url":"https:\/\/www.horse-dental-equipment.com\/wp-content\/uploads\/2020\/07\/FRA_FP-1.png","contentUrl":"https:\/\/www.horse-dental-equipment.com\/wp-content\/uploads\/2020\/07\/FRA_FP-1.png","width":800,"height":619,"caption":"Straight Short Handpiece (for pony)"},{"@type":"BreadcrumbList","@id":"https:\/\/www.horse-dental-equipment.com\/product\/straight-short-handpiece-pony\/#breadcrumb","itemListElement":[{"@type":"ListItem","position":1,"name":"Home","item":"https:\/\/www.horse-dental-equipment.com\/"},{"@type":"ListItem","position":2,"name":"Products","item":"https:\/\/www.horse-dental-equipment.com\/fr\/produits\/"},{"@type":"ListItem","position":3,"name":"Straight Short Handpiece (for pony)"}]},{"@type":"WebSite","@id":"https:\/\/www.horse-dental-equipment.com\/#website","url":"https:\/\/www.horse-dental-equipment.com\/","name":"Horse Dental Equipment","description":"Your partner to develop your equine dentistry business","potentialAction":[{"@type":"SearchAction","target":{"@type":"EntryPoint","urlTemplate":"https:\/\/www.horse-dental-equipment.com\/?s={search_term_string}"},"query-input":{"@type":"PropertyValueSpecification","valueRequired":true,"valueName":"search_term_string"}}],"inLanguage":"fr-FR"}]}},"_links":{"self":[{"href":"https:\/\/www.horse-dental-equipment.com\/fr\/wp-json\/wp\/v2\/product\/2978","targetHints":{"allow":["GET"]}}],"collection":[{"href":"https:\/\/www.horse-dental-equipment.com\/fr\/wp-json\/wp\/v2\/product"}],"about":[{"href":"https:\/\/www.horse-dental-equipment.com\/fr\/wp-json\/wp\/v2\/types\/product"}],"replies":[{"embeddable":true,"href":"https:\/\/www.horse-dental-equipment.com\/fr\/wp-json\/wp\/v2\/comments?post=2978"}],"wp:featuredmedia":[{"embeddable":true,"href":"https:\/\/www.horse-dental-equipment.com\/fr\/wp-json\/wp\/v2\/media\/7202"}],"wp:attachment":[{"href":"https:\/\/www.horse-dental-equipment.com\/fr\/wp-json\/wp\/v2\/media?parent=2978"}],"wp:term":[{"taxonomy":"product_brand","embeddable":true,"href":"https:\/\/www.horse-dental-equipment.com\/fr\/wp-json\/wp\/v2\/product_brand?post=2978"},{"taxonomy":"product_cat","embeddable":true,"href":"https:\/\/www.horse-dental-equipment.com\/fr\/wp-json\/wp\/v2\/product_cat?post=2978"},{"taxonomy":"product_tag","embeddable":true,"href":"https:\/\/www.horse-dental-equipment.com\/fr\/wp-json\/wp\/v2\/product_tag?post=2978"}],"curies":[{"name":"wp","href":"https:\/\/api.w.org\/{rel}","templated":true}]}}