{"id":2961,"date":"2020-07-08T15:26:42","date_gmt":"2020-07-08T13:26:42","guid":{"rendered":"http:\/\/www.horse-dental-equipment.com\/produit\/polyfloat-cylindrical-burr-short-model\/"},"modified":"2026-05-05T16:09:30","modified_gmt":"2026-05-05T14:09:30","slug":"classic-fraise-diasteme-courte","status":"publish","type":"product","link":"https:\/\/www.horse-dental-equipment.com\/fr\/produit\/classic-fraise-diasteme-courte\/","title":{"rendered":"CLASSIC - Fraise Diast\u00e8me Courte"},"content":{"rendered":"<p>Permet un travail \u00e0 la fois lingual ou vestibulaire.<br \/>\nDisponible en version longue et courte.<br \/>\nHDE propose 3 fraises Classic de tailles et de formes diff\u00e9rentes, d\u00e9velopp\u00e9es sp\u00e9cialement pour le traitement des diast\u00e8mes.<br \/>\nLe diamant minimise les dommages aux muqueuses.<\/p>\n<p>Cette fraise est compatible uniquement avec les fraises Polyfloat CLASSIC.<\/p>\n<p>Disponible jusqu'\u00e0 \u00e9puisement des stocks.<\/p>\n<p><strong><a href=\"https:\/\/helium-connect.fr\/player\/54c6710f8d12a6546600000a\/fid\/69f9f44e2338037d0c6c654a\">Remplissez le formulaire<\/a><\/strong> pour demander votre devis et nous faire savoir quel(s) produit(s) dans la cat\u00e9gorie <strong>d\u00e9stockage<\/strong> vous int\u00e9resse.<\/p>","protected":false},"excerpt":{"rendered":"<p>Allows for both lingual or vestibulary work. Available in long or short model. HDE offers 3 Classic burrs of different sizes and shapes for diastema treatment. Diamond minimizes soft tissues damage. This burr is compatible only with CLASSIC Polyfloat handpieces. Available while stocks last. Fill in the form to request a quote and let us [&hellip;]<\/p>\n","protected":false},"featured_media":4527,"comment_status":"closed","ping_status":"closed","template":"","meta":{"_acf_changed":false},"product_brand":[],"product_cat":[463,81,82],"product_tag":[],"class_list":{"0":"post-2961","1":"product","2":"type-product","3":"status-publish","4":"has-post-thumbnail","6":"product_cat-destocking","7":"product_cat-individual-motorized-instruments","8":"product_cat-polyfloat-polyfloat-burrs","10":"first","11":"instock","12":"purchasable","13":"product-type-simple"},"acf":[],"yoast_head":"<!-- This site is optimized with the Yoast SEO plugin v27.6 - https:\/\/yoast.com\/product\/yoast-seo-wordpress\/ -->\n<title>CLASSIC - Diastema Burr Short - Horse Dental Equipment<\/title>\n<meta name=\"description\" content=\"Allows for both lingual or vestibulary work. Available in long or short model. HDE offers 3 Classic burrs of different sizes and shapes for diastema...\" \/>\n<meta name=\"robots\" content=\"index, follow, max-snippet:-1, max-image-preview:large, max-video-preview:-1\" \/>\n<link rel=\"canonical\" href=\"https:\/\/www.horse-dental-equipment.com\/fr\/produit\/classic-fraise-diasteme-courte\/\" \/>\n<meta property=\"og:locale\" content=\"fr_FR\" \/>\n<meta property=\"og:type\" content=\"article\" \/>\n<meta property=\"og:title\" content=\"CLASSIC - Diastema Burr Short - Horse Dental Equipment\" \/>\n<meta property=\"og:description\" content=\"Allows for both lingual or vestibulary work. Available in long or short model. HDE offers 3 Classic burrs of different sizes and shapes for diastema...\" \/>\n<meta property=\"og:url\" content=\"https:\/\/www.horse-dental-equipment.com\/fr\/produit\/classic-fraise-diasteme-courte\/\" \/>\n<meta property=\"og:site_name\" content=\"Horse Dental Equipment\" \/>\n<meta property=\"article:modified_time\" content=\"2026-05-05T14:09:30+00:00\" \/>\n<meta property=\"og:image\" content=\"https:\/\/www.horse-dental-equipment.com\/wp-content\/uploads\/2020\/07\/FRA_CYCV2.png\" \/>\n\t<meta property=\"og:image:width\" content=\"800\" \/>\n\t<meta property=\"og:image:height\" content=\"619\" \/>\n\t<meta property=\"og:image:type\" content=\"image\/png\" \/>\n<meta name=\"twitter:card\" content=\"summary_large_image\" \/>\n<meta name=\"twitter:label1\" content=\"Dur\u00e9e de lecture estim\u00e9e\" \/>\n\t<meta name=\"twitter:data1\" content=\"1 minute\" \/>\n<script type=\"application\/ld+json\" class=\"yoast-schema-graph\">{\"@context\":\"https:\\\/\\\/schema.org\",\"@graph\":[{\"@type\":\"WebPage\",\"@id\":\"https:\\\/\\\/www.horse-dental-equipment.com\\\/product\\\/classic-diastema-burr-short\\\/\",\"url\":\"https:\\\/\\\/www.horse-dental-equipment.com\\\/product\\\/classic-diastema-burr-short\\\/\",\"name\":\"CLASSIC - Diastema Burr Short - Horse Dental Equipment\",\"isPartOf\":{\"@id\":\"https:\\\/\\\/www.horse-dental-equipment.com\\\/#website\"},\"primaryImageOfPage\":{\"@id\":\"https:\\\/\\\/www.horse-dental-equipment.com\\\/product\\\/classic-diastema-burr-short\\\/#primaryimage\"},\"image\":{\"@id\":\"https:\\\/\\\/www.horse-dental-equipment.com\\\/product\\\/classic-diastema-burr-short\\\/#primaryimage\"},\"thumbnailUrl\":\"https:\\\/\\\/www.horse-dental-equipment.com\\\/wp-content\\\/uploads\\\/2020\\\/07\\\/FRA_CYCV2.png\",\"datePublished\":\"2020-07-08T13:26:42+00:00\",\"dateModified\":\"2026-05-05T14:09:30+00:00\",\"description\":\"Allows for both lingual or vestibulary work. Available in long or short model. HDE offers 3 Classic burrs of different sizes and shapes for diastema...\",\"breadcrumb\":{\"@id\":\"https:\\\/\\\/www.horse-dental-equipment.com\\\/product\\\/classic-diastema-burr-short\\\/#breadcrumb\"},\"inLanguage\":\"fr-FR\",\"potentialAction\":[{\"@type\":\"ReadAction\",\"target\":[\"https:\\\/\\\/www.horse-dental-equipment.com\\\/product\\\/classic-diastema-burr-short\\\/\"]}]},{\"@type\":\"ImageObject\",\"inLanguage\":\"fr-FR\",\"@id\":\"https:\\\/\\\/www.horse-dental-equipment.com\\\/product\\\/classic-diastema-burr-short\\\/#primaryimage\",\"url\":\"https:\\\/\\\/www.horse-dental-equipment.com\\\/wp-content\\\/uploads\\\/2020\\\/07\\\/FRA_CYCV2.png\",\"contentUrl\":\"https:\\\/\\\/www.horse-dental-equipment.com\\\/wp-content\\\/uploads\\\/2020\\\/07\\\/FRA_CYCV2.png\",\"width\":800,\"height\":619,\"caption\":\"CLASSIC - Diastema Burr Short\"},{\"@type\":\"BreadcrumbList\",\"@id\":\"https:\\\/\\\/www.horse-dental-equipment.com\\\/product\\\/classic-diastema-burr-short\\\/#breadcrumb\",\"itemListElement\":[{\"@type\":\"ListItem\",\"position\":1,\"name\":\"Home\",\"item\":\"https:\\\/\\\/www.horse-dental-equipment.com\\\/\"},{\"@type\":\"ListItem\",\"position\":2,\"name\":\"Products\",\"item\":\"https:\\\/\\\/www.horse-dental-equipment.com\\\/fr\\\/produits\\\/\"},{\"@type\":\"ListItem\",\"position\":3,\"name\":\"CLASSIC &#8211; Diastema Burr Short\"}]},{\"@type\":\"WebSite\",\"@id\":\"https:\\\/\\\/www.horse-dental-equipment.com\\\/#website\",\"url\":\"https:\\\/\\\/www.horse-dental-equipment.com\\\/\",\"name\":\"Horse Dental Equipment\",\"description\":\"Your partner to develop your equine dentistry business\",\"potentialAction\":[{\"@type\":\"SearchAction\",\"target\":{\"@type\":\"EntryPoint\",\"urlTemplate\":\"https:\\\/\\\/www.horse-dental-equipment.com\\\/?s={search_term_string}\"},\"query-input\":{\"@type\":\"PropertyValueSpecification\",\"valueRequired\":true,\"valueName\":\"search_term_string\"}}],\"inLanguage\":\"fr-FR\"}]}<\/script>\n<!-- \/ Yoast SEO plugin. -->","yoast_head_json":{"title":"CLASSIC - Fraise Diast\u00e8me Courte - Horse Dental Equipment","description":"Permet un travail \u00e0 la fois lingual ou vestibulaire.\nDisponible en version longue et courte.\nHDE propose 3 fraises Classic de tailles et de formes diff\u00e9rentes, d\u00e9velopp\u00e9es sp\u00e9cialement pour le traitement des diast\u00e8mes.","robots":{"index":"index","follow":"follow","max-snippet":"max-snippet:-1","max-image-preview":"max-image-preview:large","max-video-preview":"max-video-preview:-1"},"canonical":"https:\/\/www.horse-dental-equipment.com\/fr\/produit\/classic-fraise-diasteme-courte\/","og_locale":"fr_FR","og_type":"article","og_title":"CLASSIC - Diastema Burr Short - Horse Dental Equipment","og_description":"Allows for both lingual or vestibulary work. Available in long or short model. HDE offers 3 Classic burrs of different sizes and shapes for diastema...","og_url":"https:\/\/www.horse-dental-equipment.com\/fr\/produit\/classic-fraise-diasteme-courte\/","og_site_name":"Horse Dental Equipment","article_modified_time":"2026-05-05T14:09:30+00:00","og_image":[{"width":800,"height":619,"url":"https:\/\/www.horse-dental-equipment.com\/wp-content\/uploads\/2020\/07\/FRA_CYCV2.png","type":"image\/png"}],"twitter_card":"summary_large_image","twitter_misc":{"Dur\u00e9e de lecture estim\u00e9e":"1 minute"},"schema":{"@context":"https:\/\/schema.org","@graph":[{"@type":"WebPage","@id":"https:\/\/www.horse-dental-equipment.com\/product\/classic-diastema-burr-short\/","url":"https:\/\/www.horse-dental-equipment.com\/product\/classic-diastema-burr-short\/","name":"CLASSIC - Fraise Diast\u00e8me Courte - Horse Dental Equipment","isPartOf":{"@id":"https:\/\/www.horse-dental-equipment.com\/#website"},"primaryImageOfPage":{"@id":"https:\/\/www.horse-dental-equipment.com\/product\/classic-diastema-burr-short\/#primaryimage"},"image":{"@id":"https:\/\/www.horse-dental-equipment.com\/product\/classic-diastema-burr-short\/#primaryimage"},"thumbnailUrl":"https:\/\/www.horse-dental-equipment.com\/wp-content\/uploads\/2020\/07\/FRA_CYCV2.png","datePublished":"2020-07-08T13:26:42+00:00","dateModified":"2026-05-05T14:09:30+00:00","description":"Permet un travail \u00e0 la fois lingual ou vestibulaire.\nDisponible en version longue et courte.\nHDE propose 3 fraises Classic de tailles et de formes diff\u00e9rentes, d\u00e9velopp\u00e9es sp\u00e9cialement pour le traitement des diast\u00e8mes.","breadcrumb":{"@id":"https:\/\/www.horse-dental-equipment.com\/product\/classic-diastema-burr-short\/#breadcrumb"},"inLanguage":"fr-FR","potentialAction":[{"@type":"ReadAction","target":["https:\/\/www.horse-dental-equipment.com\/product\/classic-diastema-burr-short\/"]}]},{"@type":"ImageObject","inLanguage":"fr-FR","@id":"https:\/\/www.horse-dental-equipment.com\/product\/classic-diastema-burr-short\/#primaryimage","url":"https:\/\/www.horse-dental-equipment.com\/wp-content\/uploads\/2020\/07\/FRA_CYCV2.png","contentUrl":"https:\/\/www.horse-dental-equipment.com\/wp-content\/uploads\/2020\/07\/FRA_CYCV2.png","width":800,"height":619,"caption":"CLASSIC - Diastema Burr Short"},{"@type":"BreadcrumbList","@id":"https:\/\/www.horse-dental-equipment.com\/product\/classic-diastema-burr-short\/#breadcrumb","itemListElement":[{"@type":"ListItem","position":1,"name":"Home","item":"https:\/\/www.horse-dental-equipment.com\/"},{"@type":"ListItem","position":2,"name":"Products","item":"https:\/\/www.horse-dental-equipment.com\/fr\/produits\/"},{"@type":"ListItem","position":3,"name":"CLASSIC &#8211; Diastema Burr Short"}]},{"@type":"WebSite","@id":"https:\/\/www.horse-dental-equipment.com\/#website","url":"https:\/\/www.horse-dental-equipment.com\/","name":"Horse Dental Equipment","description":"Your partner to develop your equine dentistry business","potentialAction":[{"@type":"SearchAction","target":{"@type":"EntryPoint","urlTemplate":"https:\/\/www.horse-dental-equipment.com\/?s={search_term_string}"},"query-input":{"@type":"PropertyValueSpecification","valueRequired":true,"valueName":"search_term_string"}}],"inLanguage":"fr-FR"}]}},"_links":{"self":[{"href":"https:\/\/www.horse-dental-equipment.com\/fr\/wp-json\/wp\/v2\/product\/2961","targetHints":{"allow":["GET"]}}],"collection":[{"href":"https:\/\/www.horse-dental-equipment.com\/fr\/wp-json\/wp\/v2\/product"}],"about":[{"href":"https:\/\/www.horse-dental-equipment.com\/fr\/wp-json\/wp\/v2\/types\/product"}],"replies":[{"embeddable":true,"href":"https:\/\/www.horse-dental-equipment.com\/fr\/wp-json\/wp\/v2\/comments?post=2961"}],"wp:featuredmedia":[{"embeddable":true,"href":"https:\/\/www.horse-dental-equipment.com\/fr\/wp-json\/wp\/v2\/media\/4527"}],"wp:attachment":[{"href":"https:\/\/www.horse-dental-equipment.com\/fr\/wp-json\/wp\/v2\/media?parent=2961"}],"wp:term":[{"taxonomy":"product_brand","embeddable":true,"href":"https:\/\/www.horse-dental-equipment.com\/fr\/wp-json\/wp\/v2\/product_brand?post=2961"},{"taxonomy":"product_cat","embeddable":true,"href":"https:\/\/www.horse-dental-equipment.com\/fr\/wp-json\/wp\/v2\/product_cat?post=2961"},{"taxonomy":"product_tag","embeddable":true,"href":"https:\/\/www.horse-dental-equipment.com\/fr\/wp-json\/wp\/v2\/product_tag?post=2961"}],"curies":[{"name":"wp","href":"https:\/\/api.w.org\/{rel}","templated":true}]}}