{"id":2956,"date":"2020-07-08T15:26:42","date_gmt":"2020-07-08T13:26:42","guid":{"rendered":"http:\/\/www.horse-dental-equipment.com\/produit\/polyfloat-conical-burr-long-model\/"},"modified":"2026-04-01T15:43:38","modified_gmt":"2026-04-01T13:43:38","slug":"classic-fraise-conique-longue","status":"publish","type":"product","link":"https:\/\/www.horse-dental-equipment.com\/fr\/produit\/classic-fraise-conique-longue\/","title":{"rendered":"CLASSIC - Fraise Conique Longue"},"content":{"rendered":"<p>HDE propose 2 fraises Classic de tailles et de formes diff\u00e9rentes, d\u00e9velopp\u00e9es sp\u00e9cialement pour le traitement des caries.<br \/>\nChoisissez parmi la fraise Polyfloat Classic conique longue (15 mm) et conique courte (9 mm).<br \/>\nLe diamant minimise les dommages aux muqueuses.<\/p>\n<p>Cette fraise est compatible uniquement avec les fraises Polyfloat CLASSIC.<\/p>","protected":false},"excerpt":{"rendered":"<p>HDE offers 2 Classic burrs of different sizes and shapes, specifically developed for decay treatments. Choose from either Classic Polyfloat conical long (15 mm) or short (9 mm). Diamond minimizes soft tissues damage. This burr is compatible only with CLASSIC Polyfloat handpieces.<\/p>","protected":false},"featured_media":4524,"comment_status":"closed","ping_status":"closed","template":"","meta":{"_acf_changed":false},"product_brand":[],"product_cat":[81,82],"product_tag":[],"class_list":{"0":"post-2956","1":"product","2":"type-product","3":"status-publish","4":"has-post-thumbnail","6":"product_cat-individual-motorized-instruments","7":"product_cat-polyfloat-polyfloat-burrs","9":"first","10":"instock","11":"purchasable","12":"product-type-simple"},"acf":[],"yoast_head":"<!-- This site is optimized with the Yoast SEO plugin v27.4 - https:\/\/yoast.com\/product\/yoast-seo-wordpress\/ -->\n<title>CLASSIC - Conical Burr Long - Horse Dental Equipment<\/title>\n<meta name=\"description\" content=\"HDE offers 2 Classic burrs of different sizes and shapes, specifically developed for decay treatments. Choose from either Classic Polyfloat conical long...\" \/>\n<meta name=\"robots\" content=\"index, follow, max-snippet:-1, max-image-preview:large, max-video-preview:-1\" \/>\n<link rel=\"canonical\" href=\"https:\/\/www.horse-dental-equipment.com\/fr\/produit\/classic-fraise-conique-longue\/\" \/>\n<meta property=\"og:locale\" content=\"fr_FR\" \/>\n<meta property=\"og:type\" content=\"article\" \/>\n<meta property=\"og:title\" content=\"CLASSIC - Conical Burr Long - Horse Dental Equipment\" \/>\n<meta property=\"og:description\" content=\"HDE offers 2 Classic burrs of different sizes and shapes, specifically developed for decay treatments. Choose from either Classic Polyfloat conical long...\" \/>\n<meta property=\"og:url\" content=\"https:\/\/www.horse-dental-equipment.com\/fr\/produit\/classic-fraise-conique-longue\/\" \/>\n<meta property=\"og:site_name\" content=\"Horse Dental Equipment\" \/>\n<meta property=\"article:modified_time\" content=\"2026-04-01T13:43:38+00:00\" \/>\n<meta property=\"og:image\" content=\"https:\/\/www.horse-dental-equipment.com\/wp-content\/uploads\/2020\/07\/FRA_COLV2.png\" \/>\n\t<meta property=\"og:image:width\" content=\"800\" \/>\n\t<meta property=\"og:image:height\" content=\"619\" \/>\n\t<meta property=\"og:image:type\" content=\"image\/png\" \/>\n<meta name=\"twitter:card\" content=\"summary_large_image\" \/>\n<meta name=\"twitter:label1\" content=\"Dur\u00e9e de lecture estim\u00e9e\" \/>\n\t<meta name=\"twitter:data1\" content=\"1 minute\" \/>\n<script type=\"application\/ld+json\" class=\"yoast-schema-graph\">{\"@context\":\"https:\\\/\\\/schema.org\",\"@graph\":[{\"@type\":\"WebPage\",\"@id\":\"https:\\\/\\\/www.horse-dental-equipment.com\\\/product\\\/classic-conical-burr-long\\\/\",\"url\":\"https:\\\/\\\/www.horse-dental-equipment.com\\\/product\\\/classic-conical-burr-long\\\/\",\"name\":\"CLASSIC - Conical Burr Long - Horse Dental Equipment\",\"isPartOf\":{\"@id\":\"https:\\\/\\\/www.horse-dental-equipment.com\\\/#website\"},\"primaryImageOfPage\":{\"@id\":\"https:\\\/\\\/www.horse-dental-equipment.com\\\/product\\\/classic-conical-burr-long\\\/#primaryimage\"},\"image\":{\"@id\":\"https:\\\/\\\/www.horse-dental-equipment.com\\\/product\\\/classic-conical-burr-long\\\/#primaryimage\"},\"thumbnailUrl\":\"https:\\\/\\\/www.horse-dental-equipment.com\\\/wp-content\\\/uploads\\\/2020\\\/07\\\/FRA_COLV2.png\",\"datePublished\":\"2020-07-08T13:26:42+00:00\",\"dateModified\":\"2026-04-01T13:43:38+00:00\",\"description\":\"HDE offers 2 Classic burrs of different sizes and shapes, specifically developed for decay treatments. Choose from either Classic Polyfloat conical long...\",\"breadcrumb\":{\"@id\":\"https:\\\/\\\/www.horse-dental-equipment.com\\\/product\\\/classic-conical-burr-long\\\/#breadcrumb\"},\"inLanguage\":\"fr-FR\",\"potentialAction\":[{\"@type\":\"ReadAction\",\"target\":[\"https:\\\/\\\/www.horse-dental-equipment.com\\\/product\\\/classic-conical-burr-long\\\/\"]}]},{\"@type\":\"ImageObject\",\"inLanguage\":\"fr-FR\",\"@id\":\"https:\\\/\\\/www.horse-dental-equipment.com\\\/product\\\/classic-conical-burr-long\\\/#primaryimage\",\"url\":\"https:\\\/\\\/www.horse-dental-equipment.com\\\/wp-content\\\/uploads\\\/2020\\\/07\\\/FRA_COLV2.png\",\"contentUrl\":\"https:\\\/\\\/www.horse-dental-equipment.com\\\/wp-content\\\/uploads\\\/2020\\\/07\\\/FRA_COLV2.png\",\"width\":800,\"height\":619,\"caption\":\"CLASSIC - Conical Burr Long\"},{\"@type\":\"BreadcrumbList\",\"@id\":\"https:\\\/\\\/www.horse-dental-equipment.com\\\/product\\\/classic-conical-burr-long\\\/#breadcrumb\",\"itemListElement\":[{\"@type\":\"ListItem\",\"position\":1,\"name\":\"Home\",\"item\":\"https:\\\/\\\/www.horse-dental-equipment.com\\\/\"},{\"@type\":\"ListItem\",\"position\":2,\"name\":\"Products\",\"item\":\"https:\\\/\\\/www.horse-dental-equipment.com\\\/fr\\\/produits\\\/\"},{\"@type\":\"ListItem\",\"position\":3,\"name\":\"CLASSIC &#8211; Conical Burr Long\"}]},{\"@type\":\"WebSite\",\"@id\":\"https:\\\/\\\/www.horse-dental-equipment.com\\\/#website\",\"url\":\"https:\\\/\\\/www.horse-dental-equipment.com\\\/\",\"name\":\"Horse Dental Equipment\",\"description\":\"Your partner to develop your equine dentistry business\",\"potentialAction\":[{\"@type\":\"SearchAction\",\"target\":{\"@type\":\"EntryPoint\",\"urlTemplate\":\"https:\\\/\\\/www.horse-dental-equipment.com\\\/?s={search_term_string}\"},\"query-input\":{\"@type\":\"PropertyValueSpecification\",\"valueRequired\":true,\"valueName\":\"search_term_string\"}}],\"inLanguage\":\"fr-FR\"}]}<\/script>\n<!-- \/ Yoast SEO plugin. -->","yoast_head_json":{"title":"CLASSIC - Fraise Conique Longue - Horse Dental Equipment","description":"HDE propose 2 fraises Classic de tailles et de formes diff\u00e9rentes, d\u00e9velopp\u00e9es sp\u00e9cialement pour le traitement des caries.\nChoisissez parmi la fraise Polyfloat Classic conique longue (15 mm) et conique courte (9 mm).\nLe diamant minimise les dommages aux muqueuses.","robots":{"index":"index","follow":"follow","max-snippet":"max-snippet:-1","max-image-preview":"max-image-preview:large","max-video-preview":"max-video-preview:-1"},"canonical":"https:\/\/www.horse-dental-equipment.com\/fr\/produit\/classic-fraise-conique-longue\/","og_locale":"fr_FR","og_type":"article","og_title":"CLASSIC - Conical Burr Long - Horse Dental Equipment","og_description":"HDE offers 2 Classic burrs of different sizes and shapes, specifically developed for decay treatments. Choose from either Classic Polyfloat conical long...","og_url":"https:\/\/www.horse-dental-equipment.com\/fr\/produit\/classic-fraise-conique-longue\/","og_site_name":"Horse Dental Equipment","article_modified_time":"2026-04-01T13:43:38+00:00","og_image":[{"width":800,"height":619,"url":"https:\/\/www.horse-dental-equipment.com\/wp-content\/uploads\/2020\/07\/FRA_COLV2.png","type":"image\/png"}],"twitter_card":"summary_large_image","twitter_misc":{"Dur\u00e9e de lecture estim\u00e9e":"1 minute"},"schema":{"@context":"https:\/\/schema.org","@graph":[{"@type":"WebPage","@id":"https:\/\/www.horse-dental-equipment.com\/product\/classic-conical-burr-long\/","url":"https:\/\/www.horse-dental-equipment.com\/product\/classic-conical-burr-long\/","name":"CLASSIC - Fraise Conique Longue - Horse Dental Equipment","isPartOf":{"@id":"https:\/\/www.horse-dental-equipment.com\/#website"},"primaryImageOfPage":{"@id":"https:\/\/www.horse-dental-equipment.com\/product\/classic-conical-burr-long\/#primaryimage"},"image":{"@id":"https:\/\/www.horse-dental-equipment.com\/product\/classic-conical-burr-long\/#primaryimage"},"thumbnailUrl":"https:\/\/www.horse-dental-equipment.com\/wp-content\/uploads\/2020\/07\/FRA_COLV2.png","datePublished":"2020-07-08T13:26:42+00:00","dateModified":"2026-04-01T13:43:38+00:00","description":"HDE propose 2 fraises Classic de tailles et de formes diff\u00e9rentes, d\u00e9velopp\u00e9es sp\u00e9cialement pour le traitement des caries.\nChoisissez parmi la fraise Polyfloat Classic conique longue (15 mm) et conique courte (9 mm).\nLe diamant minimise les dommages aux muqueuses.","breadcrumb":{"@id":"https:\/\/www.horse-dental-equipment.com\/product\/classic-conical-burr-long\/#breadcrumb"},"inLanguage":"fr-FR","potentialAction":[{"@type":"ReadAction","target":["https:\/\/www.horse-dental-equipment.com\/product\/classic-conical-burr-long\/"]}]},{"@type":"ImageObject","inLanguage":"fr-FR","@id":"https:\/\/www.horse-dental-equipment.com\/product\/classic-conical-burr-long\/#primaryimage","url":"https:\/\/www.horse-dental-equipment.com\/wp-content\/uploads\/2020\/07\/FRA_COLV2.png","contentUrl":"https:\/\/www.horse-dental-equipment.com\/wp-content\/uploads\/2020\/07\/FRA_COLV2.png","width":800,"height":619,"caption":"CLASSIC - Conical Burr Long"},{"@type":"BreadcrumbList","@id":"https:\/\/www.horse-dental-equipment.com\/product\/classic-conical-burr-long\/#breadcrumb","itemListElement":[{"@type":"ListItem","position":1,"name":"Home","item":"https:\/\/www.horse-dental-equipment.com\/"},{"@type":"ListItem","position":2,"name":"Products","item":"https:\/\/www.horse-dental-equipment.com\/fr\/produits\/"},{"@type":"ListItem","position":3,"name":"CLASSIC &#8211; Conical Burr Long"}]},{"@type":"WebSite","@id":"https:\/\/www.horse-dental-equipment.com\/#website","url":"https:\/\/www.horse-dental-equipment.com\/","name":"Horse Dental Equipment","description":"Your partner to develop your equine dentistry business","potentialAction":[{"@type":"SearchAction","target":{"@type":"EntryPoint","urlTemplate":"https:\/\/www.horse-dental-equipment.com\/?s={search_term_string}"},"query-input":{"@type":"PropertyValueSpecification","valueRequired":true,"valueName":"search_term_string"}}],"inLanguage":"fr-FR"}]}},"_links":{"self":[{"href":"https:\/\/www.horse-dental-equipment.com\/fr\/wp-json\/wp\/v2\/product\/2956","targetHints":{"allow":["GET"]}}],"collection":[{"href":"https:\/\/www.horse-dental-equipment.com\/fr\/wp-json\/wp\/v2\/product"}],"about":[{"href":"https:\/\/www.horse-dental-equipment.com\/fr\/wp-json\/wp\/v2\/types\/product"}],"replies":[{"embeddable":true,"href":"https:\/\/www.horse-dental-equipment.com\/fr\/wp-json\/wp\/v2\/comments?post=2956"}],"wp:featuredmedia":[{"embeddable":true,"href":"https:\/\/www.horse-dental-equipment.com\/fr\/wp-json\/wp\/v2\/media\/4524"}],"wp:attachment":[{"href":"https:\/\/www.horse-dental-equipment.com\/fr\/wp-json\/wp\/v2\/media?parent=2956"}],"wp:term":[{"taxonomy":"product_brand","embeddable":true,"href":"https:\/\/www.horse-dental-equipment.com\/fr\/wp-json\/wp\/v2\/product_brand?post=2956"},{"taxonomy":"product_cat","embeddable":true,"href":"https:\/\/www.horse-dental-equipment.com\/fr\/wp-json\/wp\/v2\/product_cat?post=2956"},{"taxonomy":"product_tag","embeddable":true,"href":"https:\/\/www.horse-dental-equipment.com\/fr\/wp-json\/wp\/v2\/product_tag?post=2956"}],"curies":[{"name":"wp","href":"https:\/\/api.w.org\/{rel}","templated":true}]}}