{"id":11216,"date":"2025-10-26T17:52:50","date_gmt":"2025-10-26T16:52:50","guid":{"rendered":"https:\/\/www.horse-dental-equipment.com\/?post_type=product&#038;p=11216"},"modified":"2026-04-01T14:44:56","modified_gmt":"2026-04-01T12:44:56","slug":"livre-equine-dentistry-maxillofacial-surgery","status":"publish","type":"product","link":"https:\/\/www.horse-dental-equipment.com\/fr\/produit\/livre-equine-dentistry-maxillofacial-surgery\/","title":{"rendered":"Livre \"Equine Dentistry and Maxillofacial Surgery\""},"content":{"rendered":"<p>Il s'agit du livre de dentisterie \u00e9quine et de chirurgie maxillofaciale le plus complet et le plus volumineux jamais publi\u00e9, qui retrace les nombreuses avanc\u00e9es scientifiques majeures r\u00e9alis\u00e9es dans ce domaine au cours des 25 derni\u00e8res ann\u00e9es. Il d\u00e9crit \u00e9galement en d\u00e9tail les nombreux d\u00e9veloppements intervenus dans les techniques chirurgicales dentaires \u00e9quines courantes et avanc\u00e9es. Les 38 auteurs comprennent les sp\u00e9cialistes universitaires et cliniques les plus \u00e9minents au monde en dentisterie \u00e9quine, et la plupart d'entre eux sont dipl\u00f4m\u00e9s des coll\u00e8ges europ\u00e9ens ou am\u00e9ricains de dentisterie v\u00e9t\u00e9rinaire. Ce livre est une lecture indispensable pour tous les v\u00e9t\u00e9rinaires \u00e9quins pratiquant la dentisterie, en particulier ceux qui souhaitent se sp\u00e9cialiser dans la dentisterie \u00e9quine avanc\u00e9e, y compris la chirurgie maxillofaciale. Certaines parties de l'ouvrage int\u00e9resseront \u00e9galement les \u00e9tudiants en m\u00e9decine v\u00e9t\u00e9rinaire, les internes en m\u00e9decine \u00e9quine, les r\u00e9sidents en chirurgie \u00e9quine, ainsi que les anatomistes et pathologistes v\u00e9t\u00e9rinaires.<\/p>\n<p>Caract\u00e9ristiques :<\/p>\n<ul>\n<li>Edit\u00e9 par Dr. Jack Easley, Dr. Padraic Dixon &amp; Dr. Nicole du Toit<\/li>\n<li>Editeur : Cambridge Scholars Publishing<\/li>\n<li>Date de publication : 18 mars 2022<\/li>\n<li>Edition : 1\u00e8re<\/li>\n<li>Langue : Anglais<\/li>\n<li>Longueur : 760 pages<\/li>\n<li>Poids : 2,02 kg<\/li>\n<li>Dimensions : 30 x 4,2 x 21 cm<\/li>\n<\/ul>","protected":false},"excerpt":{"rendered":"<p>This is the largest and most comprehensive textbook on equine dentistry and maxillofacial surgery ever published, and includes the many major scientific advances made in this area over the last 25 years. It also describes in great detail numerous developments in standard and advanced equine dental surgical techniques. The 38 authors include the most prominent [&hellip;]<\/p>\n","protected":false},"featured_media":11217,"comment_status":"closed","ping_status":"closed","template":"","meta":{"_acf_changed":false},"product_brand":[],"product_cat":[225,186,93],"product_tag":[],"class_list":{"0":"post-11216","1":"product","2":"type-product","3":"status-publish","4":"has-post-thumbnail","6":"product_cat-accessories","7":"product_cat-new-products","8":"product_cat-other-accessories","10":"first","11":"instock","12":"shipping-taxable","13":"purchasable","14":"product-type-simple"},"acf":[],"yoast_head":"<!-- This site is optimized with the Yoast SEO plugin v27.3 - https:\/\/yoast.com\/product\/yoast-seo-wordpress\/ -->\n<title>&quot;Equine Dentistry and Maxillofacial Surgery&quot; Textbook - Horse Dental Equipment<\/title>\n<meta name=\"robots\" content=\"index, follow, max-snippet:-1, max-image-preview:large, max-video-preview:-1\" \/>\n<link rel=\"canonical\" href=\"https:\/\/www.horse-dental-equipment.com\/fr\/produit\/livre-equine-dentistry-maxillofacial-surgery\/\" \/>\n<meta property=\"og:locale\" content=\"fr_FR\" \/>\n<meta property=\"og:type\" content=\"article\" \/>\n<meta property=\"og:title\" content=\"&quot;Equine Dentistry and Maxillofacial Surgery&quot; Textbook - Horse Dental Equipment\" \/>\n<meta property=\"og:description\" content=\"This is the largest and most comprehensive textbook on equine dentistry and maxillofacial surgery ever published, and includes the many major scientific advances made in this area over the last 25 years. It also describes in great detail numerous developments in standard and advanced equine dental surgical techniques. The 38 authors include the most prominent [&hellip;]\" \/>\n<meta property=\"og:url\" content=\"https:\/\/www.horse-dental-equipment.com\/fr\/produit\/livre-equine-dentistry-maxillofacial-surgery\/\" \/>\n<meta property=\"og:site_name\" content=\"Horse Dental Equipment\" \/>\n<meta property=\"article:modified_time\" content=\"2026-04-01T12:44:56+00:00\" \/>\n<meta property=\"og:image\" content=\"https:\/\/www.horse-dental-equipment.com\/wp-content\/uploads\/2025\/10\/ACC_LDE2.jpg\" \/>\n\t<meta property=\"og:image:width\" content=\"800\" \/>\n\t<meta property=\"og:image:height\" content=\"619\" \/>\n\t<meta property=\"og:image:type\" content=\"image\/jpeg\" \/>\n<meta name=\"twitter:card\" content=\"summary_large_image\" \/>\n<meta name=\"twitter:label1\" content=\"Dur\u00e9e de lecture estim\u00e9e\" \/>\n\t<meta name=\"twitter:data1\" content=\"1 minute\" \/>\n<script type=\"application\/ld+json\" class=\"yoast-schema-graph\">{\"@context\":\"https:\\\/\\\/schema.org\",\"@graph\":[{\"@type\":\"WebPage\",\"@id\":\"https:\\\/\\\/www.horse-dental-equipment.com\\\/product\\\/equine-dentistry-maxillofacial-surgery-textbook\\\/\",\"url\":\"https:\\\/\\\/www.horse-dental-equipment.com\\\/product\\\/equine-dentistry-maxillofacial-surgery-textbook\\\/\",\"name\":\"\\\"Equine Dentistry and Maxillofacial Surgery\\\" Textbook - Horse Dental Equipment\",\"isPartOf\":{\"@id\":\"https:\\\/\\\/www.horse-dental-equipment.com\\\/#website\"},\"primaryImageOfPage\":{\"@id\":\"https:\\\/\\\/www.horse-dental-equipment.com\\\/product\\\/equine-dentistry-maxillofacial-surgery-textbook\\\/#primaryimage\"},\"image\":{\"@id\":\"https:\\\/\\\/www.horse-dental-equipment.com\\\/product\\\/equine-dentistry-maxillofacial-surgery-textbook\\\/#primaryimage\"},\"thumbnailUrl\":\"https:\\\/\\\/www.horse-dental-equipment.com\\\/wp-content\\\/uploads\\\/2025\\\/10\\\/ACC_LDE2.jpg\",\"datePublished\":\"2025-10-26T16:52:50+00:00\",\"dateModified\":\"2026-04-01T12:44:56+00:00\",\"breadcrumb\":{\"@id\":\"https:\\\/\\\/www.horse-dental-equipment.com\\\/product\\\/equine-dentistry-maxillofacial-surgery-textbook\\\/#breadcrumb\"},\"inLanguage\":\"fr-FR\",\"potentialAction\":[{\"@type\":\"ReadAction\",\"target\":[\"https:\\\/\\\/www.horse-dental-equipment.com\\\/product\\\/equine-dentistry-maxillofacial-surgery-textbook\\\/\"]}]},{\"@type\":\"ImageObject\",\"inLanguage\":\"fr-FR\",\"@id\":\"https:\\\/\\\/www.horse-dental-equipment.com\\\/product\\\/equine-dentistry-maxillofacial-surgery-textbook\\\/#primaryimage\",\"url\":\"https:\\\/\\\/www.horse-dental-equipment.com\\\/wp-content\\\/uploads\\\/2025\\\/10\\\/ACC_LDE2.jpg\",\"contentUrl\":\"https:\\\/\\\/www.horse-dental-equipment.com\\\/wp-content\\\/uploads\\\/2025\\\/10\\\/ACC_LDE2.jpg\",\"width\":800,\"height\":619,\"caption\":\"\\\"Equine Dentistry and Maxillofacial Surgery\\\" Textbook\"},{\"@type\":\"BreadcrumbList\",\"@id\":\"https:\\\/\\\/www.horse-dental-equipment.com\\\/product\\\/equine-dentistry-maxillofacial-surgery-textbook\\\/#breadcrumb\",\"itemListElement\":[{\"@type\":\"ListItem\",\"position\":1,\"name\":\"Home\",\"item\":\"https:\\\/\\\/www.horse-dental-equipment.com\\\/\"},{\"@type\":\"ListItem\",\"position\":2,\"name\":\"Products\",\"item\":\"https:\\\/\\\/www.horse-dental-equipment.com\\\/fr\\\/produits\\\/\"},{\"@type\":\"ListItem\",\"position\":3,\"name\":\"&#8220;Equine Dentistry and Maxillofacial Surgery&#8221; Textbook\"}]},{\"@type\":\"WebSite\",\"@id\":\"https:\\\/\\\/www.horse-dental-equipment.com\\\/#website\",\"url\":\"https:\\\/\\\/www.horse-dental-equipment.com\\\/\",\"name\":\"Horse Dental Equipment\",\"description\":\"Your partner to develop your equine dentistry business\",\"potentialAction\":[{\"@type\":\"SearchAction\",\"target\":{\"@type\":\"EntryPoint\",\"urlTemplate\":\"https:\\\/\\\/www.horse-dental-equipment.com\\\/?s={search_term_string}\"},\"query-input\":{\"@type\":\"PropertyValueSpecification\",\"valueRequired\":true,\"valueName\":\"search_term_string\"}}],\"inLanguage\":\"fr-FR\"}]}<\/script>\n<!-- \/ Yoast SEO plugin. -->","yoast_head_json":{"title":"Livre \"Equine Dentistry and Maxillofacial Surgery\" - Horse Dental Equipment","robots":{"index":"index","follow":"follow","max-snippet":"max-snippet:-1","max-image-preview":"max-image-preview:large","max-video-preview":"max-video-preview:-1"},"canonical":"https:\/\/www.horse-dental-equipment.com\/fr\/produit\/livre-equine-dentistry-maxillofacial-surgery\/","og_locale":"fr_FR","og_type":"article","og_title":"\"Equine Dentistry and Maxillofacial Surgery\" Textbook - Horse Dental Equipment","og_description":"This is the largest and most comprehensive textbook on equine dentistry and maxillofacial surgery ever published, and includes the many major scientific advances made in this area over the last 25 years. It also describes in great detail numerous developments in standard and advanced equine dental surgical techniques. The 38 authors include the most prominent [&hellip;]","og_url":"https:\/\/www.horse-dental-equipment.com\/fr\/produit\/livre-equine-dentistry-maxillofacial-surgery\/","og_site_name":"Horse Dental Equipment","article_modified_time":"2026-04-01T12:44:56+00:00","og_image":[{"width":800,"height":619,"url":"https:\/\/www.horse-dental-equipment.com\/wp-content\/uploads\/2025\/10\/ACC_LDE2.jpg","type":"image\/jpeg"}],"twitter_card":"summary_large_image","twitter_misc":{"Dur\u00e9e de lecture estim\u00e9e":"1 minute"},"schema":{"@context":"https:\/\/schema.org","@graph":[{"@type":"WebPage","@id":"https:\/\/www.horse-dental-equipment.com\/product\/equine-dentistry-maxillofacial-surgery-textbook\/","url":"https:\/\/www.horse-dental-equipment.com\/product\/equine-dentistry-maxillofacial-surgery-textbook\/","name":"Livre \"Equine Dentistry and Maxillofacial Surgery\" - Horse Dental Equipment","isPartOf":{"@id":"https:\/\/www.horse-dental-equipment.com\/#website"},"primaryImageOfPage":{"@id":"https:\/\/www.horse-dental-equipment.com\/product\/equine-dentistry-maxillofacial-surgery-textbook\/#primaryimage"},"image":{"@id":"https:\/\/www.horse-dental-equipment.com\/product\/equine-dentistry-maxillofacial-surgery-textbook\/#primaryimage"},"thumbnailUrl":"https:\/\/www.horse-dental-equipment.com\/wp-content\/uploads\/2025\/10\/ACC_LDE2.jpg","datePublished":"2025-10-26T16:52:50+00:00","dateModified":"2026-04-01T12:44:56+00:00","breadcrumb":{"@id":"https:\/\/www.horse-dental-equipment.com\/product\/equine-dentistry-maxillofacial-surgery-textbook\/#breadcrumb"},"inLanguage":"fr-FR","potentialAction":[{"@type":"ReadAction","target":["https:\/\/www.horse-dental-equipment.com\/product\/equine-dentistry-maxillofacial-surgery-textbook\/"]}]},{"@type":"ImageObject","inLanguage":"fr-FR","@id":"https:\/\/www.horse-dental-equipment.com\/product\/equine-dentistry-maxillofacial-surgery-textbook\/#primaryimage","url":"https:\/\/www.horse-dental-equipment.com\/wp-content\/uploads\/2025\/10\/ACC_LDE2.jpg","contentUrl":"https:\/\/www.horse-dental-equipment.com\/wp-content\/uploads\/2025\/10\/ACC_LDE2.jpg","width":800,"height":619,"caption":"\"Equine Dentistry and Maxillofacial Surgery\" Textbook"},{"@type":"BreadcrumbList","@id":"https:\/\/www.horse-dental-equipment.com\/product\/equine-dentistry-maxillofacial-surgery-textbook\/#breadcrumb","itemListElement":[{"@type":"ListItem","position":1,"name":"Home","item":"https:\/\/www.horse-dental-equipment.com\/"},{"@type":"ListItem","position":2,"name":"Products","item":"https:\/\/www.horse-dental-equipment.com\/fr\/produits\/"},{"@type":"ListItem","position":3,"name":"&#8220;Equine Dentistry and Maxillofacial Surgery&#8221; Textbook"}]},{"@type":"WebSite","@id":"https:\/\/www.horse-dental-equipment.com\/#website","url":"https:\/\/www.horse-dental-equipment.com\/","name":"Horse Dental Equipment","description":"Your partner to develop your equine dentistry business","potentialAction":[{"@type":"SearchAction","target":{"@type":"EntryPoint","urlTemplate":"https:\/\/www.horse-dental-equipment.com\/?s={search_term_string}"},"query-input":{"@type":"PropertyValueSpecification","valueRequired":true,"valueName":"search_term_string"}}],"inLanguage":"fr-FR"}]}},"_links":{"self":[{"href":"https:\/\/www.horse-dental-equipment.com\/fr\/wp-json\/wp\/v2\/product\/11216","targetHints":{"allow":["GET"]}}],"collection":[{"href":"https:\/\/www.horse-dental-equipment.com\/fr\/wp-json\/wp\/v2\/product"}],"about":[{"href":"https:\/\/www.horse-dental-equipment.com\/fr\/wp-json\/wp\/v2\/types\/product"}],"replies":[{"embeddable":true,"href":"https:\/\/www.horse-dental-equipment.com\/fr\/wp-json\/wp\/v2\/comments?post=11216"}],"wp:featuredmedia":[{"embeddable":true,"href":"https:\/\/www.horse-dental-equipment.com\/fr\/wp-json\/wp\/v2\/media\/11217"}],"wp:attachment":[{"href":"https:\/\/www.horse-dental-equipment.com\/fr\/wp-json\/wp\/v2\/media?parent=11216"}],"wp:term":[{"taxonomy":"product_brand","embeddable":true,"href":"https:\/\/www.horse-dental-equipment.com\/fr\/wp-json\/wp\/v2\/product_brand?post=11216"},{"taxonomy":"product_cat","embeddable":true,"href":"https:\/\/www.horse-dental-equipment.com\/fr\/wp-json\/wp\/v2\/product_cat?post=11216"},{"taxonomy":"product_tag","embeddable":true,"href":"https:\/\/www.horse-dental-equipment.com\/fr\/wp-json\/wp\/v2\/product_tag?post=11216"}],"curies":[{"name":"wp","href":"https:\/\/api.w.org\/{rel}","templated":true}]}}