{"id":11213,"date":"2025-10-26T17:35:09","date_gmt":"2025-10-26T16:35:09","guid":{"rendered":"https:\/\/www.horse-dental-equipment.com\/?post_type=product&#038;p=11213"},"modified":"2025-10-26T17:36:36","modified_gmt":"2025-10-26T16:36:36","slug":"licol-suspension-hde","status":"publish","type":"product","link":"https:\/\/www.horse-dental-equipment.com\/fr\/produit\/licol-suspension-hde\/","title":{"rendered":"Licol de Suspension HDE"},"content":{"rendered":"<p>Gr\u00e2ce \u00e0 sa housse souple en n\u00e9opr\u00e8ne, et \u00e0 sa mousse int\u00e9gr\u00e9e, le produit garanti un confort optimal du cheval durant le traitement. La courbure du produit s'adapte parfaitement \u00e0 la morphologie du cheval, multiples r\u00e9glages des sangles pour s'ajuster \u00e0 tout type de taille de cheval.<\/p>\n<p>Caract\u00e9ristiques :<\/p>\n<ul>\n<li>R\u00e9glage de la hauteur et de la tension de la corde tr\u00e8s facile, \u00e0 une main, gr\u00e2ce \u00e0 un syst\u00e8me de taquet<\/li>\n<li>Produit pr\u00eat \u00e0 suspendre \u00e0 une potence<\/li>\n<li>La mati\u00e8re utilis\u00e9e pour la housse est reconnue pour sa durabilit\u00e9<\/li>\n<li>Elle est renforc\u00e9e par une bande de biothane \"super heavy\"<\/li>\n<li>Fermeture de la housse par bandes velcros larges et ultras adh\u00e9sives<\/li>\n<li>Lani\u00e8res en biothane<\/li>\n<\/ul>","protected":false},"excerpt":{"rendered":"<p>Thanks to its flexible neoprene cover and integrated foam, the product guarantees optimal comfort for the horse during treatment. The curves of the product adapt perfectly to the horse&#8217;s morphology, with multiple strap adjustments to fit all types and sizes of horses. Characteristics: Very simple, one-handed adjustment of rope tension and height thanks to a [&hellip;]<\/p>\n","protected":false},"featured_media":11214,"comment_status":"closed","ping_status":"closed","template":"","meta":{"_acf_changed":false},"product_brand":[],"product_cat":[240,88,186],"product_tag":[],"class_list":{"0":"post-11213","1":"product","2":"type-product","3":"status-publish","4":"has-post-thumbnail","6":"product_cat-accessories-of-mouth-openers","7":"product_cat-mouth-openers-accessories","8":"product_cat-new-products","10":"first","11":"instock","12":"shipping-taxable","13":"purchasable","14":"product-type-simple"},"acf":[],"yoast_head":"<!-- This site is optimized with the Yoast SEO plugin v27.4 - https:\/\/yoast.com\/product\/yoast-seo-wordpress\/ -->\n<title>HDE Dental Halter - Horse Dental Equipment<\/title>\n<meta name=\"robots\" content=\"index, follow, max-snippet:-1, max-image-preview:large, max-video-preview:-1\" \/>\n<link rel=\"canonical\" href=\"https:\/\/www.horse-dental-equipment.com\/fr\/produit\/licol-suspension-hde\/\" \/>\n<meta property=\"og:locale\" content=\"fr_FR\" \/>\n<meta property=\"og:type\" content=\"article\" \/>\n<meta property=\"og:title\" content=\"HDE Dental Halter - Horse Dental Equipment\" \/>\n<meta property=\"og:description\" content=\"Thanks to its flexible neoprene cover and integrated foam, the product guarantees optimal comfort for the horse during treatment. The curves of the product adapt perfectly to the horse&#8217;s morphology, with multiple strap adjustments to fit all types and sizes of horses. Characteristics: Very simple, one-handed adjustment of rope tension and height thanks to a [&hellip;]\" \/>\n<meta property=\"og:url\" content=\"https:\/\/www.horse-dental-equipment.com\/fr\/produit\/licol-suspension-hde\/\" \/>\n<meta property=\"og:site_name\" content=\"Horse Dental Equipment\" \/>\n<meta property=\"article:modified_time\" content=\"2025-10-26T16:36:36+00:00\" \/>\n<meta property=\"og:image\" content=\"https:\/\/www.horse-dental-equipment.com\/wp-content\/uploads\/2025\/10\/ACC_DH.jpg\" \/>\n\t<meta property=\"og:image:width\" content=\"800\" \/>\n\t<meta property=\"og:image:height\" content=\"619\" \/>\n\t<meta property=\"og:image:type\" content=\"image\/jpeg\" \/>\n<meta name=\"twitter:card\" content=\"summary_large_image\" \/>\n<meta name=\"twitter:label1\" content=\"Dur\u00e9e de lecture estim\u00e9e\" \/>\n\t<meta name=\"twitter:data1\" content=\"1 minute\" \/>\n<script type=\"application\/ld+json\" class=\"yoast-schema-graph\">{\"@context\":\"https:\\\/\\\/schema.org\",\"@graph\":[{\"@type\":\"WebPage\",\"@id\":\"https:\\\/\\\/www.horse-dental-equipment.com\\\/product\\\/hde-dental-halter\\\/\",\"url\":\"https:\\\/\\\/www.horse-dental-equipment.com\\\/product\\\/hde-dental-halter\\\/\",\"name\":\"HDE Dental Halter - Horse Dental Equipment\",\"isPartOf\":{\"@id\":\"https:\\\/\\\/www.horse-dental-equipment.com\\\/#website\"},\"primaryImageOfPage\":{\"@id\":\"https:\\\/\\\/www.horse-dental-equipment.com\\\/product\\\/hde-dental-halter\\\/#primaryimage\"},\"image\":{\"@id\":\"https:\\\/\\\/www.horse-dental-equipment.com\\\/product\\\/hde-dental-halter\\\/#primaryimage\"},\"thumbnailUrl\":\"https:\\\/\\\/www.horse-dental-equipment.com\\\/wp-content\\\/uploads\\\/2025\\\/10\\\/ACC_DH.jpg\",\"datePublished\":\"2025-10-26T16:35:09+00:00\",\"dateModified\":\"2025-10-26T16:36:36+00:00\",\"breadcrumb\":{\"@id\":\"https:\\\/\\\/www.horse-dental-equipment.com\\\/product\\\/hde-dental-halter\\\/#breadcrumb\"},\"inLanguage\":\"fr-FR\",\"potentialAction\":[{\"@type\":\"ReadAction\",\"target\":[\"https:\\\/\\\/www.horse-dental-equipment.com\\\/product\\\/hde-dental-halter\\\/\"]}]},{\"@type\":\"ImageObject\",\"inLanguage\":\"fr-FR\",\"@id\":\"https:\\\/\\\/www.horse-dental-equipment.com\\\/product\\\/hde-dental-halter\\\/#primaryimage\",\"url\":\"https:\\\/\\\/www.horse-dental-equipment.com\\\/wp-content\\\/uploads\\\/2025\\\/10\\\/ACC_DH.jpg\",\"contentUrl\":\"https:\\\/\\\/www.horse-dental-equipment.com\\\/wp-content\\\/uploads\\\/2025\\\/10\\\/ACC_DH.jpg\",\"width\":800,\"height\":619,\"caption\":\"Dental Halter\"},{\"@type\":\"BreadcrumbList\",\"@id\":\"https:\\\/\\\/www.horse-dental-equipment.com\\\/product\\\/hde-dental-halter\\\/#breadcrumb\",\"itemListElement\":[{\"@type\":\"ListItem\",\"position\":1,\"name\":\"Home\",\"item\":\"https:\\\/\\\/www.horse-dental-equipment.com\\\/\"},{\"@type\":\"ListItem\",\"position\":2,\"name\":\"Products\",\"item\":\"https:\\\/\\\/www.horse-dental-equipment.com\\\/fr\\\/produits\\\/\"},{\"@type\":\"ListItem\",\"position\":3,\"name\":\"HDE Dental Halter\"}]},{\"@type\":\"WebSite\",\"@id\":\"https:\\\/\\\/www.horse-dental-equipment.com\\\/#website\",\"url\":\"https:\\\/\\\/www.horse-dental-equipment.com\\\/\",\"name\":\"Horse Dental Equipment\",\"description\":\"Your partner to develop your equine dentistry business\",\"potentialAction\":[{\"@type\":\"SearchAction\",\"target\":{\"@type\":\"EntryPoint\",\"urlTemplate\":\"https:\\\/\\\/www.horse-dental-equipment.com\\\/?s={search_term_string}\"},\"query-input\":{\"@type\":\"PropertyValueSpecification\",\"valueRequired\":true,\"valueName\":\"search_term_string\"}}],\"inLanguage\":\"fr-FR\"}]}<\/script>\n<!-- \/ Yoast SEO plugin. -->","yoast_head_json":{"title":"Licol de Suspension HDE - Horse Dental Equipment","robots":{"index":"index","follow":"follow","max-snippet":"max-snippet:-1","max-image-preview":"max-image-preview:large","max-video-preview":"max-video-preview:-1"},"canonical":"https:\/\/www.horse-dental-equipment.com\/fr\/produit\/licol-suspension-hde\/","og_locale":"fr_FR","og_type":"article","og_title":"HDE Dental Halter - Horse Dental Equipment","og_description":"Thanks to its flexible neoprene cover and integrated foam, the product guarantees optimal comfort for the horse during treatment. The curves of the product adapt perfectly to the horse&#8217;s morphology, with multiple strap adjustments to fit all types and sizes of horses. Characteristics: Very simple, one-handed adjustment of rope tension and height thanks to a [&hellip;]","og_url":"https:\/\/www.horse-dental-equipment.com\/fr\/produit\/licol-suspension-hde\/","og_site_name":"Horse Dental Equipment","article_modified_time":"2025-10-26T16:36:36+00:00","og_image":[{"width":800,"height":619,"url":"https:\/\/www.horse-dental-equipment.com\/wp-content\/uploads\/2025\/10\/ACC_DH.jpg","type":"image\/jpeg"}],"twitter_card":"summary_large_image","twitter_misc":{"Dur\u00e9e de lecture estim\u00e9e":"1 minute"},"schema":{"@context":"https:\/\/schema.org","@graph":[{"@type":"WebPage","@id":"https:\/\/www.horse-dental-equipment.com\/product\/hde-dental-halter\/","url":"https:\/\/www.horse-dental-equipment.com\/product\/hde-dental-halter\/","name":"Licol de Suspension HDE - Horse Dental Equipment","isPartOf":{"@id":"https:\/\/www.horse-dental-equipment.com\/#website"},"primaryImageOfPage":{"@id":"https:\/\/www.horse-dental-equipment.com\/product\/hde-dental-halter\/#primaryimage"},"image":{"@id":"https:\/\/www.horse-dental-equipment.com\/product\/hde-dental-halter\/#primaryimage"},"thumbnailUrl":"https:\/\/www.horse-dental-equipment.com\/wp-content\/uploads\/2025\/10\/ACC_DH.jpg","datePublished":"2025-10-26T16:35:09+00:00","dateModified":"2025-10-26T16:36:36+00:00","breadcrumb":{"@id":"https:\/\/www.horse-dental-equipment.com\/product\/hde-dental-halter\/#breadcrumb"},"inLanguage":"fr-FR","potentialAction":[{"@type":"ReadAction","target":["https:\/\/www.horse-dental-equipment.com\/product\/hde-dental-halter\/"]}]},{"@type":"ImageObject","inLanguage":"fr-FR","@id":"https:\/\/www.horse-dental-equipment.com\/product\/hde-dental-halter\/#primaryimage","url":"https:\/\/www.horse-dental-equipment.com\/wp-content\/uploads\/2025\/10\/ACC_DH.jpg","contentUrl":"https:\/\/www.horse-dental-equipment.com\/wp-content\/uploads\/2025\/10\/ACC_DH.jpg","width":800,"height":619,"caption":"Dental Halter"},{"@type":"BreadcrumbList","@id":"https:\/\/www.horse-dental-equipment.com\/product\/hde-dental-halter\/#breadcrumb","itemListElement":[{"@type":"ListItem","position":1,"name":"Home","item":"https:\/\/www.horse-dental-equipment.com\/"},{"@type":"ListItem","position":2,"name":"Products","item":"https:\/\/www.horse-dental-equipment.com\/fr\/produits\/"},{"@type":"ListItem","position":3,"name":"HDE Dental Halter"}]},{"@type":"WebSite","@id":"https:\/\/www.horse-dental-equipment.com\/#website","url":"https:\/\/www.horse-dental-equipment.com\/","name":"Horse Dental Equipment","description":"Your partner to develop your equine dentistry business","potentialAction":[{"@type":"SearchAction","target":{"@type":"EntryPoint","urlTemplate":"https:\/\/www.horse-dental-equipment.com\/?s={search_term_string}"},"query-input":{"@type":"PropertyValueSpecification","valueRequired":true,"valueName":"search_term_string"}}],"inLanguage":"fr-FR"}]}},"_links":{"self":[{"href":"https:\/\/www.horse-dental-equipment.com\/fr\/wp-json\/wp\/v2\/product\/11213","targetHints":{"allow":["GET"]}}],"collection":[{"href":"https:\/\/www.horse-dental-equipment.com\/fr\/wp-json\/wp\/v2\/product"}],"about":[{"href":"https:\/\/www.horse-dental-equipment.com\/fr\/wp-json\/wp\/v2\/types\/product"}],"replies":[{"embeddable":true,"href":"https:\/\/www.horse-dental-equipment.com\/fr\/wp-json\/wp\/v2\/comments?post=11213"}],"wp:featuredmedia":[{"embeddable":true,"href":"https:\/\/www.horse-dental-equipment.com\/fr\/wp-json\/wp\/v2\/media\/11214"}],"wp:attachment":[{"href":"https:\/\/www.horse-dental-equipment.com\/fr\/wp-json\/wp\/v2\/media?parent=11213"}],"wp:term":[{"taxonomy":"product_brand","embeddable":true,"href":"https:\/\/www.horse-dental-equipment.com\/fr\/wp-json\/wp\/v2\/product_brand?post=11213"},{"taxonomy":"product_cat","embeddable":true,"href":"https:\/\/www.horse-dental-equipment.com\/fr\/wp-json\/wp\/v2\/product_cat?post=11213"},{"taxonomy":"product_tag","embeddable":true,"href":"https:\/\/www.horse-dental-equipment.com\/fr\/wp-json\/wp\/v2\/product_tag?post=11213"}],"curies":[{"name":"wp","href":"https:\/\/api.w.org\/{rel}","templated":true}]}}