{"id":11212,"date":"2025-10-26T17:21:13","date_gmt":"2025-10-26T16:21:13","guid":{"rendered":"https:\/\/www.horse-dental-equipment.com\/?post_type=product&#038;p=11212"},"modified":"2026-04-01T15:44:44","modified_gmt":"2026-04-01T13:44:44","slug":"cle-polyfloat-classic","status":"publish","type":"product","link":"https:\/\/www.horse-dental-equipment.com\/fr\/produit\/cle-polyfloat-classic\/","title":{"rendered":"Cl\u00e9 pour Polyfloat CLASSIC"},"content":{"rendered":"<p>Cette cl\u00e9 est sp\u00e9cialement con\u00e7ue pour faciliter le changement de fraise sur votre fraise Polyfloat CLASSIC.<\/p>\n<ol>\n<li>Ins\u00e9rer la cl\u00e9 plate entre la fraise et la protection.<\/li>\n<li>Desserrer la fraise dans le sens anti-horaire.<\/li>\n<li>Oter la fraise.<\/li>\n<li>Proc\u00e9der dans l'ordre inverse pour ins\u00e9rer une nouvelle fraise.<\/li>\n<\/ol>\n<p>Cet outil n'est pas utilisable avec la fraise Polyfloat COMPACT.<\/p>","protected":false},"excerpt":{"rendered":"<p>This key is specially made to ease the burr change on your CLASSIC Polyfloat handpiece. Insert the flat tool release key between the burr and the protection. Unscrew the burr counterclockwise. Remove the burr. Proceed in reverse order to insert a new burr. This tool can not be used with the COMPACT Polyfloat handpiece.<\/p>","protected":false},"featured_media":11177,"comment_status":"closed","ping_status":"closed","template":"","meta":{"_acf_changed":false},"product_brand":[],"product_cat":[81,82],"product_tag":[],"class_list":{"0":"post-11212","1":"product","2":"type-product","3":"status-publish","4":"has-post-thumbnail","6":"product_cat-individual-motorized-instruments","7":"product_cat-polyfloat-polyfloat-burrs","9":"first","10":"instock","11":"shipping-taxable","12":"product-type-simple"},"acf":[],"yoast_head":"<!-- This site is optimized with the Yoast SEO plugin v27.4 - https:\/\/yoast.com\/product\/yoast-seo-wordpress\/ -->\n<title>CLASSIC Polyfloat Key - Horse Dental Equipment<\/title>\n<meta name=\"description\" content=\"This key is specially made to ease the burr change on your CLASSIC Polyfloat handpiece. Insert the flat tool release key between the burr and the protection\" \/>\n<meta name=\"robots\" content=\"index, follow, max-snippet:-1, max-image-preview:large, max-video-preview:-1\" \/>\n<link rel=\"canonical\" href=\"https:\/\/www.horse-dental-equipment.com\/fr\/produit\/cle-polyfloat-classic\/\" \/>\n<meta property=\"og:locale\" content=\"fr_FR\" \/>\n<meta property=\"og:type\" content=\"article\" \/>\n<meta property=\"og:title\" content=\"CLASSIC Polyfloat Key - Horse Dental Equipment\" \/>\n<meta property=\"og:description\" content=\"This key is specially made to ease the burr change on your CLASSIC Polyfloat handpiece. Insert the flat tool release key between the burr and the protection\" \/>\n<meta property=\"og:url\" content=\"https:\/\/www.horse-dental-equipment.com\/fr\/produit\/cle-polyfloat-classic\/\" \/>\n<meta property=\"og:site_name\" content=\"Horse Dental Equipment\" \/>\n<meta property=\"article:modified_time\" content=\"2026-04-01T13:44:44+00:00\" \/>\n<meta property=\"og:image\" content=\"https:\/\/www.horse-dental-equipment.com\/wp-content\/uploads\/2024\/04\/FRA_CSPF.jpg\" \/>\n\t<meta property=\"og:image:width\" content=\"800\" \/>\n\t<meta property=\"og:image:height\" content=\"619\" \/>\n\t<meta property=\"og:image:type\" content=\"image\/jpeg\" \/>\n<meta name=\"twitter:card\" content=\"summary_large_image\" \/>\n<meta name=\"twitter:label1\" content=\"Dur\u00e9e de lecture estim\u00e9e\" \/>\n\t<meta name=\"twitter:data1\" content=\"1 minute\" \/>\n<script type=\"application\/ld+json\" class=\"yoast-schema-graph\">{\"@context\":\"https:\\\/\\\/schema.org\",\"@graph\":[{\"@type\":\"WebPage\",\"@id\":\"https:\\\/\\\/www.horse-dental-equipment.com\\\/product\\\/classic-polyfloat-key\\\/\",\"url\":\"https:\\\/\\\/www.horse-dental-equipment.com\\\/product\\\/classic-polyfloat-key\\\/\",\"name\":\"CLASSIC Polyfloat Key - Horse Dental Equipment\",\"isPartOf\":{\"@id\":\"https:\\\/\\\/www.horse-dental-equipment.com\\\/#website\"},\"primaryImageOfPage\":{\"@id\":\"https:\\\/\\\/www.horse-dental-equipment.com\\\/product\\\/classic-polyfloat-key\\\/#primaryimage\"},\"image\":{\"@id\":\"https:\\\/\\\/www.horse-dental-equipment.com\\\/product\\\/classic-polyfloat-key\\\/#primaryimage\"},\"thumbnailUrl\":\"https:\\\/\\\/www.horse-dental-equipment.com\\\/wp-content\\\/uploads\\\/2024\\\/04\\\/FRA_CSPF.jpg\",\"datePublished\":\"2025-10-26T16:21:13+00:00\",\"dateModified\":\"2026-04-01T13:44:44+00:00\",\"description\":\"This key is specially made to ease the burr change on your CLASSIC Polyfloat handpiece. Insert the flat tool release key between the burr and the protection\",\"breadcrumb\":{\"@id\":\"https:\\\/\\\/www.horse-dental-equipment.com\\\/product\\\/classic-polyfloat-key\\\/#breadcrumb\"},\"inLanguage\":\"fr-FR\",\"potentialAction\":[{\"@type\":\"ReadAction\",\"target\":[\"https:\\\/\\\/www.horse-dental-equipment.com\\\/product\\\/classic-polyfloat-key\\\/\"]}]},{\"@type\":\"ImageObject\",\"inLanguage\":\"fr-FR\",\"@id\":\"https:\\\/\\\/www.horse-dental-equipment.com\\\/product\\\/classic-polyfloat-key\\\/#primaryimage\",\"url\":\"https:\\\/\\\/www.horse-dental-equipment.com\\\/wp-content\\\/uploads\\\/2024\\\/04\\\/FRA_CSPF.jpg\",\"contentUrl\":\"https:\\\/\\\/www.horse-dental-equipment.com\\\/wp-content\\\/uploads\\\/2024\\\/04\\\/FRA_CSPF.jpg\",\"width\":800,\"height\":619,\"caption\":\"CLASSIC Polyfloat Key\"},{\"@type\":\"BreadcrumbList\",\"@id\":\"https:\\\/\\\/www.horse-dental-equipment.com\\\/product\\\/classic-polyfloat-key\\\/#breadcrumb\",\"itemListElement\":[{\"@type\":\"ListItem\",\"position\":1,\"name\":\"Home\",\"item\":\"https:\\\/\\\/www.horse-dental-equipment.com\\\/\"},{\"@type\":\"ListItem\",\"position\":2,\"name\":\"Products\",\"item\":\"https:\\\/\\\/www.horse-dental-equipment.com\\\/fr\\\/produits\\\/\"},{\"@type\":\"ListItem\",\"position\":3,\"name\":\"CLASSIC Polyfloat Key\"}]},{\"@type\":\"WebSite\",\"@id\":\"https:\\\/\\\/www.horse-dental-equipment.com\\\/#website\",\"url\":\"https:\\\/\\\/www.horse-dental-equipment.com\\\/\",\"name\":\"Horse Dental Equipment\",\"description\":\"Your partner to develop your equine dentistry business\",\"potentialAction\":[{\"@type\":\"SearchAction\",\"target\":{\"@type\":\"EntryPoint\",\"urlTemplate\":\"https:\\\/\\\/www.horse-dental-equipment.com\\\/?s={search_term_string}\"},\"query-input\":{\"@type\":\"PropertyValueSpecification\",\"valueRequired\":true,\"valueName\":\"search_term_string\"}}],\"inLanguage\":\"fr-FR\"}]}<\/script>\n<!-- \/ Yoast SEO plugin. -->","yoast_head_json":{"title":"Cl\u00e9 pour Polyfloat CLASSIC - Horse Dental Equipment","description":"Cet cl\u00e9 est sp\u00e9cialement con\u00e7u pour faciliter le changement de fraise sur votre fraise Polyfloat CLASSIC.\n1. Ins\u00e9rer la cl\u00e9 plate entre la fraise et la protection.","robots":{"index":"index","follow":"follow","max-snippet":"max-snippet:-1","max-image-preview":"max-image-preview:large","max-video-preview":"max-video-preview:-1"},"canonical":"https:\/\/www.horse-dental-equipment.com\/fr\/produit\/cle-polyfloat-classic\/","og_locale":"fr_FR","og_type":"article","og_title":"CLASSIC Polyfloat Key - Horse Dental Equipment","og_description":"This key is specially made to ease the burr change on your CLASSIC Polyfloat handpiece. Insert the flat tool release key between the burr and the protection","og_url":"https:\/\/www.horse-dental-equipment.com\/fr\/produit\/cle-polyfloat-classic\/","og_site_name":"Horse Dental Equipment","article_modified_time":"2026-04-01T13:44:44+00:00","og_image":[{"width":800,"height":619,"url":"https:\/\/www.horse-dental-equipment.com\/wp-content\/uploads\/2024\/04\/FRA_CSPF.jpg","type":"image\/jpeg"}],"twitter_card":"summary_large_image","twitter_misc":{"Dur\u00e9e de lecture estim\u00e9e":"1 minute"},"schema":{"@context":"https:\/\/schema.org","@graph":[{"@type":"WebPage","@id":"https:\/\/www.horse-dental-equipment.com\/product\/classic-polyfloat-key\/","url":"https:\/\/www.horse-dental-equipment.com\/product\/classic-polyfloat-key\/","name":"Cl\u00e9 pour Polyfloat CLASSIC - Horse Dental Equipment","isPartOf":{"@id":"https:\/\/www.horse-dental-equipment.com\/#website"},"primaryImageOfPage":{"@id":"https:\/\/www.horse-dental-equipment.com\/product\/classic-polyfloat-key\/#primaryimage"},"image":{"@id":"https:\/\/www.horse-dental-equipment.com\/product\/classic-polyfloat-key\/#primaryimage"},"thumbnailUrl":"https:\/\/www.horse-dental-equipment.com\/wp-content\/uploads\/2024\/04\/FRA_CSPF.jpg","datePublished":"2025-10-26T16:21:13+00:00","dateModified":"2026-04-01T13:44:44+00:00","description":"Cet cl\u00e9 est sp\u00e9cialement con\u00e7u pour faciliter le changement de fraise sur votre fraise Polyfloat CLASSIC.\n1. Ins\u00e9rer la cl\u00e9 plate entre la fraise et la protection.","breadcrumb":{"@id":"https:\/\/www.horse-dental-equipment.com\/product\/classic-polyfloat-key\/#breadcrumb"},"inLanguage":"fr-FR","potentialAction":[{"@type":"ReadAction","target":["https:\/\/www.horse-dental-equipment.com\/product\/classic-polyfloat-key\/"]}]},{"@type":"ImageObject","inLanguage":"fr-FR","@id":"https:\/\/www.horse-dental-equipment.com\/product\/classic-polyfloat-key\/#primaryimage","url":"https:\/\/www.horse-dental-equipment.com\/wp-content\/uploads\/2024\/04\/FRA_CSPF.jpg","contentUrl":"https:\/\/www.horse-dental-equipment.com\/wp-content\/uploads\/2024\/04\/FRA_CSPF.jpg","width":800,"height":619,"caption":"CLASSIC Polyfloat Key"},{"@type":"BreadcrumbList","@id":"https:\/\/www.horse-dental-equipment.com\/product\/classic-polyfloat-key\/#breadcrumb","itemListElement":[{"@type":"ListItem","position":1,"name":"Home","item":"https:\/\/www.horse-dental-equipment.com\/"},{"@type":"ListItem","position":2,"name":"Products","item":"https:\/\/www.horse-dental-equipment.com\/fr\/produits\/"},{"@type":"ListItem","position":3,"name":"CLASSIC Polyfloat Key"}]},{"@type":"WebSite","@id":"https:\/\/www.horse-dental-equipment.com\/#website","url":"https:\/\/www.horse-dental-equipment.com\/","name":"Horse Dental Equipment","description":"Your partner to develop your equine dentistry business","potentialAction":[{"@type":"SearchAction","target":{"@type":"EntryPoint","urlTemplate":"https:\/\/www.horse-dental-equipment.com\/?s={search_term_string}"},"query-input":{"@type":"PropertyValueSpecification","valueRequired":true,"valueName":"search_term_string"}}],"inLanguage":"fr-FR"}]}},"_links":{"self":[{"href":"https:\/\/www.horse-dental-equipment.com\/fr\/wp-json\/wp\/v2\/product\/11212","targetHints":{"allow":["GET"]}}],"collection":[{"href":"https:\/\/www.horse-dental-equipment.com\/fr\/wp-json\/wp\/v2\/product"}],"about":[{"href":"https:\/\/www.horse-dental-equipment.com\/fr\/wp-json\/wp\/v2\/types\/product"}],"replies":[{"embeddable":true,"href":"https:\/\/www.horse-dental-equipment.com\/fr\/wp-json\/wp\/v2\/comments?post=11212"}],"wp:featuredmedia":[{"embeddable":true,"href":"https:\/\/www.horse-dental-equipment.com\/fr\/wp-json\/wp\/v2\/media\/11177"}],"wp:attachment":[{"href":"https:\/\/www.horse-dental-equipment.com\/fr\/wp-json\/wp\/v2\/media?parent=11212"}],"wp:term":[{"taxonomy":"product_brand","embeddable":true,"href":"https:\/\/www.horse-dental-equipment.com\/fr\/wp-json\/wp\/v2\/product_brand?post=11212"},{"taxonomy":"product_cat","embeddable":true,"href":"https:\/\/www.horse-dental-equipment.com\/fr\/wp-json\/wp\/v2\/product_cat?post=11212"},{"taxonomy":"product_tag","embeddable":true,"href":"https:\/\/www.horse-dental-equipment.com\/fr\/wp-json\/wp\/v2\/product_tag?post=11212"}],"curies":[{"name":"wp","href":"https:\/\/api.w.org\/{rel}","templated":true}]}}