{"id":11209,"date":"2025-10-26T17:04:01","date_gmt":"2025-10-26T16:04:01","guid":{"rendered":"https:\/\/www.horse-dental-equipment.com\/?post_type=product&#038;p=11209"},"modified":"2025-10-26T17:04:01","modified_gmt":"2025-10-26T16:04:01","slug":"moteur-hde-evolution-avec-veste-legere","status":"publish","type":"product","link":"https:\/\/www.horse-dental-equipment.com\/fr\/produit\/moteur-hde-evolution-avec-veste-legere\/","title":{"rendered":"Moteur HDE Evolution avec Veste L\u00e9g\u00e8re"},"content":{"rendered":"<p>Sans fil : travaillez o\u00f9 et quand vous le souhaitez.<br \/>\nAutonomie : batterie puissante pour une pratique quotidienne (environ 10 chevaux).<br \/>\nS\u00e9curit\u00e9 : l'embrayage \u00e9lectronique prot\u00e8ge votre \u00e9quipement.<br \/>\nConfort et ergonomie : r\u00e9partition optimale du poids sur les \u00e9paules et autour de la taille.<\/p>\n<p>Le moteur Evolution se compose de :<\/p>\n<ul>\n<li>1 veste l\u00e9g\u00e8re<\/li>\n<li>1 moteur portatif 24V<\/li>\n<li>1 batterie Lithium Ion<\/li>\n<li>1 chargeur<\/li>\n<li>1 bo\u00eetier de contr\u00f4le<\/li>\n<\/ul>\n<p>Caract\u00e9ristiques :<\/p>\n<ul>\n<li>Poids moteur : 620 g<\/li>\n<li>6 vitesses programm\u00e9es (2000 \u00e0 7000 tours\/min)<\/li>\n<li>Poids batterie : 815 g<\/li>\n<li>Temps de charge : 1h30<\/li>\n<\/ul>","protected":false},"excerpt":{"rendered":"<p>Wireless unit: work wherever and whenever you want. Autonomy: powerful &amp; long-lasting battery for a daily practice (up to 10 horses). Safety: the electronic clutch protects the equipment. Comfort and versatility: optimum weight distribution on shoulders and waist. Evolution engine is composed of: 1 light jacket 1 low tension portative 24V engine 1 Lithium Ion [&hellip;]<\/p>\n","protected":false},"featured_media":11210,"comment_status":"closed","ping_status":"closed","template":"","meta":{"_acf_changed":false},"product_brand":[],"product_cat":[101,81],"product_tag":[],"class_list":{"0":"post-11209","1":"product","2":"type-product","3":"status-publish","4":"has-post-thumbnail","6":"product_cat-evolution-engine","7":"product_cat-individual-motorized-instruments","9":"first","10":"instock","11":"shipping-taxable","12":"purchasable","13":"product-type-simple"},"acf":[],"yoast_head":"<!-- This site is optimized with the Yoast SEO plugin v27.4 - https:\/\/yoast.com\/product\/yoast-seo-wordpress\/ -->\n<title>HDE Evolution Engine with Light Jacket - Horse Dental Equipment<\/title>\n<meta name=\"description\" content=\"Wireless unit: work wherever and whenever you want. Autonomy: powerful &amp; long-lasting battery for a daily practice (up to 10 horses).\" \/>\n<meta name=\"robots\" content=\"index, follow, max-snippet:-1, max-image-preview:large, max-video-preview:-1\" \/>\n<link rel=\"canonical\" href=\"https:\/\/www.horse-dental-equipment.com\/fr\/produit\/moteur-hde-evolution-avec-veste-legere\/\" \/>\n<meta property=\"og:locale\" content=\"fr_FR\" \/>\n<meta property=\"og:type\" content=\"article\" \/>\n<meta property=\"og:title\" content=\"HDE Evolution Engine with Light Jacket - Horse Dental Equipment\" \/>\n<meta property=\"og:description\" content=\"Wireless unit: work wherever and whenever you want. Autonomy: powerful &amp; long-lasting battery for a daily practice (up to 10 horses).\" \/>\n<meta property=\"og:url\" content=\"https:\/\/www.horse-dental-equipment.com\/fr\/produit\/moteur-hde-evolution-avec-veste-legere\/\" \/>\n<meta property=\"og:site_name\" content=\"Horse Dental Equipment\" \/>\n<meta property=\"og:image\" content=\"https:\/\/www.horse-dental-equipment.com\/wp-content\/uploads\/2025\/10\/MEV_HDEBVEUL.jpg\" \/>\n\t<meta property=\"og:image:width\" content=\"800\" \/>\n\t<meta property=\"og:image:height\" content=\"619\" \/>\n\t<meta property=\"og:image:type\" content=\"image\/jpeg\" \/>\n<meta name=\"twitter:card\" content=\"summary_large_image\" \/>\n<meta name=\"twitter:label1\" content=\"Dur\u00e9e de lecture estim\u00e9e\" \/>\n\t<meta name=\"twitter:data1\" content=\"1 minute\" \/>\n<script type=\"application\/ld+json\" class=\"yoast-schema-graph\">{\"@context\":\"https:\\\/\\\/schema.org\",\"@graph\":[{\"@type\":\"WebPage\",\"@id\":\"https:\\\/\\\/www.horse-dental-equipment.com\\\/product\\\/hde-evolution-engine-with-light-jacket\\\/\",\"url\":\"https:\\\/\\\/www.horse-dental-equipment.com\\\/product\\\/hde-evolution-engine-with-light-jacket\\\/\",\"name\":\"HDE Evolution Engine with Light Jacket - Horse Dental Equipment\",\"isPartOf\":{\"@id\":\"https:\\\/\\\/www.horse-dental-equipment.com\\\/#website\"},\"primaryImageOfPage\":{\"@id\":\"https:\\\/\\\/www.horse-dental-equipment.com\\\/product\\\/hde-evolution-engine-with-light-jacket\\\/#primaryimage\"},\"image\":{\"@id\":\"https:\\\/\\\/www.horse-dental-equipment.com\\\/product\\\/hde-evolution-engine-with-light-jacket\\\/#primaryimage\"},\"thumbnailUrl\":\"https:\\\/\\\/www.horse-dental-equipment.com\\\/wp-content\\\/uploads\\\/2025\\\/10\\\/MEV_HDEBVEUL.jpg\",\"datePublished\":\"2025-10-26T16:04:01+00:00\",\"description\":\"Wireless unit: work wherever and whenever you want. Autonomy: powerful & long-lasting battery for a daily practice (up to 10 horses).\",\"breadcrumb\":{\"@id\":\"https:\\\/\\\/www.horse-dental-equipment.com\\\/product\\\/hde-evolution-engine-with-light-jacket\\\/#breadcrumb\"},\"inLanguage\":\"fr-FR\",\"potentialAction\":[{\"@type\":\"ReadAction\",\"target\":[\"https:\\\/\\\/www.horse-dental-equipment.com\\\/product\\\/hde-evolution-engine-with-light-jacket\\\/\"]}]},{\"@type\":\"ImageObject\",\"inLanguage\":\"fr-FR\",\"@id\":\"https:\\\/\\\/www.horse-dental-equipment.com\\\/product\\\/hde-evolution-engine-with-light-jacket\\\/#primaryimage\",\"url\":\"https:\\\/\\\/www.horse-dental-equipment.com\\\/wp-content\\\/uploads\\\/2025\\\/10\\\/MEV_HDEBVEUL.jpg\",\"contentUrl\":\"https:\\\/\\\/www.horse-dental-equipment.com\\\/wp-content\\\/uploads\\\/2025\\\/10\\\/MEV_HDEBVEUL.jpg\",\"width\":800,\"height\":619,\"caption\":\"HDE Evolution Engine with Light Jacket - Front\"},{\"@type\":\"BreadcrumbList\",\"@id\":\"https:\\\/\\\/www.horse-dental-equipment.com\\\/product\\\/hde-evolution-engine-with-light-jacket\\\/#breadcrumb\",\"itemListElement\":[{\"@type\":\"ListItem\",\"position\":1,\"name\":\"Home\",\"item\":\"https:\\\/\\\/www.horse-dental-equipment.com\\\/\"},{\"@type\":\"ListItem\",\"position\":2,\"name\":\"Products\",\"item\":\"https:\\\/\\\/www.horse-dental-equipment.com\\\/fr\\\/produits\\\/\"},{\"@type\":\"ListItem\",\"position\":3,\"name\":\"HDE Evolution Engine with Light Jacket\"}]},{\"@type\":\"WebSite\",\"@id\":\"https:\\\/\\\/www.horse-dental-equipment.com\\\/#website\",\"url\":\"https:\\\/\\\/www.horse-dental-equipment.com\\\/\",\"name\":\"Horse Dental Equipment\",\"description\":\"Your partner to develop your equine dentistry business\",\"potentialAction\":[{\"@type\":\"SearchAction\",\"target\":{\"@type\":\"EntryPoint\",\"urlTemplate\":\"https:\\\/\\\/www.horse-dental-equipment.com\\\/?s={search_term_string}\"},\"query-input\":{\"@type\":\"PropertyValueSpecification\",\"valueRequired\":true,\"valueName\":\"search_term_string\"}}],\"inLanguage\":\"fr-FR\"}]}<\/script>\n<!-- \/ Yoast SEO plugin. -->","yoast_head_json":{"title":"Moteur HDE Evolution avec Veste L\u00e9g\u00e8re - Horse Dental Equipment","description":"Sans fil : travaillez o\u00f9 et quand vous le souhaitez. Autonomie : batterie puissante pour une pratique quotidienne (environ 10 chevaux)","robots":{"index":"index","follow":"follow","max-snippet":"max-snippet:-1","max-image-preview":"max-image-preview:large","max-video-preview":"max-video-preview:-1"},"canonical":"https:\/\/www.horse-dental-equipment.com\/fr\/produit\/moteur-hde-evolution-avec-veste-legere\/","og_locale":"fr_FR","og_type":"article","og_title":"HDE Evolution Engine with Light Jacket - Horse Dental Equipment","og_description":"Wireless unit: work wherever and whenever you want. Autonomy: powerful & long-lasting battery for a daily practice (up to 10 horses).","og_url":"https:\/\/www.horse-dental-equipment.com\/fr\/produit\/moteur-hde-evolution-avec-veste-legere\/","og_site_name":"Horse Dental Equipment","og_image":[{"width":800,"height":619,"url":"https:\/\/www.horse-dental-equipment.com\/wp-content\/uploads\/2025\/10\/MEV_HDEBVEUL.jpg","type":"image\/jpeg"}],"twitter_card":"summary_large_image","twitter_misc":{"Dur\u00e9e de lecture estim\u00e9e":"1 minute"},"schema":{"@context":"https:\/\/schema.org","@graph":[{"@type":"WebPage","@id":"https:\/\/www.horse-dental-equipment.com\/product\/hde-evolution-engine-with-light-jacket\/","url":"https:\/\/www.horse-dental-equipment.com\/product\/hde-evolution-engine-with-light-jacket\/","name":"Moteur HDE Evolution avec Veste L\u00e9g\u00e8re - Horse Dental Equipment","isPartOf":{"@id":"https:\/\/www.horse-dental-equipment.com\/#website"},"primaryImageOfPage":{"@id":"https:\/\/www.horse-dental-equipment.com\/product\/hde-evolution-engine-with-light-jacket\/#primaryimage"},"image":{"@id":"https:\/\/www.horse-dental-equipment.com\/product\/hde-evolution-engine-with-light-jacket\/#primaryimage"},"thumbnailUrl":"https:\/\/www.horse-dental-equipment.com\/wp-content\/uploads\/2025\/10\/MEV_HDEBVEUL.jpg","datePublished":"2025-10-26T16:04:01+00:00","description":"Sans fil : travaillez o\u00f9 et quand vous le souhaitez. Autonomie : batterie puissante pour une pratique quotidienne (environ 10 chevaux)","breadcrumb":{"@id":"https:\/\/www.horse-dental-equipment.com\/product\/hde-evolution-engine-with-light-jacket\/#breadcrumb"},"inLanguage":"fr-FR","potentialAction":[{"@type":"ReadAction","target":["https:\/\/www.horse-dental-equipment.com\/product\/hde-evolution-engine-with-light-jacket\/"]}]},{"@type":"ImageObject","inLanguage":"fr-FR","@id":"https:\/\/www.horse-dental-equipment.com\/product\/hde-evolution-engine-with-light-jacket\/#primaryimage","url":"https:\/\/www.horse-dental-equipment.com\/wp-content\/uploads\/2025\/10\/MEV_HDEBVEUL.jpg","contentUrl":"https:\/\/www.horse-dental-equipment.com\/wp-content\/uploads\/2025\/10\/MEV_HDEBVEUL.jpg","width":800,"height":619,"caption":"HDE Evolution Engine with Light Jacket - Front"},{"@type":"BreadcrumbList","@id":"https:\/\/www.horse-dental-equipment.com\/product\/hde-evolution-engine-with-light-jacket\/#breadcrumb","itemListElement":[{"@type":"ListItem","position":1,"name":"Home","item":"https:\/\/www.horse-dental-equipment.com\/"},{"@type":"ListItem","position":2,"name":"Products","item":"https:\/\/www.horse-dental-equipment.com\/fr\/produits\/"},{"@type":"ListItem","position":3,"name":"HDE Evolution Engine with Light Jacket"}]},{"@type":"WebSite","@id":"https:\/\/www.horse-dental-equipment.com\/#website","url":"https:\/\/www.horse-dental-equipment.com\/","name":"Horse Dental Equipment","description":"Your partner to develop your equine dentistry business","potentialAction":[{"@type":"SearchAction","target":{"@type":"EntryPoint","urlTemplate":"https:\/\/www.horse-dental-equipment.com\/?s={search_term_string}"},"query-input":{"@type":"PropertyValueSpecification","valueRequired":true,"valueName":"search_term_string"}}],"inLanguage":"fr-FR"}]}},"_links":{"self":[{"href":"https:\/\/www.horse-dental-equipment.com\/fr\/wp-json\/wp\/v2\/product\/11209","targetHints":{"allow":["GET"]}}],"collection":[{"href":"https:\/\/www.horse-dental-equipment.com\/fr\/wp-json\/wp\/v2\/product"}],"about":[{"href":"https:\/\/www.horse-dental-equipment.com\/fr\/wp-json\/wp\/v2\/types\/product"}],"replies":[{"embeddable":true,"href":"https:\/\/www.horse-dental-equipment.com\/fr\/wp-json\/wp\/v2\/comments?post=11209"}],"wp:featuredmedia":[{"embeddable":true,"href":"https:\/\/www.horse-dental-equipment.com\/fr\/wp-json\/wp\/v2\/media\/11210"}],"wp:attachment":[{"href":"https:\/\/www.horse-dental-equipment.com\/fr\/wp-json\/wp\/v2\/media?parent=11209"}],"wp:term":[{"taxonomy":"product_brand","embeddable":true,"href":"https:\/\/www.horse-dental-equipment.com\/fr\/wp-json\/wp\/v2\/product_brand?post=11209"},{"taxonomy":"product_cat","embeddable":true,"href":"https:\/\/www.horse-dental-equipment.com\/fr\/wp-json\/wp\/v2\/product_cat?post=11209"},{"taxonomy":"product_tag","embeddable":true,"href":"https:\/\/www.horse-dental-equipment.com\/fr\/wp-json\/wp\/v2\/product_tag?post=11209"}],"curies":[{"name":"wp","href":"https:\/\/api.w.org\/{rel}","templated":true}]}}