{"id":11007,"date":"2025-05-26T09:47:15","date_gmt":"2025-05-26T07:47:15","guid":{"rendered":"https:\/\/www.horse-dental-equipment.com\/?post_type=product&#038;p=11007"},"modified":"2026-04-01T16:07:31","modified_gmt":"2026-04-01T14:07:31","slug":"equodent-incisives-modele-peter-fahrenkrug-watercooling","status":"publish","type":"product","link":"https:\/\/www.horse-dental-equipment.com\/fr\/produit\/equodent-incisives-modele-peter-fahrenkrug-watercooling\/","title":{"rendered":"Equodent Incisives - Mod\u00e8le \"Peter Fahrenkrug\" - Watercooling"},"content":{"rendered":"<p>La fraise Equodent Incisives mod\u00e8le \u00ab Peter Fahrenkrug \u00bb est \u00e9tanche et fonctionne sans difficult\u00e9. Elle peut \u00eatre utilis\u00e9e avec l'option Watercooling et une fonction d'aspiration de la dentine.<\/p>\n<p><iframe title=\"vimeo-player\" src=\"https:\/\/player.vimeo.com\/video\/1101872593?h=93ba79479e\" width=\"640\" height=\"360\" frameborder=\"0\" allowfullscreen=\"allowfullscreen\"><span data-mce-type=\"bookmark\" style=\"display: inline-block; width: 0px; overflow: hidden; line-height: 0;\" class=\"mce_SELRES_start\"><\/span>Equodent Incisor Handpiece Model Peter Fahrenkrug with Watercooling &#8211; Dr Frank Schellenberger<\/p>\n<p>&nbsp;<\/p>\n<p><\/iframe><\/p>","protected":false},"excerpt":{"rendered":"<p>The Equodent Incisor Handpiece Model &#8220;Peter Fahrenkrug&#8221; is waterproof and runs smoothly. It can be operated with watercooling and dust suction. \ufeffEquodent Incisor Handpiece Model Peter Fahrenkrug with Watercooling &#8211; Dr Frank Schellenberger &nbsp;<\/p>","protected":false},"featured_media":11008,"comment_status":"closed","ping_status":"closed","template":"","meta":{"_acf_changed":false},"product_brand":[],"product_cat":[186,15,113],"product_tag":[],"class_list":{"0":"post-11007","1":"product","2":"type-product","3":"status-publish","4":"has-post-thumbnail","6":"product_cat-new-products","7":"product_cat-pegasos","8":"product_cat-pegasos-power-equipment","10":"first","11":"instock","12":"shipping-taxable","13":"purchasable","14":"product-type-simple"},"acf":[],"yoast_head":"<!-- This site is optimized with the Yoast SEO plugin v27.3 - https:\/\/yoast.com\/product\/yoast-seo-wordpress\/ -->\n<title>Equodent Incisor Handpiece Model &quot;Peter Fahrenkrug&quot; with Watercooling - Horse Dental Equipment<\/title>\n<meta name=\"description\" content=\"The Equodent Incisor Handpiece Model &quot;Peter Fahrenkrug&quot; is waterproof and runs smoothly. It can be operated with watercooling and dust suction.\" \/>\n<meta name=\"robots\" content=\"index, follow, max-snippet:-1, max-image-preview:large, max-video-preview:-1\" \/>\n<link rel=\"canonical\" href=\"https:\/\/www.horse-dental-equipment.com\/fr\/produit\/equodent-incisives-modele-peter-fahrenkrug-watercooling\/\" \/>\n<meta property=\"og:locale\" content=\"fr_FR\" \/>\n<meta property=\"og:type\" content=\"article\" \/>\n<meta property=\"og:title\" content=\"Equodent Incisor Handpiece Model &quot;Peter Fahrenkrug&quot; with Watercooling - Horse Dental Equipment\" \/>\n<meta property=\"og:description\" content=\"The Equodent Incisor Handpiece Model &quot;Peter Fahrenkrug&quot; is waterproof and runs smoothly. It can be operated with watercooling and dust suction.\" \/>\n<meta property=\"og:url\" content=\"https:\/\/www.horse-dental-equipment.com\/fr\/produit\/equodent-incisives-modele-peter-fahrenkrug-watercooling\/\" \/>\n<meta property=\"og:site_name\" content=\"Horse Dental Equipment\" \/>\n<meta property=\"article:modified_time\" content=\"2026-04-01T14:07:31+00:00\" \/>\n<meta property=\"og:image\" content=\"https:\/\/www.horse-dental-equipment.com\/wp-content\/uploads\/2025\/05\/PEGA_211222.jpg\" \/>\n\t<meta property=\"og:image:width\" content=\"800\" \/>\n\t<meta property=\"og:image:height\" content=\"619\" \/>\n\t<meta property=\"og:image:type\" content=\"image\/jpeg\" \/>\n<meta name=\"twitter:card\" content=\"summary_large_image\" \/>\n<meta name=\"twitter:label1\" content=\"Dur\u00e9e de lecture estim\u00e9e\" \/>\n\t<meta name=\"twitter:data1\" content=\"1 minute\" \/>\n<script type=\"application\/ld+json\" class=\"yoast-schema-graph\">{\"@context\":\"https:\\\/\\\/schema.org\",\"@graph\":[{\"@type\":\"WebPage\",\"@id\":\"https:\\\/\\\/www.horse-dental-equipment.com\\\/product\\\/equodent-incisor-handpiece-model-peter-fahrenkrug-with-watercooling\\\/\",\"url\":\"https:\\\/\\\/www.horse-dental-equipment.com\\\/product\\\/equodent-incisor-handpiece-model-peter-fahrenkrug-with-watercooling\\\/\",\"name\":\"Equodent Incisor Handpiece Model \\\"Peter Fahrenkrug\\\" with Watercooling - Horse Dental Equipment\",\"isPartOf\":{\"@id\":\"https:\\\/\\\/www.horse-dental-equipment.com\\\/#website\"},\"primaryImageOfPage\":{\"@id\":\"https:\\\/\\\/www.horse-dental-equipment.com\\\/product\\\/equodent-incisor-handpiece-model-peter-fahrenkrug-with-watercooling\\\/#primaryimage\"},\"image\":{\"@id\":\"https:\\\/\\\/www.horse-dental-equipment.com\\\/product\\\/equodent-incisor-handpiece-model-peter-fahrenkrug-with-watercooling\\\/#primaryimage\"},\"thumbnailUrl\":\"https:\\\/\\\/www.horse-dental-equipment.com\\\/wp-content\\\/uploads\\\/2025\\\/05\\\/PEGA_211222.jpg\",\"datePublished\":\"2025-05-26T07:47:15+00:00\",\"dateModified\":\"2026-04-01T14:07:31+00:00\",\"description\":\"The Equodent Incisor Handpiece Model \\\"Peter Fahrenkrug\\\" is waterproof and runs smoothly. It can be operated with watercooling and dust suction.\",\"breadcrumb\":{\"@id\":\"https:\\\/\\\/www.horse-dental-equipment.com\\\/product\\\/equodent-incisor-handpiece-model-peter-fahrenkrug-with-watercooling\\\/#breadcrumb\"},\"inLanguage\":\"fr-FR\",\"potentialAction\":[{\"@type\":\"ReadAction\",\"target\":[\"https:\\\/\\\/www.horse-dental-equipment.com\\\/product\\\/equodent-incisor-handpiece-model-peter-fahrenkrug-with-watercooling\\\/\"]}]},{\"@type\":\"ImageObject\",\"inLanguage\":\"fr-FR\",\"@id\":\"https:\\\/\\\/www.horse-dental-equipment.com\\\/product\\\/equodent-incisor-handpiece-model-peter-fahrenkrug-with-watercooling\\\/#primaryimage\",\"url\":\"https:\\\/\\\/www.horse-dental-equipment.com\\\/wp-content\\\/uploads\\\/2025\\\/05\\\/PEGA_211222.jpg\",\"contentUrl\":\"https:\\\/\\\/www.horse-dental-equipment.com\\\/wp-content\\\/uploads\\\/2025\\\/05\\\/PEGA_211222.jpg\",\"width\":800,\"height\":619,\"caption\":\"Equodent Incisor Handpiece Model \\\"Peter Fahrenkrug\\\" with Watercooling\"},{\"@type\":\"BreadcrumbList\",\"@id\":\"https:\\\/\\\/www.horse-dental-equipment.com\\\/product\\\/equodent-incisor-handpiece-model-peter-fahrenkrug-with-watercooling\\\/#breadcrumb\",\"itemListElement\":[{\"@type\":\"ListItem\",\"position\":1,\"name\":\"Home\",\"item\":\"https:\\\/\\\/www.horse-dental-equipment.com\\\/\"},{\"@type\":\"ListItem\",\"position\":2,\"name\":\"Products\",\"item\":\"https:\\\/\\\/www.horse-dental-equipment.com\\\/fr\\\/produits\\\/\"},{\"@type\":\"ListItem\",\"position\":3,\"name\":\"Equodent Incisor Handpiece Model &#8220;Peter Fahrenkrug&#8221; with Watercooling\"}]},{\"@type\":\"WebSite\",\"@id\":\"https:\\\/\\\/www.horse-dental-equipment.com\\\/#website\",\"url\":\"https:\\\/\\\/www.horse-dental-equipment.com\\\/\",\"name\":\"Horse Dental Equipment\",\"description\":\"Your partner to develop your equine dentistry business\",\"potentialAction\":[{\"@type\":\"SearchAction\",\"target\":{\"@type\":\"EntryPoint\",\"urlTemplate\":\"https:\\\/\\\/www.horse-dental-equipment.com\\\/?s={search_term_string}\"},\"query-input\":{\"@type\":\"PropertyValueSpecification\",\"valueRequired\":true,\"valueName\":\"search_term_string\"}}],\"inLanguage\":\"fr-FR\"}]}<\/script>\n<!-- \/ Yoast SEO plugin. -->","yoast_head_json":{"title":"Equodent Incisives - Mod\u00e8le \"Peter Fahrenkrug\" - Watercooling - Horse Dental Equipment","description":"La fraise Equodent Incisives mod\u00e8le \"Peter Fahrenkrug\" est \u00e9tanche et fonctionne sans difficult\u00e9. Elle peut \u00eatre utilis\u00e9e avec l'option Watercooling et une fonction d'aspiration de la dentine.","robots":{"index":"index","follow":"follow","max-snippet":"max-snippet:-1","max-image-preview":"max-image-preview:large","max-video-preview":"max-video-preview:-1"},"canonical":"https:\/\/www.horse-dental-equipment.com\/fr\/produit\/equodent-incisives-modele-peter-fahrenkrug-watercooling\/","og_locale":"fr_FR","og_type":"article","og_title":"Equodent Incisor Handpiece Model \"Peter Fahrenkrug\" with Watercooling - Horse Dental Equipment","og_description":"The Equodent Incisor Handpiece Model \"Peter Fahrenkrug\" is waterproof and runs smoothly. It can be operated with watercooling and dust suction.","og_url":"https:\/\/www.horse-dental-equipment.com\/fr\/produit\/equodent-incisives-modele-peter-fahrenkrug-watercooling\/","og_site_name":"Horse Dental Equipment","article_modified_time":"2026-04-01T14:07:31+00:00","og_image":[{"width":800,"height":619,"url":"https:\/\/www.horse-dental-equipment.com\/wp-content\/uploads\/2025\/05\/PEGA_211222.jpg","type":"image\/jpeg"}],"twitter_card":"summary_large_image","twitter_misc":{"Dur\u00e9e de lecture estim\u00e9e":"1 minute"},"schema":{"@context":"https:\/\/schema.org","@graph":[{"@type":"WebPage","@id":"https:\/\/www.horse-dental-equipment.com\/product\/equodent-incisor-handpiece-model-peter-fahrenkrug-with-watercooling\/","url":"https:\/\/www.horse-dental-equipment.com\/product\/equodent-incisor-handpiece-model-peter-fahrenkrug-with-watercooling\/","name":"Equodent Incisives - Mod\u00e8le \"Peter Fahrenkrug\" - Watercooling - Horse Dental Equipment","isPartOf":{"@id":"https:\/\/www.horse-dental-equipment.com\/#website"},"primaryImageOfPage":{"@id":"https:\/\/www.horse-dental-equipment.com\/product\/equodent-incisor-handpiece-model-peter-fahrenkrug-with-watercooling\/#primaryimage"},"image":{"@id":"https:\/\/www.horse-dental-equipment.com\/product\/equodent-incisor-handpiece-model-peter-fahrenkrug-with-watercooling\/#primaryimage"},"thumbnailUrl":"https:\/\/www.horse-dental-equipment.com\/wp-content\/uploads\/2025\/05\/PEGA_211222.jpg","datePublished":"2025-05-26T07:47:15+00:00","dateModified":"2026-04-01T14:07:31+00:00","description":"La fraise Equodent Incisives mod\u00e8le \"Peter Fahrenkrug\" est \u00e9tanche et fonctionne sans difficult\u00e9. Elle peut \u00eatre utilis\u00e9e avec l'option Watercooling et une fonction d'aspiration de la dentine.","breadcrumb":{"@id":"https:\/\/www.horse-dental-equipment.com\/product\/equodent-incisor-handpiece-model-peter-fahrenkrug-with-watercooling\/#breadcrumb"},"inLanguage":"fr-FR","potentialAction":[{"@type":"ReadAction","target":["https:\/\/www.horse-dental-equipment.com\/product\/equodent-incisor-handpiece-model-peter-fahrenkrug-with-watercooling\/"]}]},{"@type":"ImageObject","inLanguage":"fr-FR","@id":"https:\/\/www.horse-dental-equipment.com\/product\/equodent-incisor-handpiece-model-peter-fahrenkrug-with-watercooling\/#primaryimage","url":"https:\/\/www.horse-dental-equipment.com\/wp-content\/uploads\/2025\/05\/PEGA_211222.jpg","contentUrl":"https:\/\/www.horse-dental-equipment.com\/wp-content\/uploads\/2025\/05\/PEGA_211222.jpg","width":800,"height":619,"caption":"Equodent Incisor Handpiece Model \"Peter Fahrenkrug\" with Watercooling"},{"@type":"BreadcrumbList","@id":"https:\/\/www.horse-dental-equipment.com\/product\/equodent-incisor-handpiece-model-peter-fahrenkrug-with-watercooling\/#breadcrumb","itemListElement":[{"@type":"ListItem","position":1,"name":"Home","item":"https:\/\/www.horse-dental-equipment.com\/"},{"@type":"ListItem","position":2,"name":"Products","item":"https:\/\/www.horse-dental-equipment.com\/fr\/produits\/"},{"@type":"ListItem","position":3,"name":"Equodent Incisor Handpiece Model &#8220;Peter Fahrenkrug&#8221; with Watercooling"}]},{"@type":"WebSite","@id":"https:\/\/www.horse-dental-equipment.com\/#website","url":"https:\/\/www.horse-dental-equipment.com\/","name":"Horse Dental Equipment","description":"Your partner to develop your equine dentistry business","potentialAction":[{"@type":"SearchAction","target":{"@type":"EntryPoint","urlTemplate":"https:\/\/www.horse-dental-equipment.com\/?s={search_term_string}"},"query-input":{"@type":"PropertyValueSpecification","valueRequired":true,"valueName":"search_term_string"}}],"inLanguage":"fr-FR"}]}},"_links":{"self":[{"href":"https:\/\/www.horse-dental-equipment.com\/fr\/wp-json\/wp\/v2\/product\/11007","targetHints":{"allow":["GET"]}}],"collection":[{"href":"https:\/\/www.horse-dental-equipment.com\/fr\/wp-json\/wp\/v2\/product"}],"about":[{"href":"https:\/\/www.horse-dental-equipment.com\/fr\/wp-json\/wp\/v2\/types\/product"}],"replies":[{"embeddable":true,"href":"https:\/\/www.horse-dental-equipment.com\/fr\/wp-json\/wp\/v2\/comments?post=11007"}],"wp:featuredmedia":[{"embeddable":true,"href":"https:\/\/www.horse-dental-equipment.com\/fr\/wp-json\/wp\/v2\/media\/11008"}],"wp:attachment":[{"href":"https:\/\/www.horse-dental-equipment.com\/fr\/wp-json\/wp\/v2\/media?parent=11007"}],"wp:term":[{"taxonomy":"product_brand","embeddable":true,"href":"https:\/\/www.horse-dental-equipment.com\/fr\/wp-json\/wp\/v2\/product_brand?post=11007"},{"taxonomy":"product_cat","embeddable":true,"href":"https:\/\/www.horse-dental-equipment.com\/fr\/wp-json\/wp\/v2\/product_cat?post=11007"},{"taxonomy":"product_tag","embeddable":true,"href":"https:\/\/www.horse-dental-equipment.com\/fr\/wp-json\/wp\/v2\/product_tag?post=11007"}],"curies":[{"name":"wp","href":"https:\/\/api.w.org\/{rel}","templated":true}]}}