{"id":10982,"date":"2025-07-11T14:40:06","date_gmt":"2025-07-11T12:40:06","guid":{"rendered":"https:\/\/www.horse-dental-equipment.com\/?post_type=product&#038;p=10982"},"modified":"2026-04-01T16:21:29","modified_gmt":"2026-04-01T14:21:29","slug":"serenity-package-set-niveau-3-compact","status":"publish","type":"product","link":"https:\/\/www.horse-dental-equipment.com\/fr\/produit\/serenity-package-set-niveau-3-compact\/","title":{"rendered":"Serenity Package Set Niveau 3 - COMPACT"},"content":{"rendered":"<p>Le Serenity Package d'HDE est une solution intelligente sp\u00e9cialement con\u00e7ue pour les praticiens d\u00e9sireux de d\u00e9velopper leur prestation de dentisterie \u00e9quine. Elle offre une combinaison unique d'\u00e9quipements adapt\u00e9s \u00e0 votre niveau de pratique, \u00e9tudi\u00e9s pour une meilleure ergonomie afin de vous garantir une totale tranquillit\u00e9 d'esprit.<\/p>\n<p style=\"text-align: center;\"><a href=\"https:\/\/www.horse-dental-equipment.com\/wp-content\/uploads\/2025\/04\/20250205-Flyer-MAD-FR-LD.pdf\"><span style=\"color: #a21734;\"><strong>S\u00e9r\u00e9nit\u00e9 totale \u00e0 partir de 249\u20ac HT \/ Mois**<\/strong><\/span><\/a><\/p>\n<p><span style=\"color: #b4963d;\"><strong>Comment \u00e7a marche ? D\u00e9couvrez le service et ses avantages en vid\u00e9o !<\/strong><\/span><\/p>\n<p><a href=\"https:\/\/www.horse-dental-equipment.com\/wp-content\/uploads\/2025\/04\/20250205-Flyer-MAD-FR-LD.pdf\"><img fetchpriority=\"high\" decoding=\"async\" class=\"wp-image-10984 aligncenter\" src=\"https:\/\/www.horse-dental-equipment.com\/wp-content\/uploads\/2025\/04\/SP-how-it-works-dry-FR.png\" alt=\"Serenity Package, comment \u00e7a marche ? - Set Level 3 Compact\" width=\"565\" height=\"475\" srcset=\"https:\/\/www.horse-dental-equipment.com\/wp-content\/uploads\/2025\/04\/SP-how-it-works-dry-FR.png 769w, https:\/\/www.horse-dental-equipment.com\/wp-content\/uploads\/2025\/04\/SP-how-it-works-dry-FR-300x254.png 300w, https:\/\/www.horse-dental-equipment.com\/wp-content\/uploads\/2025\/04\/SP-how-it-works-dry-FR-14x12.png 14w, https:\/\/www.horse-dental-equipment.com\/wp-content\/uploads\/2025\/04\/SP-how-it-works-dry-FR-600x507.png 600w\" sizes=\"(max-width: 565px) 100vw, 565px\" \/><\/a><\/p>\n<p><iframe title=\"vimeo-player\" src=\"https:\/\/player.vimeo.com\/video\/717799797?h=2474d97a9e\" width=\"640\" height=\"360\" frameborder=\"0\" allowfullscreen=\"allowfullscreen\"><\/iframe><\/p>\n<p><span style=\"color: #b4963d;\"><strong>Serenity Package, ils l'ont adopt\u00e9 !<\/strong><\/span><\/p>\n<p><strong><span style=\"color: #b4963d;\">D\u00e9couvrez le t\u00e9moignage du Dr. Alexis Leps (France) sur le Serenity Package en vid\u00e9o !<\/span><\/strong><\/p>\n<p><iframe title=\"vimeo-player\" src=\"https:\/\/player.vimeo.com\/video\/1168805610?h=f924d6cd65\" width=\"640\" height=\"360\" frameborder=\"0\" allowfullscreen=\"allowfullscreen\"><\/iframe><\/p>\n<p><strong><span style=\"color: #b4963d;\">D\u00e9couvrez le t\u00e9moignage du Dr. Hubert Simhofer (Autriche) sur le Serenity Package en vid\u00e9o !<\/span><\/strong><\/p>\n<p><iframe title=\"vimeo-player\" src=\"https:\/\/player.vimeo.com\/video\/972891919?h=ad933a2110\" width=\"640\" height=\"360\" frameborder=\"0\" allowfullscreen=\"allowfullscreen\"><\/iframe><\/p>\n<p>T\u00e9l\u00e9chargez notre <span style=\"color: #b4963d;\"><strong><a style=\"color: #b4963d;\" href=\"https:\/\/www.horse-dental-equipment.com\/wp-content\/uploads\/2025\/04\/20250205-Flyer-MAD-FR-LD.pdf\">flyer<\/a><\/strong><\/span> pour consulter les diff\u00e9rentes options disponibles et <span style=\"color: #b4963d;\"><strong><a style=\"color: #b4963d;\" href=\"https:\/\/www.horse-dental-equipment.com\/fr\/contact\/\">contactez-nous<\/a><\/strong><\/span> pour plus d'information !<\/p>\n<p><em>Note : Le Serenity Package est disponible pour les v\u00e9t\u00e9rinaires et sous r\u00e9serve de validation du dossier par l'organisme de financement. Contactez-nous pour savoir si ce service est disponible dans votre pays.<br \/>\n* L'offre est valable pour une dur\u00e9e de 2 ou 3 ans et pour une s\u00e9lection d'\u00e9quipements.<br \/>\n** Le transport, hors douane, est inclus. L'assurance obligatoire n'est pas comprise dans le prix\/mois.<\/em><\/p>","protected":false},"excerpt":{"rendered":"<p>HDE Serenity Package is a smart all inclusive service solution specially designed for practitioners who are interested in developing their equine dentistry service. It offers a unique combination of equipment adapted to your level of practice, studied for a better ergonomics to guarantee you a total peace of mind. Total Serenity from 249\u20ac exc. VAT\/month** [&hellip;]<\/p>\n","protected":false},"featured_media":10985,"comment_status":"closed","ping_status":"closed","template":"","meta":{"_acf_changed":false},"product_brand":[],"product_cat":[474],"product_tag":[],"class_list":{"0":"post-10982","1":"product","2":"type-product","3":"status-publish","4":"has-post-thumbnail","6":"product_cat-serenity-package","8":"first","9":"instock","10":"shipping-taxable","11":"product-type-simple"},"acf":[],"yoast_head":"<!-- This site is optimized with the Yoast SEO plugin v27.3 - https:\/\/yoast.com\/product\/yoast-seo-wordpress\/ -->\n<title>Serenity Package Set Level 3 - COMPACT - Horse Dental Equipment<\/title>\n<meta name=\"robots\" content=\"index, follow, max-snippet:-1, max-image-preview:large, max-video-preview:-1\" \/>\n<link rel=\"canonical\" href=\"https:\/\/www.horse-dental-equipment.com\/fr\/produit\/serenity-package-set-niveau-3-compact\/\" \/>\n<meta property=\"og:locale\" content=\"fr_FR\" \/>\n<meta property=\"og:type\" content=\"article\" \/>\n<meta property=\"og:title\" content=\"Serenity Package Set Level 3 - COMPACT - Horse Dental Equipment\" \/>\n<meta property=\"og:description\" content=\"HDE Serenity Package is a smart all inclusive service solution specially designed for practitioners who are interested in developing their equine dentistry service. It offers a unique combination of equipment adapted to your level of practice, studied for a better ergonomics to guarantee you a total peace of mind. Total Serenity from 249\u20ac exc. VAT\/month** [&hellip;]\" \/>\n<meta property=\"og:url\" content=\"https:\/\/www.horse-dental-equipment.com\/fr\/produit\/serenity-package-set-niveau-3-compact\/\" \/>\n<meta property=\"og:site_name\" content=\"Horse Dental Equipment\" \/>\n<meta property=\"article:modified_time\" content=\"2026-04-01T14:21:29+00:00\" \/>\n<meta property=\"og:image\" content=\"https:\/\/www.horse-dental-equipment.com\/wp-content\/uploads\/2025\/04\/SP-SET_L3C.jpg\" \/>\n\t<meta property=\"og:image:width\" content=\"800\" \/>\n\t<meta property=\"og:image:height\" content=\"619\" \/>\n\t<meta property=\"og:image:type\" content=\"image\/jpeg\" \/>\n<meta name=\"twitter:card\" content=\"summary_large_image\" \/>\n<meta name=\"twitter:label1\" content=\"Dur\u00e9e de lecture estim\u00e9e\" \/>\n\t<meta name=\"twitter:data1\" content=\"2 minutes\" \/>\n<script type=\"application\/ld+json\" class=\"yoast-schema-graph\">{\"@context\":\"https:\\\/\\\/schema.org\",\"@graph\":[{\"@type\":\"WebPage\",\"@id\":\"https:\\\/\\\/www.horse-dental-equipment.com\\\/product\\\/serenity-package-set-level-3-compact\\\/\",\"url\":\"https:\\\/\\\/www.horse-dental-equipment.com\\\/product\\\/serenity-package-set-level-3-compact\\\/\",\"name\":\"Serenity Package Set Level 3 - COMPACT - Horse Dental Equipment\",\"isPartOf\":{\"@id\":\"https:\\\/\\\/www.horse-dental-equipment.com\\\/#website\"},\"primaryImageOfPage\":{\"@id\":\"https:\\\/\\\/www.horse-dental-equipment.com\\\/product\\\/serenity-package-set-level-3-compact\\\/#primaryimage\"},\"image\":{\"@id\":\"https:\\\/\\\/www.horse-dental-equipment.com\\\/product\\\/serenity-package-set-level-3-compact\\\/#primaryimage\"},\"thumbnailUrl\":\"https:\\\/\\\/www.horse-dental-equipment.com\\\/wp-content\\\/uploads\\\/2025\\\/04\\\/SP-SET_L3C.jpg\",\"datePublished\":\"2025-07-11T12:40:06+00:00\",\"dateModified\":\"2026-04-01T14:21:29+00:00\",\"breadcrumb\":{\"@id\":\"https:\\\/\\\/www.horse-dental-equipment.com\\\/product\\\/serenity-package-set-level-3-compact\\\/#breadcrumb\"},\"inLanguage\":\"fr-FR\",\"potentialAction\":[{\"@type\":\"ReadAction\",\"target\":[\"https:\\\/\\\/www.horse-dental-equipment.com\\\/product\\\/serenity-package-set-level-3-compact\\\/\"]}]},{\"@type\":\"ImageObject\",\"inLanguage\":\"fr-FR\",\"@id\":\"https:\\\/\\\/www.horse-dental-equipment.com\\\/product\\\/serenity-package-set-level-3-compact\\\/#primaryimage\",\"url\":\"https:\\\/\\\/www.horse-dental-equipment.com\\\/wp-content\\\/uploads\\\/2025\\\/04\\\/SP-SET_L3C.jpg\",\"contentUrl\":\"https:\\\/\\\/www.horse-dental-equipment.com\\\/wp-content\\\/uploads\\\/2025\\\/04\\\/SP-SET_L3C.jpg\",\"width\":800,\"height\":619,\"caption\":\"Serenity Package - Set Level 3 Compact\"},{\"@type\":\"BreadcrumbList\",\"@id\":\"https:\\\/\\\/www.horse-dental-equipment.com\\\/product\\\/serenity-package-set-level-3-compact\\\/#breadcrumb\",\"itemListElement\":[{\"@type\":\"ListItem\",\"position\":1,\"name\":\"Home\",\"item\":\"https:\\\/\\\/www.horse-dental-equipment.com\\\/\"},{\"@type\":\"ListItem\",\"position\":2,\"name\":\"Products\",\"item\":\"https:\\\/\\\/www.horse-dental-equipment.com\\\/fr\\\/produits\\\/\"},{\"@type\":\"ListItem\",\"position\":3,\"name\":\"Serenity Package Set Level 3 &#8211; COMPACT\"}]},{\"@type\":\"WebSite\",\"@id\":\"https:\\\/\\\/www.horse-dental-equipment.com\\\/#website\",\"url\":\"https:\\\/\\\/www.horse-dental-equipment.com\\\/\",\"name\":\"Horse Dental Equipment\",\"description\":\"Your partner to develop your equine dentistry business\",\"potentialAction\":[{\"@type\":\"SearchAction\",\"target\":{\"@type\":\"EntryPoint\",\"urlTemplate\":\"https:\\\/\\\/www.horse-dental-equipment.com\\\/?s={search_term_string}\"},\"query-input\":{\"@type\":\"PropertyValueSpecification\",\"valueRequired\":true,\"valueName\":\"search_term_string\"}}],\"inLanguage\":\"fr-FR\"}]}<\/script>\n<!-- \/ Yoast SEO plugin. -->","yoast_head_json":{"title":"Serenity Package Set Niveau 3 - COMPACT - Horse Dental Equipment","robots":{"index":"index","follow":"follow","max-snippet":"max-snippet:-1","max-image-preview":"max-image-preview:large","max-video-preview":"max-video-preview:-1"},"canonical":"https:\/\/www.horse-dental-equipment.com\/fr\/produit\/serenity-package-set-niveau-3-compact\/","og_locale":"fr_FR","og_type":"article","og_title":"Serenity Package Set Level 3 - COMPACT - Horse Dental Equipment","og_description":"HDE Serenity Package is a smart all inclusive service solution specially designed for practitioners who are interested in developing their equine dentistry service. It offers a unique combination of equipment adapted to your level of practice, studied for a better ergonomics to guarantee you a total peace of mind. Total Serenity from 249\u20ac exc. VAT\/month** [&hellip;]","og_url":"https:\/\/www.horse-dental-equipment.com\/fr\/produit\/serenity-package-set-niveau-3-compact\/","og_site_name":"Horse Dental Equipment","article_modified_time":"2026-04-01T14:21:29+00:00","og_image":[{"width":800,"height":619,"url":"https:\/\/www.horse-dental-equipment.com\/wp-content\/uploads\/2025\/04\/SP-SET_L3C.jpg","type":"image\/jpeg"}],"twitter_card":"summary_large_image","twitter_misc":{"Dur\u00e9e de lecture estim\u00e9e":"2 minutes"},"schema":{"@context":"https:\/\/schema.org","@graph":[{"@type":"WebPage","@id":"https:\/\/www.horse-dental-equipment.com\/product\/serenity-package-set-level-3-compact\/","url":"https:\/\/www.horse-dental-equipment.com\/product\/serenity-package-set-level-3-compact\/","name":"Serenity Package Set Niveau 3 - COMPACT - Horse Dental Equipment","isPartOf":{"@id":"https:\/\/www.horse-dental-equipment.com\/#website"},"primaryImageOfPage":{"@id":"https:\/\/www.horse-dental-equipment.com\/product\/serenity-package-set-level-3-compact\/#primaryimage"},"image":{"@id":"https:\/\/www.horse-dental-equipment.com\/product\/serenity-package-set-level-3-compact\/#primaryimage"},"thumbnailUrl":"https:\/\/www.horse-dental-equipment.com\/wp-content\/uploads\/2025\/04\/SP-SET_L3C.jpg","datePublished":"2025-07-11T12:40:06+00:00","dateModified":"2026-04-01T14:21:29+00:00","breadcrumb":{"@id":"https:\/\/www.horse-dental-equipment.com\/product\/serenity-package-set-level-3-compact\/#breadcrumb"},"inLanguage":"fr-FR","potentialAction":[{"@type":"ReadAction","target":["https:\/\/www.horse-dental-equipment.com\/product\/serenity-package-set-level-3-compact\/"]}]},{"@type":"ImageObject","inLanguage":"fr-FR","@id":"https:\/\/www.horse-dental-equipment.com\/product\/serenity-package-set-level-3-compact\/#primaryimage","url":"https:\/\/www.horse-dental-equipment.com\/wp-content\/uploads\/2025\/04\/SP-SET_L3C.jpg","contentUrl":"https:\/\/www.horse-dental-equipment.com\/wp-content\/uploads\/2025\/04\/SP-SET_L3C.jpg","width":800,"height":619,"caption":"Serenity Package - Set Level 3 Compact"},{"@type":"BreadcrumbList","@id":"https:\/\/www.horse-dental-equipment.com\/product\/serenity-package-set-level-3-compact\/#breadcrumb","itemListElement":[{"@type":"ListItem","position":1,"name":"Home","item":"https:\/\/www.horse-dental-equipment.com\/"},{"@type":"ListItem","position":2,"name":"Products","item":"https:\/\/www.horse-dental-equipment.com\/fr\/produits\/"},{"@type":"ListItem","position":3,"name":"Serenity Package Set Level 3 &#8211; COMPACT"}]},{"@type":"WebSite","@id":"https:\/\/www.horse-dental-equipment.com\/#website","url":"https:\/\/www.horse-dental-equipment.com\/","name":"Horse Dental Equipment","description":"Your partner to develop your equine dentistry business","potentialAction":[{"@type":"SearchAction","target":{"@type":"EntryPoint","urlTemplate":"https:\/\/www.horse-dental-equipment.com\/?s={search_term_string}"},"query-input":{"@type":"PropertyValueSpecification","valueRequired":true,"valueName":"search_term_string"}}],"inLanguage":"fr-FR"}]}},"_links":{"self":[{"href":"https:\/\/www.horse-dental-equipment.com\/fr\/wp-json\/wp\/v2\/product\/10982","targetHints":{"allow":["GET"]}}],"collection":[{"href":"https:\/\/www.horse-dental-equipment.com\/fr\/wp-json\/wp\/v2\/product"}],"about":[{"href":"https:\/\/www.horse-dental-equipment.com\/fr\/wp-json\/wp\/v2\/types\/product"}],"replies":[{"embeddable":true,"href":"https:\/\/www.horse-dental-equipment.com\/fr\/wp-json\/wp\/v2\/comments?post=10982"}],"wp:featuredmedia":[{"embeddable":true,"href":"https:\/\/www.horse-dental-equipment.com\/fr\/wp-json\/wp\/v2\/media\/10985"}],"wp:attachment":[{"href":"https:\/\/www.horse-dental-equipment.com\/fr\/wp-json\/wp\/v2\/media?parent=10982"}],"wp:term":[{"taxonomy":"product_brand","embeddable":true,"href":"https:\/\/www.horse-dental-equipment.com\/fr\/wp-json\/wp\/v2\/product_brand?post=10982"},{"taxonomy":"product_cat","embeddable":true,"href":"https:\/\/www.horse-dental-equipment.com\/fr\/wp-json\/wp\/v2\/product_cat?post=10982"},{"taxonomy":"product_tag","embeddable":true,"href":"https:\/\/www.horse-dental-equipment.com\/fr\/wp-json\/wp\/v2\/product_tag?post=10982"}],"curies":[{"name":"wp","href":"https:\/\/api.w.org\/{rel}","templated":true}]}}