{"id":10970,"date":"2025-04-03T10:47:03","date_gmt":"2025-04-03T08:47:03","guid":{"rendered":"https:\/\/www.horse-dental-equipment.com\/?post_type=product&#038;p=10970"},"modified":"2025-06-20T16:37:13","modified_gmt":"2025-06-20T14:37:13","slug":"poney-rape-mandibulaire-angle-5","status":"publish","type":"product","link":"https:\/\/www.horse-dental-equipment.com\/fr\/produit\/poney-rape-mandibulaire-angle-5\/","title":{"rendered":"Poney - R\u00e2pe Mandibulaire - Angle 5\u00b0"},"content":{"rendered":"<p>Ces r\u00e2pes ont \u00e9t\u00e9 sp\u00e9cialement con\u00e7ues pour travailler sur les poneys dont la bouche est plus \u00e9troite.<br \/>\nR\u00e2pe mandibulaire, angle 5\u00b0, 43 cm.<br \/>\nRecharge de 50 mm.<br \/>\nVendue sans recharge.<br \/>\nFacile d'entretien.<\/p>\n<p>Disponible jusqu'\u00e0 \u00e9puisement des stocks.<\/p>","protected":false},"excerpt":{"rendered":"<p>These rasps have been specially designed to work on ponies with smaller mouths. Mandibulary rasp, angle 5\u00b0, 43 cm. 50 mm blades. Sold without blades. The rubber handles are easy to clean. Available while stocks last.<\/p>","protected":false},"featured_media":10971,"comment_status":"closed","ping_status":"closed","template":"","meta":{"_acf_changed":false},"product_brand":[],"product_cat":[463],"product_tag":[],"class_list":{"0":"post-10970","1":"product","2":"type-product","3":"status-publish","4":"has-post-thumbnail","6":"product_cat-destocking","8":"first","9":"instock","10":"shipping-taxable","11":"product-type-simple"},"acf":[],"yoast_head":"<!-- This site is optimized with the Yoast SEO plugin v27.3 - https:\/\/yoast.com\/product\/yoast-seo-wordpress\/ -->\n<title>Pony - Mandibulary Rasp - Angle 5\u00b0 - Horse Dental Equipment<\/title>\n<meta name=\"description\" content=\"These rasps have been specially designed to work on ponies with smaller mouths. Mandibulary rasp, angle 5\u00b0, 43 cm. 50 mm blades. Sold without blades.\" \/>\n<meta name=\"robots\" content=\"index, follow, max-snippet:-1, max-image-preview:large, max-video-preview:-1\" \/>\n<link rel=\"canonical\" href=\"https:\/\/www.horse-dental-equipment.com\/fr\/produit\/poney-rape-mandibulaire-angle-5\/\" \/>\n<meta property=\"og:locale\" content=\"fr_FR\" \/>\n<meta property=\"og:type\" content=\"article\" \/>\n<meta property=\"og:title\" content=\"Pony - Mandibulary Rasp - Angle 5\u00b0 - Horse Dental Equipment\" \/>\n<meta property=\"og:description\" content=\"These rasps have been specially designed to work on ponies with smaller mouths. Mandibulary rasp, angle 5\u00b0, 43 cm. 50 mm blades. Sold without blades.\" \/>\n<meta property=\"og:url\" content=\"https:\/\/www.horse-dental-equipment.com\/fr\/produit\/poney-rape-mandibulaire-angle-5\/\" \/>\n<meta property=\"og:site_name\" content=\"Horse Dental Equipment\" \/>\n<meta property=\"article:modified_time\" content=\"2025-06-20T14:37:13+00:00\" \/>\n<meta property=\"og:image\" content=\"https:\/\/www.horse-dental-equipment.com\/wp-content\/uploads\/2025\/04\/RAP_BP3.jpg\" \/>\n\t<meta property=\"og:image:width\" content=\"800\" \/>\n\t<meta property=\"og:image:height\" content=\"619\" \/>\n\t<meta property=\"og:image:type\" content=\"image\/jpeg\" \/>\n<meta name=\"twitter:card\" content=\"summary_large_image\" \/>\n<meta name=\"twitter:label1\" content=\"Dur\u00e9e de lecture estim\u00e9e\" \/>\n\t<meta name=\"twitter:data1\" content=\"1 minute\" \/>\n<script type=\"application\/ld+json\" class=\"yoast-schema-graph\">{\"@context\":\"https:\\\/\\\/schema.org\",\"@graph\":[{\"@type\":\"WebPage\",\"@id\":\"https:\\\/\\\/www.horse-dental-equipment.com\\\/product\\\/pony-mandibulary-rasp-angle-5\\\/\",\"url\":\"https:\\\/\\\/www.horse-dental-equipment.com\\\/product\\\/pony-mandibulary-rasp-angle-5\\\/\",\"name\":\"Pony - Mandibulary Rasp - Angle 5\u00b0 - Horse Dental Equipment\",\"isPartOf\":{\"@id\":\"https:\\\/\\\/www.horse-dental-equipment.com\\\/#website\"},\"primaryImageOfPage\":{\"@id\":\"https:\\\/\\\/www.horse-dental-equipment.com\\\/product\\\/pony-mandibulary-rasp-angle-5\\\/#primaryimage\"},\"image\":{\"@id\":\"https:\\\/\\\/www.horse-dental-equipment.com\\\/product\\\/pony-mandibulary-rasp-angle-5\\\/#primaryimage\"},\"thumbnailUrl\":\"https:\\\/\\\/www.horse-dental-equipment.com\\\/wp-content\\\/uploads\\\/2025\\\/04\\\/RAP_BP3.jpg\",\"datePublished\":\"2025-04-03T08:47:03+00:00\",\"dateModified\":\"2025-06-20T14:37:13+00:00\",\"description\":\"These rasps have been specially designed to work on ponies with smaller mouths. Mandibulary rasp, angle 5\u00b0, 43 cm. 50 mm blades. Sold without blades.\",\"breadcrumb\":{\"@id\":\"https:\\\/\\\/www.horse-dental-equipment.com\\\/product\\\/pony-mandibulary-rasp-angle-5\\\/#breadcrumb\"},\"inLanguage\":\"fr-FR\",\"potentialAction\":[{\"@type\":\"ReadAction\",\"target\":[\"https:\\\/\\\/www.horse-dental-equipment.com\\\/product\\\/pony-mandibulary-rasp-angle-5\\\/\"]}]},{\"@type\":\"ImageObject\",\"inLanguage\":\"fr-FR\",\"@id\":\"https:\\\/\\\/www.horse-dental-equipment.com\\\/product\\\/pony-mandibulary-rasp-angle-5\\\/#primaryimage\",\"url\":\"https:\\\/\\\/www.horse-dental-equipment.com\\\/wp-content\\\/uploads\\\/2025\\\/04\\\/RAP_BP3.jpg\",\"contentUrl\":\"https:\\\/\\\/www.horse-dental-equipment.com\\\/wp-content\\\/uploads\\\/2025\\\/04\\\/RAP_BP3.jpg\",\"width\":800,\"height\":619,\"caption\":\"Pony - Mandibulary Rasp - Angle 5\u00b0\"},{\"@type\":\"BreadcrumbList\",\"@id\":\"https:\\\/\\\/www.horse-dental-equipment.com\\\/product\\\/pony-mandibulary-rasp-angle-5\\\/#breadcrumb\",\"itemListElement\":[{\"@type\":\"ListItem\",\"position\":1,\"name\":\"Home\",\"item\":\"https:\\\/\\\/www.horse-dental-equipment.com\\\/\"},{\"@type\":\"ListItem\",\"position\":2,\"name\":\"Products\",\"item\":\"https:\\\/\\\/www.horse-dental-equipment.com\\\/fr\\\/produits\\\/\"},{\"@type\":\"ListItem\",\"position\":3,\"name\":\"Pony &#8211; Mandibulary Rasp &#8211; Angle 5\u00b0\"}]},{\"@type\":\"WebSite\",\"@id\":\"https:\\\/\\\/www.horse-dental-equipment.com\\\/#website\",\"url\":\"https:\\\/\\\/www.horse-dental-equipment.com\\\/\",\"name\":\"Horse Dental Equipment\",\"description\":\"Your partner to develop your equine dentistry business\",\"potentialAction\":[{\"@type\":\"SearchAction\",\"target\":{\"@type\":\"EntryPoint\",\"urlTemplate\":\"https:\\\/\\\/www.horse-dental-equipment.com\\\/?s={search_term_string}\"},\"query-input\":{\"@type\":\"PropertyValueSpecification\",\"valueRequired\":true,\"valueName\":\"search_term_string\"}}],\"inLanguage\":\"fr-FR\"}]}<\/script>\n<!-- \/ Yoast SEO plugin. -->","yoast_head_json":{"title":"Poney - R\u00e2pe Maxillaire - Angle 15\u00b0 - Horse Dental Equipment","description":"Ces r\u00e2pes ont \u00e9t\u00e9 sp\u00e9cialement con\u00e7ues pour travailler sur les poneys dont la bouche est plus \u00e9troite.\nR\u00e2pe mandibulaire, angle 5\u00b0, 43 cm.\nRecharge de 50 mm.\nVendue sans recharge.","robots":{"index":"index","follow":"follow","max-snippet":"max-snippet:-1","max-image-preview":"max-image-preview:large","max-video-preview":"max-video-preview:-1"},"canonical":"https:\/\/www.horse-dental-equipment.com\/fr\/produit\/poney-rape-mandibulaire-angle-5\/","og_locale":"fr_FR","og_type":"article","og_title":"Pony - Mandibulary Rasp - Angle 5\u00b0 - Horse Dental Equipment","og_description":"These rasps have been specially designed to work on ponies with smaller mouths. Mandibulary rasp, angle 5\u00b0, 43 cm. 50 mm blades. Sold without blades.","og_url":"https:\/\/www.horse-dental-equipment.com\/fr\/produit\/poney-rape-mandibulaire-angle-5\/","og_site_name":"Horse Dental Equipment","article_modified_time":"2025-06-20T14:37:13+00:00","og_image":[{"width":800,"height":619,"url":"https:\/\/www.horse-dental-equipment.com\/wp-content\/uploads\/2025\/04\/RAP_BP3.jpg","type":"image\/jpeg"}],"twitter_card":"summary_large_image","twitter_misc":{"Dur\u00e9e de lecture estim\u00e9e":"1 minute"},"schema":{"@context":"https:\/\/schema.org","@graph":[{"@type":"WebPage","@id":"https:\/\/www.horse-dental-equipment.com\/product\/pony-mandibulary-rasp-angle-5\/","url":"https:\/\/www.horse-dental-equipment.com\/product\/pony-mandibulary-rasp-angle-5\/","name":"Poney - R\u00e2pe Maxillaire - Angle 15\u00b0 - Horse Dental Equipment","isPartOf":{"@id":"https:\/\/www.horse-dental-equipment.com\/#website"},"primaryImageOfPage":{"@id":"https:\/\/www.horse-dental-equipment.com\/product\/pony-mandibulary-rasp-angle-5\/#primaryimage"},"image":{"@id":"https:\/\/www.horse-dental-equipment.com\/product\/pony-mandibulary-rasp-angle-5\/#primaryimage"},"thumbnailUrl":"https:\/\/www.horse-dental-equipment.com\/wp-content\/uploads\/2025\/04\/RAP_BP3.jpg","datePublished":"2025-04-03T08:47:03+00:00","dateModified":"2025-06-20T14:37:13+00:00","description":"Ces r\u00e2pes ont \u00e9t\u00e9 sp\u00e9cialement con\u00e7ues pour travailler sur les poneys dont la bouche est plus \u00e9troite.\nR\u00e2pe mandibulaire, angle 5\u00b0, 43 cm.\nRecharge de 50 mm.\nVendue sans recharge.","breadcrumb":{"@id":"https:\/\/www.horse-dental-equipment.com\/product\/pony-mandibulary-rasp-angle-5\/#breadcrumb"},"inLanguage":"fr-FR","potentialAction":[{"@type":"ReadAction","target":["https:\/\/www.horse-dental-equipment.com\/product\/pony-mandibulary-rasp-angle-5\/"]}]},{"@type":"ImageObject","inLanguage":"fr-FR","@id":"https:\/\/www.horse-dental-equipment.com\/product\/pony-mandibulary-rasp-angle-5\/#primaryimage","url":"https:\/\/www.horse-dental-equipment.com\/wp-content\/uploads\/2025\/04\/RAP_BP3.jpg","contentUrl":"https:\/\/www.horse-dental-equipment.com\/wp-content\/uploads\/2025\/04\/RAP_BP3.jpg","width":800,"height":619,"caption":"Pony - Mandibulary Rasp - Angle 5\u00b0"},{"@type":"BreadcrumbList","@id":"https:\/\/www.horse-dental-equipment.com\/product\/pony-mandibulary-rasp-angle-5\/#breadcrumb","itemListElement":[{"@type":"ListItem","position":1,"name":"Home","item":"https:\/\/www.horse-dental-equipment.com\/"},{"@type":"ListItem","position":2,"name":"Products","item":"https:\/\/www.horse-dental-equipment.com\/fr\/produits\/"},{"@type":"ListItem","position":3,"name":"Pony &#8211; Mandibulary Rasp &#8211; Angle 5\u00b0"}]},{"@type":"WebSite","@id":"https:\/\/www.horse-dental-equipment.com\/#website","url":"https:\/\/www.horse-dental-equipment.com\/","name":"Horse Dental Equipment","description":"Your partner to develop your equine dentistry business","potentialAction":[{"@type":"SearchAction","target":{"@type":"EntryPoint","urlTemplate":"https:\/\/www.horse-dental-equipment.com\/?s={search_term_string}"},"query-input":{"@type":"PropertyValueSpecification","valueRequired":true,"valueName":"search_term_string"}}],"inLanguage":"fr-FR"}]}},"_links":{"self":[{"href":"https:\/\/www.horse-dental-equipment.com\/fr\/wp-json\/wp\/v2\/product\/10970","targetHints":{"allow":["GET"]}}],"collection":[{"href":"https:\/\/www.horse-dental-equipment.com\/fr\/wp-json\/wp\/v2\/product"}],"about":[{"href":"https:\/\/www.horse-dental-equipment.com\/fr\/wp-json\/wp\/v2\/types\/product"}],"replies":[{"embeddable":true,"href":"https:\/\/www.horse-dental-equipment.com\/fr\/wp-json\/wp\/v2\/comments?post=10970"}],"wp:featuredmedia":[{"embeddable":true,"href":"https:\/\/www.horse-dental-equipment.com\/fr\/wp-json\/wp\/v2\/media\/10971"}],"wp:attachment":[{"href":"https:\/\/www.horse-dental-equipment.com\/fr\/wp-json\/wp\/v2\/media?parent=10970"}],"wp:term":[{"taxonomy":"product_brand","embeddable":true,"href":"https:\/\/www.horse-dental-equipment.com\/fr\/wp-json\/wp\/v2\/product_brand?post=10970"},{"taxonomy":"product_cat","embeddable":true,"href":"https:\/\/www.horse-dental-equipment.com\/fr\/wp-json\/wp\/v2\/product_cat?post=10970"},{"taxonomy":"product_tag","embeddable":true,"href":"https:\/\/www.horse-dental-equipment.com\/fr\/wp-json\/wp\/v2\/product_tag?post=10970"}],"curies":[{"name":"wp","href":"https:\/\/api.w.org\/{rel}","templated":true}]}}