{"id":10901,"date":"2025-03-07T17:08:13","date_gmt":"2025-03-07T16:08:13","guid":{"rendered":"https:\/\/www.horse-dental-equipment.com\/?post_type=product&#038;p=10901"},"modified":"2025-07-25T16:19:13","modified_gmt":"2025-07-25T14:19:13","slug":"systeme-purge-fraises-watercooling","status":"publish","type":"product","link":"https:\/\/www.horse-dental-equipment.com\/fr\/produit\/systeme-purge-fraises-watercooling\/","title":{"rendered":"Syst\u00e8me de Purge pour Fraises Watercooling"},"content":{"rendered":"<p>Cet outil vous permet de nettoyer le c\u00e2ble interne de votre fraise Watercooling.<br \/>\nEn connectant le syst\u00e8me de purge \u00e0 la connexion Watercooling de votre fraise et en pressant la poire, celui-ci purge le c\u00e2ble interne avec de l'air et \u00e9limine les r\u00e9sidus.<\/p>","protected":false},"excerpt":{"rendered":"<p>This tool allows you to clean the inner cable of your Watercooling handpiece. By connecting the purge water system to the water connection of your handpiece and pressing the system, it flushes the inner cable with air and take out left residues.<\/p>","protected":false},"featured_media":10902,"comment_status":"closed","ping_status":"closed","template":"","meta":{"_acf_changed":false},"product_brand":[],"product_cat":[81,98,86],"product_tag":[],"class_list":{"0":"post-10901","1":"product","2":"type-product","3":"status-publish","4":"has-post-thumbnail","6":"product_cat-individual-motorized-instruments","7":"product_cat-motorized-instruments-accessories","8":"product_cat-watercooling","10":"first","11":"instock","12":"shipping-taxable","13":"purchasable","14":"product-type-simple"},"acf":[],"yoast_head":"<!-- This site is optimized with the Yoast SEO plugin v27.6 - https:\/\/yoast.com\/product\/yoast-seo-wordpress\/ -->\n<title>Purge Water System for Watercooling Handpieces - Horse Dental Equipment<\/title>\n<meta name=\"description\" content=\"This tool allows you to clean the inner cable of your Watercooling handpiece. By connecting the purge water system to the water connection...\" \/>\n<meta name=\"robots\" content=\"index, follow, max-snippet:-1, max-image-preview:large, max-video-preview:-1\" \/>\n<link rel=\"canonical\" href=\"https:\/\/www.horse-dental-equipment.com\/fr\/produit\/systeme-purge-fraises-watercooling\/\" \/>\n<meta property=\"og:locale\" content=\"fr_FR\" \/>\n<meta property=\"og:type\" content=\"article\" \/>\n<meta property=\"og:title\" content=\"Purge Water System for Watercooling Handpieces - Horse Dental Equipment\" \/>\n<meta property=\"og:description\" content=\"This tool allows you to clean the inner cable of your Watercooling handpiece. By connecting the purge water system to the water connection...\" \/>\n<meta property=\"og:url\" content=\"https:\/\/www.horse-dental-equipment.com\/fr\/produit\/systeme-purge-fraises-watercooling\/\" \/>\n<meta property=\"og:site_name\" content=\"Horse Dental Equipment\" \/>\n<meta property=\"article:modified_time\" content=\"2025-07-25T14:19:13+00:00\" \/>\n<meta property=\"og:image\" content=\"https:\/\/www.horse-dental-equipment.com\/wp-content\/uploads\/2025\/03\/FRA_SPFCIR.jpg\" \/>\n\t<meta property=\"og:image:width\" content=\"800\" \/>\n\t<meta property=\"og:image:height\" content=\"619\" \/>\n\t<meta property=\"og:image:type\" content=\"image\/jpeg\" \/>\n<meta name=\"twitter:card\" content=\"summary_large_image\" \/>\n<meta name=\"twitter:label1\" content=\"Dur\u00e9e de lecture estim\u00e9e\" \/>\n\t<meta name=\"twitter:data1\" content=\"1 minute\" \/>\n<script type=\"application\/ld+json\" class=\"yoast-schema-graph\">{\"@context\":\"https:\\\/\\\/schema.org\",\"@graph\":[{\"@type\":\"WebPage\",\"@id\":\"https:\\\/\\\/www.horse-dental-equipment.com\\\/product\\\/purge-water-system-watercooling-handpieces\\\/\",\"url\":\"https:\\\/\\\/www.horse-dental-equipment.com\\\/product\\\/purge-water-system-watercooling-handpieces\\\/\",\"name\":\"Purge Water System for Watercooling Handpieces - Horse Dental Equipment\",\"isPartOf\":{\"@id\":\"https:\\\/\\\/www.horse-dental-equipment.com\\\/#website\"},\"primaryImageOfPage\":{\"@id\":\"https:\\\/\\\/www.horse-dental-equipment.com\\\/product\\\/purge-water-system-watercooling-handpieces\\\/#primaryimage\"},\"image\":{\"@id\":\"https:\\\/\\\/www.horse-dental-equipment.com\\\/product\\\/purge-water-system-watercooling-handpieces\\\/#primaryimage\"},\"thumbnailUrl\":\"https:\\\/\\\/www.horse-dental-equipment.com\\\/wp-content\\\/uploads\\\/2025\\\/03\\\/FRA_SPFCIR.jpg\",\"datePublished\":\"2025-03-07T16:08:13+00:00\",\"dateModified\":\"2025-07-25T14:19:13+00:00\",\"description\":\"This tool allows you to clean the inner cable of your Watercooling handpiece. By connecting the purge water system to the water connection...\",\"breadcrumb\":{\"@id\":\"https:\\\/\\\/www.horse-dental-equipment.com\\\/product\\\/purge-water-system-watercooling-handpieces\\\/#breadcrumb\"},\"inLanguage\":\"fr-FR\",\"potentialAction\":[{\"@type\":\"ReadAction\",\"target\":[\"https:\\\/\\\/www.horse-dental-equipment.com\\\/product\\\/purge-water-system-watercooling-handpieces\\\/\"]}]},{\"@type\":\"ImageObject\",\"inLanguage\":\"fr-FR\",\"@id\":\"https:\\\/\\\/www.horse-dental-equipment.com\\\/product\\\/purge-water-system-watercooling-handpieces\\\/#primaryimage\",\"url\":\"https:\\\/\\\/www.horse-dental-equipment.com\\\/wp-content\\\/uploads\\\/2025\\\/03\\\/FRA_SPFCIR.jpg\",\"contentUrl\":\"https:\\\/\\\/www.horse-dental-equipment.com\\\/wp-content\\\/uploads\\\/2025\\\/03\\\/FRA_SPFCIR.jpg\",\"width\":800,\"height\":619,\"caption\":\"Purge Water System for Watercooling Handpieces\"},{\"@type\":\"BreadcrumbList\",\"@id\":\"https:\\\/\\\/www.horse-dental-equipment.com\\\/product\\\/purge-water-system-watercooling-handpieces\\\/#breadcrumb\",\"itemListElement\":[{\"@type\":\"ListItem\",\"position\":1,\"name\":\"Home\",\"item\":\"https:\\\/\\\/www.horse-dental-equipment.com\\\/\"},{\"@type\":\"ListItem\",\"position\":2,\"name\":\"Products\",\"item\":\"https:\\\/\\\/www.horse-dental-equipment.com\\\/fr\\\/produits\\\/\"},{\"@type\":\"ListItem\",\"position\":3,\"name\":\"Purge Water System for Watercooling Handpieces\"}]},{\"@type\":\"WebSite\",\"@id\":\"https:\\\/\\\/www.horse-dental-equipment.com\\\/#website\",\"url\":\"https:\\\/\\\/www.horse-dental-equipment.com\\\/\",\"name\":\"Horse Dental Equipment\",\"description\":\"Your partner to develop your equine dentistry business\",\"potentialAction\":[{\"@type\":\"SearchAction\",\"target\":{\"@type\":\"EntryPoint\",\"urlTemplate\":\"https:\\\/\\\/www.horse-dental-equipment.com\\\/?s={search_term_string}\"},\"query-input\":{\"@type\":\"PropertyValueSpecification\",\"valueRequired\":true,\"valueName\":\"search_term_string\"}}],\"inLanguage\":\"fr-FR\"}]}<\/script>\n<!-- \/ Yoast SEO plugin. -->","yoast_head_json":{"title":"Syst\u00e8me de Purge pour Fraises Watercooling - Horse Dental Equipment","description":"Cet outil vous permet de nettoyer le c\u00e2ble interne de votre fraise Watercooling.\nEn connectant le syst\u00e8me de purge \u00e0 la connexion Watercooling de votre fraise et en pressant la poire, celui-vi purge le c\u00e2ble interne avec de l'air et \u00e9limine les r\u00e9sidus.","robots":{"index":"index","follow":"follow","max-snippet":"max-snippet:-1","max-image-preview":"max-image-preview:large","max-video-preview":"max-video-preview:-1"},"canonical":"https:\/\/www.horse-dental-equipment.com\/fr\/produit\/systeme-purge-fraises-watercooling\/","og_locale":"fr_FR","og_type":"article","og_title":"Purge Water System for Watercooling Handpieces - Horse Dental Equipment","og_description":"This tool allows you to clean the inner cable of your Watercooling handpiece. By connecting the purge water system to the water connection...","og_url":"https:\/\/www.horse-dental-equipment.com\/fr\/produit\/systeme-purge-fraises-watercooling\/","og_site_name":"Horse Dental Equipment","article_modified_time":"2025-07-25T14:19:13+00:00","og_image":[{"width":800,"height":619,"url":"https:\/\/www.horse-dental-equipment.com\/wp-content\/uploads\/2025\/03\/FRA_SPFCIR.jpg","type":"image\/jpeg"}],"twitter_card":"summary_large_image","twitter_misc":{"Dur\u00e9e de lecture estim\u00e9e":"1 minute"},"schema":{"@context":"https:\/\/schema.org","@graph":[{"@type":"WebPage","@id":"https:\/\/www.horse-dental-equipment.com\/product\/purge-water-system-watercooling-handpieces\/","url":"https:\/\/www.horse-dental-equipment.com\/product\/purge-water-system-watercooling-handpieces\/","name":"Syst\u00e8me de Purge pour Fraises Watercooling - Horse Dental Equipment","isPartOf":{"@id":"https:\/\/www.horse-dental-equipment.com\/#website"},"primaryImageOfPage":{"@id":"https:\/\/www.horse-dental-equipment.com\/product\/purge-water-system-watercooling-handpieces\/#primaryimage"},"image":{"@id":"https:\/\/www.horse-dental-equipment.com\/product\/purge-water-system-watercooling-handpieces\/#primaryimage"},"thumbnailUrl":"https:\/\/www.horse-dental-equipment.com\/wp-content\/uploads\/2025\/03\/FRA_SPFCIR.jpg","datePublished":"2025-03-07T16:08:13+00:00","dateModified":"2025-07-25T14:19:13+00:00","description":"Cet outil vous permet de nettoyer le c\u00e2ble interne de votre fraise Watercooling.\nEn connectant le syst\u00e8me de purge \u00e0 la connexion Watercooling de votre fraise et en pressant la poire, celui-vi purge le c\u00e2ble interne avec de l'air et \u00e9limine les r\u00e9sidus.","breadcrumb":{"@id":"https:\/\/www.horse-dental-equipment.com\/product\/purge-water-system-watercooling-handpieces\/#breadcrumb"},"inLanguage":"fr-FR","potentialAction":[{"@type":"ReadAction","target":["https:\/\/www.horse-dental-equipment.com\/product\/purge-water-system-watercooling-handpieces\/"]}]},{"@type":"ImageObject","inLanguage":"fr-FR","@id":"https:\/\/www.horse-dental-equipment.com\/product\/purge-water-system-watercooling-handpieces\/#primaryimage","url":"https:\/\/www.horse-dental-equipment.com\/wp-content\/uploads\/2025\/03\/FRA_SPFCIR.jpg","contentUrl":"https:\/\/www.horse-dental-equipment.com\/wp-content\/uploads\/2025\/03\/FRA_SPFCIR.jpg","width":800,"height":619,"caption":"Purge Water System for Watercooling Handpieces"},{"@type":"BreadcrumbList","@id":"https:\/\/www.horse-dental-equipment.com\/product\/purge-water-system-watercooling-handpieces\/#breadcrumb","itemListElement":[{"@type":"ListItem","position":1,"name":"Home","item":"https:\/\/www.horse-dental-equipment.com\/"},{"@type":"ListItem","position":2,"name":"Products","item":"https:\/\/www.horse-dental-equipment.com\/fr\/produits\/"},{"@type":"ListItem","position":3,"name":"Purge Water System for Watercooling Handpieces"}]},{"@type":"WebSite","@id":"https:\/\/www.horse-dental-equipment.com\/#website","url":"https:\/\/www.horse-dental-equipment.com\/","name":"Horse Dental Equipment","description":"Your partner to develop your equine dentistry business","potentialAction":[{"@type":"SearchAction","target":{"@type":"EntryPoint","urlTemplate":"https:\/\/www.horse-dental-equipment.com\/?s={search_term_string}"},"query-input":{"@type":"PropertyValueSpecification","valueRequired":true,"valueName":"search_term_string"}}],"inLanguage":"fr-FR"}]}},"_links":{"self":[{"href":"https:\/\/www.horse-dental-equipment.com\/fr\/wp-json\/wp\/v2\/product\/10901","targetHints":{"allow":["GET"]}}],"collection":[{"href":"https:\/\/www.horse-dental-equipment.com\/fr\/wp-json\/wp\/v2\/product"}],"about":[{"href":"https:\/\/www.horse-dental-equipment.com\/fr\/wp-json\/wp\/v2\/types\/product"}],"replies":[{"embeddable":true,"href":"https:\/\/www.horse-dental-equipment.com\/fr\/wp-json\/wp\/v2\/comments?post=10901"}],"wp:featuredmedia":[{"embeddable":true,"href":"https:\/\/www.horse-dental-equipment.com\/fr\/wp-json\/wp\/v2\/media\/10902"}],"wp:attachment":[{"href":"https:\/\/www.horse-dental-equipment.com\/fr\/wp-json\/wp\/v2\/media?parent=10901"}],"wp:term":[{"taxonomy":"product_brand","embeddable":true,"href":"https:\/\/www.horse-dental-equipment.com\/fr\/wp-json\/wp\/v2\/product_brand?post=10901"},{"taxonomy":"product_cat","embeddable":true,"href":"https:\/\/www.horse-dental-equipment.com\/fr\/wp-json\/wp\/v2\/product_cat?post=10901"},{"taxonomy":"product_tag","embeddable":true,"href":"https:\/\/www.horse-dental-equipment.com\/fr\/wp-json\/wp\/v2\/product_tag?post=10901"}],"curies":[{"name":"wp","href":"https:\/\/api.w.org\/{rel}","templated":true}]}}