{"id":10521,"date":"2024-09-18T15:44:05","date_gmt":"2024-09-18T13:44:05","guid":{"rendered":"https:\/\/www.horse-dental-equipment.com\/?post_type=product&#038;p=10521"},"modified":"2026-04-01T14:52:34","modified_gmt":"2026-04-01T12:52:34","slug":"geysir","status":"publish","type":"product","link":"https:\/\/www.horse-dental-equipment.com\/fr\/produit\/geysir\/","title":{"rendered":"Geysir"},"content":{"rendered":"<p>GEYSIR est le premier support manuel de limes endodontiques avec option de rin\u00e7age con\u00e7u pour la dentisterie des grands animaux.<br \/>\nIl est temps de laisser votre aiguille dans votre kit de suture et de vous procurer un instrument sp\u00e9cialement con\u00e7u pour porter vos limes endodontiques.<\/p>\n<p>La conception vigoureusement test\u00e9e et prot\u00e9g\u00e9e de GEYSIR est id\u00e9ale pour :<br \/>\n\u2022 D\u00e9gager les aliments malodorants des diast\u00e8mes profonds<br \/>\n\u2022 Sonder les d\u00e9fauts occlusaux<br \/>\n\u2022 D\u00e9bridement des cavit\u00e9s pulpaires au cours du traitement endodontique<br \/>\n\u2022 Extraire la v\u00e9g\u00e9tation d'un infundibulum carieux<\/p>\n<p>Connectez votre GEYSIR \u00e0 la pompe \u00e0 fluide de votre choix via la connexion Luer Lock, l'un de nos adaptateurs ou la p\u00e9dale de commande au sol et il \u00e9vacuera imm\u00e9diatement les aliments d\u00e9log\u00e9s et les copeaux dentaires pendant que vous proc\u00e9dez. Nous fabriquons des adaptateurs pour n'importe quelle pompe v\u00e9t\u00e9rinaire ou non v\u00e9t\u00e9rinaire, et m\u00eame pour votre tuyau d'arrosage !<\/p>\n<p>Caract\u00e9ristiques :<br \/>\n\u2022 Convient \u00e0 toutes les limes endodontiques manuelles jusqu'\u00e0 un diam\u00e8tre de manche de 4,5 mm<br \/>\n\u2022 Vis de r\u00e9glage \u00e0 filetage fin : aucun outil n'est n\u00e9cessaire<br \/>\n\u2022 Ouverture de rin\u00e7age pr\u00e9cise<br \/>\n\u2022 Connexion Luer Lock<br \/>\n\u2022 Longueur totale : 33 cm<br \/>\n\u2022 100% acier inoxydable<br \/>\n\u2022 Autoclavable<br \/>\n\u2022 Fabriqu\u00e9 \u00e0 la main en Allemagne<\/p>\n<p>Comprend :<br \/>\n\u2022 Un GEYSIR avec vis de blocage<br \/>\n\u2022 Une pochette de rangement en tissu<\/p>\n<p>Disponible jusqu'\u00e0 \u00e9puisement des stocks.<\/p>\n<p>Con\u00e7u et fabriqu\u00e9 par F\u00d8G - \u00d8utrageous veterinary equipment and tools<\/p>","protected":false},"excerpt":{"rendered":"<p>GEYSIR is the first manual endodontic file holder with flushing option designed for large animal dentistry. It&#8217;s time to leave your needle driver in your suturing kit and get yourself a purpose built instrument to hold your endodontic files. The vigorously tested and protected design of GEYSIR is ideal for: \u2022 Getting the smelly food [&hellip;]<\/p>\n","protected":false},"featured_media":10522,"comment_status":"closed","ping_status":"closed","template":"","meta":{"_acf_changed":false},"product_brand":[],"product_cat":[15,463],"product_tag":[],"class_list":{"0":"post-10521","1":"product","2":"type-product","3":"status-publish","4":"has-post-thumbnail","6":"product_cat-pegasos","7":"product_cat-destocking","9":"first","10":"instock","11":"shipping-taxable","12":"product-type-simple"},"acf":[],"yoast_head":"<!-- This site is optimized with the Yoast SEO plugin v27.3 - https:\/\/yoast.com\/product\/yoast-seo-wordpress\/ -->\n<title>Geysir - Horse Dental Equipment<\/title>\n<meta name=\"robots\" content=\"index, follow, max-snippet:-1, max-image-preview:large, max-video-preview:-1\" \/>\n<link rel=\"canonical\" href=\"https:\/\/www.horse-dental-equipment.com\/fr\/produit\/geysir\/\" \/>\n<meta property=\"og:locale\" content=\"fr_FR\" \/>\n<meta property=\"og:type\" content=\"article\" \/>\n<meta property=\"og:title\" content=\"Geysir - Horse Dental Equipment\" \/>\n<meta property=\"og:description\" content=\"GEYSIR is the first manual endodontic file holder with flushing option designed for large animal dentistry. It&#8217;s time to leave your needle driver in your suturing kit and get yourself a purpose built instrument to hold your endodontic files. The vigorously tested and protected design of GEYSIR is ideal for: \u2022 Getting the smelly food [&hellip;]\" \/>\n<meta property=\"og:url\" content=\"https:\/\/www.horse-dental-equipment.com\/fr\/produit\/geysir\/\" \/>\n<meta property=\"og:site_name\" content=\"Horse Dental Equipment\" \/>\n<meta property=\"article:modified_time\" content=\"2026-04-01T12:52:34+00:00\" \/>\n<meta property=\"og:image\" content=\"https:\/\/www.horse-dental-equipment.com\/wp-content\/uploads\/2024\/09\/PEGA_G.jpg\" \/>\n\t<meta property=\"og:image:width\" content=\"800\" \/>\n\t<meta property=\"og:image:height\" content=\"619\" \/>\n\t<meta property=\"og:image:type\" content=\"image\/jpeg\" \/>\n<meta name=\"twitter:card\" content=\"summary_large_image\" \/>\n<meta name=\"twitter:label1\" content=\"Dur\u00e9e de lecture estim\u00e9e\" \/>\n\t<meta name=\"twitter:data1\" content=\"2 minutes\" \/>\n<script type=\"application\/ld+json\" class=\"yoast-schema-graph\">{\"@context\":\"https:\\\/\\\/schema.org\",\"@graph\":[{\"@type\":\"WebPage\",\"@id\":\"https:\\\/\\\/www.horse-dental-equipment.com\\\/product\\\/geysir\\\/\",\"url\":\"https:\\\/\\\/www.horse-dental-equipment.com\\\/product\\\/geysir\\\/\",\"name\":\"Geysir - Horse Dental Equipment\",\"isPartOf\":{\"@id\":\"https:\\\/\\\/www.horse-dental-equipment.com\\\/#website\"},\"primaryImageOfPage\":{\"@id\":\"https:\\\/\\\/www.horse-dental-equipment.com\\\/product\\\/geysir\\\/#primaryimage\"},\"image\":{\"@id\":\"https:\\\/\\\/www.horse-dental-equipment.com\\\/product\\\/geysir\\\/#primaryimage\"},\"thumbnailUrl\":\"https:\\\/\\\/www.horse-dental-equipment.com\\\/wp-content\\\/uploads\\\/2024\\\/09\\\/PEGA_G.jpg\",\"datePublished\":\"2024-09-18T13:44:05+00:00\",\"dateModified\":\"2026-04-01T12:52:34+00:00\",\"breadcrumb\":{\"@id\":\"https:\\\/\\\/www.horse-dental-equipment.com\\\/product\\\/geysir\\\/#breadcrumb\"},\"inLanguage\":\"fr-FR\",\"potentialAction\":[{\"@type\":\"ReadAction\",\"target\":[\"https:\\\/\\\/www.horse-dental-equipment.com\\\/product\\\/geysir\\\/\"]}]},{\"@type\":\"ImageObject\",\"inLanguage\":\"fr-FR\",\"@id\":\"https:\\\/\\\/www.horse-dental-equipment.com\\\/product\\\/geysir\\\/#primaryimage\",\"url\":\"https:\\\/\\\/www.horse-dental-equipment.com\\\/wp-content\\\/uploads\\\/2024\\\/09\\\/PEGA_G.jpg\",\"contentUrl\":\"https:\\\/\\\/www.horse-dental-equipment.com\\\/wp-content\\\/uploads\\\/2024\\\/09\\\/PEGA_G.jpg\",\"width\":800,\"height\":619,\"caption\":\"Geysir\"},{\"@type\":\"BreadcrumbList\",\"@id\":\"https:\\\/\\\/www.horse-dental-equipment.com\\\/product\\\/geysir\\\/#breadcrumb\",\"itemListElement\":[{\"@type\":\"ListItem\",\"position\":1,\"name\":\"Home\",\"item\":\"https:\\\/\\\/www.horse-dental-equipment.com\\\/\"},{\"@type\":\"ListItem\",\"position\":2,\"name\":\"Products\",\"item\":\"https:\\\/\\\/www.horse-dental-equipment.com\\\/fr\\\/produits\\\/\"},{\"@type\":\"ListItem\",\"position\":3,\"name\":\"Geysir\"}]},{\"@type\":\"WebSite\",\"@id\":\"https:\\\/\\\/www.horse-dental-equipment.com\\\/#website\",\"url\":\"https:\\\/\\\/www.horse-dental-equipment.com\\\/\",\"name\":\"Horse Dental Equipment\",\"description\":\"Your partner to develop your equine dentistry business\",\"potentialAction\":[{\"@type\":\"SearchAction\",\"target\":{\"@type\":\"EntryPoint\",\"urlTemplate\":\"https:\\\/\\\/www.horse-dental-equipment.com\\\/?s={search_term_string}\"},\"query-input\":{\"@type\":\"PropertyValueSpecification\",\"valueRequired\":true,\"valueName\":\"search_term_string\"}}],\"inLanguage\":\"fr-FR\"}]}<\/script>\n<!-- \/ Yoast SEO plugin. -->","yoast_head_json":{"title":"Geysir - Horse Dental Equipment","robots":{"index":"index","follow":"follow","max-snippet":"max-snippet:-1","max-image-preview":"max-image-preview:large","max-video-preview":"max-video-preview:-1"},"canonical":"https:\/\/www.horse-dental-equipment.com\/fr\/produit\/geysir\/","og_locale":"fr_FR","og_type":"article","og_title":"Geysir - Horse Dental Equipment","og_description":"GEYSIR is the first manual endodontic file holder with flushing option designed for large animal dentistry. It&#8217;s time to leave your needle driver in your suturing kit and get yourself a purpose built instrument to hold your endodontic files. The vigorously tested and protected design of GEYSIR is ideal for: \u2022 Getting the smelly food [&hellip;]","og_url":"https:\/\/www.horse-dental-equipment.com\/fr\/produit\/geysir\/","og_site_name":"Horse Dental Equipment","article_modified_time":"2026-04-01T12:52:34+00:00","og_image":[{"width":800,"height":619,"url":"https:\/\/www.horse-dental-equipment.com\/wp-content\/uploads\/2024\/09\/PEGA_G.jpg","type":"image\/jpeg"}],"twitter_card":"summary_large_image","twitter_misc":{"Dur\u00e9e de lecture estim\u00e9e":"2 minutes"},"schema":{"@context":"https:\/\/schema.org","@graph":[{"@type":"WebPage","@id":"https:\/\/www.horse-dental-equipment.com\/product\/geysir\/","url":"https:\/\/www.horse-dental-equipment.com\/product\/geysir\/","name":"Geysir - Horse Dental Equipment","isPartOf":{"@id":"https:\/\/www.horse-dental-equipment.com\/#website"},"primaryImageOfPage":{"@id":"https:\/\/www.horse-dental-equipment.com\/product\/geysir\/#primaryimage"},"image":{"@id":"https:\/\/www.horse-dental-equipment.com\/product\/geysir\/#primaryimage"},"thumbnailUrl":"https:\/\/www.horse-dental-equipment.com\/wp-content\/uploads\/2024\/09\/PEGA_G.jpg","datePublished":"2024-09-18T13:44:05+00:00","dateModified":"2026-04-01T12:52:34+00:00","breadcrumb":{"@id":"https:\/\/www.horse-dental-equipment.com\/product\/geysir\/#breadcrumb"},"inLanguage":"fr-FR","potentialAction":[{"@type":"ReadAction","target":["https:\/\/www.horse-dental-equipment.com\/product\/geysir\/"]}]},{"@type":"ImageObject","inLanguage":"fr-FR","@id":"https:\/\/www.horse-dental-equipment.com\/product\/geysir\/#primaryimage","url":"https:\/\/www.horse-dental-equipment.com\/wp-content\/uploads\/2024\/09\/PEGA_G.jpg","contentUrl":"https:\/\/www.horse-dental-equipment.com\/wp-content\/uploads\/2024\/09\/PEGA_G.jpg","width":800,"height":619,"caption":"Geysir"},{"@type":"BreadcrumbList","@id":"https:\/\/www.horse-dental-equipment.com\/product\/geysir\/#breadcrumb","itemListElement":[{"@type":"ListItem","position":1,"name":"Home","item":"https:\/\/www.horse-dental-equipment.com\/"},{"@type":"ListItem","position":2,"name":"Products","item":"https:\/\/www.horse-dental-equipment.com\/fr\/produits\/"},{"@type":"ListItem","position":3,"name":"Geysir"}]},{"@type":"WebSite","@id":"https:\/\/www.horse-dental-equipment.com\/#website","url":"https:\/\/www.horse-dental-equipment.com\/","name":"Horse Dental Equipment","description":"Your partner to develop your equine dentistry business","potentialAction":[{"@type":"SearchAction","target":{"@type":"EntryPoint","urlTemplate":"https:\/\/www.horse-dental-equipment.com\/?s={search_term_string}"},"query-input":{"@type":"PropertyValueSpecification","valueRequired":true,"valueName":"search_term_string"}}],"inLanguage":"fr-FR"}]}},"_links":{"self":[{"href":"https:\/\/www.horse-dental-equipment.com\/fr\/wp-json\/wp\/v2\/product\/10521","targetHints":{"allow":["GET"]}}],"collection":[{"href":"https:\/\/www.horse-dental-equipment.com\/fr\/wp-json\/wp\/v2\/product"}],"about":[{"href":"https:\/\/www.horse-dental-equipment.com\/fr\/wp-json\/wp\/v2\/types\/product"}],"replies":[{"embeddable":true,"href":"https:\/\/www.horse-dental-equipment.com\/fr\/wp-json\/wp\/v2\/comments?post=10521"}],"wp:featuredmedia":[{"embeddable":true,"href":"https:\/\/www.horse-dental-equipment.com\/fr\/wp-json\/wp\/v2\/media\/10522"}],"wp:attachment":[{"href":"https:\/\/www.horse-dental-equipment.com\/fr\/wp-json\/wp\/v2\/media?parent=10521"}],"wp:term":[{"taxonomy":"product_brand","embeddable":true,"href":"https:\/\/www.horse-dental-equipment.com\/fr\/wp-json\/wp\/v2\/product_brand?post=10521"},{"taxonomy":"product_cat","embeddable":true,"href":"https:\/\/www.horse-dental-equipment.com\/fr\/wp-json\/wp\/v2\/product_cat?post=10521"},{"taxonomy":"product_tag","embeddable":true,"href":"https:\/\/www.horse-dental-equipment.com\/fr\/wp-json\/wp\/v2\/product_tag?post=10521"}],"curies":[{"name":"wp","href":"https:\/\/api.w.org\/{rel}","templated":true}]}}