{"id":10263,"date":"2024-06-05T16:13:27","date_gmt":"2024-06-05T14:13:27","guid":{"rendered":"http:\/\/www.horse-dental-equipment.com\/?post_type=product&#038;p=10263"},"modified":"2025-07-25T16:30:46","modified_gmt":"2025-07-25T14:30:46","slug":"luxateur-7-mm-extraction-incisives","status":"publish","type":"product","link":"https:\/\/www.horse-dental-equipment.com\/fr\/produit\/luxateur-7-mm-extraction-incisives\/","title":{"rendered":"Luxateur 7 mm pour Extraction des Incisives"},"content":{"rendered":"<p>Ce luxateur \u00e0 manche robuste est con\u00e7u pour l'extraction des incisives. Il peut \u00eatre st\u00e9rilis\u00e9 en autoclave ou d\u00e9sinfect\u00e9 chimiquement.<\/p>\n<p><iframe title=\"vimeo-player\" src=\"https:\/\/player.vimeo.com\/video\/970706976?h=eb7a87d8db\" width=\"640\" height=\"360\" frameborder=\"0\" allowfullscreen=\"allowfullscreen\"><\/iframe><\/p>\n<p>Luxator for Incisors Extraction &#8211; Dr Frank Schellenberger<\/p>","protected":false},"excerpt":{"rendered":"<p>This luxator with robust handle is made for extraction of incisors. It can be autoclaved or chemically disinfected. Luxator for Incisors Extraction &#8211; Dr Frank Schellenberger<\/p>","protected":false},"featured_media":10264,"comment_status":"closed","ping_status":"closed","template":"","meta":{"_acf_changed":false},"product_brand":[],"product_cat":[186,15,111],"product_tag":[],"class_list":{"0":"post-10263","1":"product","2":"type-product","3":"status-publish","4":"has-post-thumbnail","6":"product_cat-new-products","7":"product_cat-pegasos","8":"product_cat-pegasos-stomatology","10":"first","11":"instock","12":"shipping-taxable","13":"purchasable","14":"product-type-simple"},"acf":[],"yoast_head":"<!-- This site is optimized with the Yoast SEO plugin v27.4 - https:\/\/yoast.com\/product\/yoast-seo-wordpress\/ -->\n<title>Luxator 7 mm for Incisor Extraction - Horse Dental Equipment<\/title>\n<meta name=\"description\" content=\"This luxator with robust handle is made for extraction of incisors. It can be autoclaved or chemically disinfected.\" \/>\n<meta name=\"robots\" content=\"index, follow, max-snippet:-1, max-image-preview:large, max-video-preview:-1\" \/>\n<link rel=\"canonical\" href=\"https:\/\/www.horse-dental-equipment.com\/fr\/produit\/luxateur-7-mm-extraction-incisives\/\" \/>\n<meta property=\"og:locale\" content=\"fr_FR\" \/>\n<meta property=\"og:type\" content=\"article\" \/>\n<meta property=\"og:title\" content=\"Luxator 7 mm for Incisor Extraction - Horse Dental Equipment\" \/>\n<meta property=\"og:description\" content=\"This luxator with robust handle is made for extraction of incisors. It can be autoclaved or chemically disinfected.\" \/>\n<meta property=\"og:url\" content=\"https:\/\/www.horse-dental-equipment.com\/fr\/produit\/luxateur-7-mm-extraction-incisives\/\" \/>\n<meta property=\"og:site_name\" content=\"Horse Dental Equipment\" \/>\n<meta property=\"article:modified_time\" content=\"2025-07-25T14:30:46+00:00\" \/>\n<meta property=\"og:image\" content=\"https:\/\/www.horse-dental-equipment.com\/wp-content\/uploads\/2024\/06\/PEGA_312020.jpg\" \/>\n\t<meta property=\"og:image:width\" content=\"800\" \/>\n\t<meta property=\"og:image:height\" content=\"619\" \/>\n\t<meta property=\"og:image:type\" content=\"image\/jpeg\" \/>\n<meta name=\"twitter:card\" content=\"summary_large_image\" \/>\n<meta name=\"twitter:label1\" content=\"Dur\u00e9e de lecture estim\u00e9e\" \/>\n\t<meta name=\"twitter:data1\" content=\"1 minute\" \/>\n<script type=\"application\/ld+json\" class=\"yoast-schema-graph\">{\"@context\":\"https:\\\/\\\/schema.org\",\"@graph\":[{\"@type\":\"WebPage\",\"@id\":\"https:\\\/\\\/www.horse-dental-equipment.com\\\/product\\\/luxator-7-mm-incisor-extraction\\\/\",\"url\":\"https:\\\/\\\/www.horse-dental-equipment.com\\\/product\\\/luxator-7-mm-incisor-extraction\\\/\",\"name\":\"Luxator 7 mm for Incisor Extraction - Horse Dental Equipment\",\"isPartOf\":{\"@id\":\"https:\\\/\\\/www.horse-dental-equipment.com\\\/#website\"},\"primaryImageOfPage\":{\"@id\":\"https:\\\/\\\/www.horse-dental-equipment.com\\\/product\\\/luxator-7-mm-incisor-extraction\\\/#primaryimage\"},\"image\":{\"@id\":\"https:\\\/\\\/www.horse-dental-equipment.com\\\/product\\\/luxator-7-mm-incisor-extraction\\\/#primaryimage\"},\"thumbnailUrl\":\"https:\\\/\\\/www.horse-dental-equipment.com\\\/wp-content\\\/uploads\\\/2024\\\/06\\\/PEGA_312020.jpg\",\"datePublished\":\"2024-06-05T14:13:27+00:00\",\"dateModified\":\"2025-07-25T14:30:46+00:00\",\"description\":\"This luxator with robust handle is made for extraction of incisors. It can be autoclaved or chemically disinfected.\",\"breadcrumb\":{\"@id\":\"https:\\\/\\\/www.horse-dental-equipment.com\\\/product\\\/luxator-7-mm-incisor-extraction\\\/#breadcrumb\"},\"inLanguage\":\"fr-FR\",\"potentialAction\":[{\"@type\":\"ReadAction\",\"target\":[\"https:\\\/\\\/www.horse-dental-equipment.com\\\/product\\\/luxator-7-mm-incisor-extraction\\\/\"]}]},{\"@type\":\"ImageObject\",\"inLanguage\":\"fr-FR\",\"@id\":\"https:\\\/\\\/www.horse-dental-equipment.com\\\/product\\\/luxator-7-mm-incisor-extraction\\\/#primaryimage\",\"url\":\"https:\\\/\\\/www.horse-dental-equipment.com\\\/wp-content\\\/uploads\\\/2024\\\/06\\\/PEGA_312020.jpg\",\"contentUrl\":\"https:\\\/\\\/www.horse-dental-equipment.com\\\/wp-content\\\/uploads\\\/2024\\\/06\\\/PEGA_312020.jpg\",\"width\":800,\"height\":619,\"caption\":\"Luxator 7 mm for Incisor Extraction\"},{\"@type\":\"BreadcrumbList\",\"@id\":\"https:\\\/\\\/www.horse-dental-equipment.com\\\/product\\\/luxator-7-mm-incisor-extraction\\\/#breadcrumb\",\"itemListElement\":[{\"@type\":\"ListItem\",\"position\":1,\"name\":\"Home\",\"item\":\"https:\\\/\\\/www.horse-dental-equipment.com\\\/\"},{\"@type\":\"ListItem\",\"position\":2,\"name\":\"Products\",\"item\":\"https:\\\/\\\/www.horse-dental-equipment.com\\\/fr\\\/produits\\\/\"},{\"@type\":\"ListItem\",\"position\":3,\"name\":\"Luxator 7 mm for Incisor Extraction\"}]},{\"@type\":\"WebSite\",\"@id\":\"https:\\\/\\\/www.horse-dental-equipment.com\\\/#website\",\"url\":\"https:\\\/\\\/www.horse-dental-equipment.com\\\/\",\"name\":\"Horse Dental Equipment\",\"description\":\"Your partner to develop your equine dentistry business\",\"potentialAction\":[{\"@type\":\"SearchAction\",\"target\":{\"@type\":\"EntryPoint\",\"urlTemplate\":\"https:\\\/\\\/www.horse-dental-equipment.com\\\/?s={search_term_string}\"},\"query-input\":{\"@type\":\"PropertyValueSpecification\",\"valueRequired\":true,\"valueName\":\"search_term_string\"}}],\"inLanguage\":\"fr-FR\"}]}<\/script>\n<!-- \/ Yoast SEO plugin. -->","yoast_head_json":{"title":"Luxateur 7 mm pour Extraction des Incisives","description":"Ce luxateur \u00e0 manche robuste est con\u00e7u pour l'extraction des incisives. Il peut \u00eatre st\u00e9rilis\u00e9 en autoclave ou d\u00e9sinfect\u00e9 chimiquement.","robots":{"index":"index","follow":"follow","max-snippet":"max-snippet:-1","max-image-preview":"max-image-preview:large","max-video-preview":"max-video-preview:-1"},"canonical":"https:\/\/www.horse-dental-equipment.com\/fr\/produit\/luxateur-7-mm-extraction-incisives\/","og_locale":"fr_FR","og_type":"article","og_title":"Luxator 7 mm for Incisor Extraction - Horse Dental Equipment","og_description":"This luxator with robust handle is made for extraction of incisors. It can be autoclaved or chemically disinfected.","og_url":"https:\/\/www.horse-dental-equipment.com\/fr\/produit\/luxateur-7-mm-extraction-incisives\/","og_site_name":"Horse Dental Equipment","article_modified_time":"2025-07-25T14:30:46+00:00","og_image":[{"width":800,"height":619,"url":"https:\/\/www.horse-dental-equipment.com\/wp-content\/uploads\/2024\/06\/PEGA_312020.jpg","type":"image\/jpeg"}],"twitter_card":"summary_large_image","twitter_misc":{"Dur\u00e9e de lecture estim\u00e9e":"1 minute"},"schema":{"@context":"https:\/\/schema.org","@graph":[{"@type":"WebPage","@id":"https:\/\/www.horse-dental-equipment.com\/product\/luxator-7-mm-incisor-extraction\/","url":"https:\/\/www.horse-dental-equipment.com\/product\/luxator-7-mm-incisor-extraction\/","name":"Luxateur 7 mm pour Extraction des Incisives","isPartOf":{"@id":"https:\/\/www.horse-dental-equipment.com\/#website"},"primaryImageOfPage":{"@id":"https:\/\/www.horse-dental-equipment.com\/product\/luxator-7-mm-incisor-extraction\/#primaryimage"},"image":{"@id":"https:\/\/www.horse-dental-equipment.com\/product\/luxator-7-mm-incisor-extraction\/#primaryimage"},"thumbnailUrl":"https:\/\/www.horse-dental-equipment.com\/wp-content\/uploads\/2024\/06\/PEGA_312020.jpg","datePublished":"2024-06-05T14:13:27+00:00","dateModified":"2025-07-25T14:30:46+00:00","description":"Ce luxateur \u00e0 manche robuste est con\u00e7u pour l'extraction des incisives. Il peut \u00eatre st\u00e9rilis\u00e9 en autoclave ou d\u00e9sinfect\u00e9 chimiquement.","breadcrumb":{"@id":"https:\/\/www.horse-dental-equipment.com\/product\/luxator-7-mm-incisor-extraction\/#breadcrumb"},"inLanguage":"fr-FR","potentialAction":[{"@type":"ReadAction","target":["https:\/\/www.horse-dental-equipment.com\/product\/luxator-7-mm-incisor-extraction\/"]}]},{"@type":"ImageObject","inLanguage":"fr-FR","@id":"https:\/\/www.horse-dental-equipment.com\/product\/luxator-7-mm-incisor-extraction\/#primaryimage","url":"https:\/\/www.horse-dental-equipment.com\/wp-content\/uploads\/2024\/06\/PEGA_312020.jpg","contentUrl":"https:\/\/www.horse-dental-equipment.com\/wp-content\/uploads\/2024\/06\/PEGA_312020.jpg","width":800,"height":619,"caption":"Luxator 7 mm for Incisor Extraction"},{"@type":"BreadcrumbList","@id":"https:\/\/www.horse-dental-equipment.com\/product\/luxator-7-mm-incisor-extraction\/#breadcrumb","itemListElement":[{"@type":"ListItem","position":1,"name":"Home","item":"https:\/\/www.horse-dental-equipment.com\/"},{"@type":"ListItem","position":2,"name":"Products","item":"https:\/\/www.horse-dental-equipment.com\/fr\/produits\/"},{"@type":"ListItem","position":3,"name":"Luxator 7 mm for Incisor Extraction"}]},{"@type":"WebSite","@id":"https:\/\/www.horse-dental-equipment.com\/#website","url":"https:\/\/www.horse-dental-equipment.com\/","name":"Horse Dental Equipment","description":"Your partner to develop your equine dentistry business","potentialAction":[{"@type":"SearchAction","target":{"@type":"EntryPoint","urlTemplate":"https:\/\/www.horse-dental-equipment.com\/?s={search_term_string}"},"query-input":{"@type":"PropertyValueSpecification","valueRequired":true,"valueName":"search_term_string"}}],"inLanguage":"fr-FR"}]}},"_links":{"self":[{"href":"https:\/\/www.horse-dental-equipment.com\/fr\/wp-json\/wp\/v2\/product\/10263","targetHints":{"allow":["GET"]}}],"collection":[{"href":"https:\/\/www.horse-dental-equipment.com\/fr\/wp-json\/wp\/v2\/product"}],"about":[{"href":"https:\/\/www.horse-dental-equipment.com\/fr\/wp-json\/wp\/v2\/types\/product"}],"replies":[{"embeddable":true,"href":"https:\/\/www.horse-dental-equipment.com\/fr\/wp-json\/wp\/v2\/comments?post=10263"}],"wp:featuredmedia":[{"embeddable":true,"href":"https:\/\/www.horse-dental-equipment.com\/fr\/wp-json\/wp\/v2\/media\/10264"}],"wp:attachment":[{"href":"https:\/\/www.horse-dental-equipment.com\/fr\/wp-json\/wp\/v2\/media?parent=10263"}],"wp:term":[{"taxonomy":"product_brand","embeddable":true,"href":"https:\/\/www.horse-dental-equipment.com\/fr\/wp-json\/wp\/v2\/product_brand?post=10263"},{"taxonomy":"product_cat","embeddable":true,"href":"https:\/\/www.horse-dental-equipment.com\/fr\/wp-json\/wp\/v2\/product_cat?post=10263"},{"taxonomy":"product_tag","embeddable":true,"href":"https:\/\/www.horse-dental-equipment.com\/fr\/wp-json\/wp\/v2\/product_tag?post=10263"}],"curies":[{"name":"wp","href":"https:\/\/api.w.org\/{rel}","templated":true}]}}