{"id":10181,"date":"2024-06-27T09:57:17","date_gmt":"2024-06-27T07:57:17","guid":{"rendered":"http:\/\/www.horse-dental-equipment.com\/?post_type=product&#038;p=10181"},"modified":"2025-10-26T17:55:43","modified_gmt":"2025-10-26T16:55:43","slug":"davier-tete-interchangeable-avec-3-inserts-tournevis-t8","status":"publish","type":"product","link":"https:\/\/www.horse-dental-equipment.com\/fr\/produit\/davier-tete-interchangeable-avec-3-inserts-tournevis-t8\/","title":{"rendered":"Davier \u00e0 T\u00eate Interchangeable (avec 3 inserts), Tournevis T8"},"content":{"rendered":"<p>Ce davier permet d'extraire des fragments \u00e0 diff\u00e9rentes profondeurs de l'alv\u00e9ole dentaire.<br \/>\nLe corps de base est livr\u00e9 avec 3 inserts de 20, 40 et 60 mm de longueur.<br \/>\nLes deux corps de base peuvent \u00eatre d\u00e9mont\u00e9s et combin\u00e9s l'un avec l'autre.<br \/>\nTous les inserts s'adaptent aux deux corps de base.<\/p>\n<p><iframe title=\"vimeo-player\" src=\"https:\/\/player.vimeo.com\/video\/970694054?h=54c24ac8d4\" width=\"640\" height=\"360\" frameborder=\"0\" allowfullscreen=\"allowfullscreen\"><\/iframe><\/p>\n<p>Fragment Forceps with Interchangeable Inserts &#8211; Dr Frank Schellenberger<\/p>","protected":false},"excerpt":{"rendered":"<p>This forceps enables to extract fragments in different depths of the tooth socket. The basic body is delivered with 3 inserts in 20, 40 and 60 mm length. Both basic bodies can be disassembled and combined with each other. All inserts fit in both basic bodies. Fragment Forceps with Interchangeable Inserts &#8211; Dr Frank Schellenberger<\/p>","protected":false},"featured_media":10182,"comment_status":"closed","ping_status":"closed","template":"","meta":{"_acf_changed":false},"product_brand":[],"product_cat":[15,111],"product_tag":[],"class_list":{"0":"post-10181","1":"product","2":"type-product","3":"status-publish","4":"has-post-thumbnail","6":"product_cat-pegasos","7":"product_cat-pegasos-stomatology","9":"first","10":"instock","11":"shipping-taxable","12":"purchasable","13":"product-type-simple"},"acf":[],"yoast_head":"<!-- This site is optimized with the Yoast SEO plugin v27.3 - https:\/\/yoast.com\/product\/yoast-seo-wordpress\/ -->\n<title>Replaceable Head Fragment Forceps (with 3 inserts), Screwdriver T8 - Horse Dental Equipment<\/title>\n<meta name=\"description\" content=\"This forceps enables to extract fragments in different depths of the tooth socket. The basic body is delivered with 3 inserts in 20, 40 and 60 mm length.\" \/>\n<meta name=\"robots\" content=\"index, follow, max-snippet:-1, max-image-preview:large, max-video-preview:-1\" \/>\n<link rel=\"canonical\" href=\"https:\/\/www.horse-dental-equipment.com\/fr\/produit\/davier-tete-interchangeable-avec-3-inserts-tournevis-t8\/\" \/>\n<meta property=\"og:locale\" content=\"fr_FR\" \/>\n<meta property=\"og:type\" content=\"article\" \/>\n<meta property=\"og:title\" content=\"Replaceable Head Fragment Forceps (with 3 inserts), Screwdriver T8 - Horse Dental Equipment\" \/>\n<meta property=\"og:description\" content=\"This forceps enables to extract fragments in different depths of the tooth socket. The basic body is delivered with 3 inserts in 20, 40 and 60 mm length.\" \/>\n<meta property=\"og:url\" content=\"https:\/\/www.horse-dental-equipment.com\/fr\/produit\/davier-tete-interchangeable-avec-3-inserts-tournevis-t8\/\" \/>\n<meta property=\"og:site_name\" content=\"Horse Dental Equipment\" \/>\n<meta property=\"article:modified_time\" content=\"2025-10-26T16:55:43+00:00\" \/>\n<meta property=\"og:image\" content=\"https:\/\/www.horse-dental-equipment.com\/wp-content\/uploads\/2024\/03\/PEGA_321080.jpg\" \/>\n\t<meta property=\"og:image:width\" content=\"800\" \/>\n\t<meta property=\"og:image:height\" content=\"619\" \/>\n\t<meta property=\"og:image:type\" content=\"image\/jpeg\" \/>\n<meta name=\"twitter:card\" content=\"summary_large_image\" \/>\n<meta name=\"twitter:label1\" content=\"Dur\u00e9e de lecture estim\u00e9e\" \/>\n\t<meta name=\"twitter:data1\" content=\"1 minute\" \/>\n<script type=\"application\/ld+json\" class=\"yoast-schema-graph\">{\"@context\":\"https:\\\/\\\/schema.org\",\"@graph\":[{\"@type\":\"WebPage\",\"@id\":\"https:\\\/\\\/www.horse-dental-equipment.com\\\/product\\\/replaceable-head-fragment-forceps-with-3-inserts-screwdriver-t8\\\/\",\"url\":\"https:\\\/\\\/www.horse-dental-equipment.com\\\/product\\\/replaceable-head-fragment-forceps-with-3-inserts-screwdriver-t8\\\/\",\"name\":\"Replaceable Head Fragment Forceps (with 3 inserts), Screwdriver T8 - Horse Dental Equipment\",\"isPartOf\":{\"@id\":\"https:\\\/\\\/www.horse-dental-equipment.com\\\/#website\"},\"primaryImageOfPage\":{\"@id\":\"https:\\\/\\\/www.horse-dental-equipment.com\\\/product\\\/replaceable-head-fragment-forceps-with-3-inserts-screwdriver-t8\\\/#primaryimage\"},\"image\":{\"@id\":\"https:\\\/\\\/www.horse-dental-equipment.com\\\/product\\\/replaceable-head-fragment-forceps-with-3-inserts-screwdriver-t8\\\/#primaryimage\"},\"thumbnailUrl\":\"https:\\\/\\\/www.horse-dental-equipment.com\\\/wp-content\\\/uploads\\\/2024\\\/03\\\/PEGA_321080.jpg\",\"datePublished\":\"2024-06-27T07:57:17+00:00\",\"dateModified\":\"2025-10-26T16:55:43+00:00\",\"description\":\"This forceps enables to extract fragments in different depths of the tooth socket. The basic body is delivered with 3 inserts in 20, 40 and 60 mm length.\",\"breadcrumb\":{\"@id\":\"https:\\\/\\\/www.horse-dental-equipment.com\\\/product\\\/replaceable-head-fragment-forceps-with-3-inserts-screwdriver-t8\\\/#breadcrumb\"},\"inLanguage\":\"fr-FR\",\"potentialAction\":[{\"@type\":\"ReadAction\",\"target\":[\"https:\\\/\\\/www.horse-dental-equipment.com\\\/product\\\/replaceable-head-fragment-forceps-with-3-inserts-screwdriver-t8\\\/\"]}]},{\"@type\":\"ImageObject\",\"inLanguage\":\"fr-FR\",\"@id\":\"https:\\\/\\\/www.horse-dental-equipment.com\\\/product\\\/replaceable-head-fragment-forceps-with-3-inserts-screwdriver-t8\\\/#primaryimage\",\"url\":\"https:\\\/\\\/www.horse-dental-equipment.com\\\/wp-content\\\/uploads\\\/2024\\\/03\\\/PEGA_321080.jpg\",\"contentUrl\":\"https:\\\/\\\/www.horse-dental-equipment.com\\\/wp-content\\\/uploads\\\/2024\\\/03\\\/PEGA_321080.jpg\",\"width\":800,\"height\":619,\"caption\":\"Replaceable Head Fragment Forceps (with 3 inserts), Screwdriver T8\"},{\"@type\":\"BreadcrumbList\",\"@id\":\"https:\\\/\\\/www.horse-dental-equipment.com\\\/product\\\/replaceable-head-fragment-forceps-with-3-inserts-screwdriver-t8\\\/#breadcrumb\",\"itemListElement\":[{\"@type\":\"ListItem\",\"position\":1,\"name\":\"Home\",\"item\":\"https:\\\/\\\/www.horse-dental-equipment.com\\\/\"},{\"@type\":\"ListItem\",\"position\":2,\"name\":\"Products\",\"item\":\"https:\\\/\\\/www.horse-dental-equipment.com\\\/fr\\\/produits\\\/\"},{\"@type\":\"ListItem\",\"position\":3,\"name\":\"Replaceable Head Fragment Forceps (with 3 inserts), Screwdriver T8\"}]},{\"@type\":\"WebSite\",\"@id\":\"https:\\\/\\\/www.horse-dental-equipment.com\\\/#website\",\"url\":\"https:\\\/\\\/www.horse-dental-equipment.com\\\/\",\"name\":\"Horse Dental Equipment\",\"description\":\"Your partner to develop your equine dentistry business\",\"potentialAction\":[{\"@type\":\"SearchAction\",\"target\":{\"@type\":\"EntryPoint\",\"urlTemplate\":\"https:\\\/\\\/www.horse-dental-equipment.com\\\/?s={search_term_string}\"},\"query-input\":{\"@type\":\"PropertyValueSpecification\",\"valueRequired\":true,\"valueName\":\"search_term_string\"}}],\"inLanguage\":\"fr-FR\"}]}<\/script>\n<!-- \/ Yoast SEO plugin. -->","yoast_head_json":{"title":"Davier \u00e0 T\u00eate Interchangeable (avec 3 inserts), Tournevis T8 - Horse Dental Equipment","description":"Ce davier permet d'extraire des fragments \u00e0 diff\u00e9rentes profondeurs de l'av\u00e9ole dentaire.\nLe corps de base est livr\u00e9 avec 3 inserts de 20, 40 et 60 mm de longueur.\nLes deux corps de base peuvent \u00eatre d\u00e9mont\u00e9s et combin\u00e9s l'un avec l'autre.\nTous les inserts s'adaptent aux deux corps de base.","robots":{"index":"index","follow":"follow","max-snippet":"max-snippet:-1","max-image-preview":"max-image-preview:large","max-video-preview":"max-video-preview:-1"},"canonical":"https:\/\/www.horse-dental-equipment.com\/fr\/produit\/davier-tete-interchangeable-avec-3-inserts-tournevis-t8\/","og_locale":"fr_FR","og_type":"article","og_title":"Replaceable Head Fragment Forceps (with 3 inserts), Screwdriver T8 - Horse Dental Equipment","og_description":"This forceps enables to extract fragments in different depths of the tooth socket. The basic body is delivered with 3 inserts in 20, 40 and 60 mm length.","og_url":"https:\/\/www.horse-dental-equipment.com\/fr\/produit\/davier-tete-interchangeable-avec-3-inserts-tournevis-t8\/","og_site_name":"Horse Dental Equipment","article_modified_time":"2025-10-26T16:55:43+00:00","og_image":[{"width":800,"height":619,"url":"https:\/\/www.horse-dental-equipment.com\/wp-content\/uploads\/2024\/03\/PEGA_321080.jpg","type":"image\/jpeg"}],"twitter_card":"summary_large_image","twitter_misc":{"Dur\u00e9e de lecture estim\u00e9e":"1 minute"},"schema":{"@context":"https:\/\/schema.org","@graph":[{"@type":"WebPage","@id":"https:\/\/www.horse-dental-equipment.com\/product\/replaceable-head-fragment-forceps-with-3-inserts-screwdriver-t8\/","url":"https:\/\/www.horse-dental-equipment.com\/product\/replaceable-head-fragment-forceps-with-3-inserts-screwdriver-t8\/","name":"Davier \u00e0 T\u00eate Interchangeable (avec 3 inserts), Tournevis T8 - Horse Dental Equipment","isPartOf":{"@id":"https:\/\/www.horse-dental-equipment.com\/#website"},"primaryImageOfPage":{"@id":"https:\/\/www.horse-dental-equipment.com\/product\/replaceable-head-fragment-forceps-with-3-inserts-screwdriver-t8\/#primaryimage"},"image":{"@id":"https:\/\/www.horse-dental-equipment.com\/product\/replaceable-head-fragment-forceps-with-3-inserts-screwdriver-t8\/#primaryimage"},"thumbnailUrl":"https:\/\/www.horse-dental-equipment.com\/wp-content\/uploads\/2024\/03\/PEGA_321080.jpg","datePublished":"2024-06-27T07:57:17+00:00","dateModified":"2025-10-26T16:55:43+00:00","description":"Ce davier permet d'extraire des fragments \u00e0 diff\u00e9rentes profondeurs de l'av\u00e9ole dentaire.\nLe corps de base est livr\u00e9 avec 3 inserts de 20, 40 et 60 mm de longueur.\nLes deux corps de base peuvent \u00eatre d\u00e9mont\u00e9s et combin\u00e9s l'un avec l'autre.\nTous les inserts s'adaptent aux deux corps de base.","breadcrumb":{"@id":"https:\/\/www.horse-dental-equipment.com\/product\/replaceable-head-fragment-forceps-with-3-inserts-screwdriver-t8\/#breadcrumb"},"inLanguage":"fr-FR","potentialAction":[{"@type":"ReadAction","target":["https:\/\/www.horse-dental-equipment.com\/product\/replaceable-head-fragment-forceps-with-3-inserts-screwdriver-t8\/"]}]},{"@type":"ImageObject","inLanguage":"fr-FR","@id":"https:\/\/www.horse-dental-equipment.com\/product\/replaceable-head-fragment-forceps-with-3-inserts-screwdriver-t8\/#primaryimage","url":"https:\/\/www.horse-dental-equipment.com\/wp-content\/uploads\/2024\/03\/PEGA_321080.jpg","contentUrl":"https:\/\/www.horse-dental-equipment.com\/wp-content\/uploads\/2024\/03\/PEGA_321080.jpg","width":800,"height":619,"caption":"Replaceable Head Fragment Forceps (with 3 inserts), Screwdriver T8"},{"@type":"BreadcrumbList","@id":"https:\/\/www.horse-dental-equipment.com\/product\/replaceable-head-fragment-forceps-with-3-inserts-screwdriver-t8\/#breadcrumb","itemListElement":[{"@type":"ListItem","position":1,"name":"Home","item":"https:\/\/www.horse-dental-equipment.com\/"},{"@type":"ListItem","position":2,"name":"Products","item":"https:\/\/www.horse-dental-equipment.com\/fr\/produits\/"},{"@type":"ListItem","position":3,"name":"Replaceable Head Fragment Forceps (with 3 inserts), Screwdriver T8"}]},{"@type":"WebSite","@id":"https:\/\/www.horse-dental-equipment.com\/#website","url":"https:\/\/www.horse-dental-equipment.com\/","name":"Horse Dental Equipment","description":"Your partner to develop your equine dentistry business","potentialAction":[{"@type":"SearchAction","target":{"@type":"EntryPoint","urlTemplate":"https:\/\/www.horse-dental-equipment.com\/?s={search_term_string}"},"query-input":{"@type":"PropertyValueSpecification","valueRequired":true,"valueName":"search_term_string"}}],"inLanguage":"fr-FR"}]}},"_links":{"self":[{"href":"https:\/\/www.horse-dental-equipment.com\/fr\/wp-json\/wp\/v2\/product\/10181","targetHints":{"allow":["GET"]}}],"collection":[{"href":"https:\/\/www.horse-dental-equipment.com\/fr\/wp-json\/wp\/v2\/product"}],"about":[{"href":"https:\/\/www.horse-dental-equipment.com\/fr\/wp-json\/wp\/v2\/types\/product"}],"replies":[{"embeddable":true,"href":"https:\/\/www.horse-dental-equipment.com\/fr\/wp-json\/wp\/v2\/comments?post=10181"}],"wp:featuredmedia":[{"embeddable":true,"href":"https:\/\/www.horse-dental-equipment.com\/fr\/wp-json\/wp\/v2\/media\/10182"}],"wp:attachment":[{"href":"https:\/\/www.horse-dental-equipment.com\/fr\/wp-json\/wp\/v2\/media?parent=10181"}],"wp:term":[{"taxonomy":"product_brand","embeddable":true,"href":"https:\/\/www.horse-dental-equipment.com\/fr\/wp-json\/wp\/v2\/product_brand?post=10181"},{"taxonomy":"product_cat","embeddable":true,"href":"https:\/\/www.horse-dental-equipment.com\/fr\/wp-json\/wp\/v2\/product_cat?post=10181"},{"taxonomy":"product_tag","embeddable":true,"href":"https:\/\/www.horse-dental-equipment.com\/fr\/wp-json\/wp\/v2\/product_tag?post=10181"}],"curies":[{"name":"wp","href":"https:\/\/api.w.org\/{rel}","templated":true}]}}