{"id":10134,"date":"2024-04-09T16:18:46","date_gmt":"2024-04-09T14:18:46","guid":{"rendered":"http:\/\/www.horse-dental-equipment.com\/?post_type=product&#038;p=10134"},"modified":"2025-10-26T17:58:22","modified_gmt":"2025-10-26T16:58:22","slug":"polyfloat-compact-courbe-twist-poignee-inox-sans-bobine-watercooling","status":"publish","type":"product","link":"https:\/\/www.horse-dental-equipment.com\/fr\/produit\/polyfloat-compact-courbe-twist-poignee-inox-sans-bobine-watercooling\/","title":{"rendered":"Polyfloat COMPACT Courbe Twist (poign\u00e9e inox - sans bobine) - Watercooling"},"content":{"rendered":"<p>L'option Watercooling limite l'\u00e9chauffement de surdents lors du traitement et r\u00e9duit la poussi\u00e8re de dentine.<br \/>\nLa t\u00eate rotative \u00e0 360\u00b0 permet un acc\u00e8s optimal des parties \u00e0 traiter (syst\u00e8me twist disponible sur les mod\u00e8les de Flexxidisc et Polyfloat Compact courbes).<\/p>\n<p>Caract\u00e9ristiques des fraises Compact :<\/p>\n<ul>\n<li>Plus de l\u00e9g\u00e8ret\u00e9 pour une meilleure ergonomie<\/li>\n<li>Une t\u00eate plus fine pour un acc\u00e8s facilit\u00e9 en fond de bouche<\/li>\n<li>Un corps plus fin pour une meilleure visibilit\u00e9<\/li>\n<\/ul>\n<p>Choisissez parmi 2 manches Compact faciles d'entretien :<\/p>\n<ul>\n<li>Polyfloat COMPACT courbe twist - Watercooling - Poign\u00e9e inox (FRA_FCPCIR) : 720 g<\/li>\n<li>Polyfloat COMPACT courbe twist - Watercooling - Poign\u00e9e polym\u00e8re (FRA_PFCPCIR) : 600 g<\/li>\n<\/ul>\n<p><iframe title=\"vimeo-player\" src=\"https:\/\/player.vimeo.com\/video\/942287876?h=af56a06603\" width=\"640\" height=\"360\" frameborder=\"0\" allowfullscreen=\"allowfullscreen\"><\/iframe><\/p>\n<p>How to use HDE Compact Watercooling handpieces? &#8211; Dr Carolyn Perkins &#8211; HDE Vet Ambassador<\/p>","protected":false},"excerpt":{"rendered":"<p>Polyfloat Watercooling option is conceived to reduce heating when working on overgrowths as well as minimizing dentine dust. The 360\u00b0 rotating head allows optimal access (twist system available on curved Compact Flexxidisc &amp; Polyfloat models). Compact handpieces characteristics: More lightness for better handling and ergonomics Thinner head for easier access in the back of the [&hellip;]<\/p>\n","protected":false},"featured_media":10236,"comment_status":"closed","ping_status":"closed","template":"","meta":{"_acf_changed":false},"product_brand":[],"product_cat":[81,82,86],"product_tag":[],"class_list":{"0":"post-10134","1":"product","2":"type-product","3":"status-publish","4":"has-post-thumbnail","6":"product_cat-individual-motorized-instruments","7":"product_cat-polyfloat-polyfloat-burrs","8":"product_cat-watercooling","10":"first","11":"instock","12":"shipping-taxable","13":"purchasable","14":"product-type-simple"},"acf":[],"yoast_head":"<!-- This site is optimized with the Yoast SEO plugin v27.3 - https:\/\/yoast.com\/product\/yoast-seo-wordpress\/ -->\n<title>COMPACT Polyfloat Curved Twist (stainless steel handle - without burr) - Watercooling - Horse Dental Equipment<\/title>\n<meta name=\"description\" content=\"Polyfloat Watercooling option is conceived to reduce heating when working on overgrowths as well as minimizing dentine dust.\" \/>\n<meta name=\"robots\" content=\"index, follow, max-snippet:-1, max-image-preview:large, max-video-preview:-1\" \/>\n<link rel=\"canonical\" href=\"https:\/\/www.horse-dental-equipment.com\/fr\/produit\/polyfloat-compact-courbe-twist-poignee-inox-sans-bobine-watercooling\/\" \/>\n<meta property=\"og:locale\" content=\"fr_FR\" \/>\n<meta property=\"og:type\" content=\"article\" \/>\n<meta property=\"og:title\" content=\"COMPACT Polyfloat Curved Twist (stainless steel handle - without burr) - Watercooling - Horse Dental Equipment\" \/>\n<meta property=\"og:description\" content=\"Polyfloat Watercooling option is conceived to reduce heating when working on overgrowths as well as minimizing dentine dust.\" \/>\n<meta property=\"og:url\" content=\"https:\/\/www.horse-dental-equipment.com\/fr\/produit\/polyfloat-compact-courbe-twist-poignee-inox-sans-bobine-watercooling\/\" \/>\n<meta property=\"og:site_name\" content=\"Horse Dental Equipment\" \/>\n<meta property=\"article:modified_time\" content=\"2025-10-26T16:58:22+00:00\" \/>\n<meta property=\"og:image\" content=\"https:\/\/www.horse-dental-equipment.com\/wp-content\/uploads\/2024\/04\/Polyfloat-Watercooling-Close-Up-Water.jpg\" \/>\n\t<meta property=\"og:image:width\" content=\"800\" \/>\n\t<meta property=\"og:image:height\" content=\"619\" \/>\n\t<meta property=\"og:image:type\" content=\"image\/jpeg\" \/>\n<meta name=\"twitter:card\" content=\"summary_large_image\" \/>\n<meta name=\"twitter:label1\" content=\"Dur\u00e9e de lecture estim\u00e9e\" \/>\n\t<meta name=\"twitter:data1\" content=\"1 minute\" \/>\n<script type=\"application\/ld+json\" class=\"yoast-schema-graph\">{\"@context\":\"https:\\\/\\\/schema.org\",\"@graph\":[{\"@type\":\"WebPage\",\"@id\":\"https:\\\/\\\/www.horse-dental-equipment.com\\\/product\\\/compact-polyfloat-curved-twist-stainless-steel-handle-without-burr-watercooling\\\/\",\"url\":\"https:\\\/\\\/www.horse-dental-equipment.com\\\/product\\\/compact-polyfloat-curved-twist-stainless-steel-handle-without-burr-watercooling\\\/\",\"name\":\"COMPACT Polyfloat Curved Twist (stainless steel handle - without burr) - Watercooling - Horse Dental Equipment\",\"isPartOf\":{\"@id\":\"https:\\\/\\\/www.horse-dental-equipment.com\\\/#website\"},\"primaryImageOfPage\":{\"@id\":\"https:\\\/\\\/www.horse-dental-equipment.com\\\/product\\\/compact-polyfloat-curved-twist-stainless-steel-handle-without-burr-watercooling\\\/#primaryimage\"},\"image\":{\"@id\":\"https:\\\/\\\/www.horse-dental-equipment.com\\\/product\\\/compact-polyfloat-curved-twist-stainless-steel-handle-without-burr-watercooling\\\/#primaryimage\"},\"thumbnailUrl\":\"https:\\\/\\\/www.horse-dental-equipment.com\\\/wp-content\\\/uploads\\\/2024\\\/04\\\/Polyfloat-Watercooling-Close-Up-Water.jpg\",\"datePublished\":\"2024-04-09T14:18:46+00:00\",\"dateModified\":\"2025-10-26T16:58:22+00:00\",\"description\":\"Polyfloat Watercooling option is conceived to reduce heating when working on overgrowths as well as minimizing dentine dust.\",\"breadcrumb\":{\"@id\":\"https:\\\/\\\/www.horse-dental-equipment.com\\\/product\\\/compact-polyfloat-curved-twist-stainless-steel-handle-without-burr-watercooling\\\/#breadcrumb\"},\"inLanguage\":\"fr-FR\",\"potentialAction\":[{\"@type\":\"ReadAction\",\"target\":[\"https:\\\/\\\/www.horse-dental-equipment.com\\\/product\\\/compact-polyfloat-curved-twist-stainless-steel-handle-without-burr-watercooling\\\/\"]}]},{\"@type\":\"ImageObject\",\"inLanguage\":\"fr-FR\",\"@id\":\"https:\\\/\\\/www.horse-dental-equipment.com\\\/product\\\/compact-polyfloat-curved-twist-stainless-steel-handle-without-burr-watercooling\\\/#primaryimage\",\"url\":\"https:\\\/\\\/www.horse-dental-equipment.com\\\/wp-content\\\/uploads\\\/2024\\\/04\\\/Polyfloat-Watercooling-Close-Up-Water.jpg\",\"contentUrl\":\"https:\\\/\\\/www.horse-dental-equipment.com\\\/wp-content\\\/uploads\\\/2024\\\/04\\\/Polyfloat-Watercooling-Close-Up-Water.jpg\",\"width\":800,\"height\":619,\"caption\":\"Compact Polyfloat Watercooling Water Close-Up\"},{\"@type\":\"BreadcrumbList\",\"@id\":\"https:\\\/\\\/www.horse-dental-equipment.com\\\/product\\\/compact-polyfloat-curved-twist-stainless-steel-handle-without-burr-watercooling\\\/#breadcrumb\",\"itemListElement\":[{\"@type\":\"ListItem\",\"position\":1,\"name\":\"Home\",\"item\":\"https:\\\/\\\/www.horse-dental-equipment.com\\\/\"},{\"@type\":\"ListItem\",\"position\":2,\"name\":\"Products\",\"item\":\"https:\\\/\\\/www.horse-dental-equipment.com\\\/fr\\\/produits\\\/\"},{\"@type\":\"ListItem\",\"position\":3,\"name\":\"COMPACT Polyfloat Curved Twist (stainless steel handle &#8211; without burr) &#8211; Watercooling\"}]},{\"@type\":\"WebSite\",\"@id\":\"https:\\\/\\\/www.horse-dental-equipment.com\\\/#website\",\"url\":\"https:\\\/\\\/www.horse-dental-equipment.com\\\/\",\"name\":\"Horse Dental Equipment\",\"description\":\"Your partner to develop your equine dentistry business\",\"potentialAction\":[{\"@type\":\"SearchAction\",\"target\":{\"@type\":\"EntryPoint\",\"urlTemplate\":\"https:\\\/\\\/www.horse-dental-equipment.com\\\/?s={search_term_string}\"},\"query-input\":{\"@type\":\"PropertyValueSpecification\",\"valueRequired\":true,\"valueName\":\"search_term_string\"}}],\"inLanguage\":\"fr-FR\"}]}<\/script>\n<!-- \/ Yoast SEO plugin. -->","yoast_head_json":{"title":"Polyfloat COMPACT Courbe Twist (poign\u00e9e inox - sans bobine) - Watercooling - Horse Dental Equipment","description":"L'option Watercooling limite l'\u00e9chauffement de surdents lors du traitement et r\u00e9duit la poussi\u00e8re de dentine.","robots":{"index":"index","follow":"follow","max-snippet":"max-snippet:-1","max-image-preview":"max-image-preview:large","max-video-preview":"max-video-preview:-1"},"canonical":"https:\/\/www.horse-dental-equipment.com\/fr\/produit\/polyfloat-compact-courbe-twist-poignee-inox-sans-bobine-watercooling\/","og_locale":"fr_FR","og_type":"article","og_title":"COMPACT Polyfloat Curved Twist (stainless steel handle - without burr) - Watercooling - Horse Dental Equipment","og_description":"Polyfloat Watercooling option is conceived to reduce heating when working on overgrowths as well as minimizing dentine dust.","og_url":"https:\/\/www.horse-dental-equipment.com\/fr\/produit\/polyfloat-compact-courbe-twist-poignee-inox-sans-bobine-watercooling\/","og_site_name":"Horse Dental Equipment","article_modified_time":"2025-10-26T16:58:22+00:00","og_image":[{"width":800,"height":619,"url":"https:\/\/www.horse-dental-equipment.com\/wp-content\/uploads\/2024\/04\/Polyfloat-Watercooling-Close-Up-Water.jpg","type":"image\/jpeg"}],"twitter_card":"summary_large_image","twitter_misc":{"Dur\u00e9e de lecture estim\u00e9e":"1 minute"},"schema":{"@context":"https:\/\/schema.org","@graph":[{"@type":"WebPage","@id":"https:\/\/www.horse-dental-equipment.com\/product\/compact-polyfloat-curved-twist-stainless-steel-handle-without-burr-watercooling\/","url":"https:\/\/www.horse-dental-equipment.com\/product\/compact-polyfloat-curved-twist-stainless-steel-handle-without-burr-watercooling\/","name":"Polyfloat COMPACT Courbe Twist (poign\u00e9e inox - sans bobine) - Watercooling - Horse Dental Equipment","isPartOf":{"@id":"https:\/\/www.horse-dental-equipment.com\/#website"},"primaryImageOfPage":{"@id":"https:\/\/www.horse-dental-equipment.com\/product\/compact-polyfloat-curved-twist-stainless-steel-handle-without-burr-watercooling\/#primaryimage"},"image":{"@id":"https:\/\/www.horse-dental-equipment.com\/product\/compact-polyfloat-curved-twist-stainless-steel-handle-without-burr-watercooling\/#primaryimage"},"thumbnailUrl":"https:\/\/www.horse-dental-equipment.com\/wp-content\/uploads\/2024\/04\/Polyfloat-Watercooling-Close-Up-Water.jpg","datePublished":"2024-04-09T14:18:46+00:00","dateModified":"2025-10-26T16:58:22+00:00","description":"L'option Watercooling limite l'\u00e9chauffement de surdents lors du traitement et r\u00e9duit la poussi\u00e8re de dentine.","breadcrumb":{"@id":"https:\/\/www.horse-dental-equipment.com\/product\/compact-polyfloat-curved-twist-stainless-steel-handle-without-burr-watercooling\/#breadcrumb"},"inLanguage":"fr-FR","potentialAction":[{"@type":"ReadAction","target":["https:\/\/www.horse-dental-equipment.com\/product\/compact-polyfloat-curved-twist-stainless-steel-handle-without-burr-watercooling\/"]}]},{"@type":"ImageObject","inLanguage":"fr-FR","@id":"https:\/\/www.horse-dental-equipment.com\/product\/compact-polyfloat-curved-twist-stainless-steel-handle-without-burr-watercooling\/#primaryimage","url":"https:\/\/www.horse-dental-equipment.com\/wp-content\/uploads\/2024\/04\/Polyfloat-Watercooling-Close-Up-Water.jpg","contentUrl":"https:\/\/www.horse-dental-equipment.com\/wp-content\/uploads\/2024\/04\/Polyfloat-Watercooling-Close-Up-Water.jpg","width":800,"height":619,"caption":"Compact Polyfloat Watercooling Water Close-Up"},{"@type":"BreadcrumbList","@id":"https:\/\/www.horse-dental-equipment.com\/product\/compact-polyfloat-curved-twist-stainless-steel-handle-without-burr-watercooling\/#breadcrumb","itemListElement":[{"@type":"ListItem","position":1,"name":"Home","item":"https:\/\/www.horse-dental-equipment.com\/"},{"@type":"ListItem","position":2,"name":"Products","item":"https:\/\/www.horse-dental-equipment.com\/fr\/produits\/"},{"@type":"ListItem","position":3,"name":"COMPACT Polyfloat Curved Twist (stainless steel handle &#8211; without burr) &#8211; Watercooling"}]},{"@type":"WebSite","@id":"https:\/\/www.horse-dental-equipment.com\/#website","url":"https:\/\/www.horse-dental-equipment.com\/","name":"Horse Dental Equipment","description":"Your partner to develop your equine dentistry business","potentialAction":[{"@type":"SearchAction","target":{"@type":"EntryPoint","urlTemplate":"https:\/\/www.horse-dental-equipment.com\/?s={search_term_string}"},"query-input":{"@type":"PropertyValueSpecification","valueRequired":true,"valueName":"search_term_string"}}],"inLanguage":"fr-FR"}]}},"_links":{"self":[{"href":"https:\/\/www.horse-dental-equipment.com\/fr\/wp-json\/wp\/v2\/product\/10134","targetHints":{"allow":["GET"]}}],"collection":[{"href":"https:\/\/www.horse-dental-equipment.com\/fr\/wp-json\/wp\/v2\/product"}],"about":[{"href":"https:\/\/www.horse-dental-equipment.com\/fr\/wp-json\/wp\/v2\/types\/product"}],"replies":[{"embeddable":true,"href":"https:\/\/www.horse-dental-equipment.com\/fr\/wp-json\/wp\/v2\/comments?post=10134"}],"wp:featuredmedia":[{"embeddable":true,"href":"https:\/\/www.horse-dental-equipment.com\/fr\/wp-json\/wp\/v2\/media\/10236"}],"wp:attachment":[{"href":"https:\/\/www.horse-dental-equipment.com\/fr\/wp-json\/wp\/v2\/media?parent=10134"}],"wp:term":[{"taxonomy":"product_brand","embeddable":true,"href":"https:\/\/www.horse-dental-equipment.com\/fr\/wp-json\/wp\/v2\/product_brand?post=10134"},{"taxonomy":"product_cat","embeddable":true,"href":"https:\/\/www.horse-dental-equipment.com\/fr\/wp-json\/wp\/v2\/product_cat?post=10134"},{"taxonomy":"product_tag","embeddable":true,"href":"https:\/\/www.horse-dental-equipment.com\/fr\/wp-json\/wp\/v2\/product_tag?post=10134"}],"curies":[{"name":"wp","href":"https:\/\/api.w.org\/{rel}","templated":true}]}}