{"id":8497,"date":"2021-12-09T12:17:00","date_gmt":"2021-12-09T11:17:00","guid":{"rendered":"http:\/\/www.horse-dental-equipment.com\/?post_type=product&#038;p=8497"},"modified":"2026-04-01T15:00:23","modified_gmt":"2026-04-01T13:00:23","slug":"flexxidisc-compact-recta-mango-acero-inoxidable","status":"publish","type":"product","link":"https:\/\/www.horse-dental-equipment.com\/es\/producto\/flexxidisc-compact-recta-mango-acero-inoxidable\/","title":{"rendered":"Flexxidisc COMPACT Recta (mango de acero inoxidable)"},"content":{"rendered":"<p>Caracter\u00edsticas:<\/p>\n<ul>\n<li>M\u00e1s ligereza para un mejor manejo y ergonom\u00eda<\/li>\n<li>Cabeza m\u00e1s delgada para un acceso m\u00e1s f\u00e1cil en la parte posterior de la boca<\/li>\n<li>Cuerpo m\u00e1s delgado para una mejor visibilidad<\/li>\n<\/ul>\n<p>&nbsp;<\/p>\n<p>Elija entre 2 mangos Compact f\u00e1ciles de limpiar:<\/p>\n<ul>\n<li>Flexxidisc COMPACT recta - Mango de acero inoxidable (FRA_FCDD): 639 g<\/li>\n<li>Flexxidisc COMPACT recta - Mango de pol\u00edmero (FRA_PFCDD): 503 g<\/li>\n<\/ul>","protected":false},"excerpt":{"rendered":"<p>Characteristics: More lightness for better handling and ergonomics Thinner head for easier access in the back of the mouth Thinner body for better visibility &nbsp; Choose between 2 easy-to-clean Compact handles: COMPACT Flexxidisc straight &#8211; Stainless steel handle (FRA_FCDD): 639 g COMPACT Flexxidisc straight &#8211; Polymer handle (FRA_PFCDD): 503 g<\/p>","protected":false},"featured_media":8523,"comment_status":"closed","ping_status":"closed","template":"","meta":{"_acf_changed":false},"product_brand":[],"product_cat":[81,85],"product_tag":[],"class_list":{"0":"post-8497","1":"product","2":"type-product","3":"status-publish","4":"has-post-thumbnail","6":"product_cat-individual-motorized-instruments","7":"product_cat-flexxidisc","9":"first","10":"instock","11":"shipping-taxable","12":"purchasable","13":"product-type-simple"},"acf":[],"yoast_head":"<!-- This site is optimized with the Yoast SEO plugin v27.3 - https:\/\/yoast.com\/product\/yoast-seo-wordpress\/ -->\n<title>COMPACT Flexxidisc Straight (stainless steel handle) - Horse Dental Equipment<\/title>\n<meta name=\"description\" content=\"Characteristics: More lightness for better handling and ergonomics \/ Thinner head for easier access in the back of the mouth\" \/>\n<meta name=\"robots\" content=\"index, follow, max-snippet:-1, max-image-preview:large, max-video-preview:-1\" \/>\n<link rel=\"canonical\" href=\"https:\/\/www.horse-dental-equipment.com\/es\/producto\/flexxidisc-compact-recta-mango-acero-inoxidable\/\" \/>\n<meta property=\"og:locale\" content=\"es_ES\" \/>\n<meta property=\"og:type\" content=\"article\" \/>\n<meta property=\"og:title\" content=\"COMPACT Flexxidisc Straight (stainless steel handle) - Horse Dental Equipment\" \/>\n<meta property=\"og:description\" content=\"Characteristics: More lightness for better handling and ergonomics \/ Thinner head for easier access in the back of the mouth\" \/>\n<meta property=\"og:url\" content=\"https:\/\/www.horse-dental-equipment.com\/es\/producto\/flexxidisc-compact-recta-mango-acero-inoxidable\/\" \/>\n<meta property=\"og:site_name\" content=\"Horse Dental Equipment\" \/>\n<meta property=\"article:modified_time\" content=\"2026-04-01T13:00:23+00:00\" \/>\n<meta property=\"og:image\" content=\"https:\/\/www.horse-dental-equipment.com\/wp-content\/uploads\/2021\/12\/FRA_FCDD.png\" \/>\n\t<meta property=\"og:image:width\" content=\"800\" \/>\n\t<meta property=\"og:image:height\" content=\"619\" \/>\n\t<meta property=\"og:image:type\" content=\"image\/png\" \/>\n<meta name=\"twitter:card\" content=\"summary_large_image\" \/>\n<meta name=\"twitter:label1\" content=\"Tiempo de lectura\" \/>\n\t<meta name=\"twitter:data1\" content=\"1 minuto\" \/>\n<script type=\"application\/ld+json\" class=\"yoast-schema-graph\">{\"@context\":\"https:\\\/\\\/schema.org\",\"@graph\":[{\"@type\":\"WebPage\",\"@id\":\"https:\\\/\\\/www.horse-dental-equipment.com\\\/product\\\/compact-flexxidisc-straight-stainless-steel-handle\\\/\",\"url\":\"https:\\\/\\\/www.horse-dental-equipment.com\\\/product\\\/compact-flexxidisc-straight-stainless-steel-handle\\\/\",\"name\":\"COMPACT Flexxidisc Straight (stainless steel handle) - Horse Dental Equipment\",\"isPartOf\":{\"@id\":\"https:\\\/\\\/www.horse-dental-equipment.com\\\/#website\"},\"primaryImageOfPage\":{\"@id\":\"https:\\\/\\\/www.horse-dental-equipment.com\\\/product\\\/compact-flexxidisc-straight-stainless-steel-handle\\\/#primaryimage\"},\"image\":{\"@id\":\"https:\\\/\\\/www.horse-dental-equipment.com\\\/product\\\/compact-flexxidisc-straight-stainless-steel-handle\\\/#primaryimage\"},\"thumbnailUrl\":\"https:\\\/\\\/www.horse-dental-equipment.com\\\/wp-content\\\/uploads\\\/2021\\\/12\\\/FRA_FCDD.png\",\"datePublished\":\"2021-12-09T11:17:00+00:00\",\"dateModified\":\"2026-04-01T13:00:23+00:00\",\"description\":\"Characteristics: More lightness for better handling and ergonomics \\\/ Thinner head for easier access in the back of the mouth\",\"breadcrumb\":{\"@id\":\"https:\\\/\\\/www.horse-dental-equipment.com\\\/product\\\/compact-flexxidisc-straight-stainless-steel-handle\\\/#breadcrumb\"},\"inLanguage\":\"es\",\"potentialAction\":[{\"@type\":\"ReadAction\",\"target\":[\"https:\\\/\\\/www.horse-dental-equipment.com\\\/product\\\/compact-flexxidisc-straight-stainless-steel-handle\\\/\"]}]},{\"@type\":\"ImageObject\",\"inLanguage\":\"es\",\"@id\":\"https:\\\/\\\/www.horse-dental-equipment.com\\\/product\\\/compact-flexxidisc-straight-stainless-steel-handle\\\/#primaryimage\",\"url\":\"https:\\\/\\\/www.horse-dental-equipment.com\\\/wp-content\\\/uploads\\\/2021\\\/12\\\/FRA_FCDD.png\",\"contentUrl\":\"https:\\\/\\\/www.horse-dental-equipment.com\\\/wp-content\\\/uploads\\\/2021\\\/12\\\/FRA_FCDD.png\",\"width\":800,\"height\":619,\"caption\":\"COMPACT Flexxidisc Straight (stainless steel handle)\"},{\"@type\":\"BreadcrumbList\",\"@id\":\"https:\\\/\\\/www.horse-dental-equipment.com\\\/product\\\/compact-flexxidisc-straight-stainless-steel-handle\\\/#breadcrumb\",\"itemListElement\":[{\"@type\":\"ListItem\",\"position\":1,\"name\":\"Home\",\"item\":\"https:\\\/\\\/www.horse-dental-equipment.com\\\/\"},{\"@type\":\"ListItem\",\"position\":2,\"name\":\"Products\",\"item\":\"https:\\\/\\\/www.horse-dental-equipment.com\\\/fr\\\/produits\\\/\"},{\"@type\":\"ListItem\",\"position\":3,\"name\":\"COMPACT Flexxidisc Straight (stainless steel handle)\"}]},{\"@type\":\"WebSite\",\"@id\":\"https:\\\/\\\/www.horse-dental-equipment.com\\\/#website\",\"url\":\"https:\\\/\\\/www.horse-dental-equipment.com\\\/\",\"name\":\"Horse Dental Equipment\",\"description\":\"Your partner to develop your equine dentistry business\",\"potentialAction\":[{\"@type\":\"SearchAction\",\"target\":{\"@type\":\"EntryPoint\",\"urlTemplate\":\"https:\\\/\\\/www.horse-dental-equipment.com\\\/?s={search_term_string}\"},\"query-input\":{\"@type\":\"PropertyValueSpecification\",\"valueRequired\":true,\"valueName\":\"search_term_string\"}}],\"inLanguage\":\"es\"}]}<\/script>\n<!-- \/ Yoast SEO plugin. -->","yoast_head_json":{"title":"Flexxidisc COMPACT Recta (mango de acero inoxidable) - Horse Dental Equipment","description":"Caracteristicas:\n - Mas ligereza para un mejor manejo y ergonomia\n - Cabeza mas delgada para un acceso mas facil en la parte posterior de la boca\n - Cuerpo mas delgado para una mejor visibilidad","robots":{"index":"index","follow":"follow","max-snippet":"max-snippet:-1","max-image-preview":"max-image-preview:large","max-video-preview":"max-video-preview:-1"},"canonical":"https:\/\/www.horse-dental-equipment.com\/es\/producto\/flexxidisc-compact-recta-mango-acero-inoxidable\/","og_locale":"es_ES","og_type":"article","og_title":"COMPACT Flexxidisc Straight (stainless steel handle) - Horse Dental Equipment","og_description":"Characteristics: More lightness for better handling and ergonomics \/ Thinner head for easier access in the back of the mouth","og_url":"https:\/\/www.horse-dental-equipment.com\/es\/producto\/flexxidisc-compact-recta-mango-acero-inoxidable\/","og_site_name":"Horse Dental Equipment","article_modified_time":"2026-04-01T13:00:23+00:00","og_image":[{"width":800,"height":619,"url":"https:\/\/www.horse-dental-equipment.com\/wp-content\/uploads\/2021\/12\/FRA_FCDD.png","type":"image\/png"}],"twitter_card":"summary_large_image","twitter_misc":{"Tiempo de lectura":"1 minuto"},"schema":{"@context":"https:\/\/schema.org","@graph":[{"@type":"WebPage","@id":"https:\/\/www.horse-dental-equipment.com\/product\/compact-flexxidisc-straight-stainless-steel-handle\/","url":"https:\/\/www.horse-dental-equipment.com\/product\/compact-flexxidisc-straight-stainless-steel-handle\/","name":"Flexxidisc COMPACT Recta (mango de acero inoxidable) - Horse Dental Equipment","isPartOf":{"@id":"https:\/\/www.horse-dental-equipment.com\/#website"},"primaryImageOfPage":{"@id":"https:\/\/www.horse-dental-equipment.com\/product\/compact-flexxidisc-straight-stainless-steel-handle\/#primaryimage"},"image":{"@id":"https:\/\/www.horse-dental-equipment.com\/product\/compact-flexxidisc-straight-stainless-steel-handle\/#primaryimage"},"thumbnailUrl":"https:\/\/www.horse-dental-equipment.com\/wp-content\/uploads\/2021\/12\/FRA_FCDD.png","datePublished":"2021-12-09T11:17:00+00:00","dateModified":"2026-04-01T13:00:23+00:00","description":"Caracteristicas:\n - Mas ligereza para un mejor manejo y ergonomia\n - Cabeza mas delgada para un acceso mas facil en la parte posterior de la boca\n - Cuerpo mas delgado para una mejor visibilidad","breadcrumb":{"@id":"https:\/\/www.horse-dental-equipment.com\/product\/compact-flexxidisc-straight-stainless-steel-handle\/#breadcrumb"},"inLanguage":"es","potentialAction":[{"@type":"ReadAction","target":["https:\/\/www.horse-dental-equipment.com\/product\/compact-flexxidisc-straight-stainless-steel-handle\/"]}]},{"@type":"ImageObject","inLanguage":"es","@id":"https:\/\/www.horse-dental-equipment.com\/product\/compact-flexxidisc-straight-stainless-steel-handle\/#primaryimage","url":"https:\/\/www.horse-dental-equipment.com\/wp-content\/uploads\/2021\/12\/FRA_FCDD.png","contentUrl":"https:\/\/www.horse-dental-equipment.com\/wp-content\/uploads\/2021\/12\/FRA_FCDD.png","width":800,"height":619,"caption":"COMPACT Flexxidisc Straight (stainless steel handle)"},{"@type":"BreadcrumbList","@id":"https:\/\/www.horse-dental-equipment.com\/product\/compact-flexxidisc-straight-stainless-steel-handle\/#breadcrumb","itemListElement":[{"@type":"ListItem","position":1,"name":"Home","item":"https:\/\/www.horse-dental-equipment.com\/"},{"@type":"ListItem","position":2,"name":"Products","item":"https:\/\/www.horse-dental-equipment.com\/fr\/produits\/"},{"@type":"ListItem","position":3,"name":"COMPACT Flexxidisc Straight (stainless steel handle)"}]},{"@type":"WebSite","@id":"https:\/\/www.horse-dental-equipment.com\/#website","url":"https:\/\/www.horse-dental-equipment.com\/","name":"Horse Dental Equipment","description":"Your partner to develop your equine dentistry business","potentialAction":[{"@type":"SearchAction","target":{"@type":"EntryPoint","urlTemplate":"https:\/\/www.horse-dental-equipment.com\/?s={search_term_string}"},"query-input":{"@type":"PropertyValueSpecification","valueRequired":true,"valueName":"search_term_string"}}],"inLanguage":"es"}]}},"_links":{"self":[{"href":"https:\/\/www.horse-dental-equipment.com\/es\/wp-json\/wp\/v2\/product\/8497","targetHints":{"allow":["GET"]}}],"collection":[{"href":"https:\/\/www.horse-dental-equipment.com\/es\/wp-json\/wp\/v2\/product"}],"about":[{"href":"https:\/\/www.horse-dental-equipment.com\/es\/wp-json\/wp\/v2\/types\/product"}],"replies":[{"embeddable":true,"href":"https:\/\/www.horse-dental-equipment.com\/es\/wp-json\/wp\/v2\/comments?post=8497"}],"wp:featuredmedia":[{"embeddable":true,"href":"https:\/\/www.horse-dental-equipment.com\/es\/wp-json\/wp\/v2\/media\/8523"}],"wp:attachment":[{"href":"https:\/\/www.horse-dental-equipment.com\/es\/wp-json\/wp\/v2\/media?parent=8497"}],"wp:term":[{"taxonomy":"product_brand","embeddable":true,"href":"https:\/\/www.horse-dental-equipment.com\/es\/wp-json\/wp\/v2\/product_brand?post=8497"},{"taxonomy":"product_cat","embeddable":true,"href":"https:\/\/www.horse-dental-equipment.com\/es\/wp-json\/wp\/v2\/product_cat?post=8497"},{"taxonomy":"product_tag","embeddable":true,"href":"https:\/\/www.horse-dental-equipment.com\/es\/wp-json\/wp\/v2\/product_tag?post=8497"}],"curies":[{"name":"wp","href":"https:\/\/api.w.org\/{rel}","templated":true}]}}