{"id":6255,"date":"2021-03-09T15:54:48","date_gmt":"2021-03-09T14:54:48","guid":{"rendered":"http:\/\/www.horse-dental-equipment.com\/?post_type=product&#038;p=6255"},"modified":"2025-06-30T09:52:51","modified_gmt":"2025-06-30T07:52:51","slug":"dentalscope-equino-set-iniciacion","status":"publish","type":"product","link":"https:\/\/www.horse-dental-equipment.com\/es\/producto\/dentalscope-equino-set-iniciacion\/","title":{"rendered":"Dentalscope Equino - Set de Iniciaci\u00f3n"},"content":{"rendered":"<p>Dentalscope para la conexi\u00f3n a un dispositivo de visualizaci\u00f3n con cable.<\/p>\n<p>&nbsp;<\/p>\n<hr \/>\n<p>&nbsp;<\/p>\n<p class=\"translation-block\">Los endoscopios dentales equinos son cada vez m\u00e1s \u00fatiles en la odontolog\u00eda equina. \nPermiten un examen m\u00e1s completo de la cavidad bucal y las arcadas dentales y permiten una mejor detecci\u00f3n de patolog\u00edas dentales.<\/p>\n<p><strong>BENEFICIOS PARA EL PROFESIONAL:<\/strong><\/p>\n<ul>\n<li>Diagn\u00f3stico claro y preciso<\/li>\n<li>Mejor seguimiento del paciente<\/li>\n<li>Servicio y valor adicionales<\/li>\n<li>Desarrolla la comprensi\u00f3n de los propietarios de caballos<\/li>\n<\/ul>\n<p><strong>CARACTER\u00cdSTICAS:<\/strong><\/p>\n<ul>\n<li>3 opciones de monitoreo: pantalla de TV, conector USB inal\u00e1mbrico para tel\u00e9fono \/ tableta \/ computadora (opcional), pantalla inal\u00e1mbrica (opcional)<\/li>\n<li>Disponible en PC Win 7, Win 10, tel\u00e9fonos y tabletas Android<\/li>\n<li>Archivo de imagen: . JPG<\/li>\n<li>Archivo de v\u00eddeo: .AVI MEPG, este formato le permite cortar y aislar las secuencias de v\u00eddeo que desee conservar<\/li>\n<li>692 mm de longitud total<\/li>\n<li>Dimensiones de la cabeza: ancho 17 mm x espesor 17,2 mm<\/li>\n<li>Cabeza redondeada en la parte superior<\/li>\n<li>Acero inoxidable<\/li>\n<li>Peso: 360 g<\/li>\n<\/ul>\n<p><strong>CARACTER\u00cdSTICAS ESPECIALES:<\/strong><\/p>\n<ul>\n<li>\"Plug &amp; Play\"<\/li>\n<li>Ligero y port\u00e1til<\/li>\n<li>Robustez<\/li>\n<li>Opciones inal\u00e1mbricas<\/li>\n<li>Toma fotos y videos n\u00edtidos<\/li>\n<li>Bater\u00eda dentro del Dentalscope<\/li>\n<\/ul>\n<p>Disponible en versiones brit\u00e1nica, australiana y estadounidense.<\/p>\n<p><iframe title=\"vimeo-player\" src=\"https:\/\/player.vimeo.com\/video\/524169800?h=468c1d439b\" width=\"640\" height=\"360\" frameborder=\"0\" allowfullscreen=\"allowfullscreen\"><\/iframe><\/p>","protected":false},"excerpt":{"rendered":"<p>Dentalscope for connection to a display device with cable. &nbsp; &nbsp; Equine dentalscopes are becoming increasingly useful in equine dentistry. They enable a more thorough examination of the oral cavity &amp; dental arcades and allow a better detection of dental pathologies. PRACTITIONER&#8217;S BENEFITS: Clear and precise diagnosis Better patient follow-up Additional service and value Develops [&hellip;]<\/p>\n","protected":false},"featured_media":6916,"comment_status":"closed","ping_status":"closed","template":"","meta":{"_acf_changed":false},"product_brand":[],"product_cat":[205,225,226,93],"product_tag":[],"class_list":{"0":"post-6255","1":"product","2":"type-product","3":"status-publish","4":"has-post-thumbnail","6":"product_cat-diagnostic","7":"product_cat-accessories","8":"product_cat-equine-dentalscope","9":"product_cat-other-accessories","11":"first","12":"instock","13":"shipping-taxable","14":"purchasable","15":"product-type-simple"},"acf":[],"yoast_head":"<!-- This site is optimized with the Yoast SEO plugin v27.3 - https:\/\/yoast.com\/product\/yoast-seo-wordpress\/ -->\n<title>Equine Dentalscope - Starter Set - Horse Dental Equipment<\/title>\n<meta name=\"description\" content=\"Dentalscope for connection to a display device with cable. Equine dentalscopes are becoming increasingly useful in equine dentistry.\" \/>\n<meta name=\"robots\" content=\"index, follow, max-snippet:-1, max-image-preview:large, max-video-preview:-1\" \/>\n<link rel=\"canonical\" href=\"https:\/\/www.horse-dental-equipment.com\/es\/producto\/dentalscope-equino-set-iniciacion\/\" \/>\n<meta property=\"og:locale\" content=\"es_ES\" \/>\n<meta property=\"og:type\" content=\"article\" \/>\n<meta property=\"og:title\" content=\"Equine Dentalscope - Starter Set - Horse Dental Equipment\" \/>\n<meta property=\"og:description\" content=\"Dentalscope for connection to a display device with cable. Equine dentalscopes are becoming increasingly useful in equine dentistry.\" \/>\n<meta property=\"og:url\" content=\"https:\/\/www.horse-dental-equipment.com\/es\/producto\/dentalscope-equino-set-iniciacion\/\" \/>\n<meta property=\"og:site_name\" content=\"Horse Dental Equipment\" \/>\n<meta property=\"article:modified_time\" content=\"2025-06-30T07:52:51+00:00\" \/>\n<meta property=\"og:image\" content=\"https:\/\/www.horse-dental-equipment.com\/wp-content\/uploads\/2021\/04\/ACC_CD.png\" \/>\n\t<meta property=\"og:image:width\" content=\"800\" \/>\n\t<meta property=\"og:image:height\" content=\"619\" \/>\n\t<meta property=\"og:image:type\" content=\"image\/png\" \/>\n<meta name=\"twitter:card\" content=\"summary_large_image\" \/>\n<meta name=\"twitter:label1\" content=\"Tiempo de lectura\" \/>\n\t<meta name=\"twitter:data1\" content=\"1 minuto\" \/>\n<script type=\"application\/ld+json\" class=\"yoast-schema-graph\">{\"@context\":\"https:\\\/\\\/schema.org\",\"@graph\":[{\"@type\":\"WebPage\",\"@id\":\"https:\\\/\\\/www.horse-dental-equipment.com\\\/product\\\/equine-dentalscope-starter-set\\\/\",\"url\":\"https:\\\/\\\/www.horse-dental-equipment.com\\\/product\\\/equine-dentalscope-starter-set\\\/\",\"name\":\"Equine Dentalscope - Starter Set - Horse Dental Equipment\",\"isPartOf\":{\"@id\":\"https:\\\/\\\/www.horse-dental-equipment.com\\\/#website\"},\"primaryImageOfPage\":{\"@id\":\"https:\\\/\\\/www.horse-dental-equipment.com\\\/product\\\/equine-dentalscope-starter-set\\\/#primaryimage\"},\"image\":{\"@id\":\"https:\\\/\\\/www.horse-dental-equipment.com\\\/product\\\/equine-dentalscope-starter-set\\\/#primaryimage\"},\"thumbnailUrl\":\"https:\\\/\\\/www.horse-dental-equipment.com\\\/wp-content\\\/uploads\\\/2021\\\/04\\\/ACC_CD.png\",\"datePublished\":\"2021-03-09T14:54:48+00:00\",\"dateModified\":\"2025-06-30T07:52:51+00:00\",\"description\":\"Dentalscope for connection to a display device with cable. Equine dentalscopes are becoming increasingly useful in equine dentistry.\",\"breadcrumb\":{\"@id\":\"https:\\\/\\\/www.horse-dental-equipment.com\\\/product\\\/equine-dentalscope-starter-set\\\/#breadcrumb\"},\"inLanguage\":\"es\",\"potentialAction\":[{\"@type\":\"ReadAction\",\"target\":[\"https:\\\/\\\/www.horse-dental-equipment.com\\\/product\\\/equine-dentalscope-starter-set\\\/\"]}]},{\"@type\":\"ImageObject\",\"inLanguage\":\"es\",\"@id\":\"https:\\\/\\\/www.horse-dental-equipment.com\\\/product\\\/equine-dentalscope-starter-set\\\/#primaryimage\",\"url\":\"https:\\\/\\\/www.horse-dental-equipment.com\\\/wp-content\\\/uploads\\\/2021\\\/04\\\/ACC_CD.png\",\"contentUrl\":\"https:\\\/\\\/www.horse-dental-equipment.com\\\/wp-content\\\/uploads\\\/2021\\\/04\\\/ACC_CD.png\",\"width\":800,\"height\":619,\"caption\":\"Equine Dentalscope - Starter Set\"},{\"@type\":\"BreadcrumbList\",\"@id\":\"https:\\\/\\\/www.horse-dental-equipment.com\\\/product\\\/equine-dentalscope-starter-set\\\/#breadcrumb\",\"itemListElement\":[{\"@type\":\"ListItem\",\"position\":1,\"name\":\"Home\",\"item\":\"https:\\\/\\\/www.horse-dental-equipment.com\\\/\"},{\"@type\":\"ListItem\",\"position\":2,\"name\":\"Products\",\"item\":\"https:\\\/\\\/www.horse-dental-equipment.com\\\/fr\\\/produits\\\/\"},{\"@type\":\"ListItem\",\"position\":3,\"name\":\"Equine Dentalscope &#8211; Starter Set\"}]},{\"@type\":\"WebSite\",\"@id\":\"https:\\\/\\\/www.horse-dental-equipment.com\\\/#website\",\"url\":\"https:\\\/\\\/www.horse-dental-equipment.com\\\/\",\"name\":\"Horse Dental Equipment\",\"description\":\"Your partner to develop your equine dentistry business\",\"potentialAction\":[{\"@type\":\"SearchAction\",\"target\":{\"@type\":\"EntryPoint\",\"urlTemplate\":\"https:\\\/\\\/www.horse-dental-equipment.com\\\/?s={search_term_string}\"},\"query-input\":{\"@type\":\"PropertyValueSpecification\",\"valueRequired\":true,\"valueName\":\"search_term_string\"}}],\"inLanguage\":\"es\"}]}<\/script>\n<!-- \/ Yoast SEO plugin. -->","yoast_head_json":{"title":"Dentalscope Equino - Set de Iniciaci\u00f3n - Horse Dental Equipment","description":"Dentalscope para la conexi\u00f3n a un dispositivo de visualizaci\u00f3n con cable. Los endoscopios dentales equinos son cada vez m\u00e1s \u00fatiles en la odontolog\u00eda equina.","robots":{"index":"index","follow":"follow","max-snippet":"max-snippet:-1","max-image-preview":"max-image-preview:large","max-video-preview":"max-video-preview:-1"},"canonical":"https:\/\/www.horse-dental-equipment.com\/es\/producto\/dentalscope-equino-set-iniciacion\/","og_locale":"es_ES","og_type":"article","og_title":"Equine Dentalscope - Starter Set - Horse Dental Equipment","og_description":"Dentalscope for connection to a display device with cable. Equine dentalscopes are becoming increasingly useful in equine dentistry.","og_url":"https:\/\/www.horse-dental-equipment.com\/es\/producto\/dentalscope-equino-set-iniciacion\/","og_site_name":"Horse Dental Equipment","article_modified_time":"2025-06-30T07:52:51+00:00","og_image":[{"width":800,"height":619,"url":"https:\/\/www.horse-dental-equipment.com\/wp-content\/uploads\/2021\/04\/ACC_CD.png","type":"image\/png"}],"twitter_card":"summary_large_image","twitter_misc":{"Tiempo de lectura":"1 minuto"},"schema":{"@context":"https:\/\/schema.org","@graph":[{"@type":"WebPage","@id":"https:\/\/www.horse-dental-equipment.com\/product\/equine-dentalscope-starter-set\/","url":"https:\/\/www.horse-dental-equipment.com\/product\/equine-dentalscope-starter-set\/","name":"Dentalscope Equino - Set de Iniciaci\u00f3n - Horse Dental Equipment","isPartOf":{"@id":"https:\/\/www.horse-dental-equipment.com\/#website"},"primaryImageOfPage":{"@id":"https:\/\/www.horse-dental-equipment.com\/product\/equine-dentalscope-starter-set\/#primaryimage"},"image":{"@id":"https:\/\/www.horse-dental-equipment.com\/product\/equine-dentalscope-starter-set\/#primaryimage"},"thumbnailUrl":"https:\/\/www.horse-dental-equipment.com\/wp-content\/uploads\/2021\/04\/ACC_CD.png","datePublished":"2021-03-09T14:54:48+00:00","dateModified":"2025-06-30T07:52:51+00:00","description":"Dentalscope para la conexi\u00f3n a un dispositivo de visualizaci\u00f3n con cable. Los endoscopios dentales equinos son cada vez m\u00e1s \u00fatiles en la odontolog\u00eda equina.","breadcrumb":{"@id":"https:\/\/www.horse-dental-equipment.com\/product\/equine-dentalscope-starter-set\/#breadcrumb"},"inLanguage":"es","potentialAction":[{"@type":"ReadAction","target":["https:\/\/www.horse-dental-equipment.com\/product\/equine-dentalscope-starter-set\/"]}]},{"@type":"ImageObject","inLanguage":"es","@id":"https:\/\/www.horse-dental-equipment.com\/product\/equine-dentalscope-starter-set\/#primaryimage","url":"https:\/\/www.horse-dental-equipment.com\/wp-content\/uploads\/2021\/04\/ACC_CD.png","contentUrl":"https:\/\/www.horse-dental-equipment.com\/wp-content\/uploads\/2021\/04\/ACC_CD.png","width":800,"height":619,"caption":"Equine Dentalscope - Starter Set"},{"@type":"BreadcrumbList","@id":"https:\/\/www.horse-dental-equipment.com\/product\/equine-dentalscope-starter-set\/#breadcrumb","itemListElement":[{"@type":"ListItem","position":1,"name":"Home","item":"https:\/\/www.horse-dental-equipment.com\/"},{"@type":"ListItem","position":2,"name":"Products","item":"https:\/\/www.horse-dental-equipment.com\/fr\/produits\/"},{"@type":"ListItem","position":3,"name":"Equine Dentalscope &#8211; Starter Set"}]},{"@type":"WebSite","@id":"https:\/\/www.horse-dental-equipment.com\/#website","url":"https:\/\/www.horse-dental-equipment.com\/","name":"Horse Dental Equipment","description":"Your partner to develop your equine dentistry business","potentialAction":[{"@type":"SearchAction","target":{"@type":"EntryPoint","urlTemplate":"https:\/\/www.horse-dental-equipment.com\/?s={search_term_string}"},"query-input":{"@type":"PropertyValueSpecification","valueRequired":true,"valueName":"search_term_string"}}],"inLanguage":"es"}]}},"_links":{"self":[{"href":"https:\/\/www.horse-dental-equipment.com\/es\/wp-json\/wp\/v2\/product\/6255","targetHints":{"allow":["GET"]}}],"collection":[{"href":"https:\/\/www.horse-dental-equipment.com\/es\/wp-json\/wp\/v2\/product"}],"about":[{"href":"https:\/\/www.horse-dental-equipment.com\/es\/wp-json\/wp\/v2\/types\/product"}],"replies":[{"embeddable":true,"href":"https:\/\/www.horse-dental-equipment.com\/es\/wp-json\/wp\/v2\/comments?post=6255"}],"wp:featuredmedia":[{"embeddable":true,"href":"https:\/\/www.horse-dental-equipment.com\/es\/wp-json\/wp\/v2\/media\/6916"}],"wp:attachment":[{"href":"https:\/\/www.horse-dental-equipment.com\/es\/wp-json\/wp\/v2\/media?parent=6255"}],"wp:term":[{"taxonomy":"product_brand","embeddable":true,"href":"https:\/\/www.horse-dental-equipment.com\/es\/wp-json\/wp\/v2\/product_brand?post=6255"},{"taxonomy":"product_cat","embeddable":true,"href":"https:\/\/www.horse-dental-equipment.com\/es\/wp-json\/wp\/v2\/product_cat?post=6255"},{"taxonomy":"product_tag","embeddable":true,"href":"https:\/\/www.horse-dental-equipment.com\/es\/wp-json\/wp\/v2\/product_tag?post=6255"}],"curies":[{"name":"wp","href":"https:\/\/api.w.org\/{rel}","templated":true}]}}