{"id":3200,"date":"2020-07-08T15:27:19","date_gmt":"2020-07-08T13:27:19","guid":{"rendered":"http:\/\/www.horse-dental-equipment.com\/produit\/dental-pick-set-basic-t-handle-8-wide-luxators-set-5-mm-screwdriver\/"},"modified":"2026-04-01T16:14:25","modified_gmt":"2026-04-01T14:14:25","slug":"set-puntas-dentales-basico-mango-t-set-luxadores-o5-mm-destornillador-torx-no-autoclavable","status":"publish","type":"product","link":"https:\/\/www.horse-dental-equipment.com\/es\/producto\/set-puntas-dentales-basico-mango-t-set-luxadores-o5-mm-destornillador-torx-no-autoclavable\/","title":{"rendered":"Set de Puntas Dentales - B\u00e1sico - Mango en T, Set de Luxadores de \u00d85 mm y Destornillador Torx (no autoclavable)"},"content":{"rendered":"<p>Este set contiene un mango en T con un \u00e1ngulo de cabeza de 8\u00b0, un set de 5 luxadores anchos (\u00d85 mm) de diferentes longitudes y un destornillador no autoclavable.<br \/>\nSe puede utilizar para extender la enc\u00eda, eliminar fragmentos de dientes o ra\u00edces restantes.<br \/>\nLos luxadores tienen una punta fina y afilada y pueden aplicarse en cualquier direcci\u00f3n.<\/p>","protected":false},"excerpt":{"rendered":"<p>This set contains a 8\u00b0 handle, a set of 5 mm luxators in different lengths and a non-autoclavable screwdriver. It can be used to loosen gingiva, to remove tooth fragments or remaining roots. The luxators have a fine and sharp tip and can be applied in any turning direction.<\/p>","protected":false},"featured_media":6829,"comment_status":"closed","ping_status":"closed","template":"","meta":{"_acf_changed":false},"product_brand":[],"product_cat":[15,121,123],"product_tag":[],"class_list":{"0":"post-3200","1":"product","2":"type-product","3":"status-publish","4":"has-post-thumbnail","6":"product_cat-pegasos","7":"product_cat-pegasos-extraction-kit","8":"product_cat-dental-pick","10":"first","11":"instock","12":"purchasable","13":"product-type-simple"},"acf":[],"yoast_head":"<!-- This site is optimized with the Yoast SEO plugin v27.3 - https:\/\/yoast.com\/product\/yoast-seo-wordpress\/ -->\n<title>Dental Pick Set - Basic T-Handle - 8\u00b0, Wide Luxators Set - 5 mm, Screwdriver - Horse Dental Equipment<\/title>\n<meta name=\"description\" content=\"This set contains a 8\u00b0 handle, a set of 5 mm luxators in different lengths and a non-autoclavable screwdriver. It can be used to loosen gingiva,...\" \/>\n<meta name=\"robots\" content=\"index, follow, max-snippet:-1, max-image-preview:large, max-video-preview:-1\" \/>\n<link rel=\"canonical\" href=\"https:\/\/www.horse-dental-equipment.com\/es\/producto\/set-puntas-dentales-basico-mango-t-set-luxadores-o5-mm-destornillador-torx-no-autoclavable\/\" \/>\n<meta property=\"og:locale\" content=\"es_ES\" \/>\n<meta property=\"og:type\" content=\"article\" \/>\n<meta property=\"og:title\" content=\"Dental Pick Set - Basic T-Handle - 8\u00b0, Wide Luxators Set - 5 mm, Screwdriver - Horse Dental Equipment\" \/>\n<meta property=\"og:description\" content=\"This set contains a 8\u00b0 handle, a set of 5 mm luxators in different lengths and a non-autoclavable screwdriver. It can be used to loosen gingiva,...\" \/>\n<meta property=\"og:url\" content=\"https:\/\/www.horse-dental-equipment.com\/es\/producto\/set-puntas-dentales-basico-mango-t-set-luxadores-o5-mm-destornillador-torx-no-autoclavable\/\" \/>\n<meta property=\"og:site_name\" content=\"Horse Dental Equipment\" \/>\n<meta property=\"article:modified_time\" content=\"2026-04-01T14:14:25+00:00\" \/>\n<meta property=\"og:image\" content=\"https:\/\/www.horse-dental-equipment.com\/wp-content\/uploads\/2020\/07\/PEGA_310100.png\" \/>\n\t<meta property=\"og:image:width\" content=\"800\" \/>\n\t<meta property=\"og:image:height\" content=\"619\" \/>\n\t<meta property=\"og:image:type\" content=\"image\/png\" \/>\n<meta name=\"twitter:card\" content=\"summary_large_image\" \/>\n<meta name=\"twitter:label1\" content=\"Tiempo de lectura\" \/>\n\t<meta name=\"twitter:data1\" content=\"1 minuto\" \/>\n<script type=\"application\/ld+json\" class=\"yoast-schema-graph\">{\"@context\":\"https:\\\/\\\/schema.org\",\"@graph\":[{\"@type\":\"WebPage\",\"@id\":\"https:\\\/\\\/www.horse-dental-equipment.com\\\/product\\\/dental-pick-set-basic-t-handle-8-wide-luxators-set-5-mm-screwdriver\\\/\",\"url\":\"https:\\\/\\\/www.horse-dental-equipment.com\\\/product\\\/dental-pick-set-basic-t-handle-8-wide-luxators-set-5-mm-screwdriver\\\/\",\"name\":\"Dental Pick Set - Basic T-Handle - 8\u00b0, Wide Luxators Set - 5 mm, Screwdriver - Horse Dental Equipment\",\"isPartOf\":{\"@id\":\"https:\\\/\\\/www.horse-dental-equipment.com\\\/#website\"},\"primaryImageOfPage\":{\"@id\":\"https:\\\/\\\/www.horse-dental-equipment.com\\\/product\\\/dental-pick-set-basic-t-handle-8-wide-luxators-set-5-mm-screwdriver\\\/#primaryimage\"},\"image\":{\"@id\":\"https:\\\/\\\/www.horse-dental-equipment.com\\\/product\\\/dental-pick-set-basic-t-handle-8-wide-luxators-set-5-mm-screwdriver\\\/#primaryimage\"},\"thumbnailUrl\":\"https:\\\/\\\/www.horse-dental-equipment.com\\\/wp-content\\\/uploads\\\/2020\\\/07\\\/PEGA_310100.png\",\"datePublished\":\"2020-07-08T13:27:19+00:00\",\"dateModified\":\"2026-04-01T14:14:25+00:00\",\"description\":\"This set contains a 8\u00b0 handle, a set of 5 mm luxators in different lengths and a non-autoclavable screwdriver. It can be used to loosen gingiva,...\",\"breadcrumb\":{\"@id\":\"https:\\\/\\\/www.horse-dental-equipment.com\\\/product\\\/dental-pick-set-basic-t-handle-8-wide-luxators-set-5-mm-screwdriver\\\/#breadcrumb\"},\"inLanguage\":\"es\",\"potentialAction\":[{\"@type\":\"ReadAction\",\"target\":[\"https:\\\/\\\/www.horse-dental-equipment.com\\\/product\\\/dental-pick-set-basic-t-handle-8-wide-luxators-set-5-mm-screwdriver\\\/\"]}]},{\"@type\":\"ImageObject\",\"inLanguage\":\"es\",\"@id\":\"https:\\\/\\\/www.horse-dental-equipment.com\\\/product\\\/dental-pick-set-basic-t-handle-8-wide-luxators-set-5-mm-screwdriver\\\/#primaryimage\",\"url\":\"https:\\\/\\\/www.horse-dental-equipment.com\\\/wp-content\\\/uploads\\\/2020\\\/07\\\/PEGA_310100.png\",\"contentUrl\":\"https:\\\/\\\/www.horse-dental-equipment.com\\\/wp-content\\\/uploads\\\/2020\\\/07\\\/PEGA_310100.png\",\"width\":800,\"height\":619,\"caption\":\"Dental Pick Set - Basic T-Handle - 8\u00b0, Wide Luxators Set - 5 mm, Screwdriver\"},{\"@type\":\"BreadcrumbList\",\"@id\":\"https:\\\/\\\/www.horse-dental-equipment.com\\\/product\\\/dental-pick-set-basic-t-handle-8-wide-luxators-set-5-mm-screwdriver\\\/#breadcrumb\",\"itemListElement\":[{\"@type\":\"ListItem\",\"position\":1,\"name\":\"Home\",\"item\":\"https:\\\/\\\/www.horse-dental-equipment.com\\\/\"},{\"@type\":\"ListItem\",\"position\":2,\"name\":\"Products\",\"item\":\"https:\\\/\\\/www.horse-dental-equipment.com\\\/fr\\\/produits\\\/\"},{\"@type\":\"ListItem\",\"position\":3,\"name\":\"Dental Pick Set &#8211; Basic T-Handle &#8211; 8\u00b0, Wide Luxators Set &#8211; 5 mm, Screwdriver\"}]},{\"@type\":\"WebSite\",\"@id\":\"https:\\\/\\\/www.horse-dental-equipment.com\\\/#website\",\"url\":\"https:\\\/\\\/www.horse-dental-equipment.com\\\/\",\"name\":\"Horse Dental Equipment\",\"description\":\"Your partner to develop your equine dentistry business\",\"potentialAction\":[{\"@type\":\"SearchAction\",\"target\":{\"@type\":\"EntryPoint\",\"urlTemplate\":\"https:\\\/\\\/www.horse-dental-equipment.com\\\/?s={search_term_string}\"},\"query-input\":{\"@type\":\"PropertyValueSpecification\",\"valueRequired\":true,\"valueName\":\"search_term_string\"}}],\"inLanguage\":\"es\"}]}<\/script>\n<!-- \/ Yoast SEO plugin. -->","yoast_head_json":{"title":"Set de Puntas Dentales - B\u00e1sico - Mango en T, Set de Luxadores de \u00d85 mm y Destornillador Torx (no autoclavable) - Horse Dental Equipment","description":"Este set contiene un mango en T con un angulo de cabeza de 8\u00b0, un set de 5 luxadores anchos (\u00d85 mm) de diferentes longitudes y un destornillador no autoclavable.","robots":{"index":"index","follow":"follow","max-snippet":"max-snippet:-1","max-image-preview":"max-image-preview:large","max-video-preview":"max-video-preview:-1"},"canonical":"https:\/\/www.horse-dental-equipment.com\/es\/producto\/set-puntas-dentales-basico-mango-t-set-luxadores-o5-mm-destornillador-torx-no-autoclavable\/","og_locale":"es_ES","og_type":"article","og_title":"Dental Pick Set - Basic T-Handle - 8\u00b0, Wide Luxators Set - 5 mm, Screwdriver - Horse Dental Equipment","og_description":"This set contains a 8\u00b0 handle, a set of 5 mm luxators in different lengths and a non-autoclavable screwdriver. It can be used to loosen gingiva,...","og_url":"https:\/\/www.horse-dental-equipment.com\/es\/producto\/set-puntas-dentales-basico-mango-t-set-luxadores-o5-mm-destornillador-torx-no-autoclavable\/","og_site_name":"Horse Dental Equipment","article_modified_time":"2026-04-01T14:14:25+00:00","og_image":[{"width":800,"height":619,"url":"https:\/\/www.horse-dental-equipment.com\/wp-content\/uploads\/2020\/07\/PEGA_310100.png","type":"image\/png"}],"twitter_card":"summary_large_image","twitter_misc":{"Tiempo de lectura":"1 minuto"},"schema":{"@context":"https:\/\/schema.org","@graph":[{"@type":"WebPage","@id":"https:\/\/www.horse-dental-equipment.com\/product\/dental-pick-set-basic-t-handle-8-wide-luxators-set-5-mm-screwdriver\/","url":"https:\/\/www.horse-dental-equipment.com\/product\/dental-pick-set-basic-t-handle-8-wide-luxators-set-5-mm-screwdriver\/","name":"Set de Puntas Dentales - B\u00e1sico - Mango en T, Set de Luxadores de \u00d85 mm y Destornillador Torx (no autoclavable) - Horse Dental Equipment","isPartOf":{"@id":"https:\/\/www.horse-dental-equipment.com\/#website"},"primaryImageOfPage":{"@id":"https:\/\/www.horse-dental-equipment.com\/product\/dental-pick-set-basic-t-handle-8-wide-luxators-set-5-mm-screwdriver\/#primaryimage"},"image":{"@id":"https:\/\/www.horse-dental-equipment.com\/product\/dental-pick-set-basic-t-handle-8-wide-luxators-set-5-mm-screwdriver\/#primaryimage"},"thumbnailUrl":"https:\/\/www.horse-dental-equipment.com\/wp-content\/uploads\/2020\/07\/PEGA_310100.png","datePublished":"2020-07-08T13:27:19+00:00","dateModified":"2026-04-01T14:14:25+00:00","description":"Este set contiene un mango en T con un angulo de cabeza de 8\u00b0, un set de 5 luxadores anchos (\u00d85 mm) de diferentes longitudes y un destornillador no autoclavable.","breadcrumb":{"@id":"https:\/\/www.horse-dental-equipment.com\/product\/dental-pick-set-basic-t-handle-8-wide-luxators-set-5-mm-screwdriver\/#breadcrumb"},"inLanguage":"es","potentialAction":[{"@type":"ReadAction","target":["https:\/\/www.horse-dental-equipment.com\/product\/dental-pick-set-basic-t-handle-8-wide-luxators-set-5-mm-screwdriver\/"]}]},{"@type":"ImageObject","inLanguage":"es","@id":"https:\/\/www.horse-dental-equipment.com\/product\/dental-pick-set-basic-t-handle-8-wide-luxators-set-5-mm-screwdriver\/#primaryimage","url":"https:\/\/www.horse-dental-equipment.com\/wp-content\/uploads\/2020\/07\/PEGA_310100.png","contentUrl":"https:\/\/www.horse-dental-equipment.com\/wp-content\/uploads\/2020\/07\/PEGA_310100.png","width":800,"height":619,"caption":"Dental Pick Set - Basic T-Handle - 8\u00b0, Wide Luxators Set - 5 mm, Screwdriver"},{"@type":"BreadcrumbList","@id":"https:\/\/www.horse-dental-equipment.com\/product\/dental-pick-set-basic-t-handle-8-wide-luxators-set-5-mm-screwdriver\/#breadcrumb","itemListElement":[{"@type":"ListItem","position":1,"name":"Home","item":"https:\/\/www.horse-dental-equipment.com\/"},{"@type":"ListItem","position":2,"name":"Products","item":"https:\/\/www.horse-dental-equipment.com\/fr\/produits\/"},{"@type":"ListItem","position":3,"name":"Dental Pick Set &#8211; Basic T-Handle &#8211; 8\u00b0, Wide Luxators Set &#8211; 5 mm, Screwdriver"}]},{"@type":"WebSite","@id":"https:\/\/www.horse-dental-equipment.com\/#website","url":"https:\/\/www.horse-dental-equipment.com\/","name":"Horse Dental Equipment","description":"Your partner to develop your equine dentistry business","potentialAction":[{"@type":"SearchAction","target":{"@type":"EntryPoint","urlTemplate":"https:\/\/www.horse-dental-equipment.com\/?s={search_term_string}"},"query-input":{"@type":"PropertyValueSpecification","valueRequired":true,"valueName":"search_term_string"}}],"inLanguage":"es"}]}},"_links":{"self":[{"href":"https:\/\/www.horse-dental-equipment.com\/es\/wp-json\/wp\/v2\/product\/3200","targetHints":{"allow":["GET"]}}],"collection":[{"href":"https:\/\/www.horse-dental-equipment.com\/es\/wp-json\/wp\/v2\/product"}],"about":[{"href":"https:\/\/www.horse-dental-equipment.com\/es\/wp-json\/wp\/v2\/types\/product"}],"replies":[{"embeddable":true,"href":"https:\/\/www.horse-dental-equipment.com\/es\/wp-json\/wp\/v2\/comments?post=3200"}],"wp:featuredmedia":[{"embeddable":true,"href":"https:\/\/www.horse-dental-equipment.com\/es\/wp-json\/wp\/v2\/media\/6829"}],"wp:attachment":[{"href":"https:\/\/www.horse-dental-equipment.com\/es\/wp-json\/wp\/v2\/media?parent=3200"}],"wp:term":[{"taxonomy":"product_brand","embeddable":true,"href":"https:\/\/www.horse-dental-equipment.com\/es\/wp-json\/wp\/v2\/product_brand?post=3200"},{"taxonomy":"product_cat","embeddable":true,"href":"https:\/\/www.horse-dental-equipment.com\/es\/wp-json\/wp\/v2\/product_cat?post=3200"},{"taxonomy":"product_tag","embeddable":true,"href":"https:\/\/www.horse-dental-equipment.com\/es\/wp-json\/wp\/v2\/product_tag?post=3200"}],"curies":[{"name":"wp","href":"https:\/\/api.w.org\/{rel}","templated":true}]}}